{"id":2,"date":"2012-04-11T16:34:42","date_gmt":"2012-04-11T14:34:42","guid":{"rendered":"https:\/\/tonto.wp.oppdateringsfabrikken.no\/?page_id=2"},"modified":"2025-03-26T08:19:08","modified_gmt":"2025-03-26T07:19:08","slug":"forside","status":"publish","type":"page","link":"https:\/\/visitbo.no\/akerhaugen\/","title":{"rendered":"Akerhaugen G\u00e5rd"},"content":{"rendered":"<div id=\"cs-content\" class=\"cs-content\"><\/div>\n","protected":false},"excerpt":{"rendered":"<p>Velkommen til Akerhaugen G\u00e5rd! Akerhaugen G\u00e5rd tilbyr en spennende m\u00f8teplass for lokalsamfunnet og en unik opplevelse for alle turistene i Fruktbygda Gvarv. Plassert sentralt p\u00e5 Akkerhaugen, bare 3 minutter kj\u00f8ring fra Norsj\u00f8 Ferieland og 20 minutter fra B\u00f8 Sommerland, er dette en idyllisk og historisk norsk g\u00e5rdsplass som produserer deilige jordb\u00e6r og epler. Sommeren 2023 utvidet de ogs\u00e5 med et &#8230; <\/p>\n<div><a href=\"https:\/\/visitbo.no\/akerhaugen\/\" class=\"more-link\">Read More<\/a><\/div>\n","protected":false},"author":1,"featured_media":0,"parent":0,"menu_order":0,"comment_status":"closed","ping_status":"closed","template":"template-blank-4.php","meta":{"_relevanssi_hide_post":"","_relevanssi_hide_content":"","_relevanssi_pin_for_all":"","_relevanssi_pin_keywords":"","_relevanssi_unpin_keywords":"","_relevanssi_related_keywords":"","_relevanssi_related_include_ids":"","_relevanssi_related_exclude_ids":"","_relevanssi_related_no_append":"","_relevanssi_related_not_related":"","_relevanssi_related_posts":"","_relevanssi_noindex_reason":"","footnotes":""},"class_list":["post-2","page","type-page","status-publish","hentry","no-post-thumbnail"],"yoast_head":"<!-- This site is optimized with the Yoast SEO plugin v27.2 - https:\/\/yoast.com\/product\/yoast-seo-wordpress\/ -->\n<title>Akerhaugen G\u00e5rd - G\u00e5rdsutsalg, kaf\u00e9 og bakeri p\u00e5 Akkerhaugen<\/title>\n<meta name=\"description\" content=\"Familieg\u00e5rden Akerhaugen G\u00e5rd tilbyr en spennende m\u00f8teplass for lokalsamfunnet og en unik opplevelse for alle turistene i Fruktbygda Gvarv.\" \/>\n<meta name=\"robots\" content=\"index, follow, max-snippet:-1, max-image-preview:large, max-video-preview:-1\" \/>\n<link rel=\"canonical\" href=\"https:\/\/visitbo.no\/akerhaugen\/\" \/>\n<meta property=\"og:locale\" content=\"nb_NO\" \/>\n<meta property=\"og:type\" content=\"article\" \/>\n<meta property=\"og:title\" content=\"Akerhaugen G\u00e5rd - G\u00e5rdsutsalg, kaf\u00e9 og bakeri p\u00e5 Akkerhaugen\" \/>\n<meta property=\"og:description\" content=\"Familieg\u00e5rden Akerhaugen G\u00e5rd tilbyr en spennende m\u00f8teplass for lokalsamfunnet og en unik opplevelse for alle turistene i Fruktbygda Gvarv.\" \/>\n<meta property=\"og:url\" content=\"https:\/\/visitbo.no\/akerhaugen\/\" \/>\n<meta property=\"og:site_name\" content=\"Akerhaugen Gard\" \/>\n<meta property=\"article:modified_time\" content=\"2025-03-26T07:19:08+00:00\" \/>\n<meta name=\"twitter:card\" content=\"summary_large_image\" \/>\n<meta name=\"twitter:label1\" content=\"Ansl. lesetid\" \/>\n\t<meta name=\"twitter:data1\" content=\"4 minutter\" \/>\n<script type=\"application\/ld+json\" class=\"yoast-schema-graph\">{\"@context\":\"https:\/\/schema.org\",\"@graph\":[{\"@type\":\"WebPage\",\"@id\":\"https:\/\/visitbo.no\/akerhaugen\/\",\"url\":\"https:\/\/visitbo.no\/akerhaugen\/\",\"name\":\"Akerhaugen G\u00e5rd - G\u00e5rdsutsalg, kaf\u00e9 og bakeri p\u00e5 Akkerhaugen\",\"isPartOf\":{\"@id\":\"https:\/\/visitbo.no\/akerhaugen\/#website\"},\"datePublished\":\"2012-04-11T14:34:42+00:00\",\"dateModified\":\"2025-03-26T07:19:08+00:00\",\"description\":\"Familieg\u00e5rden Akerhaugen G\u00e5rd tilbyr en spennende m\u00f8teplass for lokalsamfunnet og en unik opplevelse for alle turistene i Fruktbygda Gvarv.\",\"breadcrumb\":{\"@id\":\"https:\/\/visitbo.no\/akerhaugen\/#breadcrumb\"},\"inLanguage\":\"nb-NO\",\"potentialAction\":[{\"@type\":\"ReadAction\",\"target\":[\"https:\/\/visitbo.no\/akerhaugen\/\"]}]},{\"@type\":\"BreadcrumbList\",\"@id\":\"https:\/\/visitbo.no\/akerhaugen\/#breadcrumb\",\"itemListElement\":[{\"@type\":\"ListItem\",\"position\":1,\"name\":\"Hjem\",\"item\":\"https:\/\/visitbo.no\/akerhaugen\/\"},{\"@type\":\"ListItem\",\"position\":2,\"name\":\"Akerhaugen G\u00e5rd\"}]},{\"@type\":\"WebSite\",\"@id\":\"https:\/\/visitbo.no\/akerhaugen\/#website\",\"url\":\"https:\/\/visitbo.no\/akerhaugen\/\",\"name\":\"Akerhaugen Gard\",\"description\":\"One online experience - for everything your destination has to offer.\",\"potentialAction\":[{\"@type\":\"SearchAction\",\"target\":{\"@type\":\"EntryPoint\",\"urlTemplate\":\"https:\/\/visitbo.no\/akerhaugen\/?s={search_term_string}\"},\"query-input\":{\"@type\":\"PropertyValueSpecification\",\"valueRequired\":true,\"valueName\":\"search_term_string\"}}],\"inLanguage\":\"nb-NO\"}]}<\/script>\n<!-- \/ Yoast SEO plugin. -->","yoast_head_json":{"title":"Akerhaugen G\u00e5rd - G\u00e5rdsutsalg, kaf\u00e9 og bakeri p\u00e5 Akkerhaugen","description":"Familieg\u00e5rden Akerhaugen G\u00e5rd tilbyr en spennende m\u00f8teplass for lokalsamfunnet og en unik opplevelse for alle turistene i Fruktbygda Gvarv.","robots":{"index":"index","follow":"follow","max-snippet":"max-snippet:-1","max-image-preview":"max-image-preview:large","max-video-preview":"max-video-preview:-1"},"canonical":"https:\/\/visitbo.no\/akerhaugen\/","og_locale":"nb_NO","og_type":"article","og_title":"Akerhaugen G\u00e5rd - G\u00e5rdsutsalg, kaf\u00e9 og bakeri p\u00e5 Akkerhaugen","og_description":"Familieg\u00e5rden Akerhaugen G\u00e5rd tilbyr en spennende m\u00f8teplass for lokalsamfunnet og en unik opplevelse for alle turistene i Fruktbygda Gvarv.","og_url":"https:\/\/visitbo.no\/akerhaugen\/","og_site_name":"Akerhaugen Gard","article_modified_time":"2025-03-26T07:19:08+00:00","twitter_card":"summary_large_image","twitter_misc":{"Ansl. lesetid":"4 minutter"},"schema":{"@context":"https:\/\/schema.org","@graph":[{"@type":"WebPage","@id":"https:\/\/visitbo.no\/akerhaugen\/","url":"https:\/\/visitbo.no\/akerhaugen\/","name":"Akerhaugen G\u00e5rd - G\u00e5rdsutsalg, kaf\u00e9 og bakeri p\u00e5 Akkerhaugen","isPartOf":{"@id":"https:\/\/visitbo.no\/akerhaugen\/#website"},"datePublished":"2012-04-11T14:34:42+00:00","dateModified":"2025-03-26T07:19:08+00:00","description":"Familieg\u00e5rden Akerhaugen G\u00e5rd tilbyr en spennende m\u00f8teplass for lokalsamfunnet og en unik opplevelse for alle turistene i Fruktbygda Gvarv.","breadcrumb":{"@id":"https:\/\/visitbo.no\/akerhaugen\/#breadcrumb"},"inLanguage":"nb-NO","potentialAction":[{"@type":"ReadAction","target":["https:\/\/visitbo.no\/akerhaugen\/"]}]},{"@type":"BreadcrumbList","@id":"https:\/\/visitbo.no\/akerhaugen\/#breadcrumb","itemListElement":[{"@type":"ListItem","position":1,"name":"Hjem","item":"https:\/\/visitbo.no\/akerhaugen\/"},{"@type":"ListItem","position":2,"name":"Akerhaugen G\u00e5rd"}]},{"@type":"WebSite","@id":"https:\/\/visitbo.no\/akerhaugen\/#website","url":"https:\/\/visitbo.no\/akerhaugen\/","name":"Akerhaugen Gard","description":"One online experience - for everything your destination has to offer.","potentialAction":[{"@type":"SearchAction","target":{"@type":"EntryPoint","urlTemplate":"https:\/\/visitbo.no\/akerhaugen\/?s={search_term_string}"},"query-input":{"@type":"PropertyValueSpecification","valueRequired":true,"valueName":"search_term_string"}}],"inLanguage":"nb-NO"}]}},"_links":{"self":[{"href":"https:\/\/visitbo.no\/akerhaugen\/wp-json\/wp\/v2\/pages\/2","targetHints":{"allow":["GET"]}}],"collection":[{"href":"https:\/\/visitbo.no\/akerhaugen\/wp-json\/wp\/v2\/pages"}],"about":[{"href":"https:\/\/visitbo.no\/akerhaugen\/wp-json\/wp\/v2\/types\/page"}],"author":[{"embeddable":true,"href":"https:\/\/visitbo.no\/akerhaugen\/wp-json\/wp\/v2\/users\/1"}],"replies":[{"embeddable":true,"href":"https:\/\/visitbo.no\/akerhaugen\/wp-json\/wp\/v2\/comments?post=2"}],"version-history":[{"count":152,"href":"https:\/\/visitbo.no\/akerhaugen\/wp-json\/wp\/v2\/pages\/2\/revisions"}],"predecessor-version":[{"id":8023,"href":"https:\/\/visitbo.no\/akerhaugen\/wp-json\/wp\/v2\/pages\/2\/revisions\/8023"}],"wp:attachment":[{"href":"https:\/\/visitbo.no\/akerhaugen\/wp-json\/wp\/v2\/media?parent=2"}],"curies":[{"name":"wp","href":"https:\/\/api.w.org\/{rel}","templated":true}]}}