{"id":8098,"date":"2020-02-11T14:15:49","date_gmt":"2020-02-11T13:15:49","guid":{"rendered":"https:\/\/visitbo.no\/beijing-house\/beijing-house-bo-en\/"},"modified":"2026-03-03T11:13:03","modified_gmt":"2026-03-03T10:13:03","slug":"beijing-house-2","status":"publish","type":"page","link":"https:\/\/visitbo.no\/beijing-house\/en\/","title":{"rendered":"Beijing House B\u00f8 &#8211; Chinese Restaurant"},"content":{"rendered":"<div id=\"cs-content\" class=\"cs-content\"><\/div>\n","protected":false},"excerpt":{"rendered":"<p>Beijing House B\u00f8 A traditional Chinese restaurant in B\u00f8, TelemarkWelcome to Beijing House B\u00f8! We offer a wide selection of Chinese and international dishes, here you will find something for everyone. With us you will find everything from chicken gong bao, honey marinated pork, beef chop suey, fried rice and noodles, and much more. We also have vegetarian chop suey, &#8230; <\/p>\n<div><a href=\"https:\/\/visitbo.no\/beijing-house\/en\/\" class=\"more-link\">Read More<\/a><\/div>\n","protected":false},"author":76,"featured_media":0,"parent":0,"menu_order":0,"comment_status":"closed","ping_status":"closed","template":"template-blank-4.php","meta":{"_relevanssi_hide_post":"","_relevanssi_hide_content":"","_relevanssi_pin_for_all":"","_relevanssi_pin_keywords":"","_relevanssi_unpin_keywords":"","_relevanssi_related_keywords":"","_relevanssi_related_include_ids":"","_relevanssi_related_exclude_ids":"","_relevanssi_related_no_append":"","_relevanssi_related_not_related":"","_relevanssi_related_posts":"","_relevanssi_noindex_reason":"","footnotes":""},"class_list":["post-8098","page","type-page","status-publish","hentry","no-post-thumbnail"],"yoast_head":"<!-- This site is optimized with the Yoast SEO plugin v27.2 - https:\/\/yoast.com\/product\/yoast-seo-wordpress\/ -->\n<title>Beijing House B\u00f8 - Chinese Restaurant - Dining in B\u00f8, Telemark<\/title>\n<meta name=\"description\" content=\"Welcome to Beijing House B\u00f8! A traditional Chinese restaurant with a diverse menu featuring both Chinese and international dishes.\" \/>\n<meta name=\"robots\" content=\"index, follow, max-snippet:-1, max-image-preview:large, max-video-preview:-1\" \/>\n<link rel=\"canonical\" href=\"https:\/\/visitbo.no\/beijing-house\/en\/\" \/>\n<meta property=\"og:locale\" content=\"en_US\" \/>\n<meta property=\"og:type\" content=\"article\" \/>\n<meta property=\"og:title\" content=\"Beijing House B\u00f8 - Chinese Restaurant - Dining in B\u00f8, Telemark\" \/>\n<meta property=\"og:description\" content=\"Welcome to Beijing House B\u00f8! A traditional Chinese restaurant with a diverse menu featuring both Chinese and international dishes.\" \/>\n<meta property=\"og:url\" content=\"https:\/\/visitbo.no\/beijing-house\/en\/\" \/>\n<meta property=\"og:site_name\" content=\"Beijing House B\u00f8\" \/>\n<meta property=\"article:modified_time\" content=\"2026-03-03T10:13:03+00:00\" \/>\n<meta name=\"twitter:card\" content=\"summary_large_image\" \/>\n<meta name=\"twitter:label1\" content=\"Est. reading time\" \/>\n\t<meta name=\"twitter:data1\" content=\"1 minute\" \/>\n<script type=\"application\/ld+json\" class=\"yoast-schema-graph\">{\"@context\":\"https:\/\/schema.org\",\"@graph\":[{\"@type\":\"WebPage\",\"@id\":\"https:\/\/visitbo.no\/beijing-house\/en\/\",\"url\":\"https:\/\/visitbo.no\/beijing-house\/en\/\",\"name\":\"Beijing House B\u00f8 - Chinese Restaurant - Dining in B\u00f8, Telemark\",\"isPartOf\":{\"@id\":\"https:\/\/visitbo.no\/beijing-house\/en\/#website\"},\"datePublished\":\"2020-02-11T13:15:49+00:00\",\"dateModified\":\"2026-03-03T10:13:03+00:00\",\"description\":\"Welcome to Beijing House B\u00f8! A traditional Chinese restaurant with a diverse menu featuring both Chinese and international dishes.\",\"breadcrumb\":{\"@id\":\"https:\/\/visitbo.no\/beijing-house\/en\/#breadcrumb\"},\"inLanguage\":\"en-US\",\"potentialAction\":[{\"@type\":\"ReadAction\",\"target\":[\"https:\/\/visitbo.no\/beijing-house\/en\/\"]}]},{\"@type\":\"BreadcrumbList\",\"@id\":\"https:\/\/visitbo.no\/beijing-house\/en\/#breadcrumb\",\"itemListElement\":[{\"@type\":\"ListItem\",\"position\":1,\"name\":\"Hjem\",\"item\":\"https:\/\/visitbo.no\/beijing-house\/en\/beijing-house-2\/\"},{\"@type\":\"ListItem\",\"position\":2,\"name\":\"Beijing House B\u00f8 &#8211; Chinese Restaurant\"}]},{\"@type\":\"WebSite\",\"@id\":\"https:\/\/visitbo.no\/beijing-house\/en\/#website\",\"url\":\"https:\/\/visitbo.no\/beijing-house\/en\/\",\"name\":\"Beijing House B\u00f8\",\"description\":\"One online experience - for everything your destination has to offer.\",\"potentialAction\":[{\"@type\":\"SearchAction\",\"target\":{\"@type\":\"EntryPoint\",\"urlTemplate\":\"https:\/\/visitbo.no\/beijing-house\/en\/?s={search_term_string}\"},\"query-input\":{\"@type\":\"PropertyValueSpecification\",\"valueRequired\":true,\"valueName\":\"search_term_string\"}}],\"inLanguage\":\"en-US\"}]}<\/script>\n<!-- \/ Yoast SEO plugin. -->","yoast_head_json":{"title":"Beijing House B\u00f8 - Chinese Restaurant - Dining in B\u00f8, Telemark","description":"Welcome to Beijing House B\u00f8! A traditional Chinese restaurant with a diverse menu featuring both Chinese and international dishes.","robots":{"index":"index","follow":"follow","max-snippet":"max-snippet:-1","max-image-preview":"max-image-preview:large","max-video-preview":"max-video-preview:-1"},"canonical":"https:\/\/visitbo.no\/beijing-house\/en\/","og_locale":"en_US","og_type":"article","og_title":"Beijing House B\u00f8 - Chinese Restaurant - Dining in B\u00f8, Telemark","og_description":"Welcome to Beijing House B\u00f8! A traditional Chinese restaurant with a diverse menu featuring both Chinese and international dishes.","og_url":"https:\/\/visitbo.no\/beijing-house\/en\/","og_site_name":"Beijing House B\u00f8","article_modified_time":"2026-03-03T10:13:03+00:00","twitter_card":"summary_large_image","twitter_misc":{"Est. reading time":"1 minute"},"schema":{"@context":"https:\/\/schema.org","@graph":[{"@type":"WebPage","@id":"https:\/\/visitbo.no\/beijing-house\/en\/","url":"https:\/\/visitbo.no\/beijing-house\/en\/","name":"Beijing House B\u00f8 - Chinese Restaurant - Dining in B\u00f8, Telemark","isPartOf":{"@id":"https:\/\/visitbo.no\/beijing-house\/en\/#website"},"datePublished":"2020-02-11T13:15:49+00:00","dateModified":"2026-03-03T10:13:03+00:00","description":"Welcome to Beijing House B\u00f8! A traditional Chinese restaurant with a diverse menu featuring both Chinese and international dishes.","breadcrumb":{"@id":"https:\/\/visitbo.no\/beijing-house\/en\/#breadcrumb"},"inLanguage":"en-US","potentialAction":[{"@type":"ReadAction","target":["https:\/\/visitbo.no\/beijing-house\/en\/"]}]},{"@type":"BreadcrumbList","@id":"https:\/\/visitbo.no\/beijing-house\/en\/#breadcrumb","itemListElement":[{"@type":"ListItem","position":1,"name":"Hjem","item":"https:\/\/visitbo.no\/beijing-house\/en\/beijing-house-2\/"},{"@type":"ListItem","position":2,"name":"Beijing House B\u00f8 &#8211; Chinese Restaurant"}]},{"@type":"WebSite","@id":"https:\/\/visitbo.no\/beijing-house\/en\/#website","url":"https:\/\/visitbo.no\/beijing-house\/en\/","name":"Beijing House B\u00f8","description":"One online experience - for everything your destination has to offer.","potentialAction":[{"@type":"SearchAction","target":{"@type":"EntryPoint","urlTemplate":"https:\/\/visitbo.no\/beijing-house\/en\/?s={search_term_string}"},"query-input":{"@type":"PropertyValueSpecification","valueRequired":true,"valueName":"search_term_string"}}],"inLanguage":"en-US"}]}},"_links":{"self":[{"href":"https:\/\/visitbo.no\/beijing-house\/en\/wp-json\/wp\/v2\/pages\/8098","targetHints":{"allow":["GET"]}}],"collection":[{"href":"https:\/\/visitbo.no\/beijing-house\/en\/wp-json\/wp\/v2\/pages"}],"about":[{"href":"https:\/\/visitbo.no\/beijing-house\/en\/wp-json\/wp\/v2\/types\/page"}],"author":[{"embeddable":true,"href":"https:\/\/visitbo.no\/beijing-house\/en\/wp-json\/wp\/v2\/users\/76"}],"replies":[{"embeddable":true,"href":"https:\/\/visitbo.no\/beijing-house\/en\/wp-json\/wp\/v2\/comments?post=8098"}],"version-history":[{"count":7,"href":"https:\/\/visitbo.no\/beijing-house\/en\/wp-json\/wp\/v2\/pages\/8098\/revisions"}],"predecessor-version":[{"id":8161,"href":"https:\/\/visitbo.no\/beijing-house\/en\/wp-json\/wp\/v2\/pages\/8098\/revisions\/8161"}],"wp:attachment":[{"href":"https:\/\/visitbo.no\/beijing-house\/en\/wp-json\/wp\/v2\/media?parent=8098"}],"curies":[{"name":"wp","href":"https:\/\/api.w.org\/{rel}","templated":true}]}}