{"id":7864,"date":"2020-02-11T14:15:49","date_gmt":"2020-02-11T13:15:49","guid":{"rendered":"https:\/\/visitbo.no\/beijing-house\/?page_id=7864"},"modified":"2026-03-03T11:11:01","modified_gmt":"2026-03-03T10:11:01","slug":"beijing-house","status":"publish","type":"page","link":"https:\/\/visitbo.no\/beijing-house\/","title":{"rendered":"Beijing House B\u00f8"},"content":{"rendered":"<div id=\"cs-content\" class=\"cs-content\"><\/div>\n","protected":false},"excerpt":{"rendered":"<p>Beijing House B\u00f8 Tradisjonell kinesisk restaurant i B\u00f8 i TelemarkVelkommen til Beijing House B\u00f8! Vi tilbyr et stort utvalg av kinesiske og internasjonale matretter, noe for alle. Hos oss finner du alt fra kylling gong bao, honningmarinert svin, biff chop suey, stekt ris og nudler, og mye mer. Vi har ogs\u00e5 vegetar chop suey, og for de sm\u00e5 har vi &#8230; <\/p>\n<div><a href=\"https:\/\/visitbo.no\/beijing-house\/\" class=\"more-link\">Read More<\/a><\/div>\n","protected":false},"author":4,"featured_media":0,"parent":0,"menu_order":0,"comment_status":"closed","ping_status":"closed","template":"template-blank-4.php","meta":{"_relevanssi_hide_post":"","_relevanssi_hide_content":"","_relevanssi_pin_for_all":"","_relevanssi_pin_keywords":"","_relevanssi_unpin_keywords":"","_relevanssi_related_keywords":"","_relevanssi_related_include_ids":"","_relevanssi_related_exclude_ids":"","_relevanssi_related_no_append":"","_relevanssi_related_not_related":"","_relevanssi_related_posts":"","_relevanssi_noindex_reason":"","footnotes":""},"class_list":["post-7864","page","type-page","status-publish","hentry","no-post-thumbnail"],"yoast_head":"<!-- This site is optimized with the Yoast SEO plugin v27.2 - https:\/\/yoast.com\/product\/yoast-seo-wordpress\/ -->\n<title>Beijing House B\u00f8 | Kinesisk restaurant | Spisesteder i B\u00f8 i Telemark<\/title>\n<meta name=\"description\" content=\"Velkommen til Beijing House B\u00f8! Tradisjonell kinesisk restaurant, med rikt utvalg av b\u00e5de kinesiske og internasjonale matretter.\" \/>\n<meta name=\"robots\" content=\"index, follow, max-snippet:-1, max-image-preview:large, max-video-preview:-1\" \/>\n<link rel=\"canonical\" href=\"https:\/\/visitbo.no\/beijing-house\/\" \/>\n<meta property=\"og:locale\" content=\"nb_NO\" \/>\n<meta property=\"og:type\" content=\"article\" \/>\n<meta property=\"og:title\" content=\"Beijing House B\u00f8 | Kinesisk restaurant | Spisesteder i B\u00f8 i Telemark\" \/>\n<meta property=\"og:description\" content=\"Velkommen til Beijing House B\u00f8! Tradisjonell kinesisk restaurant, med rikt utvalg av b\u00e5de kinesiske og internasjonale matretter.\" \/>\n<meta property=\"og:url\" content=\"https:\/\/visitbo.no\/beijing-house\/\" \/>\n<meta property=\"og:site_name\" content=\"Beijing House B\u00f8\" \/>\n<meta property=\"article:modified_time\" content=\"2026-03-03T10:11:01+00:00\" \/>\n<meta name=\"twitter:card\" content=\"summary_large_image\" \/>\n<meta name=\"twitter:label1\" content=\"Ansl. lesetid\" \/>\n\t<meta name=\"twitter:data1\" content=\"1 minutt\" \/>\n<script type=\"application\/ld+json\" class=\"yoast-schema-graph\">{\"@context\":\"https:\/\/schema.org\",\"@graph\":[{\"@type\":\"WebPage\",\"@id\":\"https:\/\/visitbo.no\/beijing-house\/\",\"url\":\"https:\/\/visitbo.no\/beijing-house\/\",\"name\":\"Beijing House B\u00f8 | Kinesisk restaurant | Spisesteder i B\u00f8 i Telemark\",\"isPartOf\":{\"@id\":\"https:\/\/visitbo.no\/beijing-house\/#website\"},\"datePublished\":\"2020-02-11T13:15:49+00:00\",\"dateModified\":\"2026-03-03T10:11:01+00:00\",\"description\":\"Velkommen til Beijing House B\u00f8! Tradisjonell kinesisk restaurant, med rikt utvalg av b\u00e5de kinesiske og internasjonale matretter.\",\"breadcrumb\":{\"@id\":\"https:\/\/visitbo.no\/beijing-house\/#breadcrumb\"},\"inLanguage\":\"nb-NO\",\"potentialAction\":[{\"@type\":\"ReadAction\",\"target\":[\"https:\/\/visitbo.no\/beijing-house\/\"]}]},{\"@type\":\"BreadcrumbList\",\"@id\":\"https:\/\/visitbo.no\/beijing-house\/#breadcrumb\",\"itemListElement\":[{\"@type\":\"ListItem\",\"position\":1,\"name\":\"Hjem\",\"item\":\"https:\/\/visitbo.no\/beijing-house\/\"},{\"@type\":\"ListItem\",\"position\":2,\"name\":\"Beijing House B\u00f8\"}]},{\"@type\":\"WebSite\",\"@id\":\"https:\/\/visitbo.no\/beijing-house\/#website\",\"url\":\"https:\/\/visitbo.no\/beijing-house\/\",\"name\":\"Beijing House B\u00f8\",\"description\":\"One online experience - for everything your destination has to offer.\",\"potentialAction\":[{\"@type\":\"SearchAction\",\"target\":{\"@type\":\"EntryPoint\",\"urlTemplate\":\"https:\/\/visitbo.no\/beijing-house\/?s={search_term_string}\"},\"query-input\":{\"@type\":\"PropertyValueSpecification\",\"valueRequired\":true,\"valueName\":\"search_term_string\"}}],\"inLanguage\":\"nb-NO\"}]}<\/script>\n<!-- \/ Yoast SEO plugin. -->","yoast_head_json":{"title":"Beijing House B\u00f8 | Kinesisk restaurant | Spisesteder i B\u00f8 i Telemark","description":"Velkommen til Beijing House B\u00f8! Tradisjonell kinesisk restaurant, med rikt utvalg av b\u00e5de kinesiske og internasjonale matretter.","robots":{"index":"index","follow":"follow","max-snippet":"max-snippet:-1","max-image-preview":"max-image-preview:large","max-video-preview":"max-video-preview:-1"},"canonical":"https:\/\/visitbo.no\/beijing-house\/","og_locale":"nb_NO","og_type":"article","og_title":"Beijing House B\u00f8 | Kinesisk restaurant | Spisesteder i B\u00f8 i Telemark","og_description":"Velkommen til Beijing House B\u00f8! Tradisjonell kinesisk restaurant, med rikt utvalg av b\u00e5de kinesiske og internasjonale matretter.","og_url":"https:\/\/visitbo.no\/beijing-house\/","og_site_name":"Beijing House B\u00f8","article_modified_time":"2026-03-03T10:11:01+00:00","twitter_card":"summary_large_image","twitter_misc":{"Ansl. lesetid":"1 minutt"},"schema":{"@context":"https:\/\/schema.org","@graph":[{"@type":"WebPage","@id":"https:\/\/visitbo.no\/beijing-house\/","url":"https:\/\/visitbo.no\/beijing-house\/","name":"Beijing House B\u00f8 | Kinesisk restaurant | Spisesteder i B\u00f8 i Telemark","isPartOf":{"@id":"https:\/\/visitbo.no\/beijing-house\/#website"},"datePublished":"2020-02-11T13:15:49+00:00","dateModified":"2026-03-03T10:11:01+00:00","description":"Velkommen til Beijing House B\u00f8! Tradisjonell kinesisk restaurant, med rikt utvalg av b\u00e5de kinesiske og internasjonale matretter.","breadcrumb":{"@id":"https:\/\/visitbo.no\/beijing-house\/#breadcrumb"},"inLanguage":"nb-NO","potentialAction":[{"@type":"ReadAction","target":["https:\/\/visitbo.no\/beijing-house\/"]}]},{"@type":"BreadcrumbList","@id":"https:\/\/visitbo.no\/beijing-house\/#breadcrumb","itemListElement":[{"@type":"ListItem","position":1,"name":"Hjem","item":"https:\/\/visitbo.no\/beijing-house\/"},{"@type":"ListItem","position":2,"name":"Beijing House B\u00f8"}]},{"@type":"WebSite","@id":"https:\/\/visitbo.no\/beijing-house\/#website","url":"https:\/\/visitbo.no\/beijing-house\/","name":"Beijing House B\u00f8","description":"One online experience - for everything your destination has to offer.","potentialAction":[{"@type":"SearchAction","target":{"@type":"EntryPoint","urlTemplate":"https:\/\/visitbo.no\/beijing-house\/?s={search_term_string}"},"query-input":{"@type":"PropertyValueSpecification","valueRequired":true,"valueName":"search_term_string"}}],"inLanguage":"nb-NO"}]}},"_links":{"self":[{"href":"https:\/\/visitbo.no\/beijing-house\/wp-json\/wp\/v2\/pages\/7864","targetHints":{"allow":["GET"]}}],"collection":[{"href":"https:\/\/visitbo.no\/beijing-house\/wp-json\/wp\/v2\/pages"}],"about":[{"href":"https:\/\/visitbo.no\/beijing-house\/wp-json\/wp\/v2\/types\/page"}],"author":[{"embeddable":true,"href":"https:\/\/visitbo.no\/beijing-house\/wp-json\/wp\/v2\/users\/4"}],"replies":[{"embeddable":true,"href":"https:\/\/visitbo.no\/beijing-house\/wp-json\/wp\/v2\/comments?post=7864"}],"version-history":[{"count":22,"href":"https:\/\/visitbo.no\/beijing-house\/wp-json\/wp\/v2\/pages\/7864\/revisions"}],"predecessor-version":[{"id":8160,"href":"https:\/\/visitbo.no\/beijing-house\/wp-json\/wp\/v2\/pages\/7864\/revisions\/8160"}],"wp:attachment":[{"href":"https:\/\/visitbo.no\/beijing-house\/wp-json\/wp\/v2\/media?parent=7864"}],"curies":[{"name":"wp","href":"https:\/\/api.w.org\/{rel}","templated":true}]}}