{"id":2,"date":"2012-04-11T16:34:42","date_gmt":"2012-04-11T14:34:42","guid":{"rendered":"https:\/\/tonto.wp.oppdateringsfabrikken.no\/?page_id=2"},"modified":"2025-07-28T13:20:35","modified_gmt":"2025-07-28T11:20:35","slug":"forside","status":"publish","type":"page","link":"https:\/\/visitbo.no\/bobokogpapir\/","title":{"rendered":"B\u00f8 Bok og Papir &#8211; Bygdas Litteraturhus"},"content":{"rendered":"<div id=\"cs-content\" class=\"cs-content\"><\/div>\n","protected":false},"excerpt":{"rendered":"<p>B\u00f8 Bok og Papir Bygdas LitteraturhusMidt i hjertet av B\u00f8 finner du B\u00f8 Bok og Papir, med over 105 \u00e5rs historie og en sjarmerende og tradisjonsrik bokhandel som byr p\u00e5 mer enn bare b\u00f8ker. Her m\u00f8ter du en varm og personlig service, inspirerende gaveartikler og et rikt utvalg av b\u00e5de ny litteratur og lokale utgivelser \u2013 inkludert b\u00f8ker fra og &#8230; <\/p>\n<div><a href=\"https:\/\/visitbo.no\/bobokogpapir\/\" class=\"more-link\">Read More<\/a><\/div>\n","protected":false},"author":1,"featured_media":0,"parent":0,"menu_order":0,"comment_status":"closed","ping_status":"closed","template":"template-blank-4.php","meta":{"_relevanssi_hide_post":"","_relevanssi_hide_content":"","_relevanssi_pin_for_all":"","_relevanssi_pin_keywords":"","_relevanssi_unpin_keywords":"","_relevanssi_related_keywords":"","_relevanssi_related_include_ids":"","_relevanssi_related_exclude_ids":"","_relevanssi_related_no_append":"","_relevanssi_related_not_related":"","_relevanssi_related_posts":"","_relevanssi_noindex_reason":"","footnotes":""},"class_list":["post-2","page","type-page","status-publish","hentry","no-post-thumbnail"],"yoast_head":"<!-- This site is optimized with the Yoast SEO plugin v27.2 - https:\/\/yoast.com\/product\/yoast-seo-wordpress\/ -->\n<title>B\u00f8 Bok og Papir - Bygdas Litteraturhus - Visit B\u00f8<\/title>\n<meta name=\"description\" content=\"Bokhandel og litteraturhus med over 105 \u00e5rs historie midt i B\u00f8gata. Sjekk ut v\u00e5rt store utvalg av b\u00f8ker.\" \/>\n<meta name=\"robots\" content=\"index, follow, max-snippet:-1, max-image-preview:large, max-video-preview:-1\" \/>\n<link rel=\"canonical\" href=\"https:\/\/visitbo.no\/bobokogpapir\/\" \/>\n<meta property=\"og:locale\" content=\"nb_NO\" \/>\n<meta property=\"og:type\" content=\"article\" \/>\n<meta property=\"og:title\" content=\"B\u00f8 Bok og Papir - Bygdas Litteraturhus - Visit B\u00f8\" \/>\n<meta property=\"og:description\" content=\"Bokhandel og litteraturhus med over 105 \u00e5rs historie midt i B\u00f8gata. Sjekk ut v\u00e5rt store utvalg av b\u00f8ker.\" \/>\n<meta property=\"og:url\" content=\"https:\/\/visitbo.no\/bobokogpapir\/\" \/>\n<meta property=\"og:site_name\" content=\"B\u00f8 Bok og Papir\" \/>\n<meta property=\"article:modified_time\" content=\"2025-07-28T11:20:35+00:00\" \/>\n<meta name=\"twitter:card\" content=\"summary_large_image\" \/>\n<meta name=\"twitter:label1\" content=\"Ansl. lesetid\" \/>\n\t<meta name=\"twitter:data1\" content=\"3 minutter\" \/>\n<script type=\"application\/ld+json\" class=\"yoast-schema-graph\">{\"@context\":\"https:\/\/schema.org\",\"@graph\":[{\"@type\":\"WebPage\",\"@id\":\"https:\/\/visitbo.no\/bobokogpapir\/\",\"url\":\"https:\/\/visitbo.no\/bobokogpapir\/\",\"name\":\"B\u00f8 Bok og Papir - Bygdas Litteraturhus - Visit B\u00f8\",\"isPartOf\":{\"@id\":\"https:\/\/visitbo.no\/bobokogpapir\/#website\"},\"datePublished\":\"2012-04-11T14:34:42+00:00\",\"dateModified\":\"2025-07-28T11:20:35+00:00\",\"description\":\"Bokhandel og litteraturhus med over 105 \u00e5rs historie midt i B\u00f8gata. Sjekk ut v\u00e5rt store utvalg av b\u00f8ker.\",\"breadcrumb\":{\"@id\":\"https:\/\/visitbo.no\/bobokogpapir\/#breadcrumb\"},\"inLanguage\":\"nb-NO\",\"potentialAction\":[{\"@type\":\"ReadAction\",\"target\":[\"https:\/\/visitbo.no\/bobokogpapir\/\"]}]},{\"@type\":\"BreadcrumbList\",\"@id\":\"https:\/\/visitbo.no\/bobokogpapir\/#breadcrumb\",\"itemListElement\":[{\"@type\":\"ListItem\",\"position\":1,\"name\":\"Hjem\",\"item\":\"https:\/\/visitbo.no\/bobokogpapir\/\"},{\"@type\":\"ListItem\",\"position\":2,\"name\":\"B\u00f8 Bok og Papir &#8211; Bygdas Litteraturhus\"}]},{\"@type\":\"WebSite\",\"@id\":\"https:\/\/visitbo.no\/bobokogpapir\/#website\",\"url\":\"https:\/\/visitbo.no\/bobokogpapir\/\",\"name\":\"B\u00f8 Bok og Papir\",\"description\":\"One online experience - for everything your destination has to offer.\",\"potentialAction\":[{\"@type\":\"SearchAction\",\"target\":{\"@type\":\"EntryPoint\",\"urlTemplate\":\"https:\/\/visitbo.no\/bobokogpapir\/?s={search_term_string}\"},\"query-input\":{\"@type\":\"PropertyValueSpecification\",\"valueRequired\":true,\"valueName\":\"search_term_string\"}}],\"inLanguage\":\"nb-NO\"}]}<\/script>\n<!-- \/ Yoast SEO plugin. -->","yoast_head_json":{"title":"B\u00f8 Bok og Papir - Bygdas Litteraturhus - Visit B\u00f8","description":"Bokhandel og litteraturhus med over 105 \u00e5rs historie midt i B\u00f8gata. Sjekk ut v\u00e5rt store utvalg av b\u00f8ker.","robots":{"index":"index","follow":"follow","max-snippet":"max-snippet:-1","max-image-preview":"max-image-preview:large","max-video-preview":"max-video-preview:-1"},"canonical":"https:\/\/visitbo.no\/bobokogpapir\/","og_locale":"nb_NO","og_type":"article","og_title":"B\u00f8 Bok og Papir - Bygdas Litteraturhus - Visit B\u00f8","og_description":"Bokhandel og litteraturhus med over 105 \u00e5rs historie midt i B\u00f8gata. Sjekk ut v\u00e5rt store utvalg av b\u00f8ker.","og_url":"https:\/\/visitbo.no\/bobokogpapir\/","og_site_name":"B\u00f8 Bok og Papir","article_modified_time":"2025-07-28T11:20:35+00:00","twitter_card":"summary_large_image","twitter_misc":{"Ansl. lesetid":"3 minutter"},"schema":{"@context":"https:\/\/schema.org","@graph":[{"@type":"WebPage","@id":"https:\/\/visitbo.no\/bobokogpapir\/","url":"https:\/\/visitbo.no\/bobokogpapir\/","name":"B\u00f8 Bok og Papir - Bygdas Litteraturhus - Visit B\u00f8","isPartOf":{"@id":"https:\/\/visitbo.no\/bobokogpapir\/#website"},"datePublished":"2012-04-11T14:34:42+00:00","dateModified":"2025-07-28T11:20:35+00:00","description":"Bokhandel og litteraturhus med over 105 \u00e5rs historie midt i B\u00f8gata. Sjekk ut v\u00e5rt store utvalg av b\u00f8ker.","breadcrumb":{"@id":"https:\/\/visitbo.no\/bobokogpapir\/#breadcrumb"},"inLanguage":"nb-NO","potentialAction":[{"@type":"ReadAction","target":["https:\/\/visitbo.no\/bobokogpapir\/"]}]},{"@type":"BreadcrumbList","@id":"https:\/\/visitbo.no\/bobokogpapir\/#breadcrumb","itemListElement":[{"@type":"ListItem","position":1,"name":"Hjem","item":"https:\/\/visitbo.no\/bobokogpapir\/"},{"@type":"ListItem","position":2,"name":"B\u00f8 Bok og Papir &#8211; Bygdas Litteraturhus"}]},{"@type":"WebSite","@id":"https:\/\/visitbo.no\/bobokogpapir\/#website","url":"https:\/\/visitbo.no\/bobokogpapir\/","name":"B\u00f8 Bok og Papir","description":"One online experience - for everything your destination has to offer.","potentialAction":[{"@type":"SearchAction","target":{"@type":"EntryPoint","urlTemplate":"https:\/\/visitbo.no\/bobokogpapir\/?s={search_term_string}"},"query-input":{"@type":"PropertyValueSpecification","valueRequired":true,"valueName":"search_term_string"}}],"inLanguage":"nb-NO"}]}},"_links":{"self":[{"href":"https:\/\/visitbo.no\/bobokogpapir\/wp-json\/wp\/v2\/pages\/2","targetHints":{"allow":["GET"]}}],"collection":[{"href":"https:\/\/visitbo.no\/bobokogpapir\/wp-json\/wp\/v2\/pages"}],"about":[{"href":"https:\/\/visitbo.no\/bobokogpapir\/wp-json\/wp\/v2\/types\/page"}],"author":[{"embeddable":true,"href":"https:\/\/visitbo.no\/bobokogpapir\/wp-json\/wp\/v2\/users\/1"}],"replies":[{"embeddable":true,"href":"https:\/\/visitbo.no\/bobokogpapir\/wp-json\/wp\/v2\/comments?post=2"}],"version-history":[{"count":156,"href":"https:\/\/visitbo.no\/bobokogpapir\/wp-json\/wp\/v2\/pages\/2\/revisions"}],"predecessor-version":[{"id":8060,"href":"https:\/\/visitbo.no\/bobokogpapir\/wp-json\/wp\/v2\/pages\/2\/revisions\/8060"}],"wp:attachment":[{"href":"https:\/\/visitbo.no\/bobokogpapir\/wp-json\/wp\/v2\/media?parent=2"}],"curies":[{"name":"wp","href":"https:\/\/api.w.org\/{rel}","templated":true}]}}