{"id":26320,"date":"2019-02-27T11:51:23","date_gmt":"2019-02-27T10:51:23","guid":{"rendered":"https:\/\/visitbo.no\/fjell-og-vandreturer-engelsk\/"},"modified":"2025-08-01T14:21:45","modified_gmt":"2025-08-01T12:21:45","slug":"hiking","status":"publish","type":"page","link":"https:\/\/visitbo.no\/en\/activities\/hiking\/","title":{"rendered":"Hiking"},"content":{"rendered":"<div id=\"cs-content\" class=\"cs-content\"><\/div>\n","protected":false},"excerpt":{"rendered":"<p>Hiking and Mountains Discover majestic mountain landscapesOut for a walk? We have both child-friendly and more demanding summit hikes on Lifjell, idyllic hiking trips along the Telemark Canal, B\u00f8 river or Fruktbygda. The Lifjell Plateau in Telemark has over 20 peaks over 1000 metres above sea level. The walking distances vary in length and difficulty and are equally suitable for &#8230; <\/p>\n<div><a href=\"https:\/\/visitbo.no\/en\/oysteinnatten-hike\/\" class=\"more-link\">Read More<\/a><\/div>\n","protected":false},"author":76,"featured_media":25143,"parent":27501,"menu_order":3,"comment_status":"closed","ping_status":"closed","template":"template-sites.php","meta":{"_relevanssi_hide_post":"","_relevanssi_hide_content":"","_relevanssi_pin_for_all":"","_relevanssi_pin_keywords":"","_relevanssi_unpin_keywords":"","_relevanssi_related_keywords":"","_relevanssi_related_include_ids":"","_relevanssi_related_exclude_ids":"","_relevanssi_related_no_append":"","_relevanssi_related_not_related":"","_relevanssi_related_posts":"","_relevanssi_noindex_reason":"","footnotes":""},"class_list":["post-26320","page","type-page","status-publish","has-post-thumbnail","hentry"],"yoast_head":"<!-- This site is optimized with the Yoast SEO plugin v27.2 - https:\/\/yoast.com\/product\/yoast-seo-wordpress\/ -->\n<title>Hiking in B\u00f8, Nome and Sauherad - Hiking Trips - Visit B\u00f8<\/title>\n<meta name=\"description\" content=\"Discover hiking opportunities at Lifjell, hiking excursions along the Telemark Canal, B\u00f8 River, or in the scenic Fruit Village region.\" \/>\n<meta name=\"robots\" content=\"index, follow, max-snippet:-1, max-image-preview:large, max-video-preview:-1\" \/>\n<link rel=\"canonical\" href=\"https:\/\/visitbo.no\/en\/activities\/hiking\/\" \/>\n<meta property=\"og:locale\" content=\"en_US\" \/>\n<meta property=\"og:type\" content=\"article\" \/>\n<meta property=\"og:title\" content=\"Hiking in B\u00f8, Nome and Sauherad - Hiking Trips - Visit B\u00f8\" \/>\n<meta property=\"og:description\" content=\"Discover hiking opportunities at Lifjell, hiking excursions along the Telemark Canal, B\u00f8 River, or in the scenic Fruit Village region.\" \/>\n<meta property=\"og:url\" content=\"https:\/\/visitbo.no\/en\/activities\/hiking\/\" \/>\n<meta property=\"og:site_name\" content=\"Visit B\u00f8\" \/>\n<meta property=\"article:modified_time\" content=\"2025-08-01T12:21:45+00:00\" \/>\n<meta property=\"og:image\" content=\"https:\/\/visitbo.no\/wp-content\/uploads\/2022\/08\/Bilde-1-Bo-Lifjell-Krediter-iamnordic-visittelemark-scaled.jpg\" \/>\n\t<meta property=\"og:image:width\" content=\"1350\" \/>\n\t<meta property=\"og:image:height\" content=\"1080\" \/>\n\t<meta property=\"og:image:type\" content=\"image\/jpeg\" \/>\n<meta name=\"twitter:card\" content=\"summary_large_image\" \/>\n<meta name=\"twitter:label1\" content=\"Est. reading time\" \/>\n\t<meta name=\"twitter:data1\" content=\"3 minutes\" \/>\n<script type=\"application\/ld+json\" class=\"yoast-schema-graph\">{\"@context\":\"https:\/\/schema.org\",\"@graph\":[{\"@type\":\"WebPage\",\"@id\":\"https:\/\/visitbo.no\/en\/activities\/hiking\/\",\"url\":\"https:\/\/visitbo.no\/en\/activities\/hiking\/\",\"name\":\"Hiking in B\u00f8, Nome and Sauherad - Hiking Trips - Visit B\u00f8\",\"isPartOf\":{\"@id\":\"https:\/\/visitbo.no\/en\/#website\"},\"primaryImageOfPage\":{\"@id\":\"https:\/\/visitbo.no\/en\/activities\/hiking\/#primaryimage\"},\"image\":{\"@id\":\"https:\/\/visitbo.no\/en\/activities\/hiking\/#primaryimage\"},\"thumbnailUrl\":\"https:\/\/visitbo.no\/wp-content\/uploads\/2022\/08\/Bilde-1-Bo-Lifjell-Krediter-iamnordic-visittelemark-scaled.jpg\",\"datePublished\":\"2019-02-27T10:51:23+00:00\",\"dateModified\":\"2025-08-01T12:21:45+00:00\",\"description\":\"Discover hiking opportunities at Lifjell, hiking excursions along the Telemark Canal, B\u00f8 River, or in the scenic Fruit Village region.\",\"breadcrumb\":{\"@id\":\"https:\/\/visitbo.no\/en\/activities\/hiking\/#breadcrumb\"},\"inLanguage\":\"en-US\",\"potentialAction\":[{\"@type\":\"ReadAction\",\"target\":[\"https:\/\/visitbo.no\/en\/activities\/hiking\/\"]}]},{\"@type\":\"ImageObject\",\"inLanguage\":\"en-US\",\"@id\":\"https:\/\/visitbo.no\/en\/activities\/hiking\/#primaryimage\",\"url\":\"https:\/\/visitbo.no\/wp-content\/uploads\/2022\/08\/Bilde-1-Bo-Lifjell-Krediter-iamnordic-visittelemark-scaled.jpg\",\"contentUrl\":\"https:\/\/visitbo.no\/wp-content\/uploads\/2022\/08\/Bilde-1-Bo-Lifjell-Krediter-iamnordic-visittelemark-scaled.jpg\",\"width\":1350,\"height\":1080},{\"@type\":\"BreadcrumbList\",\"@id\":\"https:\/\/visitbo.no\/en\/activities\/hiking\/#breadcrumb\",\"itemListElement\":[{\"@type\":\"ListItem\",\"position\":1,\"name\":\"Hjem\",\"item\":\"https:\/\/visitbo.no\/en\/visit-bo-en\/\"},{\"@type\":\"ListItem\",\"position\":2,\"name\":\"Activities\",\"item\":\"https:\/\/visitbo.no\/en\/activities\/\"},{\"@type\":\"ListItem\",\"position\":3,\"name\":\"Hiking\"}]},{\"@type\":\"WebSite\",\"@id\":\"https:\/\/visitbo.no\/en\/#website\",\"url\":\"https:\/\/visitbo.no\/en\/\",\"name\":\"Visit B\u00f8\",\"description\":\"One online experience - for everything your destination has to offer.\",\"potentialAction\":[{\"@type\":\"SearchAction\",\"target\":{\"@type\":\"EntryPoint\",\"urlTemplate\":\"https:\/\/visitbo.no\/en\/?s={search_term_string}\"},\"query-input\":{\"@type\":\"PropertyValueSpecification\",\"valueRequired\":true,\"valueName\":\"search_term_string\"}}],\"inLanguage\":\"en-US\"}]}<\/script>\n<!-- \/ Yoast SEO plugin. -->","yoast_head_json":{"title":"Hiking in B\u00f8, Nome and Sauherad - Hiking Trips - Visit B\u00f8","description":"Discover hiking opportunities at Lifjell, hiking excursions along the Telemark Canal, B\u00f8 River, or in the scenic Fruit Village region.","robots":{"index":"index","follow":"follow","max-snippet":"max-snippet:-1","max-image-preview":"max-image-preview:large","max-video-preview":"max-video-preview:-1"},"canonical":"https:\/\/visitbo.no\/en\/activities\/hiking\/","og_locale":"en_US","og_type":"article","og_title":"Hiking in B\u00f8, Nome and Sauherad - Hiking Trips - Visit B\u00f8","og_description":"Discover hiking opportunities at Lifjell, hiking excursions along the Telemark Canal, B\u00f8 River, or in the scenic Fruit Village region.","og_url":"https:\/\/visitbo.no\/en\/activities\/hiking\/","og_site_name":"Visit B\u00f8","article_modified_time":"2025-08-01T12:21:45+00:00","og_image":[{"width":1350,"height":1080,"url":"https:\/\/visitbo.no\/wp-content\/uploads\/2022\/08\/Bilde-1-Bo-Lifjell-Krediter-iamnordic-visittelemark-scaled.jpg","type":"image\/jpeg"}],"twitter_card":"summary_large_image","twitter_misc":{"Est. reading time":"3 minutes"},"schema":{"@context":"https:\/\/schema.org","@graph":[{"@type":"WebPage","@id":"https:\/\/visitbo.no\/en\/activities\/hiking\/","url":"https:\/\/visitbo.no\/en\/activities\/hiking\/","name":"Hiking in B\u00f8, Nome and Sauherad - Hiking Trips - Visit B\u00f8","isPartOf":{"@id":"https:\/\/visitbo.no\/en\/#website"},"primaryImageOfPage":{"@id":"https:\/\/visitbo.no\/en\/activities\/hiking\/#primaryimage"},"image":{"@id":"https:\/\/visitbo.no\/en\/activities\/hiking\/#primaryimage"},"thumbnailUrl":"https:\/\/visitbo.no\/wp-content\/uploads\/2022\/08\/Bilde-1-Bo-Lifjell-Krediter-iamnordic-visittelemark-scaled.jpg","datePublished":"2019-02-27T10:51:23+00:00","dateModified":"2025-08-01T12:21:45+00:00","description":"Discover hiking opportunities at Lifjell, hiking excursions along the Telemark Canal, B\u00f8 River, or in the scenic Fruit Village region.","breadcrumb":{"@id":"https:\/\/visitbo.no\/en\/activities\/hiking\/#breadcrumb"},"inLanguage":"en-US","potentialAction":[{"@type":"ReadAction","target":["https:\/\/visitbo.no\/en\/activities\/hiking\/"]}]},{"@type":"ImageObject","inLanguage":"en-US","@id":"https:\/\/visitbo.no\/en\/activities\/hiking\/#primaryimage","url":"https:\/\/visitbo.no\/wp-content\/uploads\/2022\/08\/Bilde-1-Bo-Lifjell-Krediter-iamnordic-visittelemark-scaled.jpg","contentUrl":"https:\/\/visitbo.no\/wp-content\/uploads\/2022\/08\/Bilde-1-Bo-Lifjell-Krediter-iamnordic-visittelemark-scaled.jpg","width":1350,"height":1080},{"@type":"BreadcrumbList","@id":"https:\/\/visitbo.no\/en\/activities\/hiking\/#breadcrumb","itemListElement":[{"@type":"ListItem","position":1,"name":"Hjem","item":"https:\/\/visitbo.no\/en\/visit-bo-en\/"},{"@type":"ListItem","position":2,"name":"Activities","item":"https:\/\/visitbo.no\/en\/activities\/"},{"@type":"ListItem","position":3,"name":"Hiking"}]},{"@type":"WebSite","@id":"https:\/\/visitbo.no\/en\/#website","url":"https:\/\/visitbo.no\/en\/","name":"Visit B\u00f8","description":"One online experience - for everything your destination has to offer.","potentialAction":[{"@type":"SearchAction","target":{"@type":"EntryPoint","urlTemplate":"https:\/\/visitbo.no\/en\/?s={search_term_string}"},"query-input":{"@type":"PropertyValueSpecification","valueRequired":true,"valueName":"search_term_string"}}],"inLanguage":"en-US"}]}},"_links":{"self":[{"href":"https:\/\/visitbo.no\/en\/wp-json\/wp\/v2\/pages\/26320","targetHints":{"allow":["GET"]}}],"collection":[{"href":"https:\/\/visitbo.no\/en\/wp-json\/wp\/v2\/pages"}],"about":[{"href":"https:\/\/visitbo.no\/en\/wp-json\/wp\/v2\/types\/page"}],"author":[{"embeddable":true,"href":"https:\/\/visitbo.no\/en\/wp-json\/wp\/v2\/users\/76"}],"replies":[{"embeddable":true,"href":"https:\/\/visitbo.no\/en\/wp-json\/wp\/v2\/comments?post=26320"}],"version-history":[{"count":26,"href":"https:\/\/visitbo.no\/en\/wp-json\/wp\/v2\/pages\/26320\/revisions"}],"predecessor-version":[{"id":35347,"href":"https:\/\/visitbo.no\/en\/wp-json\/wp\/v2\/pages\/26320\/revisions\/35347"}],"up":[{"embeddable":true,"href":"https:\/\/visitbo.no\/en\/wp-json\/wp\/v2\/pages\/27501"}],"wp:featuredmedia":[{"embeddable":true,"href":"https:\/\/visitbo.no\/en\/wp-json\/wp\/v2\/media\/25143"}],"wp:attachment":[{"href":"https:\/\/visitbo.no\/en\/wp-json\/wp\/v2\/media?parent=26320"}],"curies":[{"name":"wp","href":"https:\/\/api.w.org\/{rel}","templated":true}]}}