{"id":26566,"date":"2021-02-25T13:28:22","date_gmt":"2021-02-25T12:28:22","guid":{"rendered":"https:\/\/visitbo.no\/langrenn-engelsk\/"},"modified":"2026-03-02T15:26:29","modified_gmt":"2026-03-02T14:26:29","slug":"cross-country-skiing","status":"publish","type":"page","link":"https:\/\/visitbo.no\/en\/winter\/cross-country-skiing\/","title":{"rendered":"Cross-country skiing"},"content":{"rendered":"<div id=\"cs-content\" class=\"cs-content\"><\/div>\n","protected":false},"excerpt":{"rendered":"<p>Cross-country skiing in Midt-Telemark and Nome Experience the best of Norwegian winterDiscover the cross-country skiing possibilities available at Lifjell, B\u00f8, Lunde, and Ulefoss by delving into the details provided here. Throughout the winter, extensive ski trails are meticulously groomed in our region. If you appreciate the considerable efforts of our trail teams, please consider offering your support. Additionally, a map &#8230; <\/p>\n<div><a href=\"https:\/\/visitbo.no\/en\/winter\/cross-country-skiing\/\" class=\"more-link\">Read More<\/a><\/div>\n","protected":false},"author":76,"featured_media":0,"parent":26308,"menu_order":3,"comment_status":"closed","ping_status":"closed","template":"template-blank-4.php","meta":{"_relevanssi_hide_post":"","_relevanssi_hide_content":"","_relevanssi_pin_for_all":"","_relevanssi_pin_keywords":"","_relevanssi_unpin_keywords":"","_relevanssi_related_keywords":"","_relevanssi_related_include_ids":"","_relevanssi_related_exclude_ids":"","_relevanssi_related_no_append":"","_relevanssi_related_not_related":"","_relevanssi_related_posts":"","_relevanssi_noindex_reason":"","footnotes":""},"class_list":["post-26566","page","type-page","status-publish","hentry","no-post-thumbnail"],"yoast_head":"<!-- This site is optimized with the Yoast SEO plugin v27.2 - https:\/\/yoast.com\/product\/yoast-seo-wordpress\/ -->\n<title>Cross-country skiing - Lifjell, B\u00f8, Lunde, and Ulefoss - Visit B\u00f8<\/title>\n<meta name=\"description\" content=\"Explore cross-country skiing at Lifjell, B\u00f8, Lunde, and Ulefoss. Plan your next winter getaway in Midt-Telemark and Nome today!\" \/>\n<meta name=\"robots\" content=\"index, follow, max-snippet:-1, max-image-preview:large, max-video-preview:-1\" \/>\n<link rel=\"canonical\" href=\"https:\/\/visitbo.no\/en\/winter\/cross-country-skiing\/\" \/>\n<meta property=\"og:locale\" content=\"en_US\" \/>\n<meta property=\"og:type\" content=\"article\" \/>\n<meta property=\"og:title\" content=\"Cross-country skiing - Lifjell, B\u00f8, Lunde, and Ulefoss - Visit B\u00f8\" \/>\n<meta property=\"og:description\" content=\"Explore cross-country skiing at Lifjell, B\u00f8, Lunde, and Ulefoss. Plan your next winter getaway in Midt-Telemark and Nome today!\" \/>\n<meta property=\"og:url\" content=\"https:\/\/visitbo.no\/en\/winter\/cross-country-skiing\/\" \/>\n<meta property=\"og:site_name\" content=\"Visit B\u00f8\" \/>\n<meta property=\"article:modified_time\" content=\"2026-03-02T14:26:29+00:00\" \/>\n<meta name=\"twitter:card\" content=\"summary_large_image\" \/>\n<meta name=\"twitter:label1\" content=\"Est. reading time\" \/>\n\t<meta name=\"twitter:data1\" content=\"10 minutes\" \/>\n<script type=\"application\/ld+json\" class=\"yoast-schema-graph\">{\"@context\":\"https:\/\/schema.org\",\"@graph\":[{\"@type\":\"WebPage\",\"@id\":\"https:\/\/visitbo.no\/en\/winter\/cross-country-skiing\/\",\"url\":\"https:\/\/visitbo.no\/en\/winter\/cross-country-skiing\/\",\"name\":\"Cross-country skiing - Lifjell, B\u00f8, Lunde, and Ulefoss - Visit B\u00f8\",\"isPartOf\":{\"@id\":\"https:\/\/visitbo.no\/en\/#website\"},\"datePublished\":\"2021-02-25T12:28:22+00:00\",\"dateModified\":\"2026-03-02T14:26:29+00:00\",\"description\":\"Explore cross-country skiing at Lifjell, B\u00f8, Lunde, and Ulefoss. Plan your next winter getaway in Midt-Telemark and Nome today!\",\"breadcrumb\":{\"@id\":\"https:\/\/visitbo.no\/en\/winter\/cross-country-skiing\/#breadcrumb\"},\"inLanguage\":\"en-US\",\"potentialAction\":[{\"@type\":\"ReadAction\",\"target\":[\"https:\/\/visitbo.no\/en\/winter\/cross-country-skiing\/\"]}]},{\"@type\":\"BreadcrumbList\",\"@id\":\"https:\/\/visitbo.no\/en\/winter\/cross-country-skiing\/#breadcrumb\",\"itemListElement\":[{\"@type\":\"ListItem\",\"position\":1,\"name\":\"Hjem\",\"item\":\"https:\/\/visitbo.no\/en\/visit-bo-en\/\"},{\"@type\":\"ListItem\",\"position\":2,\"name\":\"Winter\",\"item\":\"https:\/\/visitbo.no\/en\/winter\/\"},{\"@type\":\"ListItem\",\"position\":3,\"name\":\"Cross-country skiing\"}]},{\"@type\":\"WebSite\",\"@id\":\"https:\/\/visitbo.no\/en\/#website\",\"url\":\"https:\/\/visitbo.no\/en\/\",\"name\":\"Visit B\u00f8\",\"description\":\"One online experience - for everything your destination has to offer.\",\"potentialAction\":[{\"@type\":\"SearchAction\",\"target\":{\"@type\":\"EntryPoint\",\"urlTemplate\":\"https:\/\/visitbo.no\/en\/?s={search_term_string}\"},\"query-input\":{\"@type\":\"PropertyValueSpecification\",\"valueRequired\":true,\"valueName\":\"search_term_string\"}}],\"inLanguage\":\"en-US\"}]}<\/script>\n<!-- \/ Yoast SEO plugin. -->","yoast_head_json":{"title":"Cross-country skiing - Lifjell, B\u00f8, Lunde, and Ulefoss - Visit B\u00f8","description":"Explore cross-country skiing at Lifjell, B\u00f8, Lunde, and Ulefoss. Plan your next winter getaway in Midt-Telemark and Nome today!","robots":{"index":"index","follow":"follow","max-snippet":"max-snippet:-1","max-image-preview":"max-image-preview:large","max-video-preview":"max-video-preview:-1"},"canonical":"https:\/\/visitbo.no\/en\/winter\/cross-country-skiing\/","og_locale":"en_US","og_type":"article","og_title":"Cross-country skiing - Lifjell, B\u00f8, Lunde, and Ulefoss - Visit B\u00f8","og_description":"Explore cross-country skiing at Lifjell, B\u00f8, Lunde, and Ulefoss. Plan your next winter getaway in Midt-Telemark and Nome today!","og_url":"https:\/\/visitbo.no\/en\/winter\/cross-country-skiing\/","og_site_name":"Visit B\u00f8","article_modified_time":"2026-03-02T14:26:29+00:00","twitter_card":"summary_large_image","twitter_misc":{"Est. reading time":"10 minutes"},"schema":{"@context":"https:\/\/schema.org","@graph":[{"@type":"WebPage","@id":"https:\/\/visitbo.no\/en\/winter\/cross-country-skiing\/","url":"https:\/\/visitbo.no\/en\/winter\/cross-country-skiing\/","name":"Cross-country skiing - Lifjell, B\u00f8, Lunde, and Ulefoss - Visit B\u00f8","isPartOf":{"@id":"https:\/\/visitbo.no\/en\/#website"},"datePublished":"2021-02-25T12:28:22+00:00","dateModified":"2026-03-02T14:26:29+00:00","description":"Explore cross-country skiing at Lifjell, B\u00f8, Lunde, and Ulefoss. Plan your next winter getaway in Midt-Telemark and Nome today!","breadcrumb":{"@id":"https:\/\/visitbo.no\/en\/winter\/cross-country-skiing\/#breadcrumb"},"inLanguage":"en-US","potentialAction":[{"@type":"ReadAction","target":["https:\/\/visitbo.no\/en\/winter\/cross-country-skiing\/"]}]},{"@type":"BreadcrumbList","@id":"https:\/\/visitbo.no\/en\/winter\/cross-country-skiing\/#breadcrumb","itemListElement":[{"@type":"ListItem","position":1,"name":"Hjem","item":"https:\/\/visitbo.no\/en\/visit-bo-en\/"},{"@type":"ListItem","position":2,"name":"Winter","item":"https:\/\/visitbo.no\/en\/winter\/"},{"@type":"ListItem","position":3,"name":"Cross-country skiing"}]},{"@type":"WebSite","@id":"https:\/\/visitbo.no\/en\/#website","url":"https:\/\/visitbo.no\/en\/","name":"Visit B\u00f8","description":"One online experience - for everything your destination has to offer.","potentialAction":[{"@type":"SearchAction","target":{"@type":"EntryPoint","urlTemplate":"https:\/\/visitbo.no\/en\/?s={search_term_string}"},"query-input":{"@type":"PropertyValueSpecification","valueRequired":true,"valueName":"search_term_string"}}],"inLanguage":"en-US"}]}},"_links":{"self":[{"href":"https:\/\/visitbo.no\/en\/wp-json\/wp\/v2\/pages\/26566","targetHints":{"allow":["GET"]}}],"collection":[{"href":"https:\/\/visitbo.no\/en\/wp-json\/wp\/v2\/pages"}],"about":[{"href":"https:\/\/visitbo.no\/en\/wp-json\/wp\/v2\/types\/page"}],"author":[{"embeddable":true,"href":"https:\/\/visitbo.no\/en\/wp-json\/wp\/v2\/users\/76"}],"replies":[{"embeddable":true,"href":"https:\/\/visitbo.no\/en\/wp-json\/wp\/v2\/comments?post=26566"}],"version-history":[{"count":20,"href":"https:\/\/visitbo.no\/en\/wp-json\/wp\/v2\/pages\/26566\/revisions"}],"predecessor-version":[{"id":37269,"href":"https:\/\/visitbo.no\/en\/wp-json\/wp\/v2\/pages\/26566\/revisions\/37269"}],"up":[{"embeddable":true,"href":"https:\/\/visitbo.no\/en\/wp-json\/wp\/v2\/pages\/26308"}],"wp:attachment":[{"href":"https:\/\/visitbo.no\/en\/wp-json\/wp\/v2\/media?parent=26566"}],"curies":[{"name":"wp","href":"https:\/\/api.w.org\/{rel}","templated":true}]}}