{"id":27685,"date":"2021-03-18T14:52:53","date_gmt":"2021-03-18T13:52:53","guid":{"rendered":"https:\/\/visitbo.no\/universell-utforming-engelsk\/"},"modified":"2024-12-06T11:37:28","modified_gmt":"2024-12-06T10:37:28","slug":"universal-design","status":"publish","type":"page","link":"https:\/\/visitbo.no\/en\/universal-design\/","title":{"rendered":"Universal Design"},"content":{"rendered":"<div id=\"cs-content\" class=\"cs-content\"><\/div>\n","protected":false},"excerpt":{"rendered":"<p>Universal Design The Midt-Telemark region stands at the heart of tourism in Telemark, recognized as the largest summer destination in the area. Visit B\u00f8 aims to excel in organizing tourism, ensuring that everyone who wishes to travel can choose this region as their destination. Although none of the participating companies are entirely universally designed, they are committed to making their &#8230; <\/p>\n<div><a href=\"https:\/\/visitbo.no\/en\/universal-design\/\" class=\"more-link\">Read More<\/a><\/div>\n","protected":false},"author":78,"featured_media":0,"parent":0,"menu_order":3,"comment_status":"closed","ping_status":"closed","template":"template-blank-4.php","meta":{"_relevanssi_hide_post":"","_relevanssi_hide_content":"","_relevanssi_pin_for_all":"","_relevanssi_pin_keywords":"","_relevanssi_unpin_keywords":"","_relevanssi_related_keywords":"","_relevanssi_related_include_ids":"","_relevanssi_related_exclude_ids":"","_relevanssi_related_no_append":"","_relevanssi_related_not_related":"","_relevanssi_related_posts":"","_relevanssi_noindex_reason":"","footnotes":""},"class_list":["post-27685","page","type-page","status-publish","hentry","no-post-thumbnail"],"yoast_head":"<!-- This site is optimized with the Yoast SEO plugin v27.2 - https:\/\/yoast.com\/product\/yoast-seo-wordpress\/ -->\n<title>Universal Design in B\u00f8 Telemark - Visit B\u00f8<\/title>\n<meta name=\"description\" content=\"Discover more about Visit B\u00f8&#039;s efforts in universal design, the Sunflower Label, and accommodation for individuals with disabilities.\" \/>\n<meta name=\"robots\" content=\"index, follow, max-snippet:-1, max-image-preview:large, max-video-preview:-1\" \/>\n<link rel=\"canonical\" href=\"https:\/\/visitbo.no\/en\/universal-design\/\" \/>\n<meta property=\"og:locale\" content=\"en_US\" \/>\n<meta property=\"og:type\" content=\"article\" \/>\n<meta property=\"og:title\" content=\"Universal Design in B\u00f8 Telemark - Visit B\u00f8\" \/>\n<meta property=\"og:description\" content=\"Discover more about Visit B\u00f8&#039;s efforts in universal design, the Sunflower Label, and accommodation for individuals with disabilities.\" \/>\n<meta property=\"og:url\" content=\"https:\/\/visitbo.no\/en\/universal-design\/\" \/>\n<meta property=\"og:site_name\" content=\"Visit B\u00f8\" \/>\n<meta property=\"article:modified_time\" content=\"2024-12-06T10:37:28+00:00\" \/>\n<meta property=\"og:image\" content=\"https:\/\/visitbo.no\/wp-content\/uploads\/2021\/10\/solsikkemerket_rundt1.png\" \/>\n<meta name=\"twitter:card\" content=\"summary_large_image\" \/>\n<meta name=\"twitter:label1\" content=\"Est. reading time\" \/>\n\t<meta name=\"twitter:data1\" content=\"19 minutes\" \/>\n<script type=\"application\/ld+json\" class=\"yoast-schema-graph\">{\"@context\":\"https:\/\/schema.org\",\"@graph\":[{\"@type\":\"WebPage\",\"@id\":\"https:\/\/visitbo.no\/en\/universal-design\/\",\"url\":\"https:\/\/visitbo.no\/en\/universal-design\/\",\"name\":\"Universal Design in B\u00f8 Telemark - Visit B\u00f8\",\"isPartOf\":{\"@id\":\"https:\/\/visitbo.no\/en\/#website\"},\"primaryImageOfPage\":{\"@id\":\"https:\/\/visitbo.no\/en\/universal-design\/#primaryimage\"},\"image\":{\"@id\":\"https:\/\/visitbo.no\/en\/universal-design\/#primaryimage\"},\"thumbnailUrl\":\"https:\/\/visitbo.no\/wp-content\/uploads\/2021\/10\/solsikkemerket_rundt1.png\",\"datePublished\":\"2021-03-18T13:52:53+00:00\",\"dateModified\":\"2024-12-06T10:37:28+00:00\",\"description\":\"Discover more about Visit B\u00f8's efforts in universal design, the Sunflower Label, and accommodation for individuals with disabilities.\",\"breadcrumb\":{\"@id\":\"https:\/\/visitbo.no\/en\/universal-design\/#breadcrumb\"},\"inLanguage\":\"en-US\",\"potentialAction\":[{\"@type\":\"ReadAction\",\"target\":[\"https:\/\/visitbo.no\/en\/universal-design\/\"]}]},{\"@type\":\"ImageObject\",\"inLanguage\":\"en-US\",\"@id\":\"https:\/\/visitbo.no\/en\/universal-design\/#primaryimage\",\"url\":\"https:\/\/visitbo.no\/wp-content\/uploads\/2021\/10\/solsikkemerket_rundt1.png\",\"contentUrl\":\"https:\/\/visitbo.no\/wp-content\/uploads\/2021\/10\/solsikkemerket_rundt1.png\"},{\"@type\":\"BreadcrumbList\",\"@id\":\"https:\/\/visitbo.no\/en\/universal-design\/#breadcrumb\",\"itemListElement\":[{\"@type\":\"ListItem\",\"position\":1,\"name\":\"Hjem\",\"item\":\"https:\/\/visitbo.no\/en\/visit-bo-en\/\"},{\"@type\":\"ListItem\",\"position\":2,\"name\":\"Universal Design\"}]},{\"@type\":\"WebSite\",\"@id\":\"https:\/\/visitbo.no\/en\/#website\",\"url\":\"https:\/\/visitbo.no\/en\/\",\"name\":\"Visit B\u00f8\",\"description\":\"One online experience - for everything your destination has to offer.\",\"potentialAction\":[{\"@type\":\"SearchAction\",\"target\":{\"@type\":\"EntryPoint\",\"urlTemplate\":\"https:\/\/visitbo.no\/en\/?s={search_term_string}\"},\"query-input\":{\"@type\":\"PropertyValueSpecification\",\"valueRequired\":true,\"valueName\":\"search_term_string\"}}],\"inLanguage\":\"en-US\"}]}<\/script>\n<!-- \/ Yoast SEO plugin. -->","yoast_head_json":{"title":"Universal Design in B\u00f8 Telemark - Visit B\u00f8","description":"Discover more about Visit B\u00f8's efforts in universal design, the Sunflower Label, and accommodation for individuals with disabilities.","robots":{"index":"index","follow":"follow","max-snippet":"max-snippet:-1","max-image-preview":"max-image-preview:large","max-video-preview":"max-video-preview:-1"},"canonical":"https:\/\/visitbo.no\/en\/universal-design\/","og_locale":"en_US","og_type":"article","og_title":"Universal Design in B\u00f8 Telemark - Visit B\u00f8","og_description":"Discover more about Visit B\u00f8's efforts in universal design, the Sunflower Label, and accommodation for individuals with disabilities.","og_url":"https:\/\/visitbo.no\/en\/universal-design\/","og_site_name":"Visit B\u00f8","article_modified_time":"2024-12-06T10:37:28+00:00","og_image":[{"url":"https:\/\/visitbo.no\/wp-content\/uploads\/2021\/10\/solsikkemerket_rundt1.png","type":"","width":"","height":""}],"twitter_card":"summary_large_image","twitter_misc":{"Est. reading time":"19 minutes"},"schema":{"@context":"https:\/\/schema.org","@graph":[{"@type":"WebPage","@id":"https:\/\/visitbo.no\/en\/universal-design\/","url":"https:\/\/visitbo.no\/en\/universal-design\/","name":"Universal Design in B\u00f8 Telemark - Visit B\u00f8","isPartOf":{"@id":"https:\/\/visitbo.no\/en\/#website"},"primaryImageOfPage":{"@id":"https:\/\/visitbo.no\/en\/universal-design\/#primaryimage"},"image":{"@id":"https:\/\/visitbo.no\/en\/universal-design\/#primaryimage"},"thumbnailUrl":"https:\/\/visitbo.no\/wp-content\/uploads\/2021\/10\/solsikkemerket_rundt1.png","datePublished":"2021-03-18T13:52:53+00:00","dateModified":"2024-12-06T10:37:28+00:00","description":"Discover more about Visit B\u00f8's efforts in universal design, the Sunflower Label, and accommodation for individuals with disabilities.","breadcrumb":{"@id":"https:\/\/visitbo.no\/en\/universal-design\/#breadcrumb"},"inLanguage":"en-US","potentialAction":[{"@type":"ReadAction","target":["https:\/\/visitbo.no\/en\/universal-design\/"]}]},{"@type":"ImageObject","inLanguage":"en-US","@id":"https:\/\/visitbo.no\/en\/universal-design\/#primaryimage","url":"https:\/\/visitbo.no\/wp-content\/uploads\/2021\/10\/solsikkemerket_rundt1.png","contentUrl":"https:\/\/visitbo.no\/wp-content\/uploads\/2021\/10\/solsikkemerket_rundt1.png"},{"@type":"BreadcrumbList","@id":"https:\/\/visitbo.no\/en\/universal-design\/#breadcrumb","itemListElement":[{"@type":"ListItem","position":1,"name":"Hjem","item":"https:\/\/visitbo.no\/en\/visit-bo-en\/"},{"@type":"ListItem","position":2,"name":"Universal Design"}]},{"@type":"WebSite","@id":"https:\/\/visitbo.no\/en\/#website","url":"https:\/\/visitbo.no\/en\/","name":"Visit B\u00f8","description":"One online experience - for everything your destination has to offer.","potentialAction":[{"@type":"SearchAction","target":{"@type":"EntryPoint","urlTemplate":"https:\/\/visitbo.no\/en\/?s={search_term_string}"},"query-input":{"@type":"PropertyValueSpecification","valueRequired":true,"valueName":"search_term_string"}}],"inLanguage":"en-US"}]}},"_links":{"self":[{"href":"https:\/\/visitbo.no\/en\/wp-json\/wp\/v2\/pages\/27685","targetHints":{"allow":["GET"]}}],"collection":[{"href":"https:\/\/visitbo.no\/en\/wp-json\/wp\/v2\/pages"}],"about":[{"href":"https:\/\/visitbo.no\/en\/wp-json\/wp\/v2\/types\/page"}],"author":[{"embeddable":true,"href":"https:\/\/visitbo.no\/en\/wp-json\/wp\/v2\/users\/78"}],"replies":[{"embeddable":true,"href":"https:\/\/visitbo.no\/en\/wp-json\/wp\/v2\/comments?post=27685"}],"version-history":[{"count":65,"href":"https:\/\/visitbo.no\/en\/wp-json\/wp\/v2\/pages\/27685\/revisions"}],"predecessor-version":[{"id":32289,"href":"https:\/\/visitbo.no\/en\/wp-json\/wp\/v2\/pages\/27685\/revisions\/32289"}],"wp:attachment":[{"href":"https:\/\/visitbo.no\/en\/wp-json\/wp\/v2\/media?parent=27685"}],"curies":[{"name":"wp","href":"https:\/\/api.w.org\/{rel}","templated":true}]}}