{"id":27934,"date":"2019-06-25T13:09:04","date_gmt":"2019-06-25T11:09:04","guid":{"rendered":"https:\/\/visitbo.no\/hollane-seter-engelsk\/"},"modified":"2024-12-06T08:27:52","modified_gmt":"2024-12-06T07:27:52","slug":"hollane-seter-tourist-cabin","status":"publish","type":"page","link":"https:\/\/visitbo.no\/en\/activities\/hiking\/hollane-seter-tourist-cabin\/","title":{"rendered":"Hollane Seter and Tourist Cabin"},"content":{"rendered":"<div id=\"cs-content\" class=\"cs-content\"><\/div>\n","protected":false},"excerpt":{"rendered":"<p>Hollane Tourist Cabin Hollane Seter, situated atop Lifjell at an elevation of 859 meters, offers an excellent hiking experience with well-defined trails. Located approximately 9 km (about 3 hours) from J\u00f8nnbuparkeringa and 6 km from Gr\u00f8nbygel (\u00c5rmotdalen), this historic Setra has been operational since the 1600s, with its tourist section established in 1920. Run by the Folkestad family for several &#8230; <\/p>\n<div><a href=\"https:\/\/visitbo.no\/en\/activities\/hiking\/hollane-seter-tourist-cabin\/\" class=\"more-link\">Read More<\/a><\/div>\n","protected":false},"author":76,"featured_media":27218,"parent":26320,"menu_order":3,"comment_status":"closed","ping_status":"closed","template":"template-blank-4.php","meta":{"_relevanssi_hide_post":"","_relevanssi_hide_content":"","_relevanssi_pin_for_all":"","_relevanssi_pin_keywords":"","_relevanssi_unpin_keywords":"","_relevanssi_related_keywords":"","_relevanssi_related_include_ids":"","_relevanssi_related_exclude_ids":"","_relevanssi_related_no_append":"","_relevanssi_related_not_related":"","_relevanssi_related_posts":"","_relevanssi_noindex_reason":"","footnotes":""},"class_list":["post-27934","page","type-page","status-publish","has-post-thumbnail","hentry"],"yoast_head":"<!-- This site is optimized with the Yoast SEO plugin v27.2 - https:\/\/yoast.com\/product\/yoast-seo-wordpress\/ -->\n<title>Hollane Seter and Tourist Cabin - Visit B\u00f8<\/title>\n<meta name=\"description\" content=\"Discover the charm of Hollane Seter and Tourist Cabin atop Lifjell. Enjoy well-equipped cabins, and relish delightful culinary offerings.\" \/>\n<meta name=\"robots\" content=\"index, follow, max-snippet:-1, max-image-preview:large, max-video-preview:-1\" \/>\n<link rel=\"canonical\" href=\"https:\/\/visitbo.no\/en\/activities\/hiking\/hollane-seter-tourist-cabin\/\" \/>\n<meta property=\"og:locale\" content=\"en_US\" \/>\n<meta property=\"og:type\" content=\"article\" \/>\n<meta property=\"og:title\" content=\"Hollane Seter and Tourist Cabin - Visit B\u00f8\" \/>\n<meta property=\"og:description\" content=\"Discover the charm of Hollane Seter and Tourist Cabin atop Lifjell. Enjoy well-equipped cabins, and relish delightful culinary offerings.\" \/>\n<meta property=\"og:url\" content=\"https:\/\/visitbo.no\/en\/activities\/hiking\/hollane-seter-tourist-cabin\/\" \/>\n<meta property=\"og:site_name\" content=\"Visit B\u00f8\" \/>\n<meta property=\"article:modified_time\" content=\"2024-12-06T07:27:52+00:00\" \/>\n<meta property=\"og:image\" content=\"https:\/\/visitbo.no\/wp-content\/uploads\/2023\/12\/lifjell-hollane-seter.jpg\" \/>\n\t<meta property=\"og:image:width\" content=\"1006\" \/>\n\t<meta property=\"og:image:height\" content=\"659\" \/>\n\t<meta property=\"og:image:type\" content=\"image\/jpeg\" \/>\n<meta name=\"twitter:card\" content=\"summary_large_image\" \/>\n<meta name=\"twitter:label1\" content=\"Est. reading time\" \/>\n\t<meta name=\"twitter:data1\" content=\"3 minutes\" \/>\n<script type=\"application\/ld+json\" class=\"yoast-schema-graph\">{\"@context\":\"https:\/\/schema.org\",\"@graph\":[{\"@type\":\"WebPage\",\"@id\":\"https:\/\/visitbo.no\/en\/activities\/hiking\/hollane-seter-tourist-cabin\/\",\"url\":\"https:\/\/visitbo.no\/en\/activities\/hiking\/hollane-seter-tourist-cabin\/\",\"name\":\"Hollane Seter and Tourist Cabin - Visit B\u00f8\",\"isPartOf\":{\"@id\":\"https:\/\/visitbo.no\/en\/#website\"},\"primaryImageOfPage\":{\"@id\":\"https:\/\/visitbo.no\/en\/activities\/hiking\/hollane-seter-tourist-cabin\/#primaryimage\"},\"image\":{\"@id\":\"https:\/\/visitbo.no\/en\/activities\/hiking\/hollane-seter-tourist-cabin\/#primaryimage\"},\"thumbnailUrl\":\"https:\/\/visitbo.no\/wp-content\/uploads\/2023\/12\/lifjell-hollane-seter.jpg\",\"datePublished\":\"2019-06-25T11:09:04+00:00\",\"dateModified\":\"2024-12-06T07:27:52+00:00\",\"description\":\"Discover the charm of Hollane Seter and Tourist Cabin atop Lifjell. Enjoy well-equipped cabins, and relish delightful culinary offerings.\",\"breadcrumb\":{\"@id\":\"https:\/\/visitbo.no\/en\/activities\/hiking\/hollane-seter-tourist-cabin\/#breadcrumb\"},\"inLanguage\":\"en-US\",\"potentialAction\":[{\"@type\":\"ReadAction\",\"target\":[\"https:\/\/visitbo.no\/en\/activities\/hiking\/hollane-seter-tourist-cabin\/\"]}]},{\"@type\":\"ImageObject\",\"inLanguage\":\"en-US\",\"@id\":\"https:\/\/visitbo.no\/en\/activities\/hiking\/hollane-seter-tourist-cabin\/#primaryimage\",\"url\":\"https:\/\/visitbo.no\/wp-content\/uploads\/2023\/12\/lifjell-hollane-seter.jpg\",\"contentUrl\":\"https:\/\/visitbo.no\/wp-content\/uploads\/2023\/12\/lifjell-hollane-seter.jpg\",\"width\":1006,\"height\":659,\"caption\":\"hollane seter p\u00e5 lifjell, utsikt. Foto\"},{\"@type\":\"BreadcrumbList\",\"@id\":\"https:\/\/visitbo.no\/en\/activities\/hiking\/hollane-seter-tourist-cabin\/#breadcrumb\",\"itemListElement\":[{\"@type\":\"ListItem\",\"position\":1,\"name\":\"Hjem\",\"item\":\"https:\/\/visitbo.no\/en\/visit-bo-en\/\"},{\"@type\":\"ListItem\",\"position\":2,\"name\":\"Activities\",\"item\":\"https:\/\/visitbo.no\/en\/activities\/\"},{\"@type\":\"ListItem\",\"position\":3,\"name\":\"Hiking\",\"item\":\"https:\/\/visitbo.no\/en\/activities\/hiking\/\"},{\"@type\":\"ListItem\",\"position\":4,\"name\":\"Hollane Seter and Tourist Cabin\"}]},{\"@type\":\"WebSite\",\"@id\":\"https:\/\/visitbo.no\/en\/#website\",\"url\":\"https:\/\/visitbo.no\/en\/\",\"name\":\"Visit B\u00f8\",\"description\":\"One online experience - for everything your destination has to offer.\",\"potentialAction\":[{\"@type\":\"SearchAction\",\"target\":{\"@type\":\"EntryPoint\",\"urlTemplate\":\"https:\/\/visitbo.no\/en\/?s={search_term_string}\"},\"query-input\":{\"@type\":\"PropertyValueSpecification\",\"valueRequired\":true,\"valueName\":\"search_term_string\"}}],\"inLanguage\":\"en-US\"}]}<\/script>\n<!-- \/ Yoast SEO plugin. -->","yoast_head_json":{"title":"Hollane Seter and Tourist Cabin - Visit B\u00f8","description":"Discover the charm of Hollane Seter and Tourist Cabin atop Lifjell. Enjoy well-equipped cabins, and relish delightful culinary offerings.","robots":{"index":"index","follow":"follow","max-snippet":"max-snippet:-1","max-image-preview":"max-image-preview:large","max-video-preview":"max-video-preview:-1"},"canonical":"https:\/\/visitbo.no\/en\/activities\/hiking\/hollane-seter-tourist-cabin\/","og_locale":"en_US","og_type":"article","og_title":"Hollane Seter and Tourist Cabin - Visit B\u00f8","og_description":"Discover the charm of Hollane Seter and Tourist Cabin atop Lifjell. Enjoy well-equipped cabins, and relish delightful culinary offerings.","og_url":"https:\/\/visitbo.no\/en\/activities\/hiking\/hollane-seter-tourist-cabin\/","og_site_name":"Visit B\u00f8","article_modified_time":"2024-12-06T07:27:52+00:00","og_image":[{"width":1006,"height":659,"url":"https:\/\/visitbo.no\/wp-content\/uploads\/2023\/12\/lifjell-hollane-seter.jpg","type":"image\/jpeg"}],"twitter_card":"summary_large_image","twitter_misc":{"Est. reading time":"3 minutes"},"schema":{"@context":"https:\/\/schema.org","@graph":[{"@type":"WebPage","@id":"https:\/\/visitbo.no\/en\/activities\/hiking\/hollane-seter-tourist-cabin\/","url":"https:\/\/visitbo.no\/en\/activities\/hiking\/hollane-seter-tourist-cabin\/","name":"Hollane Seter and Tourist Cabin - Visit B\u00f8","isPartOf":{"@id":"https:\/\/visitbo.no\/en\/#website"},"primaryImageOfPage":{"@id":"https:\/\/visitbo.no\/en\/activities\/hiking\/hollane-seter-tourist-cabin\/#primaryimage"},"image":{"@id":"https:\/\/visitbo.no\/en\/activities\/hiking\/hollane-seter-tourist-cabin\/#primaryimage"},"thumbnailUrl":"https:\/\/visitbo.no\/wp-content\/uploads\/2023\/12\/lifjell-hollane-seter.jpg","datePublished":"2019-06-25T11:09:04+00:00","dateModified":"2024-12-06T07:27:52+00:00","description":"Discover the charm of Hollane Seter and Tourist Cabin atop Lifjell. Enjoy well-equipped cabins, and relish delightful culinary offerings.","breadcrumb":{"@id":"https:\/\/visitbo.no\/en\/activities\/hiking\/hollane-seter-tourist-cabin\/#breadcrumb"},"inLanguage":"en-US","potentialAction":[{"@type":"ReadAction","target":["https:\/\/visitbo.no\/en\/activities\/hiking\/hollane-seter-tourist-cabin\/"]}]},{"@type":"ImageObject","inLanguage":"en-US","@id":"https:\/\/visitbo.no\/en\/activities\/hiking\/hollane-seter-tourist-cabin\/#primaryimage","url":"https:\/\/visitbo.no\/wp-content\/uploads\/2023\/12\/lifjell-hollane-seter.jpg","contentUrl":"https:\/\/visitbo.no\/wp-content\/uploads\/2023\/12\/lifjell-hollane-seter.jpg","width":1006,"height":659,"caption":"hollane seter p\u00e5 lifjell, utsikt. Foto"},{"@type":"BreadcrumbList","@id":"https:\/\/visitbo.no\/en\/activities\/hiking\/hollane-seter-tourist-cabin\/#breadcrumb","itemListElement":[{"@type":"ListItem","position":1,"name":"Hjem","item":"https:\/\/visitbo.no\/en\/visit-bo-en\/"},{"@type":"ListItem","position":2,"name":"Activities","item":"https:\/\/visitbo.no\/en\/activities\/"},{"@type":"ListItem","position":3,"name":"Hiking","item":"https:\/\/visitbo.no\/en\/activities\/hiking\/"},{"@type":"ListItem","position":4,"name":"Hollane Seter and Tourist Cabin"}]},{"@type":"WebSite","@id":"https:\/\/visitbo.no\/en\/#website","url":"https:\/\/visitbo.no\/en\/","name":"Visit B\u00f8","description":"One online experience - for everything your destination has to offer.","potentialAction":[{"@type":"SearchAction","target":{"@type":"EntryPoint","urlTemplate":"https:\/\/visitbo.no\/en\/?s={search_term_string}"},"query-input":{"@type":"PropertyValueSpecification","valueRequired":true,"valueName":"search_term_string"}}],"inLanguage":"en-US"}]}},"_links":{"self":[{"href":"https:\/\/visitbo.no\/en\/wp-json\/wp\/v2\/pages\/27934","targetHints":{"allow":["GET"]}}],"collection":[{"href":"https:\/\/visitbo.no\/en\/wp-json\/wp\/v2\/pages"}],"about":[{"href":"https:\/\/visitbo.no\/en\/wp-json\/wp\/v2\/types\/page"}],"author":[{"embeddable":true,"href":"https:\/\/visitbo.no\/en\/wp-json\/wp\/v2\/users\/76"}],"replies":[{"embeddable":true,"href":"https:\/\/visitbo.no\/en\/wp-json\/wp\/v2\/comments?post=27934"}],"version-history":[{"count":13,"href":"https:\/\/visitbo.no\/en\/wp-json\/wp\/v2\/pages\/27934\/revisions"}],"predecessor-version":[{"id":32226,"href":"https:\/\/visitbo.no\/en\/wp-json\/wp\/v2\/pages\/27934\/revisions\/32226"}],"up":[{"embeddable":true,"href":"https:\/\/visitbo.no\/en\/wp-json\/wp\/v2\/pages\/26320"}],"wp:featuredmedia":[{"embeddable":true,"href":"https:\/\/visitbo.no\/en\/wp-json\/wp\/v2\/media\/27218"}],"wp:attachment":[{"href":"https:\/\/visitbo.no\/en\/wp-json\/wp\/v2\/media?parent=27934"}],"curies":[{"name":"wp","href":"https:\/\/api.w.org\/{rel}","templated":true}]}}