{"id":27997,"date":"2023-12-19T10:43:44","date_gmt":"2023-12-19T09:43:44","guid":{"rendered":"https:\/\/visitbo.no\/padle-og-kajakkturer-i-bo-og-midt-telemark-engelsk\/"},"modified":"2024-01-26T13:17:58","modified_gmt":"2024-01-26T12:17:58","slug":"paddling-adventures","status":"publish","type":"page","link":"https:\/\/visitbo.no\/en\/activities\/canoeing-and-kayaking\/paddling-adventures\/","title":{"rendered":"Canoeing and Kayaking Tours"},"content":{"rendered":"<div id=\"cs-content\" class=\"cs-content\"><\/div>\n","protected":false},"excerpt":{"rendered":"<p>5 Fantastic Paddling Adventures Norway has one of the planet&#8217;s lengthiest coastlines, spanning thousands of kilometers and offering boundless possibilities for exploration. Embrace the exhilarating activity of paddling, which not only provides adventure but also promotes good health. Why not seize the opportunity? Here are five handpicked journeys!First Camp Norsj\u00f8 \u2013 Telemark to Kolahuset Tour Details ROUTE: First Camp Norsj\u00f8 &#8230; <\/p>\n<div><a href=\"https:\/\/visitbo.no\/en\/activities\/canoeing-and-kayaking\/paddling-adventures\/\" class=\"more-link\">Read More<\/a><\/div>\n","protected":false},"author":76,"featured_media":0,"parent":28387,"menu_order":3,"comment_status":"closed","ping_status":"closed","template":"template-blank-4.php","meta":{"_relevanssi_hide_post":"","_relevanssi_hide_content":"","_relevanssi_pin_for_all":"","_relevanssi_pin_keywords":"","_relevanssi_unpin_keywords":"","_relevanssi_related_keywords":"","_relevanssi_related_include_ids":"","_relevanssi_related_exclude_ids":"","_relevanssi_related_no_append":"","_relevanssi_related_not_related":"","_relevanssi_related_posts":"","_relevanssi_noindex_reason":"","footnotes":""},"class_list":["post-27997","page","type-page","status-publish","hentry","no-post-thumbnail"],"yoast_head":"<!-- This site is optimized with the Yoast SEO plugin v27.2 - https:\/\/yoast.com\/product\/yoast-seo-wordpress\/ -->\n<title>Canoeing and Kayaking Tours - B\u00f8 and Midt-Telemark - Visit B\u00f8<\/title>\n<meta name=\"description\" content=\"Explore the scenic wonders of B\u00f8 and Midt-Telemark through our exciting kayaking and canoeing tours. Unforgettable experiences awaits you!\" \/>\n<meta name=\"robots\" content=\"index, follow, max-snippet:-1, max-image-preview:large, max-video-preview:-1\" \/>\n<link rel=\"canonical\" href=\"https:\/\/visitbo.no\/en\/activities\/canoeing-and-kayaking\/paddling-adventures\/\" \/>\n<meta property=\"og:locale\" content=\"en_US\" \/>\n<meta property=\"og:type\" content=\"article\" \/>\n<meta property=\"og:title\" content=\"Canoeing and Kayaking Tours - B\u00f8 and Midt-Telemark - Visit B\u00f8\" \/>\n<meta property=\"og:description\" content=\"Explore the scenic wonders of B\u00f8 and Midt-Telemark through our exciting kayaking and canoeing tours. Unforgettable experiences awaits you!\" \/>\n<meta property=\"og:url\" content=\"https:\/\/visitbo.no\/en\/activities\/canoeing-and-kayaking\/paddling-adventures\/\" \/>\n<meta property=\"og:site_name\" content=\"Visit B\u00f8\" \/>\n<meta property=\"article:modified_time\" content=\"2024-01-26T12:17:58+00:00\" \/>\n<meta name=\"twitter:card\" content=\"summary_large_image\" \/>\n<meta name=\"twitter:label1\" content=\"Est. reading time\" \/>\n\t<meta name=\"twitter:data1\" content=\"7 minutes\" \/>\n<script type=\"application\/ld+json\" class=\"yoast-schema-graph\">{\"@context\":\"https:\/\/schema.org\",\"@graph\":[{\"@type\":\"WebPage\",\"@id\":\"https:\/\/visitbo.no\/en\/activities\/canoeing-and-kayaking\/paddling-adventures\/\",\"url\":\"https:\/\/visitbo.no\/en\/activities\/canoeing-and-kayaking\/paddling-adventures\/\",\"name\":\"Canoeing and Kayaking Tours - B\u00f8 and Midt-Telemark - Visit B\u00f8\",\"isPartOf\":{\"@id\":\"https:\/\/visitbo.no\/en\/#website\"},\"datePublished\":\"2023-12-19T09:43:44+00:00\",\"dateModified\":\"2024-01-26T12:17:58+00:00\",\"description\":\"Explore the scenic wonders of B\u00f8 and Midt-Telemark through our exciting kayaking and canoeing tours. Unforgettable experiences awaits you!\",\"breadcrumb\":{\"@id\":\"https:\/\/visitbo.no\/en\/activities\/canoeing-and-kayaking\/paddling-adventures\/#breadcrumb\"},\"inLanguage\":\"en-US\",\"potentialAction\":[{\"@type\":\"ReadAction\",\"target\":[\"https:\/\/visitbo.no\/en\/activities\/canoeing-and-kayaking\/paddling-adventures\/\"]}]},{\"@type\":\"BreadcrumbList\",\"@id\":\"https:\/\/visitbo.no\/en\/activities\/canoeing-and-kayaking\/paddling-adventures\/#breadcrumb\",\"itemListElement\":[{\"@type\":\"ListItem\",\"position\":1,\"name\":\"Hjem\",\"item\":\"https:\/\/visitbo.no\/en\/visit-bo-en\/\"},{\"@type\":\"ListItem\",\"position\":2,\"name\":\"Canoeing and Kayaking Tours\"}]},{\"@type\":\"WebSite\",\"@id\":\"https:\/\/visitbo.no\/en\/#website\",\"url\":\"https:\/\/visitbo.no\/en\/\",\"name\":\"Visit B\u00f8\",\"description\":\"One online experience - for everything your destination has to offer.\",\"potentialAction\":[{\"@type\":\"SearchAction\",\"target\":{\"@type\":\"EntryPoint\",\"urlTemplate\":\"https:\/\/visitbo.no\/en\/?s={search_term_string}\"},\"query-input\":{\"@type\":\"PropertyValueSpecification\",\"valueRequired\":true,\"valueName\":\"search_term_string\"}}],\"inLanguage\":\"en-US\"}]}<\/script>\n<!-- \/ Yoast SEO plugin. -->","yoast_head_json":{"title":"Canoeing and Kayaking Tours - B\u00f8 and Midt-Telemark - Visit B\u00f8","description":"Explore the scenic wonders of B\u00f8 and Midt-Telemark through our exciting kayaking and canoeing tours. Unforgettable experiences awaits you!","robots":{"index":"index","follow":"follow","max-snippet":"max-snippet:-1","max-image-preview":"max-image-preview:large","max-video-preview":"max-video-preview:-1"},"canonical":"https:\/\/visitbo.no\/en\/activities\/canoeing-and-kayaking\/paddling-adventures\/","og_locale":"en_US","og_type":"article","og_title":"Canoeing and Kayaking Tours - B\u00f8 and Midt-Telemark - Visit B\u00f8","og_description":"Explore the scenic wonders of B\u00f8 and Midt-Telemark through our exciting kayaking and canoeing tours. Unforgettable experiences awaits you!","og_url":"https:\/\/visitbo.no\/en\/activities\/canoeing-and-kayaking\/paddling-adventures\/","og_site_name":"Visit B\u00f8","article_modified_time":"2024-01-26T12:17:58+00:00","twitter_card":"summary_large_image","twitter_misc":{"Est. reading time":"7 minutes"},"schema":{"@context":"https:\/\/schema.org","@graph":[{"@type":"WebPage","@id":"https:\/\/visitbo.no\/en\/activities\/canoeing-and-kayaking\/paddling-adventures\/","url":"https:\/\/visitbo.no\/en\/activities\/canoeing-and-kayaking\/paddling-adventures\/","name":"Canoeing and Kayaking Tours - B\u00f8 and Midt-Telemark - Visit B\u00f8","isPartOf":{"@id":"https:\/\/visitbo.no\/en\/#website"},"datePublished":"2023-12-19T09:43:44+00:00","dateModified":"2024-01-26T12:17:58+00:00","description":"Explore the scenic wonders of B\u00f8 and Midt-Telemark through our exciting kayaking and canoeing tours. Unforgettable experiences awaits you!","breadcrumb":{"@id":"https:\/\/visitbo.no\/en\/activities\/canoeing-and-kayaking\/paddling-adventures\/#breadcrumb"},"inLanguage":"en-US","potentialAction":[{"@type":"ReadAction","target":["https:\/\/visitbo.no\/en\/activities\/canoeing-and-kayaking\/paddling-adventures\/"]}]},{"@type":"BreadcrumbList","@id":"https:\/\/visitbo.no\/en\/activities\/canoeing-and-kayaking\/paddling-adventures\/#breadcrumb","itemListElement":[{"@type":"ListItem","position":1,"name":"Hjem","item":"https:\/\/visitbo.no\/en\/visit-bo-en\/"},{"@type":"ListItem","position":2,"name":"Canoeing and Kayaking Tours"}]},{"@type":"WebSite","@id":"https:\/\/visitbo.no\/en\/#website","url":"https:\/\/visitbo.no\/en\/","name":"Visit B\u00f8","description":"One online experience - for everything your destination has to offer.","potentialAction":[{"@type":"SearchAction","target":{"@type":"EntryPoint","urlTemplate":"https:\/\/visitbo.no\/en\/?s={search_term_string}"},"query-input":{"@type":"PropertyValueSpecification","valueRequired":true,"valueName":"search_term_string"}}],"inLanguage":"en-US"}]}},"_links":{"self":[{"href":"https:\/\/visitbo.no\/en\/wp-json\/wp\/v2\/pages\/27997","targetHints":{"allow":["GET"]}}],"collection":[{"href":"https:\/\/visitbo.no\/en\/wp-json\/wp\/v2\/pages"}],"about":[{"href":"https:\/\/visitbo.no\/en\/wp-json\/wp\/v2\/types\/page"}],"author":[{"embeddable":true,"href":"https:\/\/visitbo.no\/en\/wp-json\/wp\/v2\/users\/76"}],"replies":[{"embeddable":true,"href":"https:\/\/visitbo.no\/en\/wp-json\/wp\/v2\/comments?post=27997"}],"version-history":[{"count":15,"href":"https:\/\/visitbo.no\/en\/wp-json\/wp\/v2\/pages\/27997\/revisions"}],"predecessor-version":[{"id":28063,"href":"https:\/\/visitbo.no\/en\/wp-json\/wp\/v2\/pages\/27997\/revisions\/28063"}],"up":[{"embeddable":true,"href":"https:\/\/visitbo.no\/en\/wp-json\/wp\/v2\/pages\/28387"}],"wp:attachment":[{"href":"https:\/\/visitbo.no\/en\/wp-json\/wp\/v2\/media?parent=27997"}],"curies":[{"name":"wp","href":"https:\/\/api.w.org\/{rel}","templated":true}]}}