{"id":28059,"date":"2019-03-18T22:10:03","date_gmt":"2019-03-18T21:10:03","guid":{"rendered":"https:\/\/visitbo.no\/familieferie-engelsk\/"},"modified":"2024-11-29T13:46:12","modified_gmt":"2024-11-29T12:46:12","slug":"family-vacation","status":"publish","type":"page","link":"https:\/\/visitbo.no\/en\/activities\/family-vacation\/","title":{"rendered":"Family Vacation"},"content":{"rendered":"<div id=\"cs-content\" class=\"cs-content\"><\/div>\n","protected":false},"excerpt":{"rendered":"<p>Family Vacation in B\u00f8 and Midt-Telemark Getting ready for this year&#8217;s family holiday? Embark on an unforgettable family vacation in B\u00f8 and Midt-Telemark. While B\u00f8 Sommarland stands out as a favorite summer destination for families, there&#8217;s a plethora of other thrilling, family-friendly activities awaiting exploration. Whether trying your hand at golf, enjoying a leisurely horseback ride, cycling through Fruktbygda Gvarv, &#8230; <\/p>\n<div><a href=\"https:\/\/visitbo.no\/en\/activities\/family-vacation\/\" class=\"more-link\">Read More<\/a><\/div>\n","protected":false},"author":76,"featured_media":0,"parent":27501,"menu_order":3,"comment_status":"closed","ping_status":"closed","template":"template-blank-4.php","meta":{"_relevanssi_hide_post":"","_relevanssi_hide_content":"","_relevanssi_pin_for_all":"","_relevanssi_pin_keywords":"","_relevanssi_unpin_keywords":"","_relevanssi_related_keywords":"","_relevanssi_related_include_ids":"","_relevanssi_related_exclude_ids":"","_relevanssi_related_no_append":"","_relevanssi_related_not_related":"","_relevanssi_related_posts":"","_relevanssi_noindex_reason":"","footnotes":""},"class_list":["post-28059","page","type-page","status-publish","hentry","no-post-thumbnail"],"yoast_head":"<!-- This site is optimized with the Yoast SEO plugin v27.2 - https:\/\/yoast.com\/product\/yoast-seo-wordpress\/ -->\n<title>Family Vacation - B\u00f8 in Midt-Telemark, Norway - Visit B\u00f8<\/title>\n<meta name=\"description\" content=\"Plan your family vacation in B\u00f8, Midt-Telemark! Explore exciting activities, from B\u00f8 Sommarland to golf, horseback riding, and biking.\" \/>\n<meta name=\"robots\" content=\"index, follow, max-snippet:-1, max-image-preview:large, max-video-preview:-1\" \/>\n<link rel=\"canonical\" href=\"https:\/\/visitbo.no\/en\/activities\/family-vacation\/\" \/>\n<meta property=\"og:locale\" content=\"en_US\" \/>\n<meta property=\"og:type\" content=\"article\" \/>\n<meta property=\"og:title\" content=\"Family Vacation - B\u00f8 in Midt-Telemark, Norway - Visit B\u00f8\" \/>\n<meta property=\"og:description\" content=\"Plan your family vacation in B\u00f8, Midt-Telemark! Explore exciting activities, from B\u00f8 Sommarland to golf, horseback riding, and biking.\" \/>\n<meta property=\"og:url\" content=\"https:\/\/visitbo.no\/en\/activities\/family-vacation\/\" \/>\n<meta property=\"og:site_name\" content=\"Visit B\u00f8\" \/>\n<meta property=\"article:modified_time\" content=\"2024-11-29T12:46:12+00:00\" \/>\n<meta name=\"twitter:card\" content=\"summary_large_image\" \/>\n<meta name=\"twitter:label1\" content=\"Est. reading time\" \/>\n\t<meta name=\"twitter:data1\" content=\"3 minutes\" \/>\n<script type=\"application\/ld+json\" class=\"yoast-schema-graph\">{\"@context\":\"https:\/\/schema.org\",\"@graph\":[{\"@type\":\"WebPage\",\"@id\":\"https:\/\/visitbo.no\/en\/activities\/family-vacation\/\",\"url\":\"https:\/\/visitbo.no\/en\/activities\/family-vacation\/\",\"name\":\"Family Vacation - B\u00f8 in Midt-Telemark, Norway - Visit B\u00f8\",\"isPartOf\":{\"@id\":\"https:\/\/visitbo.no\/en\/#website\"},\"datePublished\":\"2019-03-18T21:10:03+00:00\",\"dateModified\":\"2024-11-29T12:46:12+00:00\",\"description\":\"Plan your family vacation in B\u00f8, Midt-Telemark! Explore exciting activities, from B\u00f8 Sommarland to golf, horseback riding, and biking.\",\"breadcrumb\":{\"@id\":\"https:\/\/visitbo.no\/en\/activities\/family-vacation\/#breadcrumb\"},\"inLanguage\":\"en-US\",\"potentialAction\":[{\"@type\":\"ReadAction\",\"target\":[\"https:\/\/visitbo.no\/en\/activities\/family-vacation\/\"]}]},{\"@type\":\"BreadcrumbList\",\"@id\":\"https:\/\/visitbo.no\/en\/activities\/family-vacation\/#breadcrumb\",\"itemListElement\":[{\"@type\":\"ListItem\",\"position\":1,\"name\":\"Hjem\",\"item\":\"https:\/\/visitbo.no\/en\/visit-bo-en\/\"},{\"@type\":\"ListItem\",\"position\":2,\"name\":\"Activities\",\"item\":\"https:\/\/visitbo.no\/en\/activities\/\"},{\"@type\":\"ListItem\",\"position\":3,\"name\":\"Family Vacation\"}]},{\"@type\":\"WebSite\",\"@id\":\"https:\/\/visitbo.no\/en\/#website\",\"url\":\"https:\/\/visitbo.no\/en\/\",\"name\":\"Visit B\u00f8\",\"description\":\"One online experience - for everything your destination has to offer.\",\"potentialAction\":[{\"@type\":\"SearchAction\",\"target\":{\"@type\":\"EntryPoint\",\"urlTemplate\":\"https:\/\/visitbo.no\/en\/?s={search_term_string}\"},\"query-input\":{\"@type\":\"PropertyValueSpecification\",\"valueRequired\":true,\"valueName\":\"search_term_string\"}}],\"inLanguage\":\"en-US\"}]}<\/script>\n<!-- \/ Yoast SEO plugin. -->","yoast_head_json":{"title":"Family Vacation - B\u00f8 in Midt-Telemark, Norway - Visit B\u00f8","description":"Plan your family vacation in B\u00f8, Midt-Telemark! Explore exciting activities, from B\u00f8 Sommarland to golf, horseback riding, and biking.","robots":{"index":"index","follow":"follow","max-snippet":"max-snippet:-1","max-image-preview":"max-image-preview:large","max-video-preview":"max-video-preview:-1"},"canonical":"https:\/\/visitbo.no\/en\/activities\/family-vacation\/","og_locale":"en_US","og_type":"article","og_title":"Family Vacation - B\u00f8 in Midt-Telemark, Norway - Visit B\u00f8","og_description":"Plan your family vacation in B\u00f8, Midt-Telemark! Explore exciting activities, from B\u00f8 Sommarland to golf, horseback riding, and biking.","og_url":"https:\/\/visitbo.no\/en\/activities\/family-vacation\/","og_site_name":"Visit B\u00f8","article_modified_time":"2024-11-29T12:46:12+00:00","twitter_card":"summary_large_image","twitter_misc":{"Est. reading time":"3 minutes"},"schema":{"@context":"https:\/\/schema.org","@graph":[{"@type":"WebPage","@id":"https:\/\/visitbo.no\/en\/activities\/family-vacation\/","url":"https:\/\/visitbo.no\/en\/activities\/family-vacation\/","name":"Family Vacation - B\u00f8 in Midt-Telemark, Norway - Visit B\u00f8","isPartOf":{"@id":"https:\/\/visitbo.no\/en\/#website"},"datePublished":"2019-03-18T21:10:03+00:00","dateModified":"2024-11-29T12:46:12+00:00","description":"Plan your family vacation in B\u00f8, Midt-Telemark! Explore exciting activities, from B\u00f8 Sommarland to golf, horseback riding, and biking.","breadcrumb":{"@id":"https:\/\/visitbo.no\/en\/activities\/family-vacation\/#breadcrumb"},"inLanguage":"en-US","potentialAction":[{"@type":"ReadAction","target":["https:\/\/visitbo.no\/en\/activities\/family-vacation\/"]}]},{"@type":"BreadcrumbList","@id":"https:\/\/visitbo.no\/en\/activities\/family-vacation\/#breadcrumb","itemListElement":[{"@type":"ListItem","position":1,"name":"Hjem","item":"https:\/\/visitbo.no\/en\/visit-bo-en\/"},{"@type":"ListItem","position":2,"name":"Activities","item":"https:\/\/visitbo.no\/en\/activities\/"},{"@type":"ListItem","position":3,"name":"Family Vacation"}]},{"@type":"WebSite","@id":"https:\/\/visitbo.no\/en\/#website","url":"https:\/\/visitbo.no\/en\/","name":"Visit B\u00f8","description":"One online experience - for everything your destination has to offer.","potentialAction":[{"@type":"SearchAction","target":{"@type":"EntryPoint","urlTemplate":"https:\/\/visitbo.no\/en\/?s={search_term_string}"},"query-input":{"@type":"PropertyValueSpecification","valueRequired":true,"valueName":"search_term_string"}}],"inLanguage":"en-US"}]}},"_links":{"self":[{"href":"https:\/\/visitbo.no\/en\/wp-json\/wp\/v2\/pages\/28059","targetHints":{"allow":["GET"]}}],"collection":[{"href":"https:\/\/visitbo.no\/en\/wp-json\/wp\/v2\/pages"}],"about":[{"href":"https:\/\/visitbo.no\/en\/wp-json\/wp\/v2\/types\/page"}],"author":[{"embeddable":true,"href":"https:\/\/visitbo.no\/en\/wp-json\/wp\/v2\/users\/76"}],"replies":[{"embeddable":true,"href":"https:\/\/visitbo.no\/en\/wp-json\/wp\/v2\/comments?post=28059"}],"version-history":[{"count":10,"href":"https:\/\/visitbo.no\/en\/wp-json\/wp\/v2\/pages\/28059\/revisions"}],"predecessor-version":[{"id":32094,"href":"https:\/\/visitbo.no\/en\/wp-json\/wp\/v2\/pages\/28059\/revisions\/32094"}],"up":[{"embeddable":true,"href":"https:\/\/visitbo.no\/en\/wp-json\/wp\/v2\/pages\/27501"}],"wp:attachment":[{"href":"https:\/\/visitbo.no\/en\/wp-json\/wp\/v2\/media?parent=28059"}],"curies":[{"name":"wp","href":"https:\/\/api.w.org\/{rel}","templated":true}]}}