{"id":28707,"date":"2019-03-18T22:10:40","date_gmt":"2019-03-18T21:10:40","guid":{"rendered":"https:\/\/visitbo.no\/kultur-smaksopplevelser-engelsk\/"},"modified":"2025-07-29T14:11:37","modified_gmt":"2025-07-29T12:11:37","slug":"cultural-activities","status":"publish","type":"page","link":"https:\/\/visitbo.no\/en\/cultural-activities\/","title":{"rendered":"Cultural Activities"},"content":{"rendered":"<div id=\"cs-content\" class=\"cs-content\"><\/div>\n","protected":false},"excerpt":{"rendered":"<p>Cultural Activities in B\u00f8 and Midt-Telemark Cultural Activities in B\u00f8 and Midt-Telemark Explore Our Vibrant Culture Discover the Telemark Canal and its historic sites, peruse galleries and quaint farm shops. \u00d8vre Verket and Ulefos Hovedgaard await you in the heart of Ulefoss, nestled by the canal. Additionally, delve into art, culture, and history at Midt-Telemark Museum. For insights into local &#8230; <\/p>\n<div><a href=\"https:\/\/visitbo.no\/en\/cultural-activities\/\" class=\"more-link\">Read More<\/a><\/div>\n","protected":false},"author":76,"featured_media":0,"parent":0,"menu_order":3,"comment_status":"closed","ping_status":"closed","template":"template-blank-4.php","meta":{"_relevanssi_hide_post":"","_relevanssi_hide_content":"","_relevanssi_pin_for_all":"","_relevanssi_pin_keywords":"","_relevanssi_unpin_keywords":"","_relevanssi_related_keywords":"","_relevanssi_related_include_ids":"","_relevanssi_related_exclude_ids":"","_relevanssi_related_no_append":"","_relevanssi_related_not_related":"","_relevanssi_related_posts":"","_relevanssi_noindex_reason":"","footnotes":""},"class_list":["post-28707","page","type-page","status-publish","hentry","no-post-thumbnail"],"yoast_head":"<!-- This site is optimized with the Yoast SEO plugin v27.2 - https:\/\/yoast.com\/product\/yoast-seo-wordpress\/ -->\n<title>Cultural Activities - in B\u00f8, Midt-Telemark and Nome - Visit B\u00f8<\/title>\n<meta name=\"description\" content=\"Discover the culture and flavors of B\u00f8, Midt-Telemark, and Nome. Explore Midt-Telemark Museum, Fruktbygda, Ulefoss Hovedgaard, and more!\" \/>\n<meta name=\"robots\" content=\"index, follow, max-snippet:-1, max-image-preview:large, max-video-preview:-1\" \/>\n<link rel=\"canonical\" href=\"https:\/\/visitbo.no\/en\/cultural-activities\/\" \/>\n<meta property=\"og:locale\" content=\"en_US\" \/>\n<meta property=\"og:type\" content=\"article\" \/>\n<meta property=\"og:title\" content=\"Cultural Activities - in B\u00f8, Midt-Telemark and Nome - Visit B\u00f8\" \/>\n<meta property=\"og:description\" content=\"Discover the culture and flavors of B\u00f8, Midt-Telemark, and Nome. Explore Midt-Telemark Museum, Fruktbygda, Ulefoss Hovedgaard, and more!\" \/>\n<meta property=\"og:url\" content=\"https:\/\/visitbo.no\/en\/cultural-activities\/\" \/>\n<meta property=\"og:site_name\" content=\"Visit B\u00f8\" \/>\n<meta property=\"article:modified_time\" content=\"2025-07-29T12:11:37+00:00\" \/>\n<meta name=\"twitter:card\" content=\"summary_large_image\" \/>\n<meta name=\"twitter:label1\" content=\"Est. reading time\" \/>\n\t<meta name=\"twitter:data1\" content=\"4 minutes\" \/>\n<script type=\"application\/ld+json\" class=\"yoast-schema-graph\">{\"@context\":\"https:\/\/schema.org\",\"@graph\":[{\"@type\":\"WebPage\",\"@id\":\"https:\/\/visitbo.no\/en\/cultural-activities\/\",\"url\":\"https:\/\/visitbo.no\/en\/cultural-activities\/\",\"name\":\"Cultural Activities - in B\u00f8, Midt-Telemark and Nome - Visit B\u00f8\",\"isPartOf\":{\"@id\":\"https:\/\/visitbo.no\/en\/#website\"},\"datePublished\":\"2019-03-18T21:10:40+00:00\",\"dateModified\":\"2025-07-29T12:11:37+00:00\",\"description\":\"Discover the culture and flavors of B\u00f8, Midt-Telemark, and Nome. Explore Midt-Telemark Museum, Fruktbygda, Ulefoss Hovedgaard, and more!\",\"breadcrumb\":{\"@id\":\"https:\/\/visitbo.no\/en\/cultural-activities\/#breadcrumb\"},\"inLanguage\":\"en-US\",\"potentialAction\":[{\"@type\":\"ReadAction\",\"target\":[\"https:\/\/visitbo.no\/en\/cultural-activities\/\"]}]},{\"@type\":\"BreadcrumbList\",\"@id\":\"https:\/\/visitbo.no\/en\/cultural-activities\/#breadcrumb\",\"itemListElement\":[{\"@type\":\"ListItem\",\"position\":1,\"name\":\"Hjem\",\"item\":\"https:\/\/visitbo.no\/en\/visit-bo-en\/\"},{\"@type\":\"ListItem\",\"position\":2,\"name\":\"Cultural Activities\"}]},{\"@type\":\"WebSite\",\"@id\":\"https:\/\/visitbo.no\/en\/#website\",\"url\":\"https:\/\/visitbo.no\/en\/\",\"name\":\"Visit B\u00f8\",\"description\":\"One online experience - for everything your destination has to offer.\",\"potentialAction\":[{\"@type\":\"SearchAction\",\"target\":{\"@type\":\"EntryPoint\",\"urlTemplate\":\"https:\/\/visitbo.no\/en\/?s={search_term_string}\"},\"query-input\":{\"@type\":\"PropertyValueSpecification\",\"valueRequired\":true,\"valueName\":\"search_term_string\"}}],\"inLanguage\":\"en-US\"}]}<\/script>\n<!-- \/ Yoast SEO plugin. -->","yoast_head_json":{"title":"Cultural Activities - in B\u00f8, Midt-Telemark and Nome - Visit B\u00f8","description":"Discover the culture and flavors of B\u00f8, Midt-Telemark, and Nome. Explore Midt-Telemark Museum, Fruktbygda, Ulefoss Hovedgaard, and more!","robots":{"index":"index","follow":"follow","max-snippet":"max-snippet:-1","max-image-preview":"max-image-preview:large","max-video-preview":"max-video-preview:-1"},"canonical":"https:\/\/visitbo.no\/en\/cultural-activities\/","og_locale":"en_US","og_type":"article","og_title":"Cultural Activities - in B\u00f8, Midt-Telemark and Nome - Visit B\u00f8","og_description":"Discover the culture and flavors of B\u00f8, Midt-Telemark, and Nome. Explore Midt-Telemark Museum, Fruktbygda, Ulefoss Hovedgaard, and more!","og_url":"https:\/\/visitbo.no\/en\/cultural-activities\/","og_site_name":"Visit B\u00f8","article_modified_time":"2025-07-29T12:11:37+00:00","twitter_card":"summary_large_image","twitter_misc":{"Est. reading time":"4 minutes"},"schema":{"@context":"https:\/\/schema.org","@graph":[{"@type":"WebPage","@id":"https:\/\/visitbo.no\/en\/cultural-activities\/","url":"https:\/\/visitbo.no\/en\/cultural-activities\/","name":"Cultural Activities - in B\u00f8, Midt-Telemark and Nome - Visit B\u00f8","isPartOf":{"@id":"https:\/\/visitbo.no\/en\/#website"},"datePublished":"2019-03-18T21:10:40+00:00","dateModified":"2025-07-29T12:11:37+00:00","description":"Discover the culture and flavors of B\u00f8, Midt-Telemark, and Nome. Explore Midt-Telemark Museum, Fruktbygda, Ulefoss Hovedgaard, and more!","breadcrumb":{"@id":"https:\/\/visitbo.no\/en\/cultural-activities\/#breadcrumb"},"inLanguage":"en-US","potentialAction":[{"@type":"ReadAction","target":["https:\/\/visitbo.no\/en\/cultural-activities\/"]}]},{"@type":"BreadcrumbList","@id":"https:\/\/visitbo.no\/en\/cultural-activities\/#breadcrumb","itemListElement":[{"@type":"ListItem","position":1,"name":"Hjem","item":"https:\/\/visitbo.no\/en\/visit-bo-en\/"},{"@type":"ListItem","position":2,"name":"Cultural Activities"}]},{"@type":"WebSite","@id":"https:\/\/visitbo.no\/en\/#website","url":"https:\/\/visitbo.no\/en\/","name":"Visit B\u00f8","description":"One online experience - for everything your destination has to offer.","potentialAction":[{"@type":"SearchAction","target":{"@type":"EntryPoint","urlTemplate":"https:\/\/visitbo.no\/en\/?s={search_term_string}"},"query-input":{"@type":"PropertyValueSpecification","valueRequired":true,"valueName":"search_term_string"}}],"inLanguage":"en-US"}]}},"_links":{"self":[{"href":"https:\/\/visitbo.no\/en\/wp-json\/wp\/v2\/pages\/28707","targetHints":{"allow":["GET"]}}],"collection":[{"href":"https:\/\/visitbo.no\/en\/wp-json\/wp\/v2\/pages"}],"about":[{"href":"https:\/\/visitbo.no\/en\/wp-json\/wp\/v2\/types\/page"}],"author":[{"embeddable":true,"href":"https:\/\/visitbo.no\/en\/wp-json\/wp\/v2\/users\/76"}],"replies":[{"embeddable":true,"href":"https:\/\/visitbo.no\/en\/wp-json\/wp\/v2\/comments?post=28707"}],"version-history":[{"count":15,"href":"https:\/\/visitbo.no\/en\/wp-json\/wp\/v2\/pages\/28707\/revisions"}],"predecessor-version":[{"id":35263,"href":"https:\/\/visitbo.no\/en\/wp-json\/wp\/v2\/pages\/28707\/revisions\/35263"}],"wp:attachment":[{"href":"https:\/\/visitbo.no\/en\/wp-json\/wp\/v2\/media?parent=28707"}],"curies":[{"name":"wp","href":"https:\/\/api.w.org\/{rel}","templated":true}]}}