{"id":28861,"date":"2019-04-25T12:20:11","date_gmt":"2019-04-25T10:20:11","guid":{"rendered":"https:\/\/visitbo.no\/sykling-engelsk\/"},"modified":"2024-12-06T13:57:58","modified_gmt":"2024-12-06T12:57:58","slug":"biking","status":"publish","type":"page","link":"https:\/\/visitbo.no\/en\/activities\/biking\/","title":{"rendered":"Biking"},"content":{"rendered":"<div id=\"cs-content\" class=\"cs-content\"><\/div>\n","protected":false},"excerpt":{"rendered":"<p>Explore Midt-Telemark and Nome by bike There is plenty of cycling paths awaiting exploration in Midt-Telemark and Nome, boasting manageable distances between key destinations and attractions. Additionally, we suggest shorter excursions starting from Lunde, Ulefoss, B\u00f8, and GvarvOne of our most popular bike routes, Kanalruta, begins in Ulefoss and takes you along the scenic Telemark Canal all the way to &#8230; <\/p>\n<div><a href=\"https:\/\/visitbo.no\/en\/activities\/biking\/\" class=\"more-link\">Read More<\/a><\/div>\n","protected":false},"author":76,"featured_media":0,"parent":27501,"menu_order":3,"comment_status":"closed","ping_status":"closed","template":"template-blank-4.php","meta":{"_relevanssi_hide_post":"","_relevanssi_hide_content":"","_relevanssi_pin_for_all":"","_relevanssi_pin_keywords":"","_relevanssi_unpin_keywords":"","_relevanssi_related_keywords":"","_relevanssi_related_include_ids":"","_relevanssi_related_exclude_ids":"","_relevanssi_related_no_append":"","_relevanssi_related_not_related":"","_relevanssi_related_posts":"","_relevanssi_noindex_reason":"","footnotes":""},"class_list":["post-28861","page","type-page","status-publish","hentry","no-post-thumbnail"],"yoast_head":"<!-- This site is optimized with the Yoast SEO plugin v27.2 - https:\/\/yoast.com\/product\/yoast-seo-wordpress\/ -->\n<title>Biking and Cycling Routes - B\u00f8, Nome and Sauherad - Visit B\u00f8<\/title>\n<meta name=\"description\" content=\"Discover B\u00f8, Nome, and Sauherad by bike, immersing yourself in the charm of Fruktruta, Kanalruta, and numerous other cycling routes.\" \/>\n<meta name=\"robots\" content=\"index, follow, max-snippet:-1, max-image-preview:large, max-video-preview:-1\" \/>\n<link rel=\"canonical\" href=\"https:\/\/visitbo.no\/en\/activities\/biking\/\" \/>\n<meta property=\"og:locale\" content=\"en_US\" \/>\n<meta property=\"og:type\" content=\"article\" \/>\n<meta property=\"og:title\" content=\"Biking and Cycling Routes - B\u00f8, Nome and Sauherad - Visit B\u00f8\" \/>\n<meta property=\"og:description\" content=\"Discover B\u00f8, Nome, and Sauherad by bike, immersing yourself in the charm of Fruktruta, Kanalruta, and numerous other cycling routes.\" \/>\n<meta property=\"og:url\" content=\"https:\/\/visitbo.no\/en\/activities\/biking\/\" \/>\n<meta property=\"og:site_name\" content=\"Visit B\u00f8\" \/>\n<meta property=\"article:modified_time\" content=\"2024-12-06T12:57:58+00:00\" \/>\n<meta name=\"twitter:card\" content=\"summary_large_image\" \/>\n<meta name=\"twitter:label1\" content=\"Est. reading time\" \/>\n\t<meta name=\"twitter:data1\" content=\"4 minutes\" \/>\n<script type=\"application\/ld+json\" class=\"yoast-schema-graph\">{\"@context\":\"https:\/\/schema.org\",\"@graph\":[{\"@type\":\"WebPage\",\"@id\":\"https:\/\/visitbo.no\/en\/activities\/biking\/\",\"url\":\"https:\/\/visitbo.no\/en\/activities\/biking\/\",\"name\":\"Biking and Cycling Routes - B\u00f8, Nome and Sauherad - Visit B\u00f8\",\"isPartOf\":{\"@id\":\"https:\/\/visitbo.no\/en\/#website\"},\"datePublished\":\"2019-04-25T10:20:11+00:00\",\"dateModified\":\"2024-12-06T12:57:58+00:00\",\"description\":\"Discover B\u00f8, Nome, and Sauherad by bike, immersing yourself in the charm of Fruktruta, Kanalruta, and numerous other cycling routes.\",\"breadcrumb\":{\"@id\":\"https:\/\/visitbo.no\/en\/activities\/biking\/#breadcrumb\"},\"inLanguage\":\"en-US\",\"potentialAction\":[{\"@type\":\"ReadAction\",\"target\":[\"https:\/\/visitbo.no\/en\/activities\/biking\/\"]}]},{\"@type\":\"BreadcrumbList\",\"@id\":\"https:\/\/visitbo.no\/en\/activities\/biking\/#breadcrumb\",\"itemListElement\":[{\"@type\":\"ListItem\",\"position\":1,\"name\":\"Hjem\",\"item\":\"https:\/\/visitbo.no\/en\/visit-bo-en\/\"},{\"@type\":\"ListItem\",\"position\":2,\"name\":\"Activities\",\"item\":\"https:\/\/visitbo.no\/en\/activities\/\"},{\"@type\":\"ListItem\",\"position\":3,\"name\":\"Biking\"}]},{\"@type\":\"WebSite\",\"@id\":\"https:\/\/visitbo.no\/en\/#website\",\"url\":\"https:\/\/visitbo.no\/en\/\",\"name\":\"Visit B\u00f8\",\"description\":\"One online experience - for everything your destination has to offer.\",\"potentialAction\":[{\"@type\":\"SearchAction\",\"target\":{\"@type\":\"EntryPoint\",\"urlTemplate\":\"https:\/\/visitbo.no\/en\/?s={search_term_string}\"},\"query-input\":{\"@type\":\"PropertyValueSpecification\",\"valueRequired\":true,\"valueName\":\"search_term_string\"}}],\"inLanguage\":\"en-US\"}]}<\/script>\n<!-- \/ Yoast SEO plugin. -->","yoast_head_json":{"title":"Biking and Cycling Routes - B\u00f8, Nome and Sauherad - Visit B\u00f8","description":"Discover B\u00f8, Nome, and Sauherad by bike, immersing yourself in the charm of Fruktruta, Kanalruta, and numerous other cycling routes.","robots":{"index":"index","follow":"follow","max-snippet":"max-snippet:-1","max-image-preview":"max-image-preview:large","max-video-preview":"max-video-preview:-1"},"canonical":"https:\/\/visitbo.no\/en\/activities\/biking\/","og_locale":"en_US","og_type":"article","og_title":"Biking and Cycling Routes - B\u00f8, Nome and Sauherad - Visit B\u00f8","og_description":"Discover B\u00f8, Nome, and Sauherad by bike, immersing yourself in the charm of Fruktruta, Kanalruta, and numerous other cycling routes.","og_url":"https:\/\/visitbo.no\/en\/activities\/biking\/","og_site_name":"Visit B\u00f8","article_modified_time":"2024-12-06T12:57:58+00:00","twitter_card":"summary_large_image","twitter_misc":{"Est. reading time":"4 minutes"},"schema":{"@context":"https:\/\/schema.org","@graph":[{"@type":"WebPage","@id":"https:\/\/visitbo.no\/en\/activities\/biking\/","url":"https:\/\/visitbo.no\/en\/activities\/biking\/","name":"Biking and Cycling Routes - B\u00f8, Nome and Sauherad - Visit B\u00f8","isPartOf":{"@id":"https:\/\/visitbo.no\/en\/#website"},"datePublished":"2019-04-25T10:20:11+00:00","dateModified":"2024-12-06T12:57:58+00:00","description":"Discover B\u00f8, Nome, and Sauherad by bike, immersing yourself in the charm of Fruktruta, Kanalruta, and numerous other cycling routes.","breadcrumb":{"@id":"https:\/\/visitbo.no\/en\/activities\/biking\/#breadcrumb"},"inLanguage":"en-US","potentialAction":[{"@type":"ReadAction","target":["https:\/\/visitbo.no\/en\/activities\/biking\/"]}]},{"@type":"BreadcrumbList","@id":"https:\/\/visitbo.no\/en\/activities\/biking\/#breadcrumb","itemListElement":[{"@type":"ListItem","position":1,"name":"Hjem","item":"https:\/\/visitbo.no\/en\/visit-bo-en\/"},{"@type":"ListItem","position":2,"name":"Activities","item":"https:\/\/visitbo.no\/en\/activities\/"},{"@type":"ListItem","position":3,"name":"Biking"}]},{"@type":"WebSite","@id":"https:\/\/visitbo.no\/en\/#website","url":"https:\/\/visitbo.no\/en\/","name":"Visit B\u00f8","description":"One online experience - for everything your destination has to offer.","potentialAction":[{"@type":"SearchAction","target":{"@type":"EntryPoint","urlTemplate":"https:\/\/visitbo.no\/en\/?s={search_term_string}"},"query-input":{"@type":"PropertyValueSpecification","valueRequired":true,"valueName":"search_term_string"}}],"inLanguage":"en-US"}]}},"_links":{"self":[{"href":"https:\/\/visitbo.no\/en\/wp-json\/wp\/v2\/pages\/28861","targetHints":{"allow":["GET"]}}],"collection":[{"href":"https:\/\/visitbo.no\/en\/wp-json\/wp\/v2\/pages"}],"about":[{"href":"https:\/\/visitbo.no\/en\/wp-json\/wp\/v2\/types\/page"}],"author":[{"embeddable":true,"href":"https:\/\/visitbo.no\/en\/wp-json\/wp\/v2\/users\/76"}],"replies":[{"embeddable":true,"href":"https:\/\/visitbo.no\/en\/wp-json\/wp\/v2\/comments?post=28861"}],"version-history":[{"count":8,"href":"https:\/\/visitbo.no\/en\/wp-json\/wp\/v2\/pages\/28861\/revisions"}],"predecessor-version":[{"id":32307,"href":"https:\/\/visitbo.no\/en\/wp-json\/wp\/v2\/pages\/28861\/revisions\/32307"}],"up":[{"embeddable":true,"href":"https:\/\/visitbo.no\/en\/wp-json\/wp\/v2\/pages\/27501"}],"wp:attachment":[{"href":"https:\/\/visitbo.no\/en\/wp-json\/wp\/v2\/media?parent=28861"}],"curies":[{"name":"wp","href":"https:\/\/api.w.org\/{rel}","templated":true}]}}