{"id":29645,"date":"2021-07-12T14:42:00","date_gmt":"2021-07-12T12:42:00","guid":{"rendered":"https:\/\/visitbo.no\/miljosertifiserte-bedrifter-engelsk\/"},"modified":"2024-12-06T14:22:41","modified_gmt":"2024-12-06T13:22:41","slug":"eco-lighthouse-companies","status":"publish","type":"page","link":"https:\/\/visitbo.no\/en\/sustainability\/eco-lighthouse-companies\/","title":{"rendered":"Eco-Lighthouse Companies"},"content":{"rendered":"<div id=\"cs-content\" class=\"cs-content\"><\/div>\n","protected":false},"excerpt":{"rendered":"<p>Within Visit B\u00f8, several members hold Eco-Lighthouse certification. This certification indicates that a business or organization has fulfilled specific environmental standards outlined by the Eco-Lighthouse program. To attain Eco-Lighthouse certification, an organization conducts a comprehensive assessment of its practices and adopts strategies to diminish its environmental footprint.Who Have Obtained Certification?Accommodation CompaniesBever\u00f8ya Camping First Camp B\u00f8 B\u00f8 Hotell Hegna Camping Experience &#8230; <\/p>\n<div><a href=\"https:\/\/visitbo.no\/en\/sustainability\/eco-lighthouse-companies\/\" class=\"more-link\">Read More<\/a><\/div>\n","protected":false},"author":76,"featured_media":0,"parent":27937,"menu_order":3,"comment_status":"closed","ping_status":"closed","template":"","meta":{"_relevanssi_hide_post":"","_relevanssi_hide_content":"","_relevanssi_pin_for_all":"","_relevanssi_pin_keywords":"","_relevanssi_unpin_keywords":"","_relevanssi_related_keywords":"","_relevanssi_related_include_ids":"","_relevanssi_related_exclude_ids":"","_relevanssi_related_no_append":"","_relevanssi_related_not_related":"","_relevanssi_related_posts":"","_relevanssi_noindex_reason":"","footnotes":""},"class_list":["post-29645","page","type-page","status-publish","hentry","no-post-thumbnail"],"yoast_head":"<!-- This site is optimized with the Yoast SEO plugin v27.2 - https:\/\/yoast.com\/product\/yoast-seo-wordpress\/ -->\n<title>Eco-Lighthouse Companies - Visit B\u00f8<\/title>\n<meta name=\"description\" content=\"At Visit B\u00f8, several members are Eco-Lighthouse certified, meeting strict environmental criteria in Norway. Learn more here!\" \/>\n<meta name=\"robots\" content=\"index, follow, max-snippet:-1, max-image-preview:large, max-video-preview:-1\" \/>\n<link rel=\"canonical\" href=\"https:\/\/visitbo.no\/en\/sustainability\/eco-lighthouse-companies\/\" \/>\n<meta property=\"og:locale\" content=\"en_US\" \/>\n<meta property=\"og:type\" content=\"article\" \/>\n<meta property=\"og:title\" content=\"Eco-Lighthouse Companies - Visit B\u00f8\" \/>\n<meta property=\"og:description\" content=\"At Visit B\u00f8, several members are Eco-Lighthouse certified, meeting strict environmental criteria in Norway. Learn more here!\" \/>\n<meta property=\"og:url\" content=\"https:\/\/visitbo.no\/en\/sustainability\/eco-lighthouse-companies\/\" \/>\n<meta property=\"og:site_name\" content=\"Visit B\u00f8\" \/>\n<meta property=\"article:modified_time\" content=\"2024-12-06T13:22:41+00:00\" \/>\n<meta name=\"twitter:card\" content=\"summary_large_image\" \/>\n<meta name=\"twitter:label1\" content=\"Est. reading time\" \/>\n\t<meta name=\"twitter:data1\" content=\"3 minutes\" \/>\n<script type=\"application\/ld+json\" class=\"yoast-schema-graph\">{\"@context\":\"https:\/\/schema.org\",\"@graph\":[{\"@type\":\"WebPage\",\"@id\":\"https:\/\/visitbo.no\/en\/sustainability\/eco-lighthouse-companies\/\",\"url\":\"https:\/\/visitbo.no\/en\/sustainability\/eco-lighthouse-companies\/\",\"name\":\"Eco-Lighthouse Companies - Visit B\u00f8\",\"isPartOf\":{\"@id\":\"https:\/\/visitbo.no\/en\/#website\"},\"datePublished\":\"2021-07-12T12:42:00+00:00\",\"dateModified\":\"2024-12-06T13:22:41+00:00\",\"description\":\"At Visit B\u00f8, several members are Eco-Lighthouse certified, meeting strict environmental criteria in Norway. Learn more here!\",\"breadcrumb\":{\"@id\":\"https:\/\/visitbo.no\/en\/sustainability\/eco-lighthouse-companies\/#breadcrumb\"},\"inLanguage\":\"en-US\",\"potentialAction\":[{\"@type\":\"ReadAction\",\"target\":[\"https:\/\/visitbo.no\/en\/sustainability\/eco-lighthouse-companies\/\"]}]},{\"@type\":\"BreadcrumbList\",\"@id\":\"https:\/\/visitbo.no\/en\/sustainability\/eco-lighthouse-companies\/#breadcrumb\",\"itemListElement\":[{\"@type\":\"ListItem\",\"position\":1,\"name\":\"Hjem\",\"item\":\"https:\/\/visitbo.no\/en\/visit-bo-en\/\"},{\"@type\":\"ListItem\",\"position\":2,\"name\":\"Sustainability\",\"item\":\"https:\/\/visitbo.no\/en\/sustainability\/\"},{\"@type\":\"ListItem\",\"position\":3,\"name\":\"Eco-Lighthouse Companies\"}]},{\"@type\":\"WebSite\",\"@id\":\"https:\/\/visitbo.no\/en\/#website\",\"url\":\"https:\/\/visitbo.no\/en\/\",\"name\":\"Visit B\u00f8\",\"description\":\"One online experience - for everything your destination has to offer.\",\"potentialAction\":[{\"@type\":\"SearchAction\",\"target\":{\"@type\":\"EntryPoint\",\"urlTemplate\":\"https:\/\/visitbo.no\/en\/?s={search_term_string}\"},\"query-input\":{\"@type\":\"PropertyValueSpecification\",\"valueRequired\":true,\"valueName\":\"search_term_string\"}}],\"inLanguage\":\"en-US\"}]}<\/script>\n<!-- \/ Yoast SEO plugin. -->","yoast_head_json":{"title":"Eco-Lighthouse Companies - Visit B\u00f8","description":"At Visit B\u00f8, several members are Eco-Lighthouse certified, meeting strict environmental criteria in Norway. Learn more here!","robots":{"index":"index","follow":"follow","max-snippet":"max-snippet:-1","max-image-preview":"max-image-preview:large","max-video-preview":"max-video-preview:-1"},"canonical":"https:\/\/visitbo.no\/en\/sustainability\/eco-lighthouse-companies\/","og_locale":"en_US","og_type":"article","og_title":"Eco-Lighthouse Companies - Visit B\u00f8","og_description":"At Visit B\u00f8, several members are Eco-Lighthouse certified, meeting strict environmental criteria in Norway. Learn more here!","og_url":"https:\/\/visitbo.no\/en\/sustainability\/eco-lighthouse-companies\/","og_site_name":"Visit B\u00f8","article_modified_time":"2024-12-06T13:22:41+00:00","twitter_card":"summary_large_image","twitter_misc":{"Est. reading time":"3 minutes"},"schema":{"@context":"https:\/\/schema.org","@graph":[{"@type":"WebPage","@id":"https:\/\/visitbo.no\/en\/sustainability\/eco-lighthouse-companies\/","url":"https:\/\/visitbo.no\/en\/sustainability\/eco-lighthouse-companies\/","name":"Eco-Lighthouse Companies - Visit B\u00f8","isPartOf":{"@id":"https:\/\/visitbo.no\/en\/#website"},"datePublished":"2021-07-12T12:42:00+00:00","dateModified":"2024-12-06T13:22:41+00:00","description":"At Visit B\u00f8, several members are Eco-Lighthouse certified, meeting strict environmental criteria in Norway. Learn more here!","breadcrumb":{"@id":"https:\/\/visitbo.no\/en\/sustainability\/eco-lighthouse-companies\/#breadcrumb"},"inLanguage":"en-US","potentialAction":[{"@type":"ReadAction","target":["https:\/\/visitbo.no\/en\/sustainability\/eco-lighthouse-companies\/"]}]},{"@type":"BreadcrumbList","@id":"https:\/\/visitbo.no\/en\/sustainability\/eco-lighthouse-companies\/#breadcrumb","itemListElement":[{"@type":"ListItem","position":1,"name":"Hjem","item":"https:\/\/visitbo.no\/en\/visit-bo-en\/"},{"@type":"ListItem","position":2,"name":"Sustainability","item":"https:\/\/visitbo.no\/en\/sustainability\/"},{"@type":"ListItem","position":3,"name":"Eco-Lighthouse Companies"}]},{"@type":"WebSite","@id":"https:\/\/visitbo.no\/en\/#website","url":"https:\/\/visitbo.no\/en\/","name":"Visit B\u00f8","description":"One online experience - for everything your destination has to offer.","potentialAction":[{"@type":"SearchAction","target":{"@type":"EntryPoint","urlTemplate":"https:\/\/visitbo.no\/en\/?s={search_term_string}"},"query-input":{"@type":"PropertyValueSpecification","valueRequired":true,"valueName":"search_term_string"}}],"inLanguage":"en-US"}]}},"_links":{"self":[{"href":"https:\/\/visitbo.no\/en\/wp-json\/wp\/v2\/pages\/29645","targetHints":{"allow":["GET"]}}],"collection":[{"href":"https:\/\/visitbo.no\/en\/wp-json\/wp\/v2\/pages"}],"about":[{"href":"https:\/\/visitbo.no\/en\/wp-json\/wp\/v2\/types\/page"}],"author":[{"embeddable":true,"href":"https:\/\/visitbo.no\/en\/wp-json\/wp\/v2\/users\/76"}],"replies":[{"embeddable":true,"href":"https:\/\/visitbo.no\/en\/wp-json\/wp\/v2\/comments?post=29645"}],"version-history":[{"count":8,"href":"https:\/\/visitbo.no\/en\/wp-json\/wp\/v2\/pages\/29645\/revisions"}],"predecessor-version":[{"id":32332,"href":"https:\/\/visitbo.no\/en\/wp-json\/wp\/v2\/pages\/29645\/revisions\/32332"}],"up":[{"embeddable":true,"href":"https:\/\/visitbo.no\/en\/wp-json\/wp\/v2\/pages\/27937"}],"wp:attachment":[{"href":"https:\/\/visitbo.no\/en\/wp-json\/wp\/v2\/media?parent=29645"}],"curies":[{"name":"wp","href":"https:\/\/api.w.org\/{rel}","templated":true}]}}