{"id":30123,"date":"2021-06-02T10:05:56","date_gmt":"2021-06-02T08:05:56","guid":{"rendered":"https:\/\/visitbo.no\/midt-telemark-museum-engelsk\/"},"modified":"2025-06-05T09:20:32","modified_gmt":"2025-06-05T07:20:32","slug":"museums-midt-telemark","status":"publish","type":"page","link":"https:\/\/visitbo.no\/en\/museums-midt-telemark\/","title":{"rendered":"Museums in Midt-Telemark"},"content":{"rendered":"<div id=\"cs-content\" class=\"cs-content\"><\/div>\n","protected":false},"excerpt":{"rendered":"<p>Midt-Telemark Museum Association Midt-Telemark Museum Association Join Us on a Journey Back in Time Midt-Telemark Museum Association\u00a0is a collaboration between various cultural organizations in Midt-Telemark. The museum aims to share knowledge about cultural heritage and traditions. It achieves this through agreements with its member organizations, which include B\u00f8 Museum, B\u00f8 Prestegaard, Evju Bygdetun, H\u00f8rte Dampfarveris Venner, and Sauherad Historielag. Explore &#8230; <\/p>\n<div><a href=\"https:\/\/visitbo.no\/en\/museums-midt-telemark\/\" class=\"more-link\">Read More<\/a><\/div>\n","protected":false},"author":76,"featured_media":0,"parent":0,"menu_order":3,"comment_status":"closed","ping_status":"closed","template":"template-blank-4.php","meta":{"_relevanssi_hide_post":"","_relevanssi_hide_content":"","_relevanssi_pin_for_all":"","_relevanssi_pin_keywords":"","_relevanssi_unpin_keywords":"","_relevanssi_related_keywords":"","_relevanssi_related_include_ids":"","_relevanssi_related_exclude_ids":"","_relevanssi_related_no_append":"","_relevanssi_related_not_related":"","_relevanssi_related_posts":"","_relevanssi_noindex_reason":"","footnotes":""},"class_list":["post-30123","page","type-page","status-publish","hentry","no-post-thumbnail"],"yoast_head":"<!-- This site is optimized with the Yoast SEO plugin v27.2 - https:\/\/yoast.com\/product\/yoast-seo-wordpress\/ -->\n<title>Museums in Midt-Telemark in Norway - Visit B\u00f8<\/title>\n<meta name=\"description\" content=\"Explore B\u00f8 Museum, B\u00f8 Prestegaard, Evju Bygdetun, and H\u00f8rte Dampfarveri in Midt-Telemark and Nome, for a rich cultural heritage experience.\" \/>\n<meta name=\"robots\" content=\"index, follow, max-snippet:-1, max-image-preview:large, max-video-preview:-1\" \/>\n<link rel=\"canonical\" href=\"https:\/\/visitbo.no\/en\/museums-midt-telemark\/\" \/>\n<meta property=\"og:locale\" content=\"en_US\" \/>\n<meta property=\"og:type\" content=\"article\" \/>\n<meta property=\"og:title\" content=\"Museums in Midt-Telemark in Norway - Visit B\u00f8\" \/>\n<meta property=\"og:description\" content=\"Explore B\u00f8 Museum, B\u00f8 Prestegaard, Evju Bygdetun, and H\u00f8rte Dampfarveri in Midt-Telemark and Nome, for a rich cultural heritage experience.\" \/>\n<meta property=\"og:url\" content=\"https:\/\/visitbo.no\/en\/museums-midt-telemark\/\" \/>\n<meta property=\"og:site_name\" content=\"Visit B\u00f8\" \/>\n<meta property=\"article:modified_time\" content=\"2025-06-05T07:20:32+00:00\" \/>\n<meta name=\"twitter:card\" content=\"summary_large_image\" \/>\n<meta name=\"twitter:label1\" content=\"Est. reading time\" \/>\n\t<meta name=\"twitter:data1\" content=\"8 minutes\" \/>\n<script type=\"application\/ld+json\" class=\"yoast-schema-graph\">{\"@context\":\"https:\/\/schema.org\",\"@graph\":[{\"@type\":\"WebPage\",\"@id\":\"https:\/\/visitbo.no\/en\/museums-midt-telemark\/\",\"url\":\"https:\/\/visitbo.no\/en\/museums-midt-telemark\/\",\"name\":\"Museums in Midt-Telemark in Norway - Visit B\u00f8\",\"isPartOf\":{\"@id\":\"https:\/\/visitbo.no\/en\/#website\"},\"datePublished\":\"2021-06-02T08:05:56+00:00\",\"dateModified\":\"2025-06-05T07:20:32+00:00\",\"description\":\"Explore B\u00f8 Museum, B\u00f8 Prestegaard, Evju Bygdetun, and H\u00f8rte Dampfarveri in Midt-Telemark and Nome, for a rich cultural heritage experience.\",\"breadcrumb\":{\"@id\":\"https:\/\/visitbo.no\/en\/museums-midt-telemark\/#breadcrumb\"},\"inLanguage\":\"en-US\",\"potentialAction\":[{\"@type\":\"ReadAction\",\"target\":[\"https:\/\/visitbo.no\/en\/museums-midt-telemark\/\"]}]},{\"@type\":\"BreadcrumbList\",\"@id\":\"https:\/\/visitbo.no\/en\/museums-midt-telemark\/#breadcrumb\",\"itemListElement\":[{\"@type\":\"ListItem\",\"position\":1,\"name\":\"Hjem\",\"item\":\"https:\/\/visitbo.no\/en\/visit-bo-en\/\"},{\"@type\":\"ListItem\",\"position\":2,\"name\":\"Museums in Midt-Telemark\"}]},{\"@type\":\"WebSite\",\"@id\":\"https:\/\/visitbo.no\/en\/#website\",\"url\":\"https:\/\/visitbo.no\/en\/\",\"name\":\"Visit B\u00f8\",\"description\":\"One online experience - for everything your destination has to offer.\",\"potentialAction\":[{\"@type\":\"SearchAction\",\"target\":{\"@type\":\"EntryPoint\",\"urlTemplate\":\"https:\/\/visitbo.no\/en\/?s={search_term_string}\"},\"query-input\":{\"@type\":\"PropertyValueSpecification\",\"valueRequired\":true,\"valueName\":\"search_term_string\"}}],\"inLanguage\":\"en-US\"}]}<\/script>\n<!-- \/ Yoast SEO plugin. -->","yoast_head_json":{"title":"Museums in Midt-Telemark in Norway - Visit B\u00f8","description":"Explore B\u00f8 Museum, B\u00f8 Prestegaard, Evju Bygdetun, and H\u00f8rte Dampfarveri in Midt-Telemark and Nome, for a rich cultural heritage experience.","robots":{"index":"index","follow":"follow","max-snippet":"max-snippet:-1","max-image-preview":"max-image-preview:large","max-video-preview":"max-video-preview:-1"},"canonical":"https:\/\/visitbo.no\/en\/museums-midt-telemark\/","og_locale":"en_US","og_type":"article","og_title":"Museums in Midt-Telemark in Norway - Visit B\u00f8","og_description":"Explore B\u00f8 Museum, B\u00f8 Prestegaard, Evju Bygdetun, and H\u00f8rte Dampfarveri in Midt-Telemark and Nome, for a rich cultural heritage experience.","og_url":"https:\/\/visitbo.no\/en\/museums-midt-telemark\/","og_site_name":"Visit B\u00f8","article_modified_time":"2025-06-05T07:20:32+00:00","twitter_card":"summary_large_image","twitter_misc":{"Est. reading time":"8 minutes"},"schema":{"@context":"https:\/\/schema.org","@graph":[{"@type":"WebPage","@id":"https:\/\/visitbo.no\/en\/museums-midt-telemark\/","url":"https:\/\/visitbo.no\/en\/museums-midt-telemark\/","name":"Museums in Midt-Telemark in Norway - Visit B\u00f8","isPartOf":{"@id":"https:\/\/visitbo.no\/en\/#website"},"datePublished":"2021-06-02T08:05:56+00:00","dateModified":"2025-06-05T07:20:32+00:00","description":"Explore B\u00f8 Museum, B\u00f8 Prestegaard, Evju Bygdetun, and H\u00f8rte Dampfarveri in Midt-Telemark and Nome, for a rich cultural heritage experience.","breadcrumb":{"@id":"https:\/\/visitbo.no\/en\/museums-midt-telemark\/#breadcrumb"},"inLanguage":"en-US","potentialAction":[{"@type":"ReadAction","target":["https:\/\/visitbo.no\/en\/museums-midt-telemark\/"]}]},{"@type":"BreadcrumbList","@id":"https:\/\/visitbo.no\/en\/museums-midt-telemark\/#breadcrumb","itemListElement":[{"@type":"ListItem","position":1,"name":"Hjem","item":"https:\/\/visitbo.no\/en\/visit-bo-en\/"},{"@type":"ListItem","position":2,"name":"Museums in Midt-Telemark"}]},{"@type":"WebSite","@id":"https:\/\/visitbo.no\/en\/#website","url":"https:\/\/visitbo.no\/en\/","name":"Visit B\u00f8","description":"One online experience - for everything your destination has to offer.","potentialAction":[{"@type":"SearchAction","target":{"@type":"EntryPoint","urlTemplate":"https:\/\/visitbo.no\/en\/?s={search_term_string}"},"query-input":{"@type":"PropertyValueSpecification","valueRequired":true,"valueName":"search_term_string"}}],"inLanguage":"en-US"}]}},"_links":{"self":[{"href":"https:\/\/visitbo.no\/en\/wp-json\/wp\/v2\/pages\/30123","targetHints":{"allow":["GET"]}}],"collection":[{"href":"https:\/\/visitbo.no\/en\/wp-json\/wp\/v2\/pages"}],"about":[{"href":"https:\/\/visitbo.no\/en\/wp-json\/wp\/v2\/types\/page"}],"author":[{"embeddable":true,"href":"https:\/\/visitbo.no\/en\/wp-json\/wp\/v2\/users\/76"}],"replies":[{"embeddable":true,"href":"https:\/\/visitbo.no\/en\/wp-json\/wp\/v2\/comments?post=30123"}],"version-history":[{"count":15,"href":"https:\/\/visitbo.no\/en\/wp-json\/wp\/v2\/pages\/30123\/revisions"}],"predecessor-version":[{"id":34648,"href":"https:\/\/visitbo.no\/en\/wp-json\/wp\/v2\/pages\/30123\/revisions\/34648"}],"wp:attachment":[{"href":"https:\/\/visitbo.no\/en\/wp-json\/wp\/v2\/media?parent=30123"}],"curies":[{"name":"wp","href":"https:\/\/api.w.org\/{rel}","templated":true}]}}