{"id":8024,"date":"2021-11-24T13:40:31","date_gmt":"2021-11-24T12:40:31","guid":{"rendered":"https:\/\/visitbo.no\/eplefest\/?page_id=8024"},"modified":"2025-09-17T15:07:51","modified_gmt":"2025-09-17T13:07:51","slug":"om-oss","status":"publish","type":"page","link":"https:\/\/visitbo.no\/eplefest\/om-oss\/","title":{"rendered":"Om oss"},"content":{"rendered":"<div id=\"cs-content\" class=\"cs-content\"><\/div>\n","protected":false},"excerpt":{"rendered":"<p>Midt-Telemark regionen har naturgitte gode forutsetninger for fruktproduksjon. Kommunen er den viktigste fruktkommunen i Telemark, og hvert fjerde norske eple du kj\u00f8per i butikker over hele landet, produseres her. Videre er distriktet v\u00e5rt ogs\u00e5 store produsenter av b\u00e5de moreller og plommer. Derfor er innbyggerne stolte av bygda si og den posisjonen regionen har i det norske fruktmarkedet.\u00a0 Norsk Eplefest ble &#8230; <\/p>\n<div><a href=\"https:\/\/visitbo.no\/eplefest\/om-oss\/\" class=\"more-link\">Read More<\/a><\/div>\n","protected":false},"author":29,"featured_media":0,"parent":0,"menu_order":3,"comment_status":"closed","ping_status":"closed","template":"","meta":{"_relevanssi_hide_post":"","_relevanssi_hide_content":"","_relevanssi_pin_for_all":"","_relevanssi_pin_keywords":"","_relevanssi_unpin_keywords":"","_relevanssi_related_keywords":"","_relevanssi_related_include_ids":"","_relevanssi_related_exclude_ids":"","_relevanssi_related_no_append":"","_relevanssi_related_not_related":"","_relevanssi_related_posts":"","_relevanssi_noindex_reason":"","footnotes":""},"class_list":["post-8024","page","type-page","status-publish","hentry","no-post-thumbnail"],"yoast_head":"<!-- This site is optimized with the Yoast SEO plugin v27.2 - https:\/\/yoast.com\/product\/yoast-seo-wordpress\/ -->\n<title>Om oss - Norsk Eplefest<\/title>\n<meta name=\"description\" content=\"Sauherad har naturgitte gode forutsetninger for fruktproduksjon. Les mer her om Fruktbygda og arrang\u00f8ren til Norsk Eplefest.\" \/>\n<meta name=\"robots\" content=\"index, follow, max-snippet:-1, max-image-preview:large, max-video-preview:-1\" \/>\n<link rel=\"canonical\" href=\"https:\/\/visitbo.no\/eplefest\/om-oss\/\" \/>\n<meta property=\"og:locale\" content=\"nb_NO\" \/>\n<meta property=\"og:type\" content=\"article\" \/>\n<meta property=\"og:title\" content=\"Om oss - Norsk Eplefest\" \/>\n<meta property=\"og:description\" content=\"Sauherad har naturgitte gode forutsetninger for fruktproduksjon. Les mer her om Fruktbygda og arrang\u00f8ren til Norsk Eplefest.\" \/>\n<meta property=\"og:url\" content=\"https:\/\/visitbo.no\/eplefest\/om-oss\/\" \/>\n<meta property=\"og:site_name\" content=\"Norsk Eplefest\" \/>\n<meta property=\"article:modified_time\" content=\"2025-09-17T13:07:51+00:00\" \/>\n<meta name=\"twitter:card\" content=\"summary_large_image\" \/>\n<meta name=\"twitter:label1\" content=\"Ansl. lesetid\" \/>\n\t<meta name=\"twitter:data1\" content=\"11 minutter\" \/>\n<script type=\"application\/ld+json\" class=\"yoast-schema-graph\">{\"@context\":\"https:\/\/schema.org\",\"@graph\":[{\"@type\":\"WebPage\",\"@id\":\"https:\/\/visitbo.no\/eplefest\/om-oss\/\",\"url\":\"https:\/\/visitbo.no\/eplefest\/om-oss\/\",\"name\":\"Om oss - Norsk Eplefest\",\"isPartOf\":{\"@id\":\"https:\/\/visitbo.no\/eplefest\/#website\"},\"datePublished\":\"2021-11-24T12:40:31+00:00\",\"dateModified\":\"2025-09-17T13:07:51+00:00\",\"description\":\"Sauherad har naturgitte gode forutsetninger for fruktproduksjon. Les mer her om Fruktbygda og arrang\u00f8ren til Norsk Eplefest.\",\"breadcrumb\":{\"@id\":\"https:\/\/visitbo.no\/eplefest\/om-oss\/#breadcrumb\"},\"inLanguage\":\"nb-NO\",\"potentialAction\":[{\"@type\":\"ReadAction\",\"target\":[\"https:\/\/visitbo.no\/eplefest\/om-oss\/\"]}]},{\"@type\":\"BreadcrumbList\",\"@id\":\"https:\/\/visitbo.no\/eplefest\/om-oss\/#breadcrumb\",\"itemListElement\":[{\"@type\":\"ListItem\",\"position\":1,\"name\":\"Hjem\",\"item\":\"https:\/\/visitbo.no\/eplefest\/\"},{\"@type\":\"ListItem\",\"position\":2,\"name\":\"Om oss\"}]},{\"@type\":\"WebSite\",\"@id\":\"https:\/\/visitbo.no\/eplefest\/#website\",\"url\":\"https:\/\/visitbo.no\/eplefest\/\",\"name\":\"Norsk Eplefest\",\"description\":\"One online experience - for everything your destination has to offer.\",\"potentialAction\":[{\"@type\":\"SearchAction\",\"target\":{\"@type\":\"EntryPoint\",\"urlTemplate\":\"https:\/\/visitbo.no\/eplefest\/?s={search_term_string}\"},\"query-input\":{\"@type\":\"PropertyValueSpecification\",\"valueRequired\":true,\"valueName\":\"search_term_string\"}}],\"inLanguage\":\"nb-NO\"}]}<\/script>\n<!-- \/ Yoast SEO plugin. -->","yoast_head_json":{"title":"Om oss - Norsk Eplefest","description":"Sauherad har naturgitte gode forutsetninger for fruktproduksjon. Les mer her om Fruktbygda og arrang\u00f8ren til Norsk Eplefest.","robots":{"index":"index","follow":"follow","max-snippet":"max-snippet:-1","max-image-preview":"max-image-preview:large","max-video-preview":"max-video-preview:-1"},"canonical":"https:\/\/visitbo.no\/eplefest\/om-oss\/","og_locale":"nb_NO","og_type":"article","og_title":"Om oss - Norsk Eplefest","og_description":"Sauherad har naturgitte gode forutsetninger for fruktproduksjon. Les mer her om Fruktbygda og arrang\u00f8ren til Norsk Eplefest.","og_url":"https:\/\/visitbo.no\/eplefest\/om-oss\/","og_site_name":"Norsk Eplefest","article_modified_time":"2025-09-17T13:07:51+00:00","twitter_card":"summary_large_image","twitter_misc":{"Ansl. lesetid":"11 minutter"},"schema":{"@context":"https:\/\/schema.org","@graph":[{"@type":"WebPage","@id":"https:\/\/visitbo.no\/eplefest\/om-oss\/","url":"https:\/\/visitbo.no\/eplefest\/om-oss\/","name":"Om oss - Norsk Eplefest","isPartOf":{"@id":"https:\/\/visitbo.no\/eplefest\/#website"},"datePublished":"2021-11-24T12:40:31+00:00","dateModified":"2025-09-17T13:07:51+00:00","description":"Sauherad har naturgitte gode forutsetninger for fruktproduksjon. Les mer her om Fruktbygda og arrang\u00f8ren til Norsk Eplefest.","breadcrumb":{"@id":"https:\/\/visitbo.no\/eplefest\/om-oss\/#breadcrumb"},"inLanguage":"nb-NO","potentialAction":[{"@type":"ReadAction","target":["https:\/\/visitbo.no\/eplefest\/om-oss\/"]}]},{"@type":"BreadcrumbList","@id":"https:\/\/visitbo.no\/eplefest\/om-oss\/#breadcrumb","itemListElement":[{"@type":"ListItem","position":1,"name":"Hjem","item":"https:\/\/visitbo.no\/eplefest\/"},{"@type":"ListItem","position":2,"name":"Om oss"}]},{"@type":"WebSite","@id":"https:\/\/visitbo.no\/eplefest\/#website","url":"https:\/\/visitbo.no\/eplefest\/","name":"Norsk Eplefest","description":"One online experience - for everything your destination has to offer.","potentialAction":[{"@type":"SearchAction","target":{"@type":"EntryPoint","urlTemplate":"https:\/\/visitbo.no\/eplefest\/?s={search_term_string}"},"query-input":{"@type":"PropertyValueSpecification","valueRequired":true,"valueName":"search_term_string"}}],"inLanguage":"nb-NO"}]}},"_links":{"self":[{"href":"https:\/\/visitbo.no\/eplefest\/wp-json\/wp\/v2\/pages\/8024","targetHints":{"allow":["GET"]}}],"collection":[{"href":"https:\/\/visitbo.no\/eplefest\/wp-json\/wp\/v2\/pages"}],"about":[{"href":"https:\/\/visitbo.no\/eplefest\/wp-json\/wp\/v2\/types\/page"}],"author":[{"embeddable":true,"href":"https:\/\/visitbo.no\/eplefest\/wp-json\/wp\/v2\/users\/29"}],"replies":[{"embeddable":true,"href":"https:\/\/visitbo.no\/eplefest\/wp-json\/wp\/v2\/comments?post=8024"}],"version-history":[{"count":32,"href":"https:\/\/visitbo.no\/eplefest\/wp-json\/wp\/v2\/pages\/8024\/revisions"}],"predecessor-version":[{"id":8761,"href":"https:\/\/visitbo.no\/eplefest\/wp-json\/wp\/v2\/pages\/8024\/revisions\/8761"}],"wp:attachment":[{"href":"https:\/\/visitbo.no\/eplefest\/wp-json\/wp\/v2\/media?parent=8024"}],"curies":[{"name":"wp","href":"https:\/\/api.w.org\/{rel}","templated":true}]}}