{"id":8514,"date":"2024-01-29T10:29:32","date_gmt":"2024-01-29T09:29:32","guid":{"rendered":"https:\/\/visitbo.no\/eplefest\/?page_id=8514"},"modified":"2025-03-06T14:56:07","modified_gmt":"2025-03-06T13:56:07","slug":"epletavler","status":"publish","type":"page","link":"https:\/\/visitbo.no\/eplefest\/epletavler\/","title":{"rendered":"Epletavler"},"content":{"rendered":"<div id=\"cs-content\" class=\"cs-content\"><\/div>\n","protected":false},"excerpt":{"rendered":"<p>Hvert \u00e5r lager elever ved\u00a0Sagavoll folkeh\u00f8gskole\u00a0en tavle av epler som festes p\u00e5 Gvarv jernbanestasjon. Symbolikken i utformingen er det elevene som jobber fram selv. Tidligere hadde tavla ofte utspring i\u00a0\u00c5rets Gulleplevinner\u00a0og det de sto for, men de senere \u00e5rene har elevene st\u00e5tt fritt til \u00e5 finne sitt motiv som de \u00f8nsker \u00e5 formidle. I l\u00f8pet av noen dager i h\u00f8stsola &#8230; <\/p>\n<div><a href=\"https:\/\/visitbo.no\/eplefest\/epletavler\/\" class=\"more-link\">Read More<\/a><\/div>\n","protected":false},"author":76,"featured_media":0,"parent":0,"menu_order":3,"comment_status":"closed","ping_status":"closed","template":"","meta":{"_relevanssi_hide_post":"","_relevanssi_hide_content":"","_relevanssi_pin_for_all":"","_relevanssi_pin_keywords":"","_relevanssi_unpin_keywords":"","_relevanssi_related_keywords":"","_relevanssi_related_include_ids":"","_relevanssi_related_exclude_ids":"","_relevanssi_related_no_append":"","_relevanssi_related_not_related":"","_relevanssi_related_posts":"","_relevanssi_noindex_reason":"","footnotes":""},"class_list":["post-8514","page","type-page","status-publish","hentry","no-post-thumbnail"],"yoast_head":"<!-- This site is optimized with the Yoast SEO plugin v27.2 - https:\/\/yoast.com\/product\/yoast-seo-wordpress\/ -->\n<title>Epletavler - Norsk Eplefest - Fruktbygda Gvarv<\/title>\n<meta name=\"description\" content=\"Her finner du alle epletavlene laget av Sagavoll folkeh\u00f8gskole som har blitt festet p\u00e5 Gvarv jernbanestasjon under Norsk Eplefest.\" \/>\n<meta name=\"robots\" content=\"index, follow, max-snippet:-1, max-image-preview:large, max-video-preview:-1\" \/>\n<link rel=\"canonical\" href=\"https:\/\/visitbo.no\/eplefest\/epletavler\/\" \/>\n<meta property=\"og:locale\" content=\"nb_NO\" \/>\n<meta property=\"og:type\" content=\"article\" \/>\n<meta property=\"og:title\" content=\"Epletavler - Norsk Eplefest - Fruktbygda Gvarv\" \/>\n<meta property=\"og:description\" content=\"Her finner du alle epletavlene laget av Sagavoll folkeh\u00f8gskole som har blitt festet p\u00e5 Gvarv jernbanestasjon under Norsk Eplefest.\" \/>\n<meta property=\"og:url\" content=\"https:\/\/visitbo.no\/eplefest\/epletavler\/\" \/>\n<meta property=\"og:site_name\" content=\"Norsk Eplefest\" \/>\n<meta property=\"article:modified_time\" content=\"2025-03-06T13:56:07+00:00\" \/>\n<meta property=\"og:image\" content=\"https:\/\/visitbo.no\/eplefest\/wp-content\/uploads\/sites\/66\/2025\/03\/image0.jpg\" \/>\n<meta name=\"twitter:card\" content=\"summary_large_image\" \/>\n<meta name=\"twitter:label1\" content=\"Ansl. lesetid\" \/>\n\t<meta name=\"twitter:data1\" content=\"5 minutter\" \/>\n<script type=\"application\/ld+json\" class=\"yoast-schema-graph\">{\"@context\":\"https:\/\/schema.org\",\"@graph\":[{\"@type\":\"WebPage\",\"@id\":\"https:\/\/visitbo.no\/eplefest\/epletavler\/\",\"url\":\"https:\/\/visitbo.no\/eplefest\/epletavler\/\",\"name\":\"Epletavler - Norsk Eplefest - Fruktbygda Gvarv\",\"isPartOf\":{\"@id\":\"https:\/\/visitbo.no\/eplefest\/#website\"},\"primaryImageOfPage\":{\"@id\":\"https:\/\/visitbo.no\/eplefest\/epletavler\/#primaryimage\"},\"image\":{\"@id\":\"https:\/\/visitbo.no\/eplefest\/epletavler\/#primaryimage\"},\"thumbnailUrl\":\"https:\/\/visitbo.no\/eplefest\/wp-content\/uploads\/sites\/66\/2025\/03\/image0.jpg\",\"datePublished\":\"2024-01-29T09:29:32+00:00\",\"dateModified\":\"2025-03-06T13:56:07+00:00\",\"description\":\"Her finner du alle epletavlene laget av Sagavoll folkeh\u00f8gskole som har blitt festet p\u00e5 Gvarv jernbanestasjon under Norsk Eplefest.\",\"breadcrumb\":{\"@id\":\"https:\/\/visitbo.no\/eplefest\/epletavler\/#breadcrumb\"},\"inLanguage\":\"nb-NO\",\"potentialAction\":[{\"@type\":\"ReadAction\",\"target\":[\"https:\/\/visitbo.no\/eplefest\/epletavler\/\"]}]},{\"@type\":\"ImageObject\",\"inLanguage\":\"nb-NO\",\"@id\":\"https:\/\/visitbo.no\/eplefest\/epletavler\/#primaryimage\",\"url\":\"https:\/\/visitbo.no\/eplefest\/wp-content\/uploads\/sites\/66\/2025\/03\/image0.jpg\",\"contentUrl\":\"https:\/\/visitbo.no\/eplefest\/wp-content\/uploads\/sites\/66\/2025\/03\/image0.jpg\",\"width\":727,\"height\":495,\"caption\":\"Epletavla for 2025\"},{\"@type\":\"BreadcrumbList\",\"@id\":\"https:\/\/visitbo.no\/eplefest\/epletavler\/#breadcrumb\",\"itemListElement\":[{\"@type\":\"ListItem\",\"position\":1,\"name\":\"Hjem\",\"item\":\"https:\/\/visitbo.no\/eplefest\/\"},{\"@type\":\"ListItem\",\"position\":2,\"name\":\"Epletavler\"}]},{\"@type\":\"WebSite\",\"@id\":\"https:\/\/visitbo.no\/eplefest\/#website\",\"url\":\"https:\/\/visitbo.no\/eplefest\/\",\"name\":\"Norsk Eplefest\",\"description\":\"One online experience - for everything your destination has to offer.\",\"potentialAction\":[{\"@type\":\"SearchAction\",\"target\":{\"@type\":\"EntryPoint\",\"urlTemplate\":\"https:\/\/visitbo.no\/eplefest\/?s={search_term_string}\"},\"query-input\":{\"@type\":\"PropertyValueSpecification\",\"valueRequired\":true,\"valueName\":\"search_term_string\"}}],\"inLanguage\":\"nb-NO\"}]}<\/script>\n<!-- \/ Yoast SEO plugin. -->","yoast_head_json":{"title":"Epletavler - Norsk Eplefest - Fruktbygda Gvarv","description":"Her finner du alle epletavlene laget av Sagavoll folkeh\u00f8gskole som har blitt festet p\u00e5 Gvarv jernbanestasjon under Norsk Eplefest.","robots":{"index":"index","follow":"follow","max-snippet":"max-snippet:-1","max-image-preview":"max-image-preview:large","max-video-preview":"max-video-preview:-1"},"canonical":"https:\/\/visitbo.no\/eplefest\/epletavler\/","og_locale":"nb_NO","og_type":"article","og_title":"Epletavler - Norsk Eplefest - Fruktbygda Gvarv","og_description":"Her finner du alle epletavlene laget av Sagavoll folkeh\u00f8gskole som har blitt festet p\u00e5 Gvarv jernbanestasjon under Norsk Eplefest.","og_url":"https:\/\/visitbo.no\/eplefest\/epletavler\/","og_site_name":"Norsk Eplefest","article_modified_time":"2025-03-06T13:56:07+00:00","og_image":[{"url":"https:\/\/visitbo.no\/eplefest\/wp-content\/uploads\/sites\/66\/2025\/03\/image0.jpg","type":"","width":"","height":""}],"twitter_card":"summary_large_image","twitter_misc":{"Ansl. lesetid":"5 minutter"},"schema":{"@context":"https:\/\/schema.org","@graph":[{"@type":"WebPage","@id":"https:\/\/visitbo.no\/eplefest\/epletavler\/","url":"https:\/\/visitbo.no\/eplefest\/epletavler\/","name":"Epletavler - Norsk Eplefest - Fruktbygda Gvarv","isPartOf":{"@id":"https:\/\/visitbo.no\/eplefest\/#website"},"primaryImageOfPage":{"@id":"https:\/\/visitbo.no\/eplefest\/epletavler\/#primaryimage"},"image":{"@id":"https:\/\/visitbo.no\/eplefest\/epletavler\/#primaryimage"},"thumbnailUrl":"https:\/\/visitbo.no\/eplefest\/wp-content\/uploads\/sites\/66\/2025\/03\/image0.jpg","datePublished":"2024-01-29T09:29:32+00:00","dateModified":"2025-03-06T13:56:07+00:00","description":"Her finner du alle epletavlene laget av Sagavoll folkeh\u00f8gskole som har blitt festet p\u00e5 Gvarv jernbanestasjon under Norsk Eplefest.","breadcrumb":{"@id":"https:\/\/visitbo.no\/eplefest\/epletavler\/#breadcrumb"},"inLanguage":"nb-NO","potentialAction":[{"@type":"ReadAction","target":["https:\/\/visitbo.no\/eplefest\/epletavler\/"]}]},{"@type":"ImageObject","inLanguage":"nb-NO","@id":"https:\/\/visitbo.no\/eplefest\/epletavler\/#primaryimage","url":"https:\/\/visitbo.no\/eplefest\/wp-content\/uploads\/sites\/66\/2025\/03\/image0.jpg","contentUrl":"https:\/\/visitbo.no\/eplefest\/wp-content\/uploads\/sites\/66\/2025\/03\/image0.jpg","width":727,"height":495,"caption":"Epletavla for 2025"},{"@type":"BreadcrumbList","@id":"https:\/\/visitbo.no\/eplefest\/epletavler\/#breadcrumb","itemListElement":[{"@type":"ListItem","position":1,"name":"Hjem","item":"https:\/\/visitbo.no\/eplefest\/"},{"@type":"ListItem","position":2,"name":"Epletavler"}]},{"@type":"WebSite","@id":"https:\/\/visitbo.no\/eplefest\/#website","url":"https:\/\/visitbo.no\/eplefest\/","name":"Norsk Eplefest","description":"One online experience - for everything your destination has to offer.","potentialAction":[{"@type":"SearchAction","target":{"@type":"EntryPoint","urlTemplate":"https:\/\/visitbo.no\/eplefest\/?s={search_term_string}"},"query-input":{"@type":"PropertyValueSpecification","valueRequired":true,"valueName":"search_term_string"}}],"inLanguage":"nb-NO"}]}},"_links":{"self":[{"href":"https:\/\/visitbo.no\/eplefest\/wp-json\/wp\/v2\/pages\/8514","targetHints":{"allow":["GET"]}}],"collection":[{"href":"https:\/\/visitbo.no\/eplefest\/wp-json\/wp\/v2\/pages"}],"about":[{"href":"https:\/\/visitbo.no\/eplefest\/wp-json\/wp\/v2\/types\/page"}],"author":[{"embeddable":true,"href":"https:\/\/visitbo.no\/eplefest\/wp-json\/wp\/v2\/users\/76"}],"replies":[{"embeddable":true,"href":"https:\/\/visitbo.no\/eplefest\/wp-json\/wp\/v2\/comments?post=8514"}],"version-history":[{"count":11,"href":"https:\/\/visitbo.no\/eplefest\/wp-json\/wp\/v2\/pages\/8514\/revisions"}],"predecessor-version":[{"id":8716,"href":"https:\/\/visitbo.no\/eplefest\/wp-json\/wp\/v2\/pages\/8514\/revisions\/8716"}],"wp:attachment":[{"href":"https:\/\/visitbo.no\/eplefest\/wp-json\/wp\/v2\/media?parent=8514"}],"curies":[{"name":"wp","href":"https:\/\/api.w.org\/{rel}","templated":true}]}}