{"id":8546,"date":"2024-01-31T08:32:46","date_gmt":"2024-01-31T07:32:46","guid":{"rendered":"https:\/\/visitbo.no\/eplefest\/?page_id=8546"},"modified":"2024-01-31T08:32:46","modified_gmt":"2024-01-31T07:32:46","slug":"arets-gulleple","status":"publish","type":"page","link":"https:\/\/visitbo.no\/eplefest\/arets-gulleple\/","title":{"rendered":"\u00c5rets Gulleple"},"content":{"rendered":"<div id=\"cs-content\" class=\"cs-content\"><\/div>\n","protected":false},"excerpt":{"rendered":"<p>\u00c5rets Gulleple ble tildelt personer, organisasjoner eller virksomheter som p\u00e5 en s\u00e6rlig m\u00e5te hadde gjort en innsats for ett eller flere av f\u00f8lgende omr\u00e5der: Formidling av verdier og muligheter i b\u00e6rekraftige bygdesamfunn og levende natur. Formidling av norsk mat og matkultur og sunt og godt kosthold basert p\u00e5 frukt og gr\u00f8nt. Formidling av tradisjonsrik kunst og kultur, kunnskap, fruktbarhet og &#8230; <\/p>\n<div><a href=\"https:\/\/visitbo.no\/eplefest\/arets-gulleple\/\" class=\"more-link\">Read More<\/a><\/div>\n","protected":false},"author":76,"featured_media":0,"parent":0,"menu_order":3,"comment_status":"closed","ping_status":"closed","template":"","meta":{"_relevanssi_hide_post":"","_relevanssi_hide_content":"","_relevanssi_pin_for_all":"","_relevanssi_pin_keywords":"","_relevanssi_unpin_keywords":"","_relevanssi_related_keywords":"","_relevanssi_related_include_ids":"","_relevanssi_related_exclude_ids":"","_relevanssi_related_no_append":"","_relevanssi_related_not_related":"","_relevanssi_related_posts":"","_relevanssi_noindex_reason":"","footnotes":""},"class_list":["post-8546","page","type-page","status-publish","hentry","no-post-thumbnail"],"yoast_head":"<!-- This site is optimized with the Yoast SEO plugin v27.2 - https:\/\/yoast.com\/product\/yoast-seo-wordpress\/ -->\n<title>\u00c5rets Gulleple - Norsk Eplefest - Fruktbygda Gvarv<\/title>\n<meta name=\"description\" content=\"Les mer om \u00c5rets Gulleple laget av kunstneren Arnt Darrud og Norsk Eplefest. Her finner du ogs\u00e5 en oversikt over tidligere Gulleplevinnere.\" \/>\n<meta name=\"robots\" content=\"index, follow, max-snippet:-1, max-image-preview:large, max-video-preview:-1\" \/>\n<link rel=\"canonical\" href=\"https:\/\/visitbo.no\/eplefest\/arets-gulleple\/\" \/>\n<meta property=\"og:locale\" content=\"nb_NO\" \/>\n<meta property=\"og:type\" content=\"article\" \/>\n<meta property=\"og:title\" content=\"\u00c5rets Gulleple - Norsk Eplefest - Fruktbygda Gvarv\" \/>\n<meta property=\"og:description\" content=\"Les mer om \u00c5rets Gulleple laget av kunstneren Arnt Darrud og Norsk Eplefest. Her finner du ogs\u00e5 en oversikt over tidligere Gulleplevinnere.\" \/>\n<meta property=\"og:url\" content=\"https:\/\/visitbo.no\/eplefest\/arets-gulleple\/\" \/>\n<meta property=\"og:site_name\" content=\"Norsk Eplefest\" \/>\n<meta name=\"twitter:card\" content=\"summary_large_image\" \/>\n<meta name=\"twitter:label1\" content=\"Ansl. lesetid\" \/>\n\t<meta name=\"twitter:data1\" content=\"16 minutter\" \/>\n<script type=\"application\/ld+json\" class=\"yoast-schema-graph\">{\"@context\":\"https:\/\/schema.org\",\"@graph\":[{\"@type\":\"WebPage\",\"@id\":\"https:\/\/visitbo.no\/eplefest\/arets-gulleple\/\",\"url\":\"https:\/\/visitbo.no\/eplefest\/arets-gulleple\/\",\"name\":\"\u00c5rets Gulleple - Norsk Eplefest - Fruktbygda Gvarv\",\"isPartOf\":{\"@id\":\"https:\/\/visitbo.no\/eplefest\/#website\"},\"datePublished\":\"2024-01-31T07:32:46+00:00\",\"description\":\"Les mer om \u00c5rets Gulleple laget av kunstneren Arnt Darrud og Norsk Eplefest. Her finner du ogs\u00e5 en oversikt over tidligere Gulleplevinnere.\",\"breadcrumb\":{\"@id\":\"https:\/\/visitbo.no\/eplefest\/arets-gulleple\/#breadcrumb\"},\"inLanguage\":\"nb-NO\",\"potentialAction\":[{\"@type\":\"ReadAction\",\"target\":[\"https:\/\/visitbo.no\/eplefest\/arets-gulleple\/\"]}]},{\"@type\":\"BreadcrumbList\",\"@id\":\"https:\/\/visitbo.no\/eplefest\/arets-gulleple\/#breadcrumb\",\"itemListElement\":[{\"@type\":\"ListItem\",\"position\":1,\"name\":\"Hjem\",\"item\":\"https:\/\/visitbo.no\/eplefest\/\"},{\"@type\":\"ListItem\",\"position\":2,\"name\":\"\u00c5rets Gulleple\"}]},{\"@type\":\"WebSite\",\"@id\":\"https:\/\/visitbo.no\/eplefest\/#website\",\"url\":\"https:\/\/visitbo.no\/eplefest\/\",\"name\":\"Norsk Eplefest\",\"description\":\"One online experience - for everything your destination has to offer.\",\"potentialAction\":[{\"@type\":\"SearchAction\",\"target\":{\"@type\":\"EntryPoint\",\"urlTemplate\":\"https:\/\/visitbo.no\/eplefest\/?s={search_term_string}\"},\"query-input\":{\"@type\":\"PropertyValueSpecification\",\"valueRequired\":true,\"valueName\":\"search_term_string\"}}],\"inLanguage\":\"nb-NO\"}]}<\/script>\n<!-- \/ Yoast SEO plugin. -->","yoast_head_json":{"title":"\u00c5rets Gulleple - Norsk Eplefest - Fruktbygda Gvarv","description":"Les mer om \u00c5rets Gulleple laget av kunstneren Arnt Darrud og Norsk Eplefest. Her finner du ogs\u00e5 en oversikt over tidligere Gulleplevinnere.","robots":{"index":"index","follow":"follow","max-snippet":"max-snippet:-1","max-image-preview":"max-image-preview:large","max-video-preview":"max-video-preview:-1"},"canonical":"https:\/\/visitbo.no\/eplefest\/arets-gulleple\/","og_locale":"nb_NO","og_type":"article","og_title":"\u00c5rets Gulleple - Norsk Eplefest - Fruktbygda Gvarv","og_description":"Les mer om \u00c5rets Gulleple laget av kunstneren Arnt Darrud og Norsk Eplefest. Her finner du ogs\u00e5 en oversikt over tidligere Gulleplevinnere.","og_url":"https:\/\/visitbo.no\/eplefest\/arets-gulleple\/","og_site_name":"Norsk Eplefest","twitter_card":"summary_large_image","twitter_misc":{"Ansl. lesetid":"16 minutter"},"schema":{"@context":"https:\/\/schema.org","@graph":[{"@type":"WebPage","@id":"https:\/\/visitbo.no\/eplefest\/arets-gulleple\/","url":"https:\/\/visitbo.no\/eplefest\/arets-gulleple\/","name":"\u00c5rets Gulleple - Norsk Eplefest - Fruktbygda Gvarv","isPartOf":{"@id":"https:\/\/visitbo.no\/eplefest\/#website"},"datePublished":"2024-01-31T07:32:46+00:00","description":"Les mer om \u00c5rets Gulleple laget av kunstneren Arnt Darrud og Norsk Eplefest. Her finner du ogs\u00e5 en oversikt over tidligere Gulleplevinnere.","breadcrumb":{"@id":"https:\/\/visitbo.no\/eplefest\/arets-gulleple\/#breadcrumb"},"inLanguage":"nb-NO","potentialAction":[{"@type":"ReadAction","target":["https:\/\/visitbo.no\/eplefest\/arets-gulleple\/"]}]},{"@type":"BreadcrumbList","@id":"https:\/\/visitbo.no\/eplefest\/arets-gulleple\/#breadcrumb","itemListElement":[{"@type":"ListItem","position":1,"name":"Hjem","item":"https:\/\/visitbo.no\/eplefest\/"},{"@type":"ListItem","position":2,"name":"\u00c5rets Gulleple"}]},{"@type":"WebSite","@id":"https:\/\/visitbo.no\/eplefest\/#website","url":"https:\/\/visitbo.no\/eplefest\/","name":"Norsk Eplefest","description":"One online experience - for everything your destination has to offer.","potentialAction":[{"@type":"SearchAction","target":{"@type":"EntryPoint","urlTemplate":"https:\/\/visitbo.no\/eplefest\/?s={search_term_string}"},"query-input":{"@type":"PropertyValueSpecification","valueRequired":true,"valueName":"search_term_string"}}],"inLanguage":"nb-NO"}]}},"_links":{"self":[{"href":"https:\/\/visitbo.no\/eplefest\/wp-json\/wp\/v2\/pages\/8546","targetHints":{"allow":["GET"]}}],"collection":[{"href":"https:\/\/visitbo.no\/eplefest\/wp-json\/wp\/v2\/pages"}],"about":[{"href":"https:\/\/visitbo.no\/eplefest\/wp-json\/wp\/v2\/types\/page"}],"author":[{"embeddable":true,"href":"https:\/\/visitbo.no\/eplefest\/wp-json\/wp\/v2\/users\/76"}],"replies":[{"embeddable":true,"href":"https:\/\/visitbo.no\/eplefest\/wp-json\/wp\/v2\/comments?post=8546"}],"version-history":[{"count":4,"href":"https:\/\/visitbo.no\/eplefest\/wp-json\/wp\/v2\/pages\/8546\/revisions"}],"predecessor-version":[{"id":8550,"href":"https:\/\/visitbo.no\/eplefest\/wp-json\/wp\/v2\/pages\/8546\/revisions\/8550"}],"wp:attachment":[{"href":"https:\/\/visitbo.no\/eplefest\/wp-json\/wp\/v2\/media?parent=8546"}],"curies":[{"name":"wp","href":"https:\/\/api.w.org\/{rel}","templated":true}]}}