{"id":2,"date":"2012-04-11T16:34:42","date_gmt":"2012-04-11T14:34:42","guid":{"rendered":"https:\/\/tonto.wp.oppdateringsfabrikken.no\/?page_id=2"},"modified":"2026-02-16T14:04:13","modified_gmt":"2026-02-16T13:04:13","slug":"forside","status":"publish","type":"page","link":"https:\/\/visitbo.no\/firstcamp-bo\/","title":{"rendered":"First Camp B\u00f8"},"content":{"rendered":"<div id=\"cs-content\" class=\"cs-content\"><\/div>\n","protected":false},"excerpt":{"rendered":"<p>&nbsp;&nbsp;First Camp B\u00f8 &#8211; TelemarkFjell, bading og vakker natur! &nbsp;Kontakt oss!Ta gjerne kontakt med oss for mer informasjon. Lifjellvegen 51, 3804 B\u00f8 i Telemark35 95 20 12bo@firstcamp.nofirstcamp.noFirst Camp B\u00f8 ligger ved foten av Lifjell, omgitt av fjell, skog og kulturlandskap. Her f\u00e5r du et godt utgangspunkt for aktiviteter og naturopplevelser gjennom hele \u00e5ret. Her kan du bo komfortabelt i romslige &#8230; <\/p>\n<div><a href=\"https:\/\/visitbo.no\/firstcamp-bo\/\" class=\"more-link\">Read More<\/a><\/div>\n","protected":false},"author":1,"featured_media":8147,"parent":0,"menu_order":0,"comment_status":"closed","ping_status":"closed","template":"template-blank-4.php","meta":{"_relevanssi_hide_post":"","_relevanssi_hide_content":"","_relevanssi_pin_for_all":"","_relevanssi_pin_keywords":"","_relevanssi_unpin_keywords":"","_relevanssi_related_keywords":"","_relevanssi_related_include_ids":"","_relevanssi_related_exclude_ids":"","_relevanssi_related_no_append":"","_relevanssi_related_not_related":"","_relevanssi_related_posts":"","_relevanssi_noindex_reason":"","footnotes":""},"class_list":["post-2","page","type-page","status-publish","has-post-thumbnail","hentry"],"yoast_head":"<!-- This site is optimized with the Yoast SEO plugin v27.2 - https:\/\/yoast.com\/product\/yoast-seo-wordpress\/ -->\n<title>Visit B\u00f8 - First Camp B\u00f8 \u2013 Familievennlig camping n\u00e6r B\u00f8 Sommarland<\/title>\n<meta name=\"description\" content=\"Bo p\u00e5 First Camp B\u00f8 og nyt kort vei til B\u00f8 Sommarland og vakker Telemark-natur. Hytter, camping og bobilplasser \u2013 perfekt for barnefamilier.\" \/>\n<meta name=\"robots\" content=\"index, follow, max-snippet:-1, max-image-preview:large, max-video-preview:-1\" \/>\n<link rel=\"canonical\" href=\"https:\/\/visitbo.no\/firstcamp-bo\/\" \/>\n<meta property=\"og:locale\" content=\"nb_NO\" \/>\n<meta property=\"og:type\" content=\"article\" \/>\n<meta property=\"og:title\" content=\"Visit B\u00f8 - First Camp B\u00f8 \u2013 Familievennlig camping n\u00e6r B\u00f8 Sommarland\" \/>\n<meta property=\"og:description\" content=\"Bo p\u00e5 First Camp B\u00f8 og nyt kort vei til B\u00f8 Sommarland og vakker Telemark-natur. Hytter, camping og bobilplasser \u2013 perfekt for barnefamilier.\" \/>\n<meta property=\"og:url\" content=\"https:\/\/visitbo.no\/firstcamp-bo\/\" \/>\n<meta property=\"og:site_name\" content=\"First Camp\" \/>\n<meta property=\"article:modified_time\" content=\"2026-02-16T13:04:13+00:00\" \/>\n<meta property=\"og:image\" content=\"https:\/\/visitbo.no\/firstcamp-bo\/wp-content\/uploads\/sites\/105\/2025\/11\/Dronebilde-over-hele-campingen-Bo-Telemark-sommer-1024x576-1.jpg\" \/>\n\t<meta property=\"og:image:width\" content=\"1024\" \/>\n\t<meta property=\"og:image:height\" content=\"576\" \/>\n\t<meta property=\"og:image:type\" content=\"image\/jpeg\" \/>\n<meta name=\"twitter:card\" content=\"summary_large_image\" \/>\n<meta name=\"twitter:label1\" content=\"Ansl. lesetid\" \/>\n\t<meta name=\"twitter:data1\" content=\"14 minutter\" \/>\n<script type=\"application\/ld+json\" class=\"yoast-schema-graph\">{\"@context\":\"https:\/\/schema.org\",\"@graph\":[{\"@type\":\"WebPage\",\"@id\":\"https:\/\/visitbo.no\/firstcamp-bo\/\",\"url\":\"https:\/\/visitbo.no\/firstcamp-bo\/\",\"name\":\"Visit B\u00f8 - First Camp B\u00f8 \u2013 Familievennlig camping n\u00e6r B\u00f8 Sommarland\",\"isPartOf\":{\"@id\":\"https:\/\/visitbo.no\/firstcamp-bo\/#website\"},\"primaryImageOfPage\":{\"@id\":\"https:\/\/visitbo.no\/firstcamp-bo\/#primaryimage\"},\"image\":{\"@id\":\"https:\/\/visitbo.no\/firstcamp-bo\/#primaryimage\"},\"thumbnailUrl\":\"https:\/\/visitbo.no\/firstcamp-bo\/wp-content\/uploads\/sites\/105\/2025\/11\/Dronebilde-over-hele-campingen-Bo-Telemark-sommer-1024x576-1.jpg\",\"datePublished\":\"2012-04-11T14:34:42+00:00\",\"dateModified\":\"2026-02-16T13:04:13+00:00\",\"description\":\"Bo p\u00e5 First Camp B\u00f8 og nyt kort vei til B\u00f8 Sommarland og vakker Telemark-natur. Hytter, camping og bobilplasser \u2013 perfekt for barnefamilier.\",\"breadcrumb\":{\"@id\":\"https:\/\/visitbo.no\/firstcamp-bo\/#breadcrumb\"},\"inLanguage\":\"nb-NO\",\"potentialAction\":[{\"@type\":\"ReadAction\",\"target\":[\"https:\/\/visitbo.no\/firstcamp-bo\/\"]}]},{\"@type\":\"ImageObject\",\"inLanguage\":\"nb-NO\",\"@id\":\"https:\/\/visitbo.no\/firstcamp-bo\/#primaryimage\",\"url\":\"https:\/\/visitbo.no\/firstcamp-bo\/wp-content\/uploads\/sites\/105\/2025\/11\/Dronebilde-over-hele-campingen-Bo-Telemark-sommer-1024x576-1.jpg\",\"contentUrl\":\"https:\/\/visitbo.no\/firstcamp-bo\/wp-content\/uploads\/sites\/105\/2025\/11\/Dronebilde-over-hele-campingen-Bo-Telemark-sommer-1024x576-1.jpg\",\"width\":1024,\"height\":576,\"caption\":\"Bilde av First Camp B\u00f8.\"},{\"@type\":\"BreadcrumbList\",\"@id\":\"https:\/\/visitbo.no\/firstcamp-bo\/#breadcrumb\",\"itemListElement\":[{\"@type\":\"ListItem\",\"position\":1,\"name\":\"Hjem\",\"item\":\"https:\/\/visitbo.no\/firstcamp-bo\/forside\/\"},{\"@type\":\"ListItem\",\"position\":2,\"name\":\"First Camp B\u00f8\"}]},{\"@type\":\"WebSite\",\"@id\":\"https:\/\/visitbo.no\/firstcamp-bo\/#website\",\"url\":\"https:\/\/visitbo.no\/firstcamp-bo\/\",\"name\":\"First Camp\",\"description\":\"One online experience - for everything your destination has to offer.\",\"potentialAction\":[{\"@type\":\"SearchAction\",\"target\":{\"@type\":\"EntryPoint\",\"urlTemplate\":\"https:\/\/visitbo.no\/firstcamp-bo\/?s={search_term_string}\"},\"query-input\":{\"@type\":\"PropertyValueSpecification\",\"valueRequired\":true,\"valueName\":\"search_term_string\"}}],\"inLanguage\":\"nb-NO\"}]}<\/script>\n<!-- \/ Yoast SEO plugin. -->","yoast_head_json":{"title":"Visit B\u00f8 - First Camp B\u00f8 \u2013 Familievennlig camping n\u00e6r B\u00f8 Sommarland","description":"Bo p\u00e5 First Camp B\u00f8 og nyt kort vei til B\u00f8 Sommarland og vakker Telemark-natur. Hytter, camping og bobilplasser \u2013 perfekt for barnefamilier.","robots":{"index":"index","follow":"follow","max-snippet":"max-snippet:-1","max-image-preview":"max-image-preview:large","max-video-preview":"max-video-preview:-1"},"canonical":"https:\/\/visitbo.no\/firstcamp-bo\/","og_locale":"nb_NO","og_type":"article","og_title":"Visit B\u00f8 - First Camp B\u00f8 \u2013 Familievennlig camping n\u00e6r B\u00f8 Sommarland","og_description":"Bo p\u00e5 First Camp B\u00f8 og nyt kort vei til B\u00f8 Sommarland og vakker Telemark-natur. Hytter, camping og bobilplasser \u2013 perfekt for barnefamilier.","og_url":"https:\/\/visitbo.no\/firstcamp-bo\/","og_site_name":"First Camp","article_modified_time":"2026-02-16T13:04:13+00:00","og_image":[{"width":1024,"height":576,"url":"https:\/\/visitbo.no\/firstcamp-bo\/wp-content\/uploads\/sites\/105\/2025\/11\/Dronebilde-over-hele-campingen-Bo-Telemark-sommer-1024x576-1.jpg","type":"image\/jpeg"}],"twitter_card":"summary_large_image","twitter_misc":{"Ansl. lesetid":"14 minutter"},"schema":{"@context":"https:\/\/schema.org","@graph":[{"@type":"WebPage","@id":"https:\/\/visitbo.no\/firstcamp-bo\/","url":"https:\/\/visitbo.no\/firstcamp-bo\/","name":"Visit B\u00f8 - First Camp B\u00f8 \u2013 Familievennlig camping n\u00e6r B\u00f8 Sommarland","isPartOf":{"@id":"https:\/\/visitbo.no\/firstcamp-bo\/#website"},"primaryImageOfPage":{"@id":"https:\/\/visitbo.no\/firstcamp-bo\/#primaryimage"},"image":{"@id":"https:\/\/visitbo.no\/firstcamp-bo\/#primaryimage"},"thumbnailUrl":"https:\/\/visitbo.no\/firstcamp-bo\/wp-content\/uploads\/sites\/105\/2025\/11\/Dronebilde-over-hele-campingen-Bo-Telemark-sommer-1024x576-1.jpg","datePublished":"2012-04-11T14:34:42+00:00","dateModified":"2026-02-16T13:04:13+00:00","description":"Bo p\u00e5 First Camp B\u00f8 og nyt kort vei til B\u00f8 Sommarland og vakker Telemark-natur. Hytter, camping og bobilplasser \u2013 perfekt for barnefamilier.","breadcrumb":{"@id":"https:\/\/visitbo.no\/firstcamp-bo\/#breadcrumb"},"inLanguage":"nb-NO","potentialAction":[{"@type":"ReadAction","target":["https:\/\/visitbo.no\/firstcamp-bo\/"]}]},{"@type":"ImageObject","inLanguage":"nb-NO","@id":"https:\/\/visitbo.no\/firstcamp-bo\/#primaryimage","url":"https:\/\/visitbo.no\/firstcamp-bo\/wp-content\/uploads\/sites\/105\/2025\/11\/Dronebilde-over-hele-campingen-Bo-Telemark-sommer-1024x576-1.jpg","contentUrl":"https:\/\/visitbo.no\/firstcamp-bo\/wp-content\/uploads\/sites\/105\/2025\/11\/Dronebilde-over-hele-campingen-Bo-Telemark-sommer-1024x576-1.jpg","width":1024,"height":576,"caption":"Bilde av First Camp B\u00f8."},{"@type":"BreadcrumbList","@id":"https:\/\/visitbo.no\/firstcamp-bo\/#breadcrumb","itemListElement":[{"@type":"ListItem","position":1,"name":"Hjem","item":"https:\/\/visitbo.no\/firstcamp-bo\/forside\/"},{"@type":"ListItem","position":2,"name":"First Camp B\u00f8"}]},{"@type":"WebSite","@id":"https:\/\/visitbo.no\/firstcamp-bo\/#website","url":"https:\/\/visitbo.no\/firstcamp-bo\/","name":"First Camp","description":"One online experience - for everything your destination has to offer.","potentialAction":[{"@type":"SearchAction","target":{"@type":"EntryPoint","urlTemplate":"https:\/\/visitbo.no\/firstcamp-bo\/?s={search_term_string}"},"query-input":{"@type":"PropertyValueSpecification","valueRequired":true,"valueName":"search_term_string"}}],"inLanguage":"nb-NO"}]}},"_links":{"self":[{"href":"https:\/\/visitbo.no\/firstcamp-bo\/wp-json\/wp\/v2\/pages\/2","targetHints":{"allow":["GET"]}}],"collection":[{"href":"https:\/\/visitbo.no\/firstcamp-bo\/wp-json\/wp\/v2\/pages"}],"about":[{"href":"https:\/\/visitbo.no\/firstcamp-bo\/wp-json\/wp\/v2\/types\/page"}],"author":[{"embeddable":true,"href":"https:\/\/visitbo.no\/firstcamp-bo\/wp-json\/wp\/v2\/users\/1"}],"replies":[{"embeddable":true,"href":"https:\/\/visitbo.no\/firstcamp-bo\/wp-json\/wp\/v2\/comments?post=2"}],"version-history":[{"count":155,"href":"https:\/\/visitbo.no\/firstcamp-bo\/wp-json\/wp\/v2\/pages\/2\/revisions"}],"predecessor-version":[{"id":8185,"href":"https:\/\/visitbo.no\/firstcamp-bo\/wp-json\/wp\/v2\/pages\/2\/revisions\/8185"}],"wp:featuredmedia":[{"embeddable":true,"href":"https:\/\/visitbo.no\/firstcamp-bo\/wp-json\/wp\/v2\/media\/8147"}],"wp:attachment":[{"href":"https:\/\/visitbo.no\/firstcamp-bo\/wp-json\/wp\/v2\/media?parent=2"}],"curies":[{"name":"wp","href":"https:\/\/api.w.org\/{rel}","templated":true}]}}