{"id":8175,"date":"2012-04-11T16:34:42","date_gmt":"2012-04-11T14:34:42","guid":{"rendered":"https:\/\/visitbo.no\/firstcamp-norsjo\/first-camp-norsjo-en\/"},"modified":"2026-02-16T14:04:30","modified_gmt":"2026-02-16T13:04:30","slug":"forside","status":"publish","type":"page","link":"https:\/\/visitbo.no\/firstcamp-norsjo\/en\/","title":{"rendered":"First Camp Norsj\u00f8 (en)"},"content":{"rendered":"<div id=\"cs-content\" class=\"cs-content\"><\/div>\n","protected":false},"excerpt":{"rendered":"<p>&nbsp;&nbsp;&nbsp;&nbsp;First Camp Norsj\u00f8 &#8211; TelemarkActive camping in magnificent scenery! &nbsp;Contact us!Please feel free to contact us for more information. Liagrendvegen 71, 3812 Akkerhaugen35 95 84 30norsjo@firstcamp.nofirstcamp.noSet in wonderful surroundings where camping meets water activities, you\u2019ll find First Camp Norsj\u00f8. This scenic spot by Lake Norsj\u00f8, surrounded by mountains, forest, and water, has been a natural gathering place for many years. &#8230; <\/p>\n<div><a href=\"https:\/\/visitbo.no\/firstcamp-norsjo\/en\/\" class=\"more-link\">Read More<\/a><\/div>\n","protected":false},"author":96,"featured_media":8146,"parent":0,"menu_order":0,"comment_status":"closed","ping_status":"closed","template":"template-blank-4.php","meta":{"_relevanssi_hide_post":"","_relevanssi_hide_content":"","_relevanssi_pin_for_all":"","_relevanssi_pin_keywords":"","_relevanssi_unpin_keywords":"","_relevanssi_related_keywords":"","_relevanssi_related_include_ids":"","_relevanssi_related_exclude_ids":"","_relevanssi_related_no_append":"","_relevanssi_related_not_related":"","_relevanssi_related_posts":"","_relevanssi_noindex_reason":"","footnotes":""},"class_list":["post-8175","page","type-page","status-publish","has-post-thumbnail","hentry"],"yoast_head":"<!-- This site is optimized with the Yoast SEO plugin v27.2 - https:\/\/yoast.com\/product\/yoast-seo-wordpress\/ -->\n<title>First Camp Norsj\u00f8 (en) - First Camp Norsj\u00f8<\/title>\n<meta name=\"robots\" content=\"index, follow, max-snippet:-1, max-image-preview:large, max-video-preview:-1\" \/>\n<link rel=\"canonical\" href=\"https:\/\/visitbo.no\/firstcamp-norsjo\/en\/\" \/>\n<meta property=\"og:locale\" content=\"en_US\" \/>\n<meta property=\"og:type\" content=\"article\" \/>\n<meta property=\"og:title\" content=\"First Camp Norsj\u00f8 (en) - First Camp Norsj\u00f8\" \/>\n<meta property=\"og:description\" content=\"&nbsp;&nbsp;&nbsp;&nbsp;First Camp Norsj\u00f8 - TelemarkActive camping in magnificent scenery! &nbsp;Contact us!Please feel free to contact us for more information. Liagrendvegen 71, 3812 Akkerhaugen35 95 84 30norsjo@firstcamp.nofirstcamp.noSet in wonderful surroundings where camping meets water activities, you\u2019ll find First Camp Norsj\u00f8. This scenic spot by Lake Norsj\u00f8, surrounded by mountains, forest, and water, has been a natural gathering place for many years. ... Read More\" \/>\n<meta property=\"og:url\" content=\"https:\/\/visitbo.no\/firstcamp-norsjo\/en\/\" \/>\n<meta property=\"og:site_name\" content=\"First Camp Norsj\u00f8\" \/>\n<meta property=\"article:modified_time\" content=\"2026-02-16T13:04:30+00:00\" \/>\n<meta property=\"og:image\" content=\"https:\/\/visitbo.no\/firstcamp-norsjo\/wp-content\/uploads\/sites\/106\/2025\/11\/First-Camp-Norsjo1.jpg\" \/>\n\t<meta property=\"og:image:width\" content=\"1024\" \/>\n\t<meta property=\"og:image:height\" content=\"576\" \/>\n\t<meta property=\"og:image:type\" content=\"image\/jpeg\" \/>\n<meta name=\"twitter:card\" content=\"summary_large_image\" \/>\n<meta name=\"twitter:label1\" content=\"Est. reading time\" \/>\n\t<meta name=\"twitter:data1\" content=\"7 minutes\" \/>\n<script type=\"application\/ld+json\" class=\"yoast-schema-graph\">{\"@context\":\"https:\/\/schema.org\",\"@graph\":[{\"@type\":\"WebPage\",\"@id\":\"https:\/\/visitbo.no\/firstcamp-norsjo\/en\/\",\"url\":\"https:\/\/visitbo.no\/firstcamp-norsjo\/en\/\",\"name\":\"First Camp Norsj\u00f8 (en) - First Camp Norsj\u00f8\",\"isPartOf\":{\"@id\":\"https:\/\/visitbo.no\/firstcamp-norsjo\/en\/#website\"},\"primaryImageOfPage\":{\"@id\":\"https:\/\/visitbo.no\/firstcamp-norsjo\/en\/#primaryimage\"},\"image\":{\"@id\":\"https:\/\/visitbo.no\/firstcamp-norsjo\/en\/#primaryimage\"},\"thumbnailUrl\":\"https:\/\/visitbo.no\/firstcamp-norsjo\/wp-content\/uploads\/sites\/106\/2025\/11\/First-Camp-Norsjo1.jpg\",\"datePublished\":\"2012-04-11T14:34:42+00:00\",\"dateModified\":\"2026-02-16T13:04:30+00:00\",\"breadcrumb\":{\"@id\":\"https:\/\/visitbo.no\/firstcamp-norsjo\/en\/#breadcrumb\"},\"inLanguage\":\"en-US\",\"potentialAction\":[{\"@type\":\"ReadAction\",\"target\":[\"https:\/\/visitbo.no\/firstcamp-norsjo\/en\/\"]}]},{\"@type\":\"ImageObject\",\"inLanguage\":\"en-US\",\"@id\":\"https:\/\/visitbo.no\/firstcamp-norsjo\/en\/#primaryimage\",\"url\":\"https:\/\/visitbo.no\/firstcamp-norsjo\/wp-content\/uploads\/sites\/106\/2025\/11\/First-Camp-Norsjo1.jpg\",\"contentUrl\":\"https:\/\/visitbo.no\/firstcamp-norsjo\/wp-content\/uploads\/sites\/106\/2025\/11\/First-Camp-Norsjo1.jpg\",\"width\":1024,\"height\":576,\"caption\":\"Bilde over First Camp Norsj\u00f8\"},{\"@type\":\"BreadcrumbList\",\"@id\":\"https:\/\/visitbo.no\/firstcamp-norsjo\/en\/#breadcrumb\",\"itemListElement\":[{\"@type\":\"ListItem\",\"position\":1,\"name\":\"Hjem\",\"item\":\"https:\/\/visitbo.no\/firstcamp-norsjo\/en\/\"},{\"@type\":\"ListItem\",\"position\":2,\"name\":\"First Camp Norsj\u00f8 (en)\"}]},{\"@type\":\"WebSite\",\"@id\":\"https:\/\/visitbo.no\/firstcamp-norsjo\/en\/#website\",\"url\":\"https:\/\/visitbo.no\/firstcamp-norsjo\/en\/\",\"name\":\"First Camp Norsj\u00f8\",\"description\":\"One online experience - for everything your destination has to offer.\",\"potentialAction\":[{\"@type\":\"SearchAction\",\"target\":{\"@type\":\"EntryPoint\",\"urlTemplate\":\"https:\/\/visitbo.no\/firstcamp-norsjo\/en\/?s={search_term_string}\"},\"query-input\":{\"@type\":\"PropertyValueSpecification\",\"valueRequired\":true,\"valueName\":\"search_term_string\"}}],\"inLanguage\":\"en-US\"}]}<\/script>\n<!-- \/ Yoast SEO plugin. -->","yoast_head_json":{"title":"First Camp Norsj\u00f8 (en) - First Camp Norsj\u00f8","robots":{"index":"index","follow":"follow","max-snippet":"max-snippet:-1","max-image-preview":"max-image-preview:large","max-video-preview":"max-video-preview:-1"},"canonical":"https:\/\/visitbo.no\/firstcamp-norsjo\/en\/","og_locale":"en_US","og_type":"article","og_title":"First Camp Norsj\u00f8 (en) - First Camp Norsj\u00f8","og_description":"&nbsp;&nbsp;&nbsp;&nbsp;First Camp Norsj\u00f8 - TelemarkActive camping in magnificent scenery! &nbsp;Contact us!Please feel free to contact us for more information. Liagrendvegen 71, 3812 Akkerhaugen35 95 84 30norsjo@firstcamp.nofirstcamp.noSet in wonderful surroundings where camping meets water activities, you\u2019ll find First Camp Norsj\u00f8. This scenic spot by Lake Norsj\u00f8, surrounded by mountains, forest, and water, has been a natural gathering place for many years. ... Read More","og_url":"https:\/\/visitbo.no\/firstcamp-norsjo\/en\/","og_site_name":"First Camp Norsj\u00f8","article_modified_time":"2026-02-16T13:04:30+00:00","og_image":[{"width":1024,"height":576,"url":"https:\/\/visitbo.no\/firstcamp-norsjo\/wp-content\/uploads\/sites\/106\/2025\/11\/First-Camp-Norsjo1.jpg","type":"image\/jpeg"}],"twitter_card":"summary_large_image","twitter_misc":{"Est. reading time":"7 minutes"},"schema":{"@context":"https:\/\/schema.org","@graph":[{"@type":"WebPage","@id":"https:\/\/visitbo.no\/firstcamp-norsjo\/en\/","url":"https:\/\/visitbo.no\/firstcamp-norsjo\/en\/","name":"First Camp Norsj\u00f8 (en) - First Camp Norsj\u00f8","isPartOf":{"@id":"https:\/\/visitbo.no\/firstcamp-norsjo\/en\/#website"},"primaryImageOfPage":{"@id":"https:\/\/visitbo.no\/firstcamp-norsjo\/en\/#primaryimage"},"image":{"@id":"https:\/\/visitbo.no\/firstcamp-norsjo\/en\/#primaryimage"},"thumbnailUrl":"https:\/\/visitbo.no\/firstcamp-norsjo\/wp-content\/uploads\/sites\/106\/2025\/11\/First-Camp-Norsjo1.jpg","datePublished":"2012-04-11T14:34:42+00:00","dateModified":"2026-02-16T13:04:30+00:00","breadcrumb":{"@id":"https:\/\/visitbo.no\/firstcamp-norsjo\/en\/#breadcrumb"},"inLanguage":"en-US","potentialAction":[{"@type":"ReadAction","target":["https:\/\/visitbo.no\/firstcamp-norsjo\/en\/"]}]},{"@type":"ImageObject","inLanguage":"en-US","@id":"https:\/\/visitbo.no\/firstcamp-norsjo\/en\/#primaryimage","url":"https:\/\/visitbo.no\/firstcamp-norsjo\/wp-content\/uploads\/sites\/106\/2025\/11\/First-Camp-Norsjo1.jpg","contentUrl":"https:\/\/visitbo.no\/firstcamp-norsjo\/wp-content\/uploads\/sites\/106\/2025\/11\/First-Camp-Norsjo1.jpg","width":1024,"height":576,"caption":"Bilde over First Camp Norsj\u00f8"},{"@type":"BreadcrumbList","@id":"https:\/\/visitbo.no\/firstcamp-norsjo\/en\/#breadcrumb","itemListElement":[{"@type":"ListItem","position":1,"name":"Hjem","item":"https:\/\/visitbo.no\/firstcamp-norsjo\/en\/"},{"@type":"ListItem","position":2,"name":"First Camp Norsj\u00f8 (en)"}]},{"@type":"WebSite","@id":"https:\/\/visitbo.no\/firstcamp-norsjo\/en\/#website","url":"https:\/\/visitbo.no\/firstcamp-norsjo\/en\/","name":"First Camp Norsj\u00f8","description":"One online experience - for everything your destination has to offer.","potentialAction":[{"@type":"SearchAction","target":{"@type":"EntryPoint","urlTemplate":"https:\/\/visitbo.no\/firstcamp-norsjo\/en\/?s={search_term_string}"},"query-input":{"@type":"PropertyValueSpecification","valueRequired":true,"valueName":"search_term_string"}}],"inLanguage":"en-US"}]}},"_links":{"self":[{"href":"https:\/\/visitbo.no\/firstcamp-norsjo\/en\/wp-json\/wp\/v2\/pages\/8175","targetHints":{"allow":["GET"]}}],"collection":[{"href":"https:\/\/visitbo.no\/firstcamp-norsjo\/en\/wp-json\/wp\/v2\/pages"}],"about":[{"href":"https:\/\/visitbo.no\/firstcamp-norsjo\/en\/wp-json\/wp\/v2\/types\/page"}],"author":[{"embeddable":true,"href":"https:\/\/visitbo.no\/firstcamp-norsjo\/en\/wp-json\/wp\/v2\/users\/96"}],"replies":[{"embeddable":true,"href":"https:\/\/visitbo.no\/firstcamp-norsjo\/en\/wp-json\/wp\/v2\/comments?post=8175"}],"version-history":[{"count":3,"href":"https:\/\/visitbo.no\/firstcamp-norsjo\/en\/wp-json\/wp\/v2\/pages\/8175\/revisions"}],"predecessor-version":[{"id":8178,"href":"https:\/\/visitbo.no\/firstcamp-norsjo\/en\/wp-json\/wp\/v2\/pages\/8175\/revisions\/8178"}],"wp:featuredmedia":[{"embeddable":true,"href":"https:\/\/visitbo.no\/firstcamp-norsjo\/en\/wp-json\/wp\/v2\/media\/8146"}],"wp:attachment":[{"href":"https:\/\/visitbo.no\/firstcamp-norsjo\/en\/wp-json\/wp\/v2\/media?parent=8175"}],"curies":[{"name":"wp","href":"https:\/\/api.w.org\/{rel}","templated":true}]}}