{"id":7928,"date":"2020-02-24T13:07:51","date_gmt":"2020-02-24T12:07:51","guid":{"rendered":"https:\/\/visitbo.no\/fruktbygda\/?page_id=7928"},"modified":"2021-01-12T11:54:42","modified_gmt":"2021-01-12T10:54:42","slug":"grupper","status":"publish","type":"page","link":"https:\/\/visitbo.no\/fruktbygda\/grupper\/","title":{"rendered":"For grupper"},"content":{"rendered":"<div id=\"cs-content\" class=\"cs-content\"><\/div>\n","protected":false},"excerpt":{"rendered":"<p>Fruktbygda kan by p\u00e5 flere gode alternativer for deg som vil ta med din gruppe til omr\u00e5det. Vi nevner Eplemostsmaking Vinsmaking \u00d8lsmaking Bedriftsbes\u00f8k hos presserier og pakkeri Historiefortelling Innf\u00f8ring i fruktdyrking Lokal matkultur Gallerier Cruise p\u00e5 Telemarkskanalen Flere spisesteder som reflekterer lokalmat G\u00e5rdsbutikkutsalg Selvplukk Overnatting Ta kontakt med oss p\u00e5 Norsj\u00f8 Hotell for \u00e5 skreddersy din opplevelse, epost: post@norsjohotell.no eller &#8230; <\/p>\n<div><a href=\"https:\/\/visitbo.no\/fruktbygda\/grupper\/\" class=\"more-link\">Read More<\/a><\/div>\n","protected":false},"author":6,"featured_media":0,"parent":0,"menu_order":3,"comment_status":"closed","ping_status":"closed","template":"","meta":{"_relevanssi_hide_post":"","_relevanssi_hide_content":"","_relevanssi_pin_for_all":"","_relevanssi_pin_keywords":"","_relevanssi_unpin_keywords":"","_relevanssi_related_keywords":"","_relevanssi_related_include_ids":"","_relevanssi_related_exclude_ids":"","_relevanssi_related_no_append":"","_relevanssi_related_not_related":"","_relevanssi_related_posts":"","_relevanssi_noindex_reason":"","footnotes":""},"class_list":["post-7928","page","type-page","status-publish","hentry","no-post-thumbnail"],"yoast_head":"<!-- This site is optimized with the Yoast SEO plugin v27.2 - https:\/\/yoast.com\/product\/yoast-seo-wordpress\/ -->\n<title>For grupper - Fruktbygda<\/title>\n<meta name=\"robots\" content=\"index, follow, max-snippet:-1, max-image-preview:large, max-video-preview:-1\" \/>\n<link rel=\"canonical\" href=\"https:\/\/visitbo.no\/fruktbygda\/grupper\/\" \/>\n<meta property=\"og:locale\" content=\"nb_NO\" \/>\n<meta property=\"og:type\" content=\"article\" \/>\n<meta property=\"og:title\" content=\"For grupper - Fruktbygda\" \/>\n<meta property=\"og:description\" content=\"Fruktbygda kan by p\u00e5 flere gode alternativer for deg som vil ta med din gruppe til omr\u00e5det. Vi nevner Eplemostsmaking Vinsmaking \u00d8lsmaking Bedriftsbes\u00f8k hos presserier og pakkeri Historiefortelling Innf\u00f8ring i fruktdyrking Lokal matkultur Gallerier Cruise p\u00e5 Telemarkskanalen Flere spisesteder som reflekterer lokalmat G\u00e5rdsbutikkutsalg Selvplukk Overnatting Ta kontakt med oss p\u00e5 Norsj\u00f8 Hotell for \u00e5 skreddersy din opplevelse, epost: post@norsjohotell.no eller ... Read More\" \/>\n<meta property=\"og:url\" content=\"https:\/\/visitbo.no\/fruktbygda\/grupper\/\" \/>\n<meta property=\"og:site_name\" content=\"Fruktbygda\" \/>\n<meta property=\"article:modified_time\" content=\"2021-01-12T10:54:42+00:00\" \/>\n<meta name=\"twitter:card\" content=\"summary_large_image\" \/>\n<meta name=\"twitter:label1\" content=\"Ansl. lesetid\" \/>\n\t<meta name=\"twitter:data1\" content=\"2 minutter\" \/>\n<script type=\"application\/ld+json\" class=\"yoast-schema-graph\">{\"@context\":\"https:\/\/schema.org\",\"@graph\":[{\"@type\":\"WebPage\",\"@id\":\"https:\/\/visitbo.no\/fruktbygda\/grupper\/\",\"url\":\"https:\/\/visitbo.no\/fruktbygda\/grupper\/\",\"name\":\"For grupper - Fruktbygda\",\"isPartOf\":{\"@id\":\"https:\/\/visitbo.no\/fruktbygda\/#website\"},\"datePublished\":\"2020-02-24T12:07:51+00:00\",\"dateModified\":\"2021-01-12T10:54:42+00:00\",\"breadcrumb\":{\"@id\":\"https:\/\/visitbo.no\/fruktbygda\/grupper\/#breadcrumb\"},\"inLanguage\":\"nb-NO\",\"potentialAction\":[{\"@type\":\"ReadAction\",\"target\":[\"https:\/\/visitbo.no\/fruktbygda\/grupper\/\"]}]},{\"@type\":\"BreadcrumbList\",\"@id\":\"https:\/\/visitbo.no\/fruktbygda\/grupper\/#breadcrumb\",\"itemListElement\":[{\"@type\":\"ListItem\",\"position\":1,\"name\":\"Hjem\",\"item\":\"https:\/\/visitbo.no\/fruktbygda\/\"},{\"@type\":\"ListItem\",\"position\":2,\"name\":\"For grupper\"}]},{\"@type\":\"WebSite\",\"@id\":\"https:\/\/visitbo.no\/fruktbygda\/#website\",\"url\":\"https:\/\/visitbo.no\/fruktbygda\/\",\"name\":\"Fruktbygda\",\"description\":\"One online experience - for everything your destination has to offer.\",\"potentialAction\":[{\"@type\":\"SearchAction\",\"target\":{\"@type\":\"EntryPoint\",\"urlTemplate\":\"https:\/\/visitbo.no\/fruktbygda\/?s={search_term_string}\"},\"query-input\":{\"@type\":\"PropertyValueSpecification\",\"valueRequired\":true,\"valueName\":\"search_term_string\"}}],\"inLanguage\":\"nb-NO\"}]}<\/script>\n<!-- \/ Yoast SEO plugin. -->","yoast_head_json":{"title":"For grupper - Fruktbygda","robots":{"index":"index","follow":"follow","max-snippet":"max-snippet:-1","max-image-preview":"max-image-preview:large","max-video-preview":"max-video-preview:-1"},"canonical":"https:\/\/visitbo.no\/fruktbygda\/grupper\/","og_locale":"nb_NO","og_type":"article","og_title":"For grupper - Fruktbygda","og_description":"Fruktbygda kan by p\u00e5 flere gode alternativer for deg som vil ta med din gruppe til omr\u00e5det. Vi nevner Eplemostsmaking Vinsmaking \u00d8lsmaking Bedriftsbes\u00f8k hos presserier og pakkeri Historiefortelling Innf\u00f8ring i fruktdyrking Lokal matkultur Gallerier Cruise p\u00e5 Telemarkskanalen Flere spisesteder som reflekterer lokalmat G\u00e5rdsbutikkutsalg Selvplukk Overnatting Ta kontakt med oss p\u00e5 Norsj\u00f8 Hotell for \u00e5 skreddersy din opplevelse, epost: post@norsjohotell.no eller ... Read More","og_url":"https:\/\/visitbo.no\/fruktbygda\/grupper\/","og_site_name":"Fruktbygda","article_modified_time":"2021-01-12T10:54:42+00:00","twitter_card":"summary_large_image","twitter_misc":{"Ansl. lesetid":"2 minutter"},"schema":{"@context":"https:\/\/schema.org","@graph":[{"@type":"WebPage","@id":"https:\/\/visitbo.no\/fruktbygda\/grupper\/","url":"https:\/\/visitbo.no\/fruktbygda\/grupper\/","name":"For grupper - Fruktbygda","isPartOf":{"@id":"https:\/\/visitbo.no\/fruktbygda\/#website"},"datePublished":"2020-02-24T12:07:51+00:00","dateModified":"2021-01-12T10:54:42+00:00","breadcrumb":{"@id":"https:\/\/visitbo.no\/fruktbygda\/grupper\/#breadcrumb"},"inLanguage":"nb-NO","potentialAction":[{"@type":"ReadAction","target":["https:\/\/visitbo.no\/fruktbygda\/grupper\/"]}]},{"@type":"BreadcrumbList","@id":"https:\/\/visitbo.no\/fruktbygda\/grupper\/#breadcrumb","itemListElement":[{"@type":"ListItem","position":1,"name":"Hjem","item":"https:\/\/visitbo.no\/fruktbygda\/"},{"@type":"ListItem","position":2,"name":"For grupper"}]},{"@type":"WebSite","@id":"https:\/\/visitbo.no\/fruktbygda\/#website","url":"https:\/\/visitbo.no\/fruktbygda\/","name":"Fruktbygda","description":"One online experience - for everything your destination has to offer.","potentialAction":[{"@type":"SearchAction","target":{"@type":"EntryPoint","urlTemplate":"https:\/\/visitbo.no\/fruktbygda\/?s={search_term_string}"},"query-input":{"@type":"PropertyValueSpecification","valueRequired":true,"valueName":"search_term_string"}}],"inLanguage":"nb-NO"}]}},"_links":{"self":[{"href":"https:\/\/visitbo.no\/fruktbygda\/wp-json\/wp\/v2\/pages\/7928","targetHints":{"allow":["GET"]}}],"collection":[{"href":"https:\/\/visitbo.no\/fruktbygda\/wp-json\/wp\/v2\/pages"}],"about":[{"href":"https:\/\/visitbo.no\/fruktbygda\/wp-json\/wp\/v2\/types\/page"}],"author":[{"embeddable":true,"href":"https:\/\/visitbo.no\/fruktbygda\/wp-json\/wp\/v2\/users\/6"}],"replies":[{"embeddable":true,"href":"https:\/\/visitbo.no\/fruktbygda\/wp-json\/wp\/v2\/comments?post=7928"}],"version-history":[{"count":6,"href":"https:\/\/visitbo.no\/fruktbygda\/wp-json\/wp\/v2\/pages\/7928\/revisions"}],"predecessor-version":[{"id":8171,"href":"https:\/\/visitbo.no\/fruktbygda\/wp-json\/wp\/v2\/pages\/7928\/revisions\/8171"}],"wp:attachment":[{"href":"https:\/\/visitbo.no\/fruktbygda\/wp-json\/wp\/v2\/media?parent=7928"}],"curies":[{"name":"wp","href":"https:\/\/api.w.org\/{rel}","templated":true}]}}