{"id":7935,"date":"2020-02-24T13:11:50","date_gmt":"2020-02-24T12:11:50","guid":{"rendered":"https:\/\/visitbo.no\/fruktbygda\/?page_id=7935"},"modified":"2020-02-24T13:38:15","modified_gmt":"2020-02-24T12:38:15","slug":"omoss","status":"publish","type":"page","link":"https:\/\/visitbo.no\/fruktbygda\/omoss\/","title":{"rendered":"Om oss"},"content":{"rendered":"<div id=\"cs-content\" class=\"cs-content\"><\/div>\n","protected":false},"excerpt":{"rendered":"<p>Fruktbygda samverkef\u00f8retak ble dannet 8. desember 2014 da 13 gjestfrie bedrifter gikk sammen. Fruktbygda gleder seg daglig over et forfriskende duft &#8211; og smaksunivers basert p\u00e5 500 000 tre i fruktlandskapet p\u00e5 Gvarv i Telemark. N\u00e5 vil de dele dette med flere! Fruktbygdas smaker har vunnet mange priser &#8211; Norges beste eplemost, Norges beste \u00f8l, Norges andre beste skinke (av &#8230; <\/p>\n<div><a href=\"https:\/\/visitbo.no\/fruktbygda\/omoss\/\" class=\"more-link\">Read More<\/a><\/div>\n","protected":false},"author":6,"featured_media":0,"parent":0,"menu_order":3,"comment_status":"closed","ping_status":"closed","template":"","meta":{"_relevanssi_hide_post":"","_relevanssi_hide_content":"","_relevanssi_pin_for_all":"","_relevanssi_pin_keywords":"","_relevanssi_unpin_keywords":"","_relevanssi_related_keywords":"","_relevanssi_related_include_ids":"","_relevanssi_related_exclude_ids":"","_relevanssi_related_no_append":"","_relevanssi_related_not_related":"","_relevanssi_related_posts":"","_relevanssi_noindex_reason":"","footnotes":""},"class_list":["post-7935","page","type-page","status-publish","hentry","no-post-thumbnail"],"yoast_head":"<!-- This site is optimized with the Yoast SEO plugin v27.2 - https:\/\/yoast.com\/product\/yoast-seo-wordpress\/ -->\n<title>Om oss - Fruktbygda<\/title>\n<meta name=\"robots\" content=\"index, follow, max-snippet:-1, max-image-preview:large, max-video-preview:-1\" \/>\n<link rel=\"canonical\" href=\"https:\/\/visitbo.no\/fruktbygda\/omoss\/\" \/>\n<meta property=\"og:locale\" content=\"nb_NO\" \/>\n<meta property=\"og:type\" content=\"article\" \/>\n<meta property=\"og:title\" content=\"Om oss - Fruktbygda\" \/>\n<meta property=\"og:description\" content=\"Fruktbygda samverkef\u00f8retak ble dannet 8. desember 2014 da 13 gjestfrie bedrifter gikk sammen. Fruktbygda gleder seg daglig over et forfriskende duft - og smaksunivers basert p\u00e5 500 000 tre i fruktlandskapet p\u00e5 Gvarv i Telemark. N\u00e5 vil de dele dette med flere! Fruktbygdas smaker har vunnet mange priser - Norges beste eplemost, Norges beste \u00f8l, Norges andre beste skinke (av ... Read More\" \/>\n<meta property=\"og:url\" content=\"https:\/\/visitbo.no\/fruktbygda\/omoss\/\" \/>\n<meta property=\"og:site_name\" content=\"Fruktbygda\" \/>\n<meta property=\"article:modified_time\" content=\"2020-02-24T12:38:15+00:00\" \/>\n<meta name=\"twitter:card\" content=\"summary_large_image\" \/>\n<meta name=\"twitter:label1\" content=\"Ansl. lesetid\" \/>\n\t<meta name=\"twitter:data1\" content=\"2 minutter\" \/>\n<script type=\"application\/ld+json\" class=\"yoast-schema-graph\">{\"@context\":\"https:\/\/schema.org\",\"@graph\":[{\"@type\":\"WebPage\",\"@id\":\"https:\/\/visitbo.no\/fruktbygda\/omoss\/\",\"url\":\"https:\/\/visitbo.no\/fruktbygda\/omoss\/\",\"name\":\"Om oss - Fruktbygda\",\"isPartOf\":{\"@id\":\"https:\/\/visitbo.no\/fruktbygda\/#website\"},\"datePublished\":\"2020-02-24T12:11:50+00:00\",\"dateModified\":\"2020-02-24T12:38:15+00:00\",\"breadcrumb\":{\"@id\":\"https:\/\/visitbo.no\/fruktbygda\/omoss\/#breadcrumb\"},\"inLanguage\":\"nb-NO\",\"potentialAction\":[{\"@type\":\"ReadAction\",\"target\":[\"https:\/\/visitbo.no\/fruktbygda\/omoss\/\"]}]},{\"@type\":\"BreadcrumbList\",\"@id\":\"https:\/\/visitbo.no\/fruktbygda\/omoss\/#breadcrumb\",\"itemListElement\":[{\"@type\":\"ListItem\",\"position\":1,\"name\":\"Hjem\",\"item\":\"https:\/\/visitbo.no\/fruktbygda\/\"},{\"@type\":\"ListItem\",\"position\":2,\"name\":\"Om oss\"}]},{\"@type\":\"WebSite\",\"@id\":\"https:\/\/visitbo.no\/fruktbygda\/#website\",\"url\":\"https:\/\/visitbo.no\/fruktbygda\/\",\"name\":\"Fruktbygda\",\"description\":\"One online experience - for everything your destination has to offer.\",\"potentialAction\":[{\"@type\":\"SearchAction\",\"target\":{\"@type\":\"EntryPoint\",\"urlTemplate\":\"https:\/\/visitbo.no\/fruktbygda\/?s={search_term_string}\"},\"query-input\":{\"@type\":\"PropertyValueSpecification\",\"valueRequired\":true,\"valueName\":\"search_term_string\"}}],\"inLanguage\":\"nb-NO\"}]}<\/script>\n<!-- \/ Yoast SEO plugin. -->","yoast_head_json":{"title":"Om oss - Fruktbygda","robots":{"index":"index","follow":"follow","max-snippet":"max-snippet:-1","max-image-preview":"max-image-preview:large","max-video-preview":"max-video-preview:-1"},"canonical":"https:\/\/visitbo.no\/fruktbygda\/omoss\/","og_locale":"nb_NO","og_type":"article","og_title":"Om oss - Fruktbygda","og_description":"Fruktbygda samverkef\u00f8retak ble dannet 8. desember 2014 da 13 gjestfrie bedrifter gikk sammen. Fruktbygda gleder seg daglig over et forfriskende duft - og smaksunivers basert p\u00e5 500 000 tre i fruktlandskapet p\u00e5 Gvarv i Telemark. N\u00e5 vil de dele dette med flere! Fruktbygdas smaker har vunnet mange priser - Norges beste eplemost, Norges beste \u00f8l, Norges andre beste skinke (av ... Read More","og_url":"https:\/\/visitbo.no\/fruktbygda\/omoss\/","og_site_name":"Fruktbygda","article_modified_time":"2020-02-24T12:38:15+00:00","twitter_card":"summary_large_image","twitter_misc":{"Ansl. lesetid":"2 minutter"},"schema":{"@context":"https:\/\/schema.org","@graph":[{"@type":"WebPage","@id":"https:\/\/visitbo.no\/fruktbygda\/omoss\/","url":"https:\/\/visitbo.no\/fruktbygda\/omoss\/","name":"Om oss - Fruktbygda","isPartOf":{"@id":"https:\/\/visitbo.no\/fruktbygda\/#website"},"datePublished":"2020-02-24T12:11:50+00:00","dateModified":"2020-02-24T12:38:15+00:00","breadcrumb":{"@id":"https:\/\/visitbo.no\/fruktbygda\/omoss\/#breadcrumb"},"inLanguage":"nb-NO","potentialAction":[{"@type":"ReadAction","target":["https:\/\/visitbo.no\/fruktbygda\/omoss\/"]}]},{"@type":"BreadcrumbList","@id":"https:\/\/visitbo.no\/fruktbygda\/omoss\/#breadcrumb","itemListElement":[{"@type":"ListItem","position":1,"name":"Hjem","item":"https:\/\/visitbo.no\/fruktbygda\/"},{"@type":"ListItem","position":2,"name":"Om oss"}]},{"@type":"WebSite","@id":"https:\/\/visitbo.no\/fruktbygda\/#website","url":"https:\/\/visitbo.no\/fruktbygda\/","name":"Fruktbygda","description":"One online experience - for everything your destination has to offer.","potentialAction":[{"@type":"SearchAction","target":{"@type":"EntryPoint","urlTemplate":"https:\/\/visitbo.no\/fruktbygda\/?s={search_term_string}"},"query-input":{"@type":"PropertyValueSpecification","valueRequired":true,"valueName":"search_term_string"}}],"inLanguage":"nb-NO"}]}},"_links":{"self":[{"href":"https:\/\/visitbo.no\/fruktbygda\/wp-json\/wp\/v2\/pages\/7935","targetHints":{"allow":["GET"]}}],"collection":[{"href":"https:\/\/visitbo.no\/fruktbygda\/wp-json\/wp\/v2\/pages"}],"about":[{"href":"https:\/\/visitbo.no\/fruktbygda\/wp-json\/wp\/v2\/types\/page"}],"author":[{"embeddable":true,"href":"https:\/\/visitbo.no\/fruktbygda\/wp-json\/wp\/v2\/users\/6"}],"replies":[{"embeddable":true,"href":"https:\/\/visitbo.no\/fruktbygda\/wp-json\/wp\/v2\/comments?post=7935"}],"version-history":[{"count":2,"href":"https:\/\/visitbo.no\/fruktbygda\/wp-json\/wp\/v2\/pages\/7935\/revisions"}],"predecessor-version":[{"id":7947,"href":"https:\/\/visitbo.no\/fruktbygda\/wp-json\/wp\/v2\/pages\/7935\/revisions\/7947"}],"wp:attachment":[{"href":"https:\/\/visitbo.no\/fruktbygda\/wp-json\/wp\/v2\/media?parent=7935"}],"curies":[{"name":"wp","href":"https:\/\/api.w.org\/{rel}","templated":true}]}}