{"id":8043,"date":"2020-04-29T12:01:48","date_gmt":"2020-04-29T10:01:48","guid":{"rendered":"https:\/\/visitbo.no\/fruktbygda\/?page_id=8043"},"modified":"2023-05-03T08:42:49","modified_gmt":"2023-05-03T06:42:49","slug":"nyhuus-gard","status":"publish","type":"page","link":"https:\/\/visitbo.no\/fruktbygda\/tilbydereseksjon\/nyhuus-gard\/","title":{"rendered":"Galleri Nyhuus og Nyhuus Gard"},"content":{"rendered":"<div id=\"cs-content\" class=\"cs-content\"><\/div>\n","protected":false},"excerpt":{"rendered":"<p>Kunst i et fruktbart milj\u00f8 Et bes\u00f8k p\u00e5 Nyhuus er en sammensveiset opplevelse av g\u00e5rdskultur, fruktsmak og estetikk.\u00a0Du vil beundre frukthagene med 12 000 frukttre av ulike slag, det velstelte tunet og de ekte smakene. I g\u00e5rdsbutikken f\u00e5r du kj\u00f8pt frukt, eplemost, syltet\u00f8y, saft, geleer og honning m.m.\u00a0Eplesaften fra Nyhuus ble i 2015 k\u00e5ret til Norges beste eplemost og to &#8230; <\/p>\n<div><a href=\"https:\/\/visitbo.no\/fruktbygda\/tilbydereseksjon\/nyhuus-gard\/\" class=\"more-link\">Read More<\/a><\/div>\n","protected":false},"author":36,"featured_media":0,"parent":7937,"menu_order":3,"comment_status":"closed","ping_status":"closed","template":"","meta":{"_relevanssi_hide_post":"","_relevanssi_hide_content":"","_relevanssi_pin_for_all":"","_relevanssi_pin_keywords":"","_relevanssi_unpin_keywords":"","_relevanssi_related_keywords":"","_relevanssi_related_include_ids":"","_relevanssi_related_exclude_ids":"","_relevanssi_related_no_append":"","_relevanssi_related_not_related":"","_relevanssi_related_posts":"","_relevanssi_noindex_reason":"","footnotes":""},"class_list":["post-8043","page","type-page","status-publish","hentry","no-post-thumbnail"],"yoast_head":"<!-- This site is optimized with the Yoast SEO plugin v27.2 - https:\/\/yoast.com\/product\/yoast-seo-wordpress\/ -->\n<title>Galleri Nyhuus og Nyhuus Gard - Fruktbygda<\/title>\n<meta name=\"description\" content=\"Et bes\u00f8k p\u00e5 Nyhuus er en sammensveiset opplevelse av g\u00e5rdskultur, fruktsmak og estetikk. Prisvinnende eplemost.\" \/>\n<meta name=\"robots\" content=\"index, follow, max-snippet:-1, max-image-preview:large, max-video-preview:-1\" \/>\n<link rel=\"canonical\" href=\"https:\/\/visitbo.no\/fruktbygda\/tilbydereseksjon\/nyhuus-gard\/\" \/>\n<meta property=\"og:locale\" content=\"nb_NO\" \/>\n<meta property=\"og:type\" content=\"article\" \/>\n<meta property=\"og:title\" content=\"Galleri Nyhuus og Nyhuus Gard - Fruktbygda\" \/>\n<meta property=\"og:description\" content=\"Et bes\u00f8k p\u00e5 Nyhuus er en sammensveiset opplevelse av g\u00e5rdskultur, fruktsmak og estetikk. Prisvinnende eplemost.\" \/>\n<meta property=\"og:url\" content=\"https:\/\/visitbo.no\/fruktbygda\/tilbydereseksjon\/nyhuus-gard\/\" \/>\n<meta property=\"og:site_name\" content=\"Fruktbygda\" \/>\n<meta property=\"article:modified_time\" content=\"2023-05-03T06:42:49+00:00\" \/>\n<meta name=\"twitter:card\" content=\"summary_large_image\" \/>\n<meta name=\"twitter:label1\" content=\"Ansl. lesetid\" \/>\n\t<meta name=\"twitter:data1\" content=\"2 minutter\" \/>\n<script type=\"application\/ld+json\" class=\"yoast-schema-graph\">{\"@context\":\"https:\/\/schema.org\",\"@graph\":[{\"@type\":\"WebPage\",\"@id\":\"https:\/\/visitbo.no\/fruktbygda\/tilbydereseksjon\/nyhuus-gard\/\",\"url\":\"https:\/\/visitbo.no\/fruktbygda\/tilbydereseksjon\/nyhuus-gard\/\",\"name\":\"Galleri Nyhuus og Nyhuus Gard - Fruktbygda\",\"isPartOf\":{\"@id\":\"https:\/\/visitbo.no\/fruktbygda\/#website\"},\"datePublished\":\"2020-04-29T10:01:48+00:00\",\"dateModified\":\"2023-05-03T06:42:49+00:00\",\"description\":\"Et bes\u00f8k p\u00e5 Nyhuus er en sammensveiset opplevelse av g\u00e5rdskultur, fruktsmak og estetikk. Prisvinnende eplemost.\",\"breadcrumb\":{\"@id\":\"https:\/\/visitbo.no\/fruktbygda\/tilbydereseksjon\/nyhuus-gard\/#breadcrumb\"},\"inLanguage\":\"nb-NO\",\"potentialAction\":[{\"@type\":\"ReadAction\",\"target\":[\"https:\/\/visitbo.no\/fruktbygda\/tilbydereseksjon\/nyhuus-gard\/\"]}]},{\"@type\":\"BreadcrumbList\",\"@id\":\"https:\/\/visitbo.no\/fruktbygda\/tilbydereseksjon\/nyhuus-gard\/#breadcrumb\",\"itemListElement\":[{\"@type\":\"ListItem\",\"position\":1,\"name\":\"Hjem\",\"item\":\"https:\/\/visitbo.no\/fruktbygda\/\"},{\"@type\":\"ListItem\",\"position\":2,\"name\":\"Tilbydere-Seksjonsside\",\"item\":\"https:\/\/visitbo.no\/fruktbygda\/tilbydereseksjon\/\"},{\"@type\":\"ListItem\",\"position\":3,\"name\":\"Galleri Nyhuus og Nyhuus Gard\"}]},{\"@type\":\"WebSite\",\"@id\":\"https:\/\/visitbo.no\/fruktbygda\/#website\",\"url\":\"https:\/\/visitbo.no\/fruktbygda\/\",\"name\":\"Fruktbygda\",\"description\":\"One online experience - for everything your destination has to offer.\",\"potentialAction\":[{\"@type\":\"SearchAction\",\"target\":{\"@type\":\"EntryPoint\",\"urlTemplate\":\"https:\/\/visitbo.no\/fruktbygda\/?s={search_term_string}\"},\"query-input\":{\"@type\":\"PropertyValueSpecification\",\"valueRequired\":true,\"valueName\":\"search_term_string\"}}],\"inLanguage\":\"nb-NO\"}]}<\/script>\n<!-- \/ Yoast SEO plugin. -->","yoast_head_json":{"title":"Galleri Nyhuus og Nyhuus Gard - Fruktbygda","description":"Et bes\u00f8k p\u00e5 Nyhuus er en sammensveiset opplevelse av g\u00e5rdskultur, fruktsmak og estetikk. Prisvinnende eplemost.","robots":{"index":"index","follow":"follow","max-snippet":"max-snippet:-1","max-image-preview":"max-image-preview:large","max-video-preview":"max-video-preview:-1"},"canonical":"https:\/\/visitbo.no\/fruktbygda\/tilbydereseksjon\/nyhuus-gard\/","og_locale":"nb_NO","og_type":"article","og_title":"Galleri Nyhuus og Nyhuus Gard - Fruktbygda","og_description":"Et bes\u00f8k p\u00e5 Nyhuus er en sammensveiset opplevelse av g\u00e5rdskultur, fruktsmak og estetikk. Prisvinnende eplemost.","og_url":"https:\/\/visitbo.no\/fruktbygda\/tilbydereseksjon\/nyhuus-gard\/","og_site_name":"Fruktbygda","article_modified_time":"2023-05-03T06:42:49+00:00","twitter_card":"summary_large_image","twitter_misc":{"Ansl. lesetid":"2 minutter"},"schema":{"@context":"https:\/\/schema.org","@graph":[{"@type":"WebPage","@id":"https:\/\/visitbo.no\/fruktbygda\/tilbydereseksjon\/nyhuus-gard\/","url":"https:\/\/visitbo.no\/fruktbygda\/tilbydereseksjon\/nyhuus-gard\/","name":"Galleri Nyhuus og Nyhuus Gard - Fruktbygda","isPartOf":{"@id":"https:\/\/visitbo.no\/fruktbygda\/#website"},"datePublished":"2020-04-29T10:01:48+00:00","dateModified":"2023-05-03T06:42:49+00:00","description":"Et bes\u00f8k p\u00e5 Nyhuus er en sammensveiset opplevelse av g\u00e5rdskultur, fruktsmak og estetikk. Prisvinnende eplemost.","breadcrumb":{"@id":"https:\/\/visitbo.no\/fruktbygda\/tilbydereseksjon\/nyhuus-gard\/#breadcrumb"},"inLanguage":"nb-NO","potentialAction":[{"@type":"ReadAction","target":["https:\/\/visitbo.no\/fruktbygda\/tilbydereseksjon\/nyhuus-gard\/"]}]},{"@type":"BreadcrumbList","@id":"https:\/\/visitbo.no\/fruktbygda\/tilbydereseksjon\/nyhuus-gard\/#breadcrumb","itemListElement":[{"@type":"ListItem","position":1,"name":"Hjem","item":"https:\/\/visitbo.no\/fruktbygda\/"},{"@type":"ListItem","position":2,"name":"Tilbydere-Seksjonsside","item":"https:\/\/visitbo.no\/fruktbygda\/tilbydereseksjon\/"},{"@type":"ListItem","position":3,"name":"Galleri Nyhuus og Nyhuus Gard"}]},{"@type":"WebSite","@id":"https:\/\/visitbo.no\/fruktbygda\/#website","url":"https:\/\/visitbo.no\/fruktbygda\/","name":"Fruktbygda","description":"One online experience - for everything your destination has to offer.","potentialAction":[{"@type":"SearchAction","target":{"@type":"EntryPoint","urlTemplate":"https:\/\/visitbo.no\/fruktbygda\/?s={search_term_string}"},"query-input":{"@type":"PropertyValueSpecification","valueRequired":true,"valueName":"search_term_string"}}],"inLanguage":"nb-NO"}]}},"_links":{"self":[{"href":"https:\/\/visitbo.no\/fruktbygda\/wp-json\/wp\/v2\/pages\/8043","targetHints":{"allow":["GET"]}}],"collection":[{"href":"https:\/\/visitbo.no\/fruktbygda\/wp-json\/wp\/v2\/pages"}],"about":[{"href":"https:\/\/visitbo.no\/fruktbygda\/wp-json\/wp\/v2\/types\/page"}],"author":[{"embeddable":true,"href":"https:\/\/visitbo.no\/fruktbygda\/wp-json\/wp\/v2\/users\/36"}],"replies":[{"embeddable":true,"href":"https:\/\/visitbo.no\/fruktbygda\/wp-json\/wp\/v2\/comments?post=8043"}],"version-history":[{"count":14,"href":"https:\/\/visitbo.no\/fruktbygda\/wp-json\/wp\/v2\/pages\/8043\/revisions"}],"predecessor-version":[{"id":8394,"href":"https:\/\/visitbo.no\/fruktbygda\/wp-json\/wp\/v2\/pages\/8043\/revisions\/8394"}],"up":[{"embeddable":true,"href":"https:\/\/visitbo.no\/fruktbygda\/wp-json\/wp\/v2\/pages\/7937"}],"wp:attachment":[{"href":"https:\/\/visitbo.no\/fruktbygda\/wp-json\/wp\/v2\/media?parent=8043"}],"curies":[{"name":"wp","href":"https:\/\/api.w.org\/{rel}","templated":true}]}}