{"id":2,"date":"2012-04-11T16:34:42","date_gmt":"2012-04-11T14:34:42","guid":{"rendered":"https:\/\/tonto.wp.oppdateringsfabrikken.no\/?page_id=2"},"modified":"2025-03-17T13:54:07","modified_gmt":"2025-03-17T12:54:07","slug":"forside","status":"publish","type":"page","link":"https:\/\/visitbo.no\/gullbring\/","title":{"rendered":"Gullbring Kulturhus"},"content":{"rendered":"<div id=\"cs-content\" class=\"cs-content\"><\/div>\n","protected":false},"excerpt":{"rendered":"<p>Gullbring Kulturhus Kino, konsert- og teatersal, kaf\u00e9, galleri og badGullbring i B\u00f8 i Midt-Telemark er et regionalt kulturhus med teatersal, kino, sv\u00f8mmebasseng, galleri, kaf\u00e9 og idrettshall. Anlegget egner seg veldig godt for m\u00f8te- og konferansevirksomhet og kan huse opp til 396 deltagere i storsalen. Bes\u00f8k nettsiden v\u00e5r for kommende aktiviteter i B\u00f8. Kontakt oss! Gullbringvegen 34, 3800 B\u00f835 06 03 &#8230; <\/p>\n<div><a href=\"https:\/\/visitbo.no\/gullbring\/\" class=\"more-link\">Read More<\/a><\/div>\n","protected":false},"author":1,"featured_media":0,"parent":0,"menu_order":0,"comment_status":"closed","ping_status":"closed","template":"template-blank-4.php","meta":{"_relevanssi_hide_post":"","_relevanssi_hide_content":"","_relevanssi_pin_for_all":"","_relevanssi_pin_keywords":"","_relevanssi_unpin_keywords":"","_relevanssi_related_keywords":"","_relevanssi_related_include_ids":"","_relevanssi_related_exclude_ids":"","_relevanssi_related_no_append":"","_relevanssi_related_not_related":"","_relevanssi_related_posts":"","_relevanssi_noindex_reason":"","footnotes":""},"class_list":["post-2","page","type-page","status-publish","hentry","no-post-thumbnail"],"yoast_head":"<!-- This site is optimized with the Yoast SEO plugin v27.2 - https:\/\/yoast.com\/product\/yoast-seo-wordpress\/ -->\n<title>Gullbring Kulturhus - Kultur og arrangementer i B\u00f8 i Telemark<\/title>\n<meta name=\"description\" content=\"Gullbring er et regionalt kulturhus med teatersal, kino, sv\u00f8mmebasseng, galleri, kaf\u00e9 og idrettshall.\u00a0Se her for kommende aktiviteter!\" \/>\n<meta name=\"robots\" content=\"index, follow, max-snippet:-1, max-image-preview:large, max-video-preview:-1\" \/>\n<link rel=\"canonical\" href=\"https:\/\/visitbo.no\/gullbring\/\" \/>\n<meta property=\"og:locale\" content=\"nb_NO\" \/>\n<meta property=\"og:type\" content=\"article\" \/>\n<meta property=\"og:title\" content=\"Gullbring Kulturhus - Kultur og arrangementer i B\u00f8 i Telemark\" \/>\n<meta property=\"og:description\" content=\"Gullbring er et regionalt kulturhus med teatersal, kino, sv\u00f8mmebasseng, galleri, kaf\u00e9 og idrettshall.\u00a0Se her for kommende aktiviteter!\" \/>\n<meta property=\"og:url\" content=\"https:\/\/visitbo.no\/gullbring\/\" \/>\n<meta property=\"og:site_name\" content=\"Gullbring Kulturanlegg\" \/>\n<meta property=\"article:modified_time\" content=\"2025-03-17T12:54:07+00:00\" \/>\n<meta name=\"twitter:card\" content=\"summary_large_image\" \/>\n<meta name=\"twitter:label1\" content=\"Ansl. lesetid\" \/>\n\t<meta name=\"twitter:data1\" content=\"2 minutter\" \/>\n<script type=\"application\/ld+json\" class=\"yoast-schema-graph\">{\"@context\":\"https:\/\/schema.org\",\"@graph\":[{\"@type\":\"WebPage\",\"@id\":\"https:\/\/visitbo.no\/gullbring\/\",\"url\":\"https:\/\/visitbo.no\/gullbring\/\",\"name\":\"Gullbring Kulturhus - Kultur og arrangementer i B\u00f8 i Telemark\",\"isPartOf\":{\"@id\":\"https:\/\/visitbo.no\/gullbring\/#website\"},\"datePublished\":\"2012-04-11T14:34:42+00:00\",\"dateModified\":\"2025-03-17T12:54:07+00:00\",\"description\":\"Gullbring er et regionalt kulturhus med teatersal, kino, sv\u00f8mmebasseng, galleri, kaf\u00e9 og idrettshall.\u00a0Se her for kommende aktiviteter!\",\"breadcrumb\":{\"@id\":\"https:\/\/visitbo.no\/gullbring\/#breadcrumb\"},\"inLanguage\":\"nb-NO\",\"potentialAction\":[{\"@type\":\"ReadAction\",\"target\":[\"https:\/\/visitbo.no\/gullbring\/\"]}]},{\"@type\":\"BreadcrumbList\",\"@id\":\"https:\/\/visitbo.no\/gullbring\/#breadcrumb\",\"itemListElement\":[{\"@type\":\"ListItem\",\"position\":1,\"name\":\"Hjem\",\"item\":\"https:\/\/visitbo.no\/gullbring\/\"},{\"@type\":\"ListItem\",\"position\":2,\"name\":\"Gullbring Kulturhus\"}]},{\"@type\":\"WebSite\",\"@id\":\"https:\/\/visitbo.no\/gullbring\/#website\",\"url\":\"https:\/\/visitbo.no\/gullbring\/\",\"name\":\"Gullbring Kulturanlegg\",\"description\":\"One online experience - for everything your destination has to offer.\",\"potentialAction\":[{\"@type\":\"SearchAction\",\"target\":{\"@type\":\"EntryPoint\",\"urlTemplate\":\"https:\/\/visitbo.no\/gullbring\/?s={search_term_string}\"},\"query-input\":{\"@type\":\"PropertyValueSpecification\",\"valueRequired\":true,\"valueName\":\"search_term_string\"}}],\"inLanguage\":\"nb-NO\"}]}<\/script>\n<!-- \/ Yoast SEO plugin. -->","yoast_head_json":{"title":"Gullbring Kulturhus - Kultur og arrangementer i B\u00f8 i Telemark","description":"Gullbring er et regionalt kulturhus med teatersal, kino, sv\u00f8mmebasseng, galleri, kaf\u00e9 og idrettshall.\u00a0Se her for kommende aktiviteter!","robots":{"index":"index","follow":"follow","max-snippet":"max-snippet:-1","max-image-preview":"max-image-preview:large","max-video-preview":"max-video-preview:-1"},"canonical":"https:\/\/visitbo.no\/gullbring\/","og_locale":"nb_NO","og_type":"article","og_title":"Gullbring Kulturhus - Kultur og arrangementer i B\u00f8 i Telemark","og_description":"Gullbring er et regionalt kulturhus med teatersal, kino, sv\u00f8mmebasseng, galleri, kaf\u00e9 og idrettshall.\u00a0Se her for kommende aktiviteter!","og_url":"https:\/\/visitbo.no\/gullbring\/","og_site_name":"Gullbring Kulturanlegg","article_modified_time":"2025-03-17T12:54:07+00:00","twitter_card":"summary_large_image","twitter_misc":{"Ansl. lesetid":"2 minutter"},"schema":{"@context":"https:\/\/schema.org","@graph":[{"@type":"WebPage","@id":"https:\/\/visitbo.no\/gullbring\/","url":"https:\/\/visitbo.no\/gullbring\/","name":"Gullbring Kulturhus - Kultur og arrangementer i B\u00f8 i Telemark","isPartOf":{"@id":"https:\/\/visitbo.no\/gullbring\/#website"},"datePublished":"2012-04-11T14:34:42+00:00","dateModified":"2025-03-17T12:54:07+00:00","description":"Gullbring er et regionalt kulturhus med teatersal, kino, sv\u00f8mmebasseng, galleri, kaf\u00e9 og idrettshall.\u00a0Se her for kommende aktiviteter!","breadcrumb":{"@id":"https:\/\/visitbo.no\/gullbring\/#breadcrumb"},"inLanguage":"nb-NO","potentialAction":[{"@type":"ReadAction","target":["https:\/\/visitbo.no\/gullbring\/"]}]},{"@type":"BreadcrumbList","@id":"https:\/\/visitbo.no\/gullbring\/#breadcrumb","itemListElement":[{"@type":"ListItem","position":1,"name":"Hjem","item":"https:\/\/visitbo.no\/gullbring\/"},{"@type":"ListItem","position":2,"name":"Gullbring Kulturhus"}]},{"@type":"WebSite","@id":"https:\/\/visitbo.no\/gullbring\/#website","url":"https:\/\/visitbo.no\/gullbring\/","name":"Gullbring Kulturanlegg","description":"One online experience - for everything your destination has to offer.","potentialAction":[{"@type":"SearchAction","target":{"@type":"EntryPoint","urlTemplate":"https:\/\/visitbo.no\/gullbring\/?s={search_term_string}"},"query-input":{"@type":"PropertyValueSpecification","valueRequired":true,"valueName":"search_term_string"}}],"inLanguage":"nb-NO"}]}},"_links":{"self":[{"href":"https:\/\/visitbo.no\/gullbring\/wp-json\/wp\/v2\/pages\/2","targetHints":{"allow":["GET"]}}],"collection":[{"href":"https:\/\/visitbo.no\/gullbring\/wp-json\/wp\/v2\/pages"}],"about":[{"href":"https:\/\/visitbo.no\/gullbring\/wp-json\/wp\/v2\/types\/page"}],"author":[{"embeddable":true,"href":"https:\/\/visitbo.no\/gullbring\/wp-json\/wp\/v2\/users\/1"}],"replies":[{"embeddable":true,"href":"https:\/\/visitbo.no\/gullbring\/wp-json\/wp\/v2\/comments?post=2"}],"version-history":[{"count":142,"href":"https:\/\/visitbo.no\/gullbring\/wp-json\/wp\/v2\/pages\/2\/revisions"}],"predecessor-version":[{"id":7938,"href":"https:\/\/visitbo.no\/gullbring\/wp-json\/wp\/v2\/pages\/2\/revisions\/7938"}],"wp:attachment":[{"href":"https:\/\/visitbo.no\/gullbring\/wp-json\/wp\/v2\/media?parent=2"}],"curies":[{"name":"wp","href":"https:\/\/api.w.org\/{rel}","templated":true}]}}