{"id":8109,"date":"2012-04-11T16:34:42","date_gmt":"2012-04-11T14:34:42","guid":{"rendered":"https:\/\/visitbo.no\/gvarv-frukt-baer\/gvarv-frukt-baer-en\/"},"modified":"2025-09-16T15:04:59","modified_gmt":"2025-09-16T13:04:59","slug":"forside-2","status":"publish","type":"page","link":"https:\/\/visitbo.no\/gvarv-frukt-baer\/en\/","title":{"rendered":"Gvarv Frukt &#038; B\u00e6r &#8211; Farm Shop"},"content":{"rendered":"<div id=\"cs-content\" class=\"cs-content\"><\/div>\n","protected":false},"excerpt":{"rendered":"<p>Gvarv Frukt &amp; B\u00e6r Charming Farm Shop in The Fruit VillageThe farm shop Gvarv Frukt &amp; B\u00e6r in the Fruit Village Gvarv is a paradise for lovers of locally produced goods. Gvarv Frukt &amp; B\u00e6r features a charming stone-oven bakery where you can savor freshly baked homemade cakes. In the cozy outdoor area, you can relax with a delicious cup &#8230; <\/p>\n<div><a href=\"https:\/\/visitbo.no\/gvarv-frukt-baer\/en\/\" class=\"more-link\">Read More<\/a><\/div>\n","protected":false},"author":76,"featured_media":0,"parent":0,"menu_order":0,"comment_status":"closed","ping_status":"closed","template":"template-blank-4.php","meta":{"_relevanssi_hide_post":"","_relevanssi_hide_content":"","_relevanssi_pin_for_all":"","_relevanssi_pin_keywords":"","_relevanssi_unpin_keywords":"","_relevanssi_related_keywords":"","_relevanssi_related_include_ids":"","_relevanssi_related_exclude_ids":"","_relevanssi_related_no_append":"","_relevanssi_related_not_related":"","_relevanssi_related_posts":"","_relevanssi_noindex_reason":"","footnotes":""},"class_list":["post-8109","page","type-page","status-publish","hentry","no-post-thumbnail"],"yoast_head":"<!-- This site is optimized with the Yoast SEO plugin v27.2 - https:\/\/yoast.com\/product\/yoast-seo-wordpress\/ -->\n<title>Gvarv Frukt &amp; B\u00e6r \u2502 Farm Shop\u2502 Bakery \u2502 The Fruit Village<\/title>\n<meta name=\"description\" content=\"Welcome to Gvarv Frukt &amp; B\u00e6r in The Fruit Village! Here, you&#039;ll find locally produced products, berries, delicacies, and even pizza!\" \/>\n<meta name=\"robots\" content=\"index, follow, max-snippet:-1, max-image-preview:large, max-video-preview:-1\" \/>\n<link rel=\"canonical\" href=\"https:\/\/visitbo.no\/gvarv-frukt-baer\/en\/\" \/>\n<meta property=\"og:locale\" content=\"en_US\" \/>\n<meta property=\"og:type\" content=\"article\" \/>\n<meta property=\"og:title\" content=\"Gvarv Frukt &amp; B\u00e6r \u2502 Farm Shop\u2502 Bakery \u2502 The Fruit Village\" \/>\n<meta property=\"og:description\" content=\"Welcome to Gvarv Frukt &amp; B\u00e6r in The Fruit Village! Here, you&#039;ll find locally produced products, berries, delicacies, and even pizza!\" \/>\n<meta property=\"og:url\" content=\"https:\/\/visitbo.no\/gvarv-frukt-baer\/en\/\" \/>\n<meta property=\"og:site_name\" content=\"Gvarv Frukt &amp; B\u00e6r\" \/>\n<meta property=\"article:modified_time\" content=\"2025-09-16T13:04:59+00:00\" \/>\n<meta name=\"twitter:card\" content=\"summary_large_image\" \/>\n<meta name=\"twitter:label1\" content=\"Est. reading time\" \/>\n\t<meta name=\"twitter:data1\" content=\"2 minutes\" \/>\n<script type=\"application\/ld+json\" class=\"yoast-schema-graph\">{\"@context\":\"https:\/\/schema.org\",\"@graph\":[{\"@type\":\"WebPage\",\"@id\":\"https:\/\/visitbo.no\/gvarv-frukt-baer\/en\/\",\"url\":\"https:\/\/visitbo.no\/gvarv-frukt-baer\/en\/\",\"name\":\"Gvarv Frukt & B\u00e6r \u2502 Farm Shop\u2502 Bakery \u2502 The Fruit Village\",\"isPartOf\":{\"@id\":\"https:\/\/visitbo.no\/gvarv-frukt-baer\/en\/#website\"},\"datePublished\":\"2012-04-11T14:34:42+00:00\",\"dateModified\":\"2025-09-16T13:04:59+00:00\",\"description\":\"Welcome to Gvarv Frukt & B\u00e6r in The Fruit Village! Here, you'll find locally produced products, berries, delicacies, and even pizza!\",\"breadcrumb\":{\"@id\":\"https:\/\/visitbo.no\/gvarv-frukt-baer\/en\/#breadcrumb\"},\"inLanguage\":\"en-US\",\"potentialAction\":[{\"@type\":\"ReadAction\",\"target\":[\"https:\/\/visitbo.no\/gvarv-frukt-baer\/en\/\"]}]},{\"@type\":\"BreadcrumbList\",\"@id\":\"https:\/\/visitbo.no\/gvarv-frukt-baer\/en\/#breadcrumb\",\"itemListElement\":[{\"@type\":\"ListItem\",\"position\":1,\"name\":\"Hjem\",\"item\":\"https:\/\/visitbo.no\/gvarv-frukt-baer\/en\/forside-2\/\"},{\"@type\":\"ListItem\",\"position\":2,\"name\":\"Gvarv Frukt &#038; B\u00e6r &#8211; Farm Shop\"}]},{\"@type\":\"WebSite\",\"@id\":\"https:\/\/visitbo.no\/gvarv-frukt-baer\/en\/#website\",\"url\":\"https:\/\/visitbo.no\/gvarv-frukt-baer\/en\/\",\"name\":\"Gvarv Frukt &amp; B\u00e6r\",\"description\":\"One online experience - for everything your destination has to offer.\",\"potentialAction\":[{\"@type\":\"SearchAction\",\"target\":{\"@type\":\"EntryPoint\",\"urlTemplate\":\"https:\/\/visitbo.no\/gvarv-frukt-baer\/en\/?s={search_term_string}\"},\"query-input\":{\"@type\":\"PropertyValueSpecification\",\"valueRequired\":true,\"valueName\":\"search_term_string\"}}],\"inLanguage\":\"en-US\"}]}<\/script>\n<!-- \/ Yoast SEO plugin. -->","yoast_head_json":{"title":"Gvarv Frukt & B\u00e6r \u2502 Farm Shop\u2502 Bakery \u2502 The Fruit Village","description":"Welcome to Gvarv Frukt & B\u00e6r in The Fruit Village! Here, you'll find locally produced products, berries, delicacies, and even pizza!","robots":{"index":"index","follow":"follow","max-snippet":"max-snippet:-1","max-image-preview":"max-image-preview:large","max-video-preview":"max-video-preview:-1"},"canonical":"https:\/\/visitbo.no\/gvarv-frukt-baer\/en\/","og_locale":"en_US","og_type":"article","og_title":"Gvarv Frukt & B\u00e6r \u2502 Farm Shop\u2502 Bakery \u2502 The Fruit Village","og_description":"Welcome to Gvarv Frukt & B\u00e6r in The Fruit Village! Here, you'll find locally produced products, berries, delicacies, and even pizza!","og_url":"https:\/\/visitbo.no\/gvarv-frukt-baer\/en\/","og_site_name":"Gvarv Frukt &amp; B\u00e6r","article_modified_time":"2025-09-16T13:04:59+00:00","twitter_card":"summary_large_image","twitter_misc":{"Est. reading time":"2 minutes"},"schema":{"@context":"https:\/\/schema.org","@graph":[{"@type":"WebPage","@id":"https:\/\/visitbo.no\/gvarv-frukt-baer\/en\/","url":"https:\/\/visitbo.no\/gvarv-frukt-baer\/en\/","name":"Gvarv Frukt & B\u00e6r \u2502 Farm Shop\u2502 Bakery \u2502 The Fruit Village","isPartOf":{"@id":"https:\/\/visitbo.no\/gvarv-frukt-baer\/en\/#website"},"datePublished":"2012-04-11T14:34:42+00:00","dateModified":"2025-09-16T13:04:59+00:00","description":"Welcome to Gvarv Frukt & B\u00e6r in The Fruit Village! Here, you'll find locally produced products, berries, delicacies, and even pizza!","breadcrumb":{"@id":"https:\/\/visitbo.no\/gvarv-frukt-baer\/en\/#breadcrumb"},"inLanguage":"en-US","potentialAction":[{"@type":"ReadAction","target":["https:\/\/visitbo.no\/gvarv-frukt-baer\/en\/"]}]},{"@type":"BreadcrumbList","@id":"https:\/\/visitbo.no\/gvarv-frukt-baer\/en\/#breadcrumb","itemListElement":[{"@type":"ListItem","position":1,"name":"Hjem","item":"https:\/\/visitbo.no\/gvarv-frukt-baer\/en\/forside-2\/"},{"@type":"ListItem","position":2,"name":"Gvarv Frukt &#038; B\u00e6r &#8211; Farm Shop"}]},{"@type":"WebSite","@id":"https:\/\/visitbo.no\/gvarv-frukt-baer\/en\/#website","url":"https:\/\/visitbo.no\/gvarv-frukt-baer\/en\/","name":"Gvarv Frukt &amp; B\u00e6r","description":"One online experience - for everything your destination has to offer.","potentialAction":[{"@type":"SearchAction","target":{"@type":"EntryPoint","urlTemplate":"https:\/\/visitbo.no\/gvarv-frukt-baer\/en\/?s={search_term_string}"},"query-input":{"@type":"PropertyValueSpecification","valueRequired":true,"valueName":"search_term_string"}}],"inLanguage":"en-US"}]}},"_links":{"self":[{"href":"https:\/\/visitbo.no\/gvarv-frukt-baer\/en\/wp-json\/wp\/v2\/pages\/8109","targetHints":{"allow":["GET"]}}],"collection":[{"href":"https:\/\/visitbo.no\/gvarv-frukt-baer\/en\/wp-json\/wp\/v2\/pages"}],"about":[{"href":"https:\/\/visitbo.no\/gvarv-frukt-baer\/en\/wp-json\/wp\/v2\/types\/page"}],"author":[{"embeddable":true,"href":"https:\/\/visitbo.no\/gvarv-frukt-baer\/en\/wp-json\/wp\/v2\/users\/76"}],"replies":[{"embeddable":true,"href":"https:\/\/visitbo.no\/gvarv-frukt-baer\/en\/wp-json\/wp\/v2\/comments?post=8109"}],"version-history":[{"count":8,"href":"https:\/\/visitbo.no\/gvarv-frukt-baer\/en\/wp-json\/wp\/v2\/pages\/8109\/revisions"}],"predecessor-version":[{"id":8186,"href":"https:\/\/visitbo.no\/gvarv-frukt-baer\/en\/wp-json\/wp\/v2\/pages\/8109\/revisions\/8186"}],"wp:attachment":[{"href":"https:\/\/visitbo.no\/gvarv-frukt-baer\/en\/wp-json\/wp\/v2\/media?parent=8109"}],"curies":[{"name":"wp","href":"https:\/\/api.w.org\/{rel}","templated":true}]}}