{"id":2,"date":"2012-04-11T16:34:42","date_gmt":"2012-04-11T14:34:42","guid":{"rendered":"https:\/\/tonto.wp.oppdateringsfabrikken.no\/?page_id=2"},"modified":"2025-06-05T10:15:20","modified_gmt":"2025-06-05T08:15:20","slug":"forside","status":"publish","type":"page","link":"https:\/\/visitbo.no\/hoytlavt\/","title":{"rendered":"H\u00f8yt &#038; Lavt Klatrepark B\u00f8 i Telemark"},"content":{"rendered":"<div id=\"cs-content\" class=\"cs-content\"><\/div>\n","protected":false},"excerpt":{"rendered":"<p>H\u00f8yt &amp; Lavt klatrepark Utforsk hele 137 ulike klatreapparater i B\u00f8 i TelemarkTelemarks R\u00c5ESTE klatrepark! Klatreparken H\u00f8yt &amp; Lavt B\u00f8 ligger rett ved First Camp B\u00f8 og B\u00f8 Sommarland. Det er korte avstander til B\u00f8 sentrum, Fruktbygda, Telemarkskanalen, Lifjell og mange flere spennende attraksjoner. H\u00f8yt &amp; Lavt leverer parkkonsepter over hele landet, og har etablert 14 parker. Hos oss kan &#8230; <\/p>\n<div><a href=\"https:\/\/visitbo.no\/hoytlavt\/\" class=\"more-link\">Read More<\/a><\/div>\n","protected":false},"author":1,"featured_media":0,"parent":0,"menu_order":0,"comment_status":"closed","ping_status":"closed","template":"template-blank-4.php","meta":{"_relevanssi_hide_post":"","_relevanssi_hide_content":"","_relevanssi_pin_for_all":"","_relevanssi_pin_keywords":"","_relevanssi_unpin_keywords":"","_relevanssi_related_keywords":"","_relevanssi_related_include_ids":"","_relevanssi_related_exclude_ids":"","_relevanssi_related_no_append":"","_relevanssi_related_not_related":"","_relevanssi_related_posts":"","_relevanssi_noindex_reason":"","footnotes":""},"class_list":["post-2","page","type-page","status-publish","hentry","no-post-thumbnail"],"yoast_head":"<!-- This site is optimized with the Yoast SEO plugin v27.2 - https:\/\/yoast.com\/product\/yoast-seo-wordpress\/ -->\n<title>Klatreparken H\u00f8yt &amp; Lavt i B\u00f8 i Telemark \u2502 Visit B\u00f8<\/title>\n<meta name=\"description\" content=\"I klatreparken H\u00f8yt og Lavt i B\u00f8 i Telemark kan du boltre deg i hele 137 ulike apparater i skogen. Perfekt for familieferien.\" \/>\n<meta name=\"robots\" content=\"index, follow, max-snippet:-1, max-image-preview:large, max-video-preview:-1\" \/>\n<link rel=\"canonical\" href=\"https:\/\/visitbo.no\/hoytlavt\/\" \/>\n<meta property=\"og:locale\" content=\"nb_NO\" \/>\n<meta property=\"og:type\" content=\"article\" \/>\n<meta property=\"og:title\" content=\"Klatreparken H\u00f8yt &amp; Lavt i B\u00f8 i Telemark \u2502 Visit B\u00f8\" \/>\n<meta property=\"og:description\" content=\"I klatreparken H\u00f8yt og Lavt i B\u00f8 i Telemark kan du boltre deg i hele 137 ulike apparater i skogen. Perfekt for familieferien.\" \/>\n<meta property=\"og:url\" content=\"https:\/\/visitbo.no\/hoytlavt\/\" \/>\n<meta property=\"og:site_name\" content=\"H\u00f8yt og Lavt\" \/>\n<meta property=\"article:modified_time\" content=\"2025-06-05T08:15:20+00:00\" \/>\n<meta name=\"twitter:card\" content=\"summary_large_image\" \/>\n<meta name=\"twitter:label1\" content=\"Ansl. lesetid\" \/>\n\t<meta name=\"twitter:data1\" content=\"4 minutter\" \/>\n<script type=\"application\/ld+json\" class=\"yoast-schema-graph\">{\"@context\":\"https:\/\/schema.org\",\"@graph\":[{\"@type\":\"WebPage\",\"@id\":\"https:\/\/visitbo.no\/hoytlavt\/\",\"url\":\"https:\/\/visitbo.no\/hoytlavt\/\",\"name\":\"Klatreparken H\u00f8yt & Lavt i B\u00f8 i Telemark \u2502 Visit B\u00f8\",\"isPartOf\":{\"@id\":\"https:\/\/visitbo.no\/hoytlavt\/#website\"},\"datePublished\":\"2012-04-11T14:34:42+00:00\",\"dateModified\":\"2025-06-05T08:15:20+00:00\",\"description\":\"I klatreparken H\u00f8yt og Lavt i B\u00f8 i Telemark kan du boltre deg i hele 137 ulike apparater i skogen. Perfekt for familieferien.\",\"breadcrumb\":{\"@id\":\"https:\/\/visitbo.no\/hoytlavt\/#breadcrumb\"},\"inLanguage\":\"nb-NO\",\"potentialAction\":[{\"@type\":\"ReadAction\",\"target\":[\"https:\/\/visitbo.no\/hoytlavt\/\"]}]},{\"@type\":\"BreadcrumbList\",\"@id\":\"https:\/\/visitbo.no\/hoytlavt\/#breadcrumb\",\"itemListElement\":[{\"@type\":\"ListItem\",\"position\":1,\"name\":\"Hjem\",\"item\":\"https:\/\/visitbo.no\/hoytlavt\/\"},{\"@type\":\"ListItem\",\"position\":2,\"name\":\"H\u00f8yt &#038; Lavt Klatrepark B\u00f8 i Telemark\"}]},{\"@type\":\"WebSite\",\"@id\":\"https:\/\/visitbo.no\/hoytlavt\/#website\",\"url\":\"https:\/\/visitbo.no\/hoytlavt\/\",\"name\":\"H\u00f8yt og Lavt\",\"description\":\"One online experience - for everything your destination has to offer.\",\"potentialAction\":[{\"@type\":\"SearchAction\",\"target\":{\"@type\":\"EntryPoint\",\"urlTemplate\":\"https:\/\/visitbo.no\/hoytlavt\/?s={search_term_string}\"},\"query-input\":{\"@type\":\"PropertyValueSpecification\",\"valueRequired\":true,\"valueName\":\"search_term_string\"}}],\"inLanguage\":\"nb-NO\"}]}<\/script>\n<!-- \/ Yoast SEO plugin. -->","yoast_head_json":{"title":"Klatreparken H\u00f8yt & Lavt i B\u00f8 i Telemark \u2502 Visit B\u00f8","description":"I klatreparken H\u00f8yt og Lavt i B\u00f8 i Telemark kan du boltre deg i hele 137 ulike apparater i skogen. Perfekt for familieferien.","robots":{"index":"index","follow":"follow","max-snippet":"max-snippet:-1","max-image-preview":"max-image-preview:large","max-video-preview":"max-video-preview:-1"},"canonical":"https:\/\/visitbo.no\/hoytlavt\/","og_locale":"nb_NO","og_type":"article","og_title":"Klatreparken H\u00f8yt & Lavt i B\u00f8 i Telemark \u2502 Visit B\u00f8","og_description":"I klatreparken H\u00f8yt og Lavt i B\u00f8 i Telemark kan du boltre deg i hele 137 ulike apparater i skogen. Perfekt for familieferien.","og_url":"https:\/\/visitbo.no\/hoytlavt\/","og_site_name":"H\u00f8yt og Lavt","article_modified_time":"2025-06-05T08:15:20+00:00","twitter_card":"summary_large_image","twitter_misc":{"Ansl. lesetid":"4 minutter"},"schema":{"@context":"https:\/\/schema.org","@graph":[{"@type":"WebPage","@id":"https:\/\/visitbo.no\/hoytlavt\/","url":"https:\/\/visitbo.no\/hoytlavt\/","name":"Klatreparken H\u00f8yt & Lavt i B\u00f8 i Telemark \u2502 Visit B\u00f8","isPartOf":{"@id":"https:\/\/visitbo.no\/hoytlavt\/#website"},"datePublished":"2012-04-11T14:34:42+00:00","dateModified":"2025-06-05T08:15:20+00:00","description":"I klatreparken H\u00f8yt og Lavt i B\u00f8 i Telemark kan du boltre deg i hele 137 ulike apparater i skogen. Perfekt for familieferien.","breadcrumb":{"@id":"https:\/\/visitbo.no\/hoytlavt\/#breadcrumb"},"inLanguage":"nb-NO","potentialAction":[{"@type":"ReadAction","target":["https:\/\/visitbo.no\/hoytlavt\/"]}]},{"@type":"BreadcrumbList","@id":"https:\/\/visitbo.no\/hoytlavt\/#breadcrumb","itemListElement":[{"@type":"ListItem","position":1,"name":"Hjem","item":"https:\/\/visitbo.no\/hoytlavt\/"},{"@type":"ListItem","position":2,"name":"H\u00f8yt &#038; Lavt Klatrepark B\u00f8 i Telemark"}]},{"@type":"WebSite","@id":"https:\/\/visitbo.no\/hoytlavt\/#website","url":"https:\/\/visitbo.no\/hoytlavt\/","name":"H\u00f8yt og Lavt","description":"One online experience - for everything your destination has to offer.","potentialAction":[{"@type":"SearchAction","target":{"@type":"EntryPoint","urlTemplate":"https:\/\/visitbo.no\/hoytlavt\/?s={search_term_string}"},"query-input":{"@type":"PropertyValueSpecification","valueRequired":true,"valueName":"search_term_string"}}],"inLanguage":"nb-NO"}]}},"_links":{"self":[{"href":"https:\/\/visitbo.no\/hoytlavt\/wp-json\/wp\/v2\/pages\/2","targetHints":{"allow":["GET"]}}],"collection":[{"href":"https:\/\/visitbo.no\/hoytlavt\/wp-json\/wp\/v2\/pages"}],"about":[{"href":"https:\/\/visitbo.no\/hoytlavt\/wp-json\/wp\/v2\/types\/page"}],"author":[{"embeddable":true,"href":"https:\/\/visitbo.no\/hoytlavt\/wp-json\/wp\/v2\/users\/1"}],"replies":[{"embeddable":true,"href":"https:\/\/visitbo.no\/hoytlavt\/wp-json\/wp\/v2\/comments?post=2"}],"version-history":[{"count":166,"href":"https:\/\/visitbo.no\/hoytlavt\/wp-json\/wp\/v2\/pages\/2\/revisions"}],"predecessor-version":[{"id":7953,"href":"https:\/\/visitbo.no\/hoytlavt\/wp-json\/wp\/v2\/pages\/2\/revisions\/7953"}],"wp:attachment":[{"href":"https:\/\/visitbo.no\/hoytlavt\/wp-json\/wp\/v2\/media?parent=2"}],"curies":[{"name":"wp","href":"https:\/\/api.w.org\/{rel}","templated":true}]}}