{"id":2,"date":"2012-04-11T16:34:42","date_gmt":"2012-04-11T14:34:42","guid":{"rendered":"https:\/\/tonto.wp.oppdateringsfabrikken.no\/?page_id=2"},"modified":"2024-08-08T15:08:56","modified_gmt":"2024-08-08T13:08:56","slug":"forside","status":"publish","type":"page","link":"https:\/\/visitbo.no\/huslykafe\/","title":{"rendered":"Husly Kaf\u00e9 &#038; Catering"},"content":{"rendered":"<div id=\"cs-content\" class=\"cs-content\"><\/div>\n","protected":false},"excerpt":{"rendered":"<p>Husly Kaf\u00e9 &amp; Catering Koselig kaf\u00e9 og cateringtjeneste midt i B\u00f8gata!Sentralt i B\u00f8gata finner du Husly Kafe &amp; Catering. Kaf\u00e9en drives av kokkene Ina og Iselin som fulgte dr\u00f8mmen om \u00e5 lage et koselig konsept for sambygdinger, og de som er p\u00e5 gjennomreise. Det er en kafe med god plass til kaffegjester i alle anledninger. Vi har store lokaler inne, &#8230; <\/p>\n<div><a href=\"https:\/\/visitbo.no\/huslykafe\/\" class=\"more-link\">Read More<\/a><\/div>\n","protected":false},"author":1,"featured_media":0,"parent":0,"menu_order":0,"comment_status":"closed","ping_status":"closed","template":"template-blank-4.php","meta":{"_relevanssi_hide_post":"","_relevanssi_hide_content":"","_relevanssi_pin_for_all":"","_relevanssi_pin_keywords":"","_relevanssi_unpin_keywords":"","_relevanssi_related_keywords":"","_relevanssi_related_include_ids":"","_relevanssi_related_exclude_ids":"","_relevanssi_related_no_append":"","_relevanssi_related_not_related":"","_relevanssi_related_posts":"","_relevanssi_noindex_reason":"","footnotes":""},"class_list":["post-2","page","type-page","status-publish","hentry","no-post-thumbnail"],"yoast_head":"<!-- This site is optimized with the Yoast SEO plugin v27.2 - https:\/\/yoast.com\/product\/yoast-seo-wordpress\/ -->\n<title>Husly Kaf\u00e9 og Catering i B\u00f8 i Telemark<\/title>\n<meta name=\"description\" content=\"Kaf\u00e9en Husly drives av kokkene Ina og Iselin som fulgte dr\u00f8mmen om \u00e5 lage et koselig konsept for sambygdinger, og de som er p\u00e5 gjennomreise.\" \/>\n<meta name=\"robots\" content=\"index, follow, max-snippet:-1, max-image-preview:large, max-video-preview:-1\" \/>\n<link rel=\"canonical\" href=\"https:\/\/visitbo.no\/huslykafe\/\" \/>\n<meta property=\"og:locale\" content=\"nb_NO\" \/>\n<meta property=\"og:type\" content=\"article\" \/>\n<meta property=\"og:title\" content=\"Husly Kaf\u00e9 og Catering i B\u00f8 i Telemark\" \/>\n<meta property=\"og:description\" content=\"Kaf\u00e9en Husly drives av kokkene Ina og Iselin som fulgte dr\u00f8mmen om \u00e5 lage et koselig konsept for sambygdinger, og de som er p\u00e5 gjennomreise.\" \/>\n<meta property=\"og:url\" content=\"https:\/\/visitbo.no\/huslykafe\/\" \/>\n<meta property=\"og:site_name\" content=\"Husly Kafe og Catering\" \/>\n<meta property=\"article:modified_time\" content=\"2024-08-08T13:08:56+00:00\" \/>\n<meta name=\"twitter:card\" content=\"summary_large_image\" \/>\n<meta name=\"twitter:label1\" content=\"Ansl. lesetid\" \/>\n\t<meta name=\"twitter:data1\" content=\"3 minutter\" \/>\n<script type=\"application\/ld+json\" class=\"yoast-schema-graph\">{\"@context\":\"https:\/\/schema.org\",\"@graph\":[{\"@type\":\"WebPage\",\"@id\":\"https:\/\/visitbo.no\/huslykafe\/\",\"url\":\"https:\/\/visitbo.no\/huslykafe\/\",\"name\":\"Husly Kaf\u00e9 og Catering i B\u00f8 i Telemark\",\"isPartOf\":{\"@id\":\"https:\/\/visitbo.no\/huslykafe\/#website\"},\"datePublished\":\"2012-04-11T14:34:42+00:00\",\"dateModified\":\"2024-08-08T13:08:56+00:00\",\"description\":\"Kaf\u00e9en Husly drives av kokkene Ina og Iselin som fulgte dr\u00f8mmen om \u00e5 lage et koselig konsept for sambygdinger, og de som er p\u00e5 gjennomreise.\",\"breadcrumb\":{\"@id\":\"https:\/\/visitbo.no\/huslykafe\/#breadcrumb\"},\"inLanguage\":\"nb-NO\",\"potentialAction\":[{\"@type\":\"ReadAction\",\"target\":[\"https:\/\/visitbo.no\/huslykafe\/\"]}]},{\"@type\":\"BreadcrumbList\",\"@id\":\"https:\/\/visitbo.no\/huslykafe\/#breadcrumb\",\"itemListElement\":[{\"@type\":\"ListItem\",\"position\":1,\"name\":\"Hjem\",\"item\":\"https:\/\/visitbo.no\/huslykafe\/\"},{\"@type\":\"ListItem\",\"position\":2,\"name\":\"Husly Kaf\u00e9 &#038; Catering\"}]},{\"@type\":\"WebSite\",\"@id\":\"https:\/\/visitbo.no\/huslykafe\/#website\",\"url\":\"https:\/\/visitbo.no\/huslykafe\/\",\"name\":\"Husly Kafe og Catering\",\"description\":\"One online experience - for everything your destination has to offer.\",\"potentialAction\":[{\"@type\":\"SearchAction\",\"target\":{\"@type\":\"EntryPoint\",\"urlTemplate\":\"https:\/\/visitbo.no\/huslykafe\/?s={search_term_string}\"},\"query-input\":{\"@type\":\"PropertyValueSpecification\",\"valueRequired\":true,\"valueName\":\"search_term_string\"}}],\"inLanguage\":\"nb-NO\"}]}<\/script>\n<!-- \/ Yoast SEO plugin. -->","yoast_head_json":{"title":"Husly Kaf\u00e9 og Catering i B\u00f8 i Telemark","description":"Kaf\u00e9en Husly drives av kokkene Ina og Iselin som fulgte dr\u00f8mmen om \u00e5 lage et koselig konsept for sambygdinger, og de som er p\u00e5 gjennomreise.","robots":{"index":"index","follow":"follow","max-snippet":"max-snippet:-1","max-image-preview":"max-image-preview:large","max-video-preview":"max-video-preview:-1"},"canonical":"https:\/\/visitbo.no\/huslykafe\/","og_locale":"nb_NO","og_type":"article","og_title":"Husly Kaf\u00e9 og Catering i B\u00f8 i Telemark","og_description":"Kaf\u00e9en Husly drives av kokkene Ina og Iselin som fulgte dr\u00f8mmen om \u00e5 lage et koselig konsept for sambygdinger, og de som er p\u00e5 gjennomreise.","og_url":"https:\/\/visitbo.no\/huslykafe\/","og_site_name":"Husly Kafe og Catering","article_modified_time":"2024-08-08T13:08:56+00:00","twitter_card":"summary_large_image","twitter_misc":{"Ansl. lesetid":"3 minutter"},"schema":{"@context":"https:\/\/schema.org","@graph":[{"@type":"WebPage","@id":"https:\/\/visitbo.no\/huslykafe\/","url":"https:\/\/visitbo.no\/huslykafe\/","name":"Husly Kaf\u00e9 og Catering i B\u00f8 i Telemark","isPartOf":{"@id":"https:\/\/visitbo.no\/huslykafe\/#website"},"datePublished":"2012-04-11T14:34:42+00:00","dateModified":"2024-08-08T13:08:56+00:00","description":"Kaf\u00e9en Husly drives av kokkene Ina og Iselin som fulgte dr\u00f8mmen om \u00e5 lage et koselig konsept for sambygdinger, og de som er p\u00e5 gjennomreise.","breadcrumb":{"@id":"https:\/\/visitbo.no\/huslykafe\/#breadcrumb"},"inLanguage":"nb-NO","potentialAction":[{"@type":"ReadAction","target":["https:\/\/visitbo.no\/huslykafe\/"]}]},{"@type":"BreadcrumbList","@id":"https:\/\/visitbo.no\/huslykafe\/#breadcrumb","itemListElement":[{"@type":"ListItem","position":1,"name":"Hjem","item":"https:\/\/visitbo.no\/huslykafe\/"},{"@type":"ListItem","position":2,"name":"Husly Kaf\u00e9 &#038; Catering"}]},{"@type":"WebSite","@id":"https:\/\/visitbo.no\/huslykafe\/#website","url":"https:\/\/visitbo.no\/huslykafe\/","name":"Husly Kafe og Catering","description":"One online experience - for everything your destination has to offer.","potentialAction":[{"@type":"SearchAction","target":{"@type":"EntryPoint","urlTemplate":"https:\/\/visitbo.no\/huslykafe\/?s={search_term_string}"},"query-input":{"@type":"PropertyValueSpecification","valueRequired":true,"valueName":"search_term_string"}}],"inLanguage":"nb-NO"}]}},"_links":{"self":[{"href":"https:\/\/visitbo.no\/huslykafe\/wp-json\/wp\/v2\/pages\/2","targetHints":{"allow":["GET"]}}],"collection":[{"href":"https:\/\/visitbo.no\/huslykafe\/wp-json\/wp\/v2\/pages"}],"about":[{"href":"https:\/\/visitbo.no\/huslykafe\/wp-json\/wp\/v2\/types\/page"}],"author":[{"embeddable":true,"href":"https:\/\/visitbo.no\/huslykafe\/wp-json\/wp\/v2\/users\/1"}],"replies":[{"embeddable":true,"href":"https:\/\/visitbo.no\/huslykafe\/wp-json\/wp\/v2\/comments?post=2"}],"version-history":[{"count":147,"href":"https:\/\/visitbo.no\/huslykafe\/wp-json\/wp\/v2\/pages\/2\/revisions"}],"predecessor-version":[{"id":7936,"href":"https:\/\/visitbo.no\/huslykafe\/wp-json\/wp\/v2\/pages\/2\/revisions\/7936"}],"wp:attachment":[{"href":"https:\/\/visitbo.no\/huslykafe\/wp-json\/wp\/v2\/media?parent=2"}],"curies":[{"name":"wp","href":"https:\/\/api.w.org\/{rel}","templated":true}]}}