{"id":2,"date":"2012-04-11T16:34:42","date_gmt":"2012-04-11T14:34:42","guid":{"rendered":"https:\/\/tonto.wp.oppdateringsfabrikken.no\/?page_id=2"},"modified":"2026-03-02T14:11:13","modified_gmt":"2026-03-02T13:11:13","slug":"forside","status":"publish","type":"page","link":"https:\/\/visitbo.no\/hyllest\/","title":{"rendered":"Hyllest"},"content":{"rendered":"<div id=\"cs-content\" class=\"cs-content\"><\/div>\n","protected":false},"excerpt":{"rendered":"<p>Hyllest Produsent av \u00f8kologisk hylleblomstsdrikke med \u00e5pen hylleblomsthage i B\u00f8Hyllest dyrker og produserer \u00f8kologisk hylleblomstdrikke, og arrangerer smakinger i l\u00f8pet av sommeren i hylleblomstfeltet Ringvirkning p\u00e5 G\u00e5ra mellom B\u00f8 og Gvarv. Vi er Norges st\u00f8rste produsent av hylleblomstdrikke, og gr\u00fcnder Mie har hentet inspirasjon fra hjemlandet Danmark for \u00e5 utvikle gode drikker som smaker av sommer og sol. Produktene v\u00e5re &#8230; <\/p>\n<div><a href=\"https:\/\/visitbo.no\/hyllest\/\" class=\"more-link\">Read More<\/a><\/div>\n","protected":false},"author":1,"featured_media":0,"parent":0,"menu_order":0,"comment_status":"closed","ping_status":"closed","template":"template-blank-4.php","meta":{"_relevanssi_hide_post":"","_relevanssi_hide_content":"","_relevanssi_pin_for_all":"","_relevanssi_pin_keywords":"","_relevanssi_unpin_keywords":"","_relevanssi_related_keywords":"","_relevanssi_related_include_ids":"","_relevanssi_related_exclude_ids":"","_relevanssi_related_no_append":"","_relevanssi_related_not_related":"","_relevanssi_related_posts":"","_relevanssi_noindex_reason":"","footnotes":""},"class_list":["post-2","page","type-page","status-publish","hentry","no-post-thumbnail"],"yoast_head":"<!-- This site is optimized with the Yoast SEO plugin v27.2 - https:\/\/yoast.com\/product\/yoast-seo-wordpress\/ -->\n<title>Hyllest - \u00d8kologisk hylleblomstsaft og sirup fra Telemark<\/title>\n<meta name=\"description\" content=\"Hyllest dyrker og produserer hylleblomstdrikke og sirup. Ta turen innom! Du finner Hyllest p\u00e5 Haugland mellom B\u00f8 og Gvarv.\" \/>\n<meta name=\"robots\" content=\"index, follow, max-snippet:-1, max-image-preview:large, max-video-preview:-1\" \/>\n<link rel=\"canonical\" href=\"https:\/\/visitbo.no\/hyllest\/\" \/>\n<meta property=\"og:locale\" content=\"nb_NO\" \/>\n<meta property=\"og:type\" content=\"article\" \/>\n<meta property=\"og:title\" content=\"Hyllest - \u00d8kologisk hylleblomstsaft og sirup fra Telemark\" \/>\n<meta property=\"og:description\" content=\"Hyllest dyrker og produserer hylleblomstdrikke og sirup. Ta turen innom! Du finner Hyllest p\u00e5 Haugland mellom B\u00f8 og Gvarv.\" \/>\n<meta property=\"og:url\" content=\"https:\/\/visitbo.no\/hyllest\/\" \/>\n<meta property=\"og:site_name\" content=\"Hyllest\" \/>\n<meta property=\"article:modified_time\" content=\"2026-03-02T13:11:13+00:00\" \/>\n<meta name=\"twitter:card\" content=\"summary_large_image\" \/>\n<meta name=\"twitter:label1\" content=\"Ansl. lesetid\" \/>\n\t<meta name=\"twitter:data1\" content=\"3 minutter\" \/>\n<script type=\"application\/ld+json\" class=\"yoast-schema-graph\">{\"@context\":\"https:\/\/schema.org\",\"@graph\":[{\"@type\":\"WebPage\",\"@id\":\"https:\/\/visitbo.no\/hyllest\/\",\"url\":\"https:\/\/visitbo.no\/hyllest\/\",\"name\":\"Hyllest - \u00d8kologisk hylleblomstsaft og sirup fra Telemark\",\"isPartOf\":{\"@id\":\"https:\/\/visitbo.no\/hyllest\/#website\"},\"datePublished\":\"2012-04-11T14:34:42+00:00\",\"dateModified\":\"2026-03-02T13:11:13+00:00\",\"description\":\"Hyllest dyrker og produserer hylleblomstdrikke og sirup. Ta turen innom! Du finner Hyllest p\u00e5 Haugland mellom B\u00f8 og Gvarv.\",\"breadcrumb\":{\"@id\":\"https:\/\/visitbo.no\/hyllest\/#breadcrumb\"},\"inLanguage\":\"nb-NO\",\"potentialAction\":[{\"@type\":\"ReadAction\",\"target\":[\"https:\/\/visitbo.no\/hyllest\/\"]}]},{\"@type\":\"BreadcrumbList\",\"@id\":\"https:\/\/visitbo.no\/hyllest\/#breadcrumb\",\"itemListElement\":[{\"@type\":\"ListItem\",\"position\":1,\"name\":\"Hjem\",\"item\":\"https:\/\/visitbo.no\/hyllest\/\"},{\"@type\":\"ListItem\",\"position\":2,\"name\":\"Hyllest\"}]},{\"@type\":\"WebSite\",\"@id\":\"https:\/\/visitbo.no\/hyllest\/#website\",\"url\":\"https:\/\/visitbo.no\/hyllest\/\",\"name\":\"Hyllest\",\"description\":\"One online experience - for everything your destination has to offer.\",\"potentialAction\":[{\"@type\":\"SearchAction\",\"target\":{\"@type\":\"EntryPoint\",\"urlTemplate\":\"https:\/\/visitbo.no\/hyllest\/?s={search_term_string}\"},\"query-input\":{\"@type\":\"PropertyValueSpecification\",\"valueRequired\":true,\"valueName\":\"search_term_string\"}}],\"inLanguage\":\"nb-NO\"}]}<\/script>\n<!-- \/ Yoast SEO plugin. -->","yoast_head_json":{"title":"Hyllest - \u00d8kologisk hylleblomstsaft og sirup fra Telemark","description":"Hyllest dyrker og produserer hylleblomstdrikke og sirup. Ta turen innom! Du finner Hyllest p\u00e5 Haugland mellom B\u00f8 og Gvarv.","robots":{"index":"index","follow":"follow","max-snippet":"max-snippet:-1","max-image-preview":"max-image-preview:large","max-video-preview":"max-video-preview:-1"},"canonical":"https:\/\/visitbo.no\/hyllest\/","og_locale":"nb_NO","og_type":"article","og_title":"Hyllest - \u00d8kologisk hylleblomstsaft og sirup fra Telemark","og_description":"Hyllest dyrker og produserer hylleblomstdrikke og sirup. Ta turen innom! Du finner Hyllest p\u00e5 Haugland mellom B\u00f8 og Gvarv.","og_url":"https:\/\/visitbo.no\/hyllest\/","og_site_name":"Hyllest","article_modified_time":"2026-03-02T13:11:13+00:00","twitter_card":"summary_large_image","twitter_misc":{"Ansl. lesetid":"3 minutter"},"schema":{"@context":"https:\/\/schema.org","@graph":[{"@type":"WebPage","@id":"https:\/\/visitbo.no\/hyllest\/","url":"https:\/\/visitbo.no\/hyllest\/","name":"Hyllest - \u00d8kologisk hylleblomstsaft og sirup fra Telemark","isPartOf":{"@id":"https:\/\/visitbo.no\/hyllest\/#website"},"datePublished":"2012-04-11T14:34:42+00:00","dateModified":"2026-03-02T13:11:13+00:00","description":"Hyllest dyrker og produserer hylleblomstdrikke og sirup. Ta turen innom! Du finner Hyllest p\u00e5 Haugland mellom B\u00f8 og Gvarv.","breadcrumb":{"@id":"https:\/\/visitbo.no\/hyllest\/#breadcrumb"},"inLanguage":"nb-NO","potentialAction":[{"@type":"ReadAction","target":["https:\/\/visitbo.no\/hyllest\/"]}]},{"@type":"BreadcrumbList","@id":"https:\/\/visitbo.no\/hyllest\/#breadcrumb","itemListElement":[{"@type":"ListItem","position":1,"name":"Hjem","item":"https:\/\/visitbo.no\/hyllest\/"},{"@type":"ListItem","position":2,"name":"Hyllest"}]},{"@type":"WebSite","@id":"https:\/\/visitbo.no\/hyllest\/#website","url":"https:\/\/visitbo.no\/hyllest\/","name":"Hyllest","description":"One online experience - for everything your destination has to offer.","potentialAction":[{"@type":"SearchAction","target":{"@type":"EntryPoint","urlTemplate":"https:\/\/visitbo.no\/hyllest\/?s={search_term_string}"},"query-input":{"@type":"PropertyValueSpecification","valueRequired":true,"valueName":"search_term_string"}}],"inLanguage":"nb-NO"}]}},"_links":{"self":[{"href":"https:\/\/visitbo.no\/hyllest\/wp-json\/wp\/v2\/pages\/2","targetHints":{"allow":["GET"]}}],"collection":[{"href":"https:\/\/visitbo.no\/hyllest\/wp-json\/wp\/v2\/pages"}],"about":[{"href":"https:\/\/visitbo.no\/hyllest\/wp-json\/wp\/v2\/types\/page"}],"author":[{"embeddable":true,"href":"https:\/\/visitbo.no\/hyllest\/wp-json\/wp\/v2\/users\/1"}],"replies":[{"embeddable":true,"href":"https:\/\/visitbo.no\/hyllest\/wp-json\/wp\/v2\/comments?post=2"}],"version-history":[{"count":152,"href":"https:\/\/visitbo.no\/hyllest\/wp-json\/wp\/v2\/pages\/2\/revisions"}],"predecessor-version":[{"id":7966,"href":"https:\/\/visitbo.no\/hyllest\/wp-json\/wp\/v2\/pages\/2\/revisions\/7966"}],"wp:attachment":[{"href":"https:\/\/visitbo.no\/hyllest\/wp-json\/wp\/v2\/media?parent=2"}],"curies":[{"name":"wp","href":"https:\/\/api.w.org\/{rel}","templated":true}]}}