{"id":10367,"date":"2019-12-09T12:53:49","date_gmt":"2019-12-09T11:53:49","guid":{"rendered":"https:\/\/visitbo.no\/lifjell\/4-sengs-hytte-en\/"},"modified":"2024-01-04T13:52:41","modified_gmt":"2024-01-04T12:52:41","slug":"4-sengs-hytte-en","status":"publish","type":"page","link":"https:\/\/visitbo.no\/lifjell\/en\/accommodation\/lifjelltunet-2\/4-sengs-hytte-en\/","title":{"rendered":"4-sengs hytte (en)"},"content":{"rendered":"<div id=\"cs-content\" class=\"cs-content\"><\/div>\n","protected":false},"excerpt":{"rendered":"<p>Alpine skiing&nbsp;&nbsp;Alpintilbudet p\u00e5 Lifjell best\u00e5r av Skisenteret og Vinterland. Vinterland er et eget omr\u00e5de som passer ypperlig for barn og nybegynnere p\u00e5 slal\u00e5m, snowboard og langrennsski. Her finner du en enkel nedfart p\u00e5 ca. 350 meter og en tallerkenheis. I Skisenteret finner du en T-krok heis og fire nedfarter med varierende vanskelighetsgrad (fra 300 til 1200 meter) Du finner en &#8230; <\/p>\n<div><a href=\"https:\/\/visitbo.no\/lifjell\/en\/accommodation\/lifjelltunet-2\/4-sengs-hytte-en\/\" class=\"more-link\">Read More<\/a><\/div>\n","protected":false},"author":45,"featured_media":0,"parent":10756,"menu_order":3,"comment_status":"closed","ping_status":"closed","template":"","meta":{"_relevanssi_hide_post":"","_relevanssi_hide_content":"","_relevanssi_pin_for_all":"","_relevanssi_pin_keywords":"","_relevanssi_unpin_keywords":"","_relevanssi_related_keywords":"","_relevanssi_related_include_ids":"","_relevanssi_related_exclude_ids":"","_relevanssi_related_no_append":"","_relevanssi_related_not_related":"","_relevanssi_related_posts":"","_relevanssi_noindex_reason":"","footnotes":""},"class_list":["post-10367","page","type-page","status-publish","hentry","no-post-thumbnail"],"yoast_head":"<!-- This site is optimized with the Yoast SEO plugin v27.2 - https:\/\/yoast.com\/product\/yoast-seo-wordpress\/ -->\n<title>4-sengs hytte (en) - Lifjell<\/title>\n<meta name=\"robots\" content=\"index, follow, max-snippet:-1, max-image-preview:large, max-video-preview:-1\" \/>\n<link rel=\"canonical\" href=\"https:\/\/visitbo.no\/lifjell\/en\/accommodation\/lifjelltunet-2\/4-sengs-hytte-en\/\" \/>\n<meta property=\"og:locale\" content=\"en_US\" \/>\n<meta property=\"og:type\" content=\"article\" \/>\n<meta property=\"og:title\" content=\"4-sengs hytte (en) - Lifjell\" \/>\n<meta property=\"og:description\" content=\"Alpine skiing&nbsp;&nbsp;Alpintilbudet p\u00e5 Lifjell best\u00e5r av Skisenteret og Vinterland. Vinterland er et eget omr\u00e5de som passer ypperlig for barn og nybegynnere p\u00e5 slal\u00e5m, snowboard og langrennsski. Her finner du en enkel nedfart p\u00e5 ca. 350 meter og en tallerkenheis. I Skisenteret finner du en T-krok heis og fire nedfarter med varierende vanskelighetsgrad (fra 300 til 1200 meter) Du finner en ... Read More\" \/>\n<meta property=\"og:url\" content=\"https:\/\/visitbo.no\/lifjell\/en\/accommodation\/lifjelltunet-2\/4-sengs-hytte-en\/\" \/>\n<meta property=\"og:site_name\" content=\"Lifjell\" \/>\n<meta property=\"article:modified_time\" content=\"2024-01-04T12:52:41+00:00\" \/>\n<meta name=\"twitter:card\" content=\"summary_large_image\" \/>\n<meta name=\"twitter:label1\" content=\"Est. reading time\" \/>\n\t<meta name=\"twitter:data1\" content=\"5 minutes\" \/>\n<script type=\"application\/ld+json\" class=\"yoast-schema-graph\">{\"@context\":\"https:\/\/schema.org\",\"@graph\":[{\"@type\":\"WebPage\",\"@id\":\"https:\/\/visitbo.no\/lifjell\/en\/accommodation\/lifjelltunet-2\/4-sengs-hytte-en\/\",\"url\":\"https:\/\/visitbo.no\/lifjell\/en\/accommodation\/lifjelltunet-2\/4-sengs-hytte-en\/\",\"name\":\"4-sengs hytte (en) - Lifjell\",\"isPartOf\":{\"@id\":\"https:\/\/visitbo.no\/lifjell\/en\/#website\"},\"datePublished\":\"2019-12-09T11:53:49+00:00\",\"dateModified\":\"2024-01-04T12:52:41+00:00\",\"breadcrumb\":{\"@id\":\"https:\/\/visitbo.no\/lifjell\/en\/accommodation\/lifjelltunet-2\/4-sengs-hytte-en\/#breadcrumb\"},\"inLanguage\":\"en-US\",\"potentialAction\":[{\"@type\":\"ReadAction\",\"target\":[\"https:\/\/visitbo.no\/lifjell\/en\/accommodation\/lifjelltunet-2\/4-sengs-hytte-en\/\"]}]},{\"@type\":\"BreadcrumbList\",\"@id\":\"https:\/\/visitbo.no\/lifjell\/en\/accommodation\/lifjelltunet-2\/4-sengs-hytte-en\/#breadcrumb\",\"itemListElement\":[{\"@type\":\"ListItem\",\"position\":1,\"name\":\"Hjem\",\"item\":\"https:\/\/visitbo.no\/lifjell\/en\/\"},{\"@type\":\"ListItem\",\"position\":2,\"name\":\"4-sengs hytte (en)\"}]},{\"@type\":\"WebSite\",\"@id\":\"https:\/\/visitbo.no\/lifjell\/en\/#website\",\"url\":\"https:\/\/visitbo.no\/lifjell\/en\/\",\"name\":\"Lifjell\",\"description\":\"One online experience - for everything your destination has to offer.\",\"potentialAction\":[{\"@type\":\"SearchAction\",\"target\":{\"@type\":\"EntryPoint\",\"urlTemplate\":\"https:\/\/visitbo.no\/lifjell\/en\/?s={search_term_string}\"},\"query-input\":{\"@type\":\"PropertyValueSpecification\",\"valueRequired\":true,\"valueName\":\"search_term_string\"}}],\"inLanguage\":\"en-US\"}]}<\/script>\n<!-- \/ Yoast SEO plugin. -->","yoast_head_json":{"title":"4-sengs hytte (en) - Lifjell","robots":{"index":"index","follow":"follow","max-snippet":"max-snippet:-1","max-image-preview":"max-image-preview:large","max-video-preview":"max-video-preview:-1"},"canonical":"https:\/\/visitbo.no\/lifjell\/en\/accommodation\/lifjelltunet-2\/4-sengs-hytte-en\/","og_locale":"en_US","og_type":"article","og_title":"4-sengs hytte (en) - Lifjell","og_description":"Alpine skiing&nbsp;&nbsp;Alpintilbudet p\u00e5 Lifjell best\u00e5r av Skisenteret og Vinterland. Vinterland er et eget omr\u00e5de som passer ypperlig for barn og nybegynnere p\u00e5 slal\u00e5m, snowboard og langrennsski. Her finner du en enkel nedfart p\u00e5 ca. 350 meter og en tallerkenheis. I Skisenteret finner du en T-krok heis og fire nedfarter med varierende vanskelighetsgrad (fra 300 til 1200 meter) Du finner en ... Read More","og_url":"https:\/\/visitbo.no\/lifjell\/en\/accommodation\/lifjelltunet-2\/4-sengs-hytte-en\/","og_site_name":"Lifjell","article_modified_time":"2024-01-04T12:52:41+00:00","twitter_card":"summary_large_image","twitter_misc":{"Est. reading time":"5 minutes"},"schema":{"@context":"https:\/\/schema.org","@graph":[{"@type":"WebPage","@id":"https:\/\/visitbo.no\/lifjell\/en\/accommodation\/lifjelltunet-2\/4-sengs-hytte-en\/","url":"https:\/\/visitbo.no\/lifjell\/en\/accommodation\/lifjelltunet-2\/4-sengs-hytte-en\/","name":"4-sengs hytte (en) - Lifjell","isPartOf":{"@id":"https:\/\/visitbo.no\/lifjell\/en\/#website"},"datePublished":"2019-12-09T11:53:49+00:00","dateModified":"2024-01-04T12:52:41+00:00","breadcrumb":{"@id":"https:\/\/visitbo.no\/lifjell\/en\/accommodation\/lifjelltunet-2\/4-sengs-hytte-en\/#breadcrumb"},"inLanguage":"en-US","potentialAction":[{"@type":"ReadAction","target":["https:\/\/visitbo.no\/lifjell\/en\/accommodation\/lifjelltunet-2\/4-sengs-hytte-en\/"]}]},{"@type":"BreadcrumbList","@id":"https:\/\/visitbo.no\/lifjell\/en\/accommodation\/lifjelltunet-2\/4-sengs-hytte-en\/#breadcrumb","itemListElement":[{"@type":"ListItem","position":1,"name":"Hjem","item":"https:\/\/visitbo.no\/lifjell\/en\/"},{"@type":"ListItem","position":2,"name":"4-sengs hytte (en)"}]},{"@type":"WebSite","@id":"https:\/\/visitbo.no\/lifjell\/en\/#website","url":"https:\/\/visitbo.no\/lifjell\/en\/","name":"Lifjell","description":"One online experience - for everything your destination has to offer.","potentialAction":[{"@type":"SearchAction","target":{"@type":"EntryPoint","urlTemplate":"https:\/\/visitbo.no\/lifjell\/en\/?s={search_term_string}"},"query-input":{"@type":"PropertyValueSpecification","valueRequired":true,"valueName":"search_term_string"}}],"inLanguage":"en-US"}]}},"_links":{"self":[{"href":"https:\/\/visitbo.no\/lifjell\/en\/wp-json\/wp\/v2\/pages\/10367","targetHints":{"allow":["GET"]}}],"collection":[{"href":"https:\/\/visitbo.no\/lifjell\/en\/wp-json\/wp\/v2\/pages"}],"about":[{"href":"https:\/\/visitbo.no\/lifjell\/en\/wp-json\/wp\/v2\/types\/page"}],"author":[{"embeddable":true,"href":"https:\/\/visitbo.no\/lifjell\/en\/wp-json\/wp\/v2\/users\/45"}],"replies":[{"embeddable":true,"href":"https:\/\/visitbo.no\/lifjell\/en\/wp-json\/wp\/v2\/comments?post=10367"}],"version-history":[{"count":2,"href":"https:\/\/visitbo.no\/lifjell\/en\/wp-json\/wp\/v2\/pages\/10367\/revisions"}],"predecessor-version":[{"id":10369,"href":"https:\/\/visitbo.no\/lifjell\/en\/wp-json\/wp\/v2\/pages\/10367\/revisions\/10369"}],"up":[{"embeddable":true,"href":"https:\/\/visitbo.no\/lifjell\/en\/wp-json\/wp\/v2\/pages\/10756"}],"wp:attachment":[{"href":"https:\/\/visitbo.no\/lifjell\/en\/wp-json\/wp\/v2\/media?parent=10367"}],"curies":[{"name":"wp","href":"https:\/\/api.w.org\/{rel}","templated":true}]}}