{"id":11247,"date":"2025-05-23T12:35:43","date_gmt":"2025-05-23T10:35:43","guid":{"rendered":"https:\/\/visitbo.no\/lifjell\/?page_id=11247"},"modified":"2025-05-26T13:15:13","modified_gmt":"2025-05-26T11:15:13","slug":"fritidseiendom","status":"publish","type":"page","link":"https:\/\/visitbo.no\/lifjell\/fritidseiendom\/","title":{"rendered":"Fritidseiendom"},"content":{"rendered":"<div id=\"cs-content\" class=\"cs-content\"><\/div>\n","protected":false},"excerpt":{"rendered":"<p>Fritidseiendom p\u00e5 Lifjell&nbsp;&nbsp;Lifjelltoppen 2 P\u00e5 J\u00f8nnbufl\u00e5tin (toppen av Vinterlandheisen) er det n\u00e5 utviklet et omr\u00e5de med 26 nye tomter for salg. Dette er kanskje Lifjells fineste tomter. Tomtene ligger meget solrikt og alle tomtene har utsikt mot fjellene rundt og store deler av Midt-Telemark. Tomtene leveres byggeklare med vei, vann\/avl\u00f8p, str\u00f8m og fiberr\u00f8r (Altibox) frem til tomtegrensen. Her vil du &#8230; <\/p>\n<div><a href=\"https:\/\/visitbo.no\/lifjell\/fritidseiendom\/\" class=\"more-link\">Read More<\/a><\/div>\n","protected":false},"author":76,"featured_media":0,"parent":0,"menu_order":3,"comment_status":"closed","ping_status":"closed","template":"template-blank-4.php","meta":{"_relevanssi_hide_post":"","_relevanssi_hide_content":"","_relevanssi_pin_for_all":"","_relevanssi_pin_keywords":"","_relevanssi_unpin_keywords":"","_relevanssi_related_keywords":"","_relevanssi_related_include_ids":"","_relevanssi_related_exclude_ids":"","_relevanssi_related_no_append":"","_relevanssi_related_not_related":"","_relevanssi_related_posts":"","_relevanssi_noindex_reason":"","footnotes":""},"class_list":["post-11247","page","type-page","status-publish","hentry","no-post-thumbnail"],"yoast_head":"<!-- This site is optimized with the Yoast SEO plugin v27.2 - https:\/\/yoast.com\/product\/yoast-seo-wordpress\/ -->\n<title>Fritidseiendom p\u00e5 Lifjell, B\u00f8 i Telemark<\/title>\n<meta name=\"description\" content=\"Finn din dr\u00f8mmehytte i naturskj\u00f8nne omgivelser. Ski, tur og rekreasjon \u00e5ret rundt. N\u00e6r B\u00f8 i Telemark og Lifjell Skisenter. Les mer her.\" \/>\n<meta name=\"robots\" content=\"index, follow, max-snippet:-1, max-image-preview:large, max-video-preview:-1\" \/>\n<link rel=\"canonical\" href=\"https:\/\/visitbo.no\/lifjell\/fritidseiendom\/\" \/>\n<meta property=\"og:locale\" content=\"nb_NO\" \/>\n<meta property=\"og:type\" content=\"article\" \/>\n<meta property=\"og:title\" content=\"Fritidseiendom p\u00e5 Lifjell, B\u00f8 i Telemark\" \/>\n<meta property=\"og:description\" content=\"Finn din dr\u00f8mmehytte i naturskj\u00f8nne omgivelser. Ski, tur og rekreasjon \u00e5ret rundt. N\u00e6r B\u00f8 i Telemark og Lifjell Skisenter. Les mer her.\" \/>\n<meta property=\"og:url\" content=\"https:\/\/visitbo.no\/lifjell\/fritidseiendom\/\" \/>\n<meta property=\"og:site_name\" content=\"Lifjell\" \/>\n<meta property=\"article:modified_time\" content=\"2025-05-26T11:15:13+00:00\" \/>\n<meta name=\"twitter:card\" content=\"summary_large_image\" \/>\n<meta name=\"twitter:label1\" content=\"Ansl. lesetid\" \/>\n\t<meta name=\"twitter:data1\" content=\"5 minutter\" \/>\n<script type=\"application\/ld+json\" class=\"yoast-schema-graph\">{\"@context\":\"https:\/\/schema.org\",\"@graph\":[{\"@type\":\"WebPage\",\"@id\":\"https:\/\/visitbo.no\/lifjell\/fritidseiendom\/\",\"url\":\"https:\/\/visitbo.no\/lifjell\/fritidseiendom\/\",\"name\":\"Fritidseiendom p\u00e5 Lifjell, B\u00f8 i Telemark\",\"isPartOf\":{\"@id\":\"https:\/\/visitbo.no\/lifjell\/#website\"},\"datePublished\":\"2025-05-23T10:35:43+00:00\",\"dateModified\":\"2025-05-26T11:15:13+00:00\",\"description\":\"Finn din dr\u00f8mmehytte i naturskj\u00f8nne omgivelser. Ski, tur og rekreasjon \u00e5ret rundt. N\u00e6r B\u00f8 i Telemark og Lifjell Skisenter. Les mer her.\",\"breadcrumb\":{\"@id\":\"https:\/\/visitbo.no\/lifjell\/fritidseiendom\/#breadcrumb\"},\"inLanguage\":\"nb-NO\",\"potentialAction\":[{\"@type\":\"ReadAction\",\"target\":[\"https:\/\/visitbo.no\/lifjell\/fritidseiendom\/\"]}]},{\"@type\":\"BreadcrumbList\",\"@id\":\"https:\/\/visitbo.no\/lifjell\/fritidseiendom\/#breadcrumb\",\"itemListElement\":[{\"@type\":\"ListItem\",\"position\":1,\"name\":\"Hjem\",\"item\":\"https:\/\/visitbo.no\/lifjell\/\"},{\"@type\":\"ListItem\",\"position\":2,\"name\":\"Fritidseiendom\"}]},{\"@type\":\"WebSite\",\"@id\":\"https:\/\/visitbo.no\/lifjell\/#website\",\"url\":\"https:\/\/visitbo.no\/lifjell\/\",\"name\":\"Lifjell\",\"description\":\"One online experience - for everything your destination has to offer.\",\"potentialAction\":[{\"@type\":\"SearchAction\",\"target\":{\"@type\":\"EntryPoint\",\"urlTemplate\":\"https:\/\/visitbo.no\/lifjell\/?s={search_term_string}\"},\"query-input\":{\"@type\":\"PropertyValueSpecification\",\"valueRequired\":true,\"valueName\":\"search_term_string\"}}],\"inLanguage\":\"nb-NO\"}]}<\/script>\n<!-- \/ Yoast SEO plugin. -->","yoast_head_json":{"title":"Fritidseiendom p\u00e5 Lifjell, B\u00f8 i Telemark","description":"Finn din dr\u00f8mmehytte i naturskj\u00f8nne omgivelser. Ski, tur og rekreasjon \u00e5ret rundt. N\u00e6r B\u00f8 i Telemark og Lifjell Skisenter. Les mer her.","robots":{"index":"index","follow":"follow","max-snippet":"max-snippet:-1","max-image-preview":"max-image-preview:large","max-video-preview":"max-video-preview:-1"},"canonical":"https:\/\/visitbo.no\/lifjell\/fritidseiendom\/","og_locale":"nb_NO","og_type":"article","og_title":"Fritidseiendom p\u00e5 Lifjell, B\u00f8 i Telemark","og_description":"Finn din dr\u00f8mmehytte i naturskj\u00f8nne omgivelser. Ski, tur og rekreasjon \u00e5ret rundt. N\u00e6r B\u00f8 i Telemark og Lifjell Skisenter. Les mer her.","og_url":"https:\/\/visitbo.no\/lifjell\/fritidseiendom\/","og_site_name":"Lifjell","article_modified_time":"2025-05-26T11:15:13+00:00","twitter_card":"summary_large_image","twitter_misc":{"Ansl. lesetid":"5 minutter"},"schema":{"@context":"https:\/\/schema.org","@graph":[{"@type":"WebPage","@id":"https:\/\/visitbo.no\/lifjell\/fritidseiendom\/","url":"https:\/\/visitbo.no\/lifjell\/fritidseiendom\/","name":"Fritidseiendom p\u00e5 Lifjell, B\u00f8 i Telemark","isPartOf":{"@id":"https:\/\/visitbo.no\/lifjell\/#website"},"datePublished":"2025-05-23T10:35:43+00:00","dateModified":"2025-05-26T11:15:13+00:00","description":"Finn din dr\u00f8mmehytte i naturskj\u00f8nne omgivelser. Ski, tur og rekreasjon \u00e5ret rundt. N\u00e6r B\u00f8 i Telemark og Lifjell Skisenter. Les mer her.","breadcrumb":{"@id":"https:\/\/visitbo.no\/lifjell\/fritidseiendom\/#breadcrumb"},"inLanguage":"nb-NO","potentialAction":[{"@type":"ReadAction","target":["https:\/\/visitbo.no\/lifjell\/fritidseiendom\/"]}]},{"@type":"BreadcrumbList","@id":"https:\/\/visitbo.no\/lifjell\/fritidseiendom\/#breadcrumb","itemListElement":[{"@type":"ListItem","position":1,"name":"Hjem","item":"https:\/\/visitbo.no\/lifjell\/"},{"@type":"ListItem","position":2,"name":"Fritidseiendom"}]},{"@type":"WebSite","@id":"https:\/\/visitbo.no\/lifjell\/#website","url":"https:\/\/visitbo.no\/lifjell\/","name":"Lifjell","description":"One online experience - for everything your destination has to offer.","potentialAction":[{"@type":"SearchAction","target":{"@type":"EntryPoint","urlTemplate":"https:\/\/visitbo.no\/lifjell\/?s={search_term_string}"},"query-input":{"@type":"PropertyValueSpecification","valueRequired":true,"valueName":"search_term_string"}}],"inLanguage":"nb-NO"}]}},"_links":{"self":[{"href":"https:\/\/visitbo.no\/lifjell\/wp-json\/wp\/v2\/pages\/11247","targetHints":{"allow":["GET"]}}],"collection":[{"href":"https:\/\/visitbo.no\/lifjell\/wp-json\/wp\/v2\/pages"}],"about":[{"href":"https:\/\/visitbo.no\/lifjell\/wp-json\/wp\/v2\/types\/page"}],"author":[{"embeddable":true,"href":"https:\/\/visitbo.no\/lifjell\/wp-json\/wp\/v2\/users\/76"}],"replies":[{"embeddable":true,"href":"https:\/\/visitbo.no\/lifjell\/wp-json\/wp\/v2\/comments?post=11247"}],"version-history":[{"count":7,"href":"https:\/\/visitbo.no\/lifjell\/wp-json\/wp\/v2\/pages\/11247\/revisions"}],"predecessor-version":[{"id":11289,"href":"https:\/\/visitbo.no\/lifjell\/wp-json\/wp\/v2\/pages\/11247\/revisions\/11289"}],"wp:attachment":[{"href":"https:\/\/visitbo.no\/lifjell\/wp-json\/wp\/v2\/media?parent=11247"}],"curies":[{"name":"wp","href":"https:\/\/api.w.org\/{rel}","templated":true}]}}