{"id":2,"date":"2012-04-11T16:34:42","date_gmt":"2012-04-11T14:34:42","guid":{"rendered":"https:\/\/tonto.wp.oppdateringsfabrikken.no\/?page_id=2"},"modified":"2026-04-07T11:30:19","modified_gmt":"2026-04-07T09:30:19","slug":"forside-2-2","status":"publish","type":"page","link":"https:\/\/visitbo.no\/lifjell\/","title":{"rendered":"Lifjell"},"content":{"rendered":"<div id=\"cs-content\" class=\"cs-content\"><\/div>\n","protected":false},"excerpt":{"rendered":"<p>Book Sommarlandpakke eller overnatting her Hva skjer?V\u00e5re arrangementerSN\u00d8DYBDE 50 cmWEBKAMERA SKIL\u00d8YPER HEISER 0\/2BAKKER 0\/5SIST OPPDATERT15:28 25.04.263 \u00b0CVelkommen til Lifjell! Lifjell er ditt n\u00e6rmeste h\u00f8yfjell enten du kommer fra Danmark eller du bor i det sentrale \u00f8stlandsomr\u00e5det. Lifjell ligger kun 8 km fra B\u00f8 Sommarland og 12 km fra handelsstedet B\u00f8 i Telemark med et stort antall butikker, restauranter, vinmonopol mv. &#8230; <\/p>\n<div><a href=\"https:\/\/visitbo.no\/lifjell\/telemark-wintertour-til-lifjell-2\/\" class=\"more-link\">Read More<\/a><\/div>\n","protected":false},"author":1,"featured_media":0,"parent":0,"menu_order":0,"comment_status":"closed","ping_status":"closed","template":"template-blank-4.php","meta":{"_relevanssi_hide_post":"","_relevanssi_hide_content":"","_relevanssi_pin_for_all":"","_relevanssi_pin_keywords":"","_relevanssi_unpin_keywords":"","_relevanssi_related_keywords":"","_relevanssi_related_include_ids":"","_relevanssi_related_exclude_ids":"","_relevanssi_related_no_append":"","_relevanssi_related_not_related":"","_relevanssi_related_posts":"","_relevanssi_noindex_reason":"","footnotes":""},"class_list":["post-2","page","type-page","status-publish","hentry","no-post-thumbnail"],"yoast_head":"<!-- This site is optimized with the Yoast SEO plugin v27.2 - https:\/\/yoast.com\/product\/yoast-seo-wordpress\/ -->\n<title>Visit B\u00f8 - Lifjell<\/title>\n<meta name=\"description\" content=\"Lifjell ligger 12 km fra B\u00f8 i Telemark og er ditt n\u00e6rmeste h\u00f8yfjell enten du kommer fra Danmark eller du bor i det sentrale \u00f8stlandsomr\u00e5det.\" \/>\n<meta name=\"robots\" content=\"index, follow, max-snippet:-1, max-image-preview:large, max-video-preview:-1\" \/>\n<link rel=\"canonical\" href=\"https:\/\/visitbo.no\/lifjell\/\" \/>\n<meta property=\"og:locale\" content=\"nb_NO\" \/>\n<meta property=\"og:type\" content=\"article\" \/>\n<meta property=\"og:title\" content=\"Visit B\u00f8 - Lifjell\" \/>\n<meta property=\"og:description\" content=\"Lifjell ligger 12 km fra B\u00f8 i Telemark og er ditt n\u00e6rmeste h\u00f8yfjell enten du kommer fra Danmark eller du bor i det sentrale \u00f8stlandsomr\u00e5det.\" \/>\n<meta property=\"og:url\" content=\"https:\/\/visitbo.no\/lifjell\/\" \/>\n<meta property=\"og:site_name\" content=\"Lifjell\" \/>\n<meta property=\"article:modified_time\" content=\"2026-04-07T09:30:19+00:00\" \/>\n<meta name=\"twitter:card\" content=\"summary_large_image\" \/>\n<meta name=\"twitter:label1\" content=\"Ansl. lesetid\" \/>\n\t<meta name=\"twitter:data1\" content=\"4 minutter\" \/>\n<script type=\"application\/ld+json\" class=\"yoast-schema-graph\">{\"@context\":\"https:\/\/schema.org\",\"@graph\":[{\"@type\":\"WebPage\",\"@id\":\"https:\/\/visitbo.no\/lifjell\/\",\"url\":\"https:\/\/visitbo.no\/lifjell\/\",\"name\":\"Visit B\u00f8 - Lifjell\",\"isPartOf\":{\"@id\":\"https:\/\/visitbo.no\/lifjell\/#website\"},\"datePublished\":\"2012-04-11T14:34:42+00:00\",\"dateModified\":\"2026-04-07T09:30:19+00:00\",\"description\":\"Lifjell ligger 12 km fra B\u00f8 i Telemark og er ditt n\u00e6rmeste h\u00f8yfjell enten du kommer fra Danmark eller du bor i det sentrale \u00f8stlandsomr\u00e5det.\",\"breadcrumb\":{\"@id\":\"https:\/\/visitbo.no\/lifjell\/#breadcrumb\"},\"inLanguage\":\"nb-NO\",\"potentialAction\":[{\"@type\":\"ReadAction\",\"target\":[\"https:\/\/visitbo.no\/lifjell\/\"]}]},{\"@type\":\"BreadcrumbList\",\"@id\":\"https:\/\/visitbo.no\/lifjell\/#breadcrumb\",\"itemListElement\":[{\"@type\":\"ListItem\",\"position\":1,\"name\":\"Hjem\",\"item\":\"https:\/\/visitbo.no\/lifjell\/\"},{\"@type\":\"ListItem\",\"position\":2,\"name\":\"Lifjell\"}]},{\"@type\":\"WebSite\",\"@id\":\"https:\/\/visitbo.no\/lifjell\/#website\",\"url\":\"https:\/\/visitbo.no\/lifjell\/\",\"name\":\"Lifjell\",\"description\":\"One online experience - for everything your destination has to offer.\",\"potentialAction\":[{\"@type\":\"SearchAction\",\"target\":{\"@type\":\"EntryPoint\",\"urlTemplate\":\"https:\/\/visitbo.no\/lifjell\/?s={search_term_string}\"},\"query-input\":{\"@type\":\"PropertyValueSpecification\",\"valueRequired\":true,\"valueName\":\"search_term_string\"}}],\"inLanguage\":\"nb-NO\"}]}<\/script>\n<!-- \/ Yoast SEO plugin. -->","yoast_head_json":{"title":"Visit B\u00f8 - Lifjell","description":"Lifjell ligger 12 km fra B\u00f8 i Telemark og er ditt n\u00e6rmeste h\u00f8yfjell enten du kommer fra Danmark eller du bor i det sentrale \u00f8stlandsomr\u00e5det.","robots":{"index":"index","follow":"follow","max-snippet":"max-snippet:-1","max-image-preview":"max-image-preview:large","max-video-preview":"max-video-preview:-1"},"canonical":"https:\/\/visitbo.no\/lifjell\/","og_locale":"nb_NO","og_type":"article","og_title":"Visit B\u00f8 - Lifjell","og_description":"Lifjell ligger 12 km fra B\u00f8 i Telemark og er ditt n\u00e6rmeste h\u00f8yfjell enten du kommer fra Danmark eller du bor i det sentrale \u00f8stlandsomr\u00e5det.","og_url":"https:\/\/visitbo.no\/lifjell\/","og_site_name":"Lifjell","article_modified_time":"2026-04-07T09:30:19+00:00","twitter_card":"summary_large_image","twitter_misc":{"Ansl. lesetid":"4 minutter"},"schema":{"@context":"https:\/\/schema.org","@graph":[{"@type":"WebPage","@id":"https:\/\/visitbo.no\/lifjell\/","url":"https:\/\/visitbo.no\/lifjell\/","name":"Visit B\u00f8 - Lifjell","isPartOf":{"@id":"https:\/\/visitbo.no\/lifjell\/#website"},"datePublished":"2012-04-11T14:34:42+00:00","dateModified":"2026-04-07T09:30:19+00:00","description":"Lifjell ligger 12 km fra B\u00f8 i Telemark og er ditt n\u00e6rmeste h\u00f8yfjell enten du kommer fra Danmark eller du bor i det sentrale \u00f8stlandsomr\u00e5det.","breadcrumb":{"@id":"https:\/\/visitbo.no\/lifjell\/#breadcrumb"},"inLanguage":"nb-NO","potentialAction":[{"@type":"ReadAction","target":["https:\/\/visitbo.no\/lifjell\/"]}]},{"@type":"BreadcrumbList","@id":"https:\/\/visitbo.no\/lifjell\/#breadcrumb","itemListElement":[{"@type":"ListItem","position":1,"name":"Hjem","item":"https:\/\/visitbo.no\/lifjell\/"},{"@type":"ListItem","position":2,"name":"Lifjell"}]},{"@type":"WebSite","@id":"https:\/\/visitbo.no\/lifjell\/#website","url":"https:\/\/visitbo.no\/lifjell\/","name":"Lifjell","description":"One online experience - for everything your destination has to offer.","potentialAction":[{"@type":"SearchAction","target":{"@type":"EntryPoint","urlTemplate":"https:\/\/visitbo.no\/lifjell\/?s={search_term_string}"},"query-input":{"@type":"PropertyValueSpecification","valueRequired":true,"valueName":"search_term_string"}}],"inLanguage":"nb-NO"}]}},"_links":{"self":[{"href":"https:\/\/visitbo.no\/lifjell\/wp-json\/wp\/v2\/pages\/2","targetHints":{"allow":["GET"]}}],"collection":[{"href":"https:\/\/visitbo.no\/lifjell\/wp-json\/wp\/v2\/pages"}],"about":[{"href":"https:\/\/visitbo.no\/lifjell\/wp-json\/wp\/v2\/types\/page"}],"author":[{"embeddable":true,"href":"https:\/\/visitbo.no\/lifjell\/wp-json\/wp\/v2\/users\/1"}],"replies":[{"embeddable":true,"href":"https:\/\/visitbo.no\/lifjell\/wp-json\/wp\/v2\/comments?post=2"}],"version-history":[{"count":560,"href":"https:\/\/visitbo.no\/lifjell\/wp-json\/wp\/v2\/pages\/2\/revisions"}],"predecessor-version":[{"id":11532,"href":"https:\/\/visitbo.no\/lifjell\/wp-json\/wp\/v2\/pages\/2\/revisions\/11532"}],"wp:attachment":[{"href":"https:\/\/visitbo.no\/lifjell\/wp-json\/wp\/v2\/media?parent=2"}],"curies":[{"name":"wp","href":"https:\/\/api.w.org\/{rel}","templated":true}]}}