{"id":7972,"date":"2019-10-25T11:35:07","date_gmt":"2019-10-25T09:35:07","guid":{"rendered":"https:\/\/visitbo.no\/lifjell\/?page_id=7972"},"modified":"2025-08-01T13:47:18","modified_gmt":"2025-08-01T11:47:18","slug":"mat-og-drikke","status":"publish","type":"page","link":"https:\/\/visitbo.no\/lifjell\/mat-og-drikke\/","title":{"rendered":"Mat og drikke"},"content":{"rendered":"<div id=\"cs-content\" class=\"cs-content\"><\/div>\n","protected":false},"excerpt":{"rendered":"<p>Mat og drikke p\u00e5 Lifjell P\u00e5 Lifjell kan du nyte en bedre middag eller bare noe godt drikke p\u00e5 Lifjellstua I Fjellbutikken p\u00e5 Lifjelltunet finner du et utvalg av kolonialvarer, mineralvann, sjokolade\/snacks, toalettartikler, kart mv. Her kan du lese mer om \u00f8vrige spisesteder i B\u00f8 og Midt-Telemark regionen SERVERING I BAKKEN Les Mer LIFJELLSTUA Les Mer FJELLBUTIKKEN \u00a0 Les MerMer &#8230; <\/p>\n<div><a href=\"https:\/\/visitbo.no\/lifjell\/mat-og-drikke\/\" class=\"more-link\">Read More<\/a><\/div>\n","protected":false},"author":6,"featured_media":0,"parent":0,"menu_order":3,"comment_status":"closed","ping_status":"closed","template":"template-blank-4.php","meta":{"_relevanssi_hide_post":"","_relevanssi_hide_content":"","_relevanssi_pin_for_all":"","_relevanssi_pin_keywords":"","_relevanssi_unpin_keywords":"","_relevanssi_related_keywords":"","_relevanssi_related_include_ids":"","_relevanssi_related_exclude_ids":"","_relevanssi_related_no_append":"","_relevanssi_related_not_related":"","_relevanssi_related_posts":"","_relevanssi_noindex_reason":"","footnotes":""},"class_list":["post-7972","page","type-page","status-publish","hentry","no-post-thumbnail"],"yoast_head":"<!-- This site is optimized with the Yoast SEO plugin v27.2 - https:\/\/yoast.com\/product\/yoast-seo-wordpress\/ -->\n<title>Mat og drikke - Lifjell<\/title>\n<meta name=\"description\" content=\"Opplev god mat og drikke p\u00e5 Lifjell \u2013 fra restaurant p\u00e5 fjellstua til kafe i bakken \u2013 perfekt for en pause i skieventyret. Se v\u00e5r oversikt her:\" \/>\n<meta name=\"robots\" content=\"index, follow, max-snippet:-1, max-image-preview:large, max-video-preview:-1\" \/>\n<link rel=\"canonical\" href=\"https:\/\/visitbo.no\/lifjell\/mat-og-drikke\/\" \/>\n<meta property=\"og:locale\" content=\"nb_NO\" \/>\n<meta property=\"og:type\" content=\"article\" \/>\n<meta property=\"og:title\" content=\"Mat og drikke - Lifjell\" \/>\n<meta property=\"og:description\" content=\"Opplev god mat og drikke p\u00e5 Lifjell \u2013 fra restaurant p\u00e5 fjellstua til kafe i bakken \u2013 perfekt for en pause i skieventyret. Se v\u00e5r oversikt her:\" \/>\n<meta property=\"og:url\" content=\"https:\/\/visitbo.no\/lifjell\/mat-og-drikke\/\" \/>\n<meta property=\"og:site_name\" content=\"Lifjell\" \/>\n<meta property=\"article:modified_time\" content=\"2025-08-01T11:47:18+00:00\" \/>\n<meta name=\"twitter:card\" content=\"summary_large_image\" \/>\n<meta name=\"twitter:label1\" content=\"Ansl. lesetid\" \/>\n\t<meta name=\"twitter:data1\" content=\"6 minutter\" \/>\n<script type=\"application\/ld+json\" class=\"yoast-schema-graph\">{\"@context\":\"https:\/\/schema.org\",\"@graph\":[{\"@type\":\"WebPage\",\"@id\":\"https:\/\/visitbo.no\/lifjell\/mat-og-drikke\/\",\"url\":\"https:\/\/visitbo.no\/lifjell\/mat-og-drikke\/\",\"name\":\"Mat og drikke - Lifjell\",\"isPartOf\":{\"@id\":\"https:\/\/visitbo.no\/lifjell\/#website\"},\"datePublished\":\"2019-10-25T09:35:07+00:00\",\"dateModified\":\"2025-08-01T11:47:18+00:00\",\"description\":\"Opplev god mat og drikke p\u00e5 Lifjell \u2013 fra restaurant p\u00e5 fjellstua til kafe i bakken \u2013 perfekt for en pause i skieventyret. Se v\u00e5r oversikt her:\",\"breadcrumb\":{\"@id\":\"https:\/\/visitbo.no\/lifjell\/mat-og-drikke\/#breadcrumb\"},\"inLanguage\":\"nb-NO\",\"potentialAction\":[{\"@type\":\"ReadAction\",\"target\":[\"https:\/\/visitbo.no\/lifjell\/mat-og-drikke\/\"]}]},{\"@type\":\"BreadcrumbList\",\"@id\":\"https:\/\/visitbo.no\/lifjell\/mat-og-drikke\/#breadcrumb\",\"itemListElement\":[{\"@type\":\"ListItem\",\"position\":1,\"name\":\"Hjem\",\"item\":\"https:\/\/visitbo.no\/lifjell\/\"},{\"@type\":\"ListItem\",\"position\":2,\"name\":\"Mat og drikke\"}]},{\"@type\":\"WebSite\",\"@id\":\"https:\/\/visitbo.no\/lifjell\/#website\",\"url\":\"https:\/\/visitbo.no\/lifjell\/\",\"name\":\"Lifjell\",\"description\":\"One online experience - for everything your destination has to offer.\",\"potentialAction\":[{\"@type\":\"SearchAction\",\"target\":{\"@type\":\"EntryPoint\",\"urlTemplate\":\"https:\/\/visitbo.no\/lifjell\/?s={search_term_string}\"},\"query-input\":{\"@type\":\"PropertyValueSpecification\",\"valueRequired\":true,\"valueName\":\"search_term_string\"}}],\"inLanguage\":\"nb-NO\"}]}<\/script>\n<!-- \/ Yoast SEO plugin. -->","yoast_head_json":{"title":"Mat og drikke - Lifjell","description":"Opplev god mat og drikke p\u00e5 Lifjell \u2013 fra restaurant p\u00e5 fjellstua til kafe i bakken \u2013 perfekt for en pause i skieventyret. Se v\u00e5r oversikt her:","robots":{"index":"index","follow":"follow","max-snippet":"max-snippet:-1","max-image-preview":"max-image-preview:large","max-video-preview":"max-video-preview:-1"},"canonical":"https:\/\/visitbo.no\/lifjell\/mat-og-drikke\/","og_locale":"nb_NO","og_type":"article","og_title":"Mat og drikke - Lifjell","og_description":"Opplev god mat og drikke p\u00e5 Lifjell \u2013 fra restaurant p\u00e5 fjellstua til kafe i bakken \u2013 perfekt for en pause i skieventyret. Se v\u00e5r oversikt her:","og_url":"https:\/\/visitbo.no\/lifjell\/mat-og-drikke\/","og_site_name":"Lifjell","article_modified_time":"2025-08-01T11:47:18+00:00","twitter_card":"summary_large_image","twitter_misc":{"Ansl. lesetid":"6 minutter"},"schema":{"@context":"https:\/\/schema.org","@graph":[{"@type":"WebPage","@id":"https:\/\/visitbo.no\/lifjell\/mat-og-drikke\/","url":"https:\/\/visitbo.no\/lifjell\/mat-og-drikke\/","name":"Mat og drikke - Lifjell","isPartOf":{"@id":"https:\/\/visitbo.no\/lifjell\/#website"},"datePublished":"2019-10-25T09:35:07+00:00","dateModified":"2025-08-01T11:47:18+00:00","description":"Opplev god mat og drikke p\u00e5 Lifjell \u2013 fra restaurant p\u00e5 fjellstua til kafe i bakken \u2013 perfekt for en pause i skieventyret. Se v\u00e5r oversikt her:","breadcrumb":{"@id":"https:\/\/visitbo.no\/lifjell\/mat-og-drikke\/#breadcrumb"},"inLanguage":"nb-NO","potentialAction":[{"@type":"ReadAction","target":["https:\/\/visitbo.no\/lifjell\/mat-og-drikke\/"]}]},{"@type":"BreadcrumbList","@id":"https:\/\/visitbo.no\/lifjell\/mat-og-drikke\/#breadcrumb","itemListElement":[{"@type":"ListItem","position":1,"name":"Hjem","item":"https:\/\/visitbo.no\/lifjell\/"},{"@type":"ListItem","position":2,"name":"Mat og drikke"}]},{"@type":"WebSite","@id":"https:\/\/visitbo.no\/lifjell\/#website","url":"https:\/\/visitbo.no\/lifjell\/","name":"Lifjell","description":"One online experience - for everything your destination has to offer.","potentialAction":[{"@type":"SearchAction","target":{"@type":"EntryPoint","urlTemplate":"https:\/\/visitbo.no\/lifjell\/?s={search_term_string}"},"query-input":{"@type":"PropertyValueSpecification","valueRequired":true,"valueName":"search_term_string"}}],"inLanguage":"nb-NO"}]}},"_links":{"self":[{"href":"https:\/\/visitbo.no\/lifjell\/wp-json\/wp\/v2\/pages\/7972","targetHints":{"allow":["GET"]}}],"collection":[{"href":"https:\/\/visitbo.no\/lifjell\/wp-json\/wp\/v2\/pages"}],"about":[{"href":"https:\/\/visitbo.no\/lifjell\/wp-json\/wp\/v2\/types\/page"}],"author":[{"embeddable":true,"href":"https:\/\/visitbo.no\/lifjell\/wp-json\/wp\/v2\/users\/6"}],"replies":[{"embeddable":true,"href":"https:\/\/visitbo.no\/lifjell\/wp-json\/wp\/v2\/comments?post=7972"}],"version-history":[{"count":35,"href":"https:\/\/visitbo.no\/lifjell\/wp-json\/wp\/v2\/pages\/7972\/revisions"}],"predecessor-version":[{"id":10713,"href":"https:\/\/visitbo.no\/lifjell\/wp-json\/wp\/v2\/pages\/7972\/revisions\/10713"}],"wp:attachment":[{"href":"https:\/\/visitbo.no\/lifjell\/wp-json\/wp\/v2\/media?parent=7972"}],"curies":[{"name":"wp","href":"https:\/\/api.w.org\/{rel}","templated":true}]}}