{"id":7986,"date":"2019-10-25T11:48:15","date_gmt":"2019-10-25T09:48:15","guid":{"rendered":"https:\/\/visitbo.no\/lifjell\/?page_id=7986"},"modified":"2025-11-12T17:44:22","modified_gmt":"2025-11-12T16:44:22","slug":"langrenn","status":"publish","type":"page","link":"https:\/\/visitbo.no\/lifjell\/langrenn\/","title":{"rendered":"Langrenn"},"content":{"rendered":"<div id=\"cs-content\" class=\"cs-content\"><\/div>\n","protected":false},"excerpt":{"rendered":"<p>Langrenn p&aring; Lifjell Langrenn p&aring; Lifjell Langrenn p&aring; Lifjell Langrenn p&aring; Lifjell P\u00e5 Lifjell er det 75 km preparerte langrennsl\u00f8yper. P\u00e5 J\u00f8nnbuplat\u00e5et er det fire barnevennlige rundl\u00f8yper som hver er 2-3 km. Det er ogs\u00e5 mange muligheter for mer utfordrende skiturer i nydelig h\u00f8yfjellsterreng. Varierte l\u00f8yper i 1000-1100 meters h\u00f8yde over havet omkranset av flere topper p\u00e5 opp mot 1300 &#8230; <\/p>\n<div><a href=\"https:\/\/visitbo.no\/lifjell\/langrenn\/\" class=\"more-link\">Read More<\/a><\/div>\n","protected":false},"author":6,"featured_media":0,"parent":0,"menu_order":3,"comment_status":"closed","ping_status":"closed","template":"template-blank-4.php","meta":{"_relevanssi_hide_post":"","_relevanssi_hide_content":"","_relevanssi_pin_for_all":"","_relevanssi_pin_keywords":"","_relevanssi_unpin_keywords":"","_relevanssi_related_keywords":"","_relevanssi_related_include_ids":"","_relevanssi_related_exclude_ids":"","_relevanssi_related_no_append":"","_relevanssi_related_not_related":"","_relevanssi_related_posts":"","_relevanssi_noindex_reason":"","footnotes":""},"class_list":["post-7986","page","type-page","status-publish","hentry","no-post-thumbnail"],"yoast_head":"<!-- This site is optimized with the Yoast SEO plugin v27.2 - https:\/\/yoast.com\/product\/yoast-seo-wordpress\/ -->\n<title>Langrenn - Lifjell<\/title>\n<meta name=\"description\" content=\"Utforsk milevis av preparerte langrennsl\u00f8yper p\u00e5 Lifjell \u2013 med vakker natur, variert terreng og fjellro i hjertet av Telemark.\" \/>\n<meta name=\"robots\" content=\"index, follow, max-snippet:-1, max-image-preview:large, max-video-preview:-1\" \/>\n<link rel=\"canonical\" href=\"https:\/\/visitbo.no\/lifjell\/langrenn\/\" \/>\n<meta property=\"og:locale\" content=\"nb_NO\" \/>\n<meta property=\"og:type\" content=\"article\" \/>\n<meta property=\"og:title\" content=\"Langrenn - Lifjell\" \/>\n<meta property=\"og:description\" content=\"Utforsk milevis av preparerte langrennsl\u00f8yper p\u00e5 Lifjell \u2013 med vakker natur, variert terreng og fjellro i hjertet av Telemark.\" \/>\n<meta property=\"og:url\" content=\"https:\/\/visitbo.no\/lifjell\/langrenn\/\" \/>\n<meta property=\"og:site_name\" content=\"Lifjell\" \/>\n<meta property=\"article:modified_time\" content=\"2025-11-12T16:44:22+00:00\" \/>\n<meta name=\"twitter:card\" content=\"summary_large_image\" \/>\n<meta name=\"twitter:label1\" content=\"Ansl. lesetid\" \/>\n\t<meta name=\"twitter:data1\" content=\"7 minutter\" \/>\n<script type=\"application\/ld+json\" class=\"yoast-schema-graph\">{\"@context\":\"https:\/\/schema.org\",\"@graph\":[{\"@type\":\"WebPage\",\"@id\":\"https:\/\/visitbo.no\/lifjell\/langrenn\/\",\"url\":\"https:\/\/visitbo.no\/lifjell\/langrenn\/\",\"name\":\"Langrenn - Lifjell\",\"isPartOf\":{\"@id\":\"https:\/\/visitbo.no\/lifjell\/#website\"},\"datePublished\":\"2019-10-25T09:48:15+00:00\",\"dateModified\":\"2025-11-12T16:44:22+00:00\",\"description\":\"Utforsk milevis av preparerte langrennsl\u00f8yper p\u00e5 Lifjell \u2013 med vakker natur, variert terreng og fjellro i hjertet av Telemark.\",\"breadcrumb\":{\"@id\":\"https:\/\/visitbo.no\/lifjell\/langrenn\/#breadcrumb\"},\"inLanguage\":\"nb-NO\",\"potentialAction\":[{\"@type\":\"ReadAction\",\"target\":[\"https:\/\/visitbo.no\/lifjell\/langrenn\/\"]}]},{\"@type\":\"BreadcrumbList\",\"@id\":\"https:\/\/visitbo.no\/lifjell\/langrenn\/#breadcrumb\",\"itemListElement\":[{\"@type\":\"ListItem\",\"position\":1,\"name\":\"Hjem\",\"item\":\"https:\/\/visitbo.no\/lifjell\/\"},{\"@type\":\"ListItem\",\"position\":2,\"name\":\"Langrenn\"}]},{\"@type\":\"WebSite\",\"@id\":\"https:\/\/visitbo.no\/lifjell\/#website\",\"url\":\"https:\/\/visitbo.no\/lifjell\/\",\"name\":\"Lifjell\",\"description\":\"One online experience - for everything your destination has to offer.\",\"potentialAction\":[{\"@type\":\"SearchAction\",\"target\":{\"@type\":\"EntryPoint\",\"urlTemplate\":\"https:\/\/visitbo.no\/lifjell\/?s={search_term_string}\"},\"query-input\":{\"@type\":\"PropertyValueSpecification\",\"valueRequired\":true,\"valueName\":\"search_term_string\"}}],\"inLanguage\":\"nb-NO\"}]}<\/script>\n<!-- \/ Yoast SEO plugin. -->","yoast_head_json":{"title":"Langrenn - Lifjell","description":"Utforsk milevis av preparerte langrennsl\u00f8yper p\u00e5 Lifjell \u2013 med vakker natur, variert terreng og fjellro i hjertet av Telemark.","robots":{"index":"index","follow":"follow","max-snippet":"max-snippet:-1","max-image-preview":"max-image-preview:large","max-video-preview":"max-video-preview:-1"},"canonical":"https:\/\/visitbo.no\/lifjell\/langrenn\/","og_locale":"nb_NO","og_type":"article","og_title":"Langrenn - Lifjell","og_description":"Utforsk milevis av preparerte langrennsl\u00f8yper p\u00e5 Lifjell \u2013 med vakker natur, variert terreng og fjellro i hjertet av Telemark.","og_url":"https:\/\/visitbo.no\/lifjell\/langrenn\/","og_site_name":"Lifjell","article_modified_time":"2025-11-12T16:44:22+00:00","twitter_card":"summary_large_image","twitter_misc":{"Ansl. lesetid":"7 minutter"},"schema":{"@context":"https:\/\/schema.org","@graph":[{"@type":"WebPage","@id":"https:\/\/visitbo.no\/lifjell\/langrenn\/","url":"https:\/\/visitbo.no\/lifjell\/langrenn\/","name":"Langrenn - Lifjell","isPartOf":{"@id":"https:\/\/visitbo.no\/lifjell\/#website"},"datePublished":"2019-10-25T09:48:15+00:00","dateModified":"2025-11-12T16:44:22+00:00","description":"Utforsk milevis av preparerte langrennsl\u00f8yper p\u00e5 Lifjell \u2013 med vakker natur, variert terreng og fjellro i hjertet av Telemark.","breadcrumb":{"@id":"https:\/\/visitbo.no\/lifjell\/langrenn\/#breadcrumb"},"inLanguage":"nb-NO","potentialAction":[{"@type":"ReadAction","target":["https:\/\/visitbo.no\/lifjell\/langrenn\/"]}]},{"@type":"BreadcrumbList","@id":"https:\/\/visitbo.no\/lifjell\/langrenn\/#breadcrumb","itemListElement":[{"@type":"ListItem","position":1,"name":"Hjem","item":"https:\/\/visitbo.no\/lifjell\/"},{"@type":"ListItem","position":2,"name":"Langrenn"}]},{"@type":"WebSite","@id":"https:\/\/visitbo.no\/lifjell\/#website","url":"https:\/\/visitbo.no\/lifjell\/","name":"Lifjell","description":"One online experience - for everything your destination has to offer.","potentialAction":[{"@type":"SearchAction","target":{"@type":"EntryPoint","urlTemplate":"https:\/\/visitbo.no\/lifjell\/?s={search_term_string}"},"query-input":{"@type":"PropertyValueSpecification","valueRequired":true,"valueName":"search_term_string"}}],"inLanguage":"nb-NO"}]}},"_links":{"self":[{"href":"https:\/\/visitbo.no\/lifjell\/wp-json\/wp\/v2\/pages\/7986","targetHints":{"allow":["GET"]}}],"collection":[{"href":"https:\/\/visitbo.no\/lifjell\/wp-json\/wp\/v2\/pages"}],"about":[{"href":"https:\/\/visitbo.no\/lifjell\/wp-json\/wp\/v2\/types\/page"}],"author":[{"embeddable":true,"href":"https:\/\/visitbo.no\/lifjell\/wp-json\/wp\/v2\/users\/6"}],"replies":[{"embeddable":true,"href":"https:\/\/visitbo.no\/lifjell\/wp-json\/wp\/v2\/comments?post=7986"}],"version-history":[{"count":35,"href":"https:\/\/visitbo.no\/lifjell\/wp-json\/wp\/v2\/pages\/7986\/revisions"}],"predecessor-version":[{"id":11423,"href":"https:\/\/visitbo.no\/lifjell\/wp-json\/wp\/v2\/pages\/7986\/revisions\/11423"}],"wp:attachment":[{"href":"https:\/\/visitbo.no\/lifjell\/wp-json\/wp\/v2\/media?parent=7986"}],"curies":[{"name":"wp","href":"https:\/\/api.w.org\/{rel}","templated":true}]}}