{"id":8001,"date":"2019-10-25T11:55:54","date_gmt":"2019-10-25T09:55:54","guid":{"rendered":"https:\/\/visitbo.no\/lifjell\/?page_id=8001"},"modified":"2026-04-07T19:26:52","modified_gmt":"2026-04-07T17:26:52","slug":"heiskort","status":"publish","type":"page","link":"https:\/\/visitbo.no\/lifjell\/alpint\/heiskort\/","title":{"rendered":"\u00c5pningstider 2026-2027"},"content":{"rendered":"<div id=\"cs-content\" class=\"cs-content\"><\/div>\n","protected":false},"excerpt":{"rendered":"<p>05.12 &#8211; 28.03 L\u00f8rdag og s\u00f8ndag 10-16 Juleferien (19.12-03.01) Hver dag 10-16 (Julaften stengt) Uke 7, 8 og 9 (13.02-07.03) Hver dag 10-16 P\u00e5sken (20.03-28.03) Hver dag 10-16 Kveldskj\u00f8ring (05.01- 05.03) tirsdag og fredag 17.30-20.30 Kj\u00f8p ditt heiskort herAlpinvettregler Det er viktig \u00e5 sette seg inn i alpinreglene f\u00f8r man begir seg ut i bakken. Har du med deg barn, &#8230; <\/p>\n<div><a href=\"https:\/\/visitbo.no\/lifjell\/alpint\/heiskort\/\" class=\"more-link\">Read More<\/a><\/div>\n","protected":false},"author":6,"featured_media":0,"parent":7995,"menu_order":3,"comment_status":"closed","ping_status":"closed","template":"","meta":{"_relevanssi_hide_post":"","_relevanssi_hide_content":"","_relevanssi_pin_for_all":"","_relevanssi_pin_keywords":"","_relevanssi_unpin_keywords":"","_relevanssi_related_keywords":"","_relevanssi_related_include_ids":"","_relevanssi_related_exclude_ids":"","_relevanssi_related_no_append":"","_relevanssi_related_not_related":"","_relevanssi_related_posts":"","_relevanssi_noindex_reason":"","footnotes":""},"class_list":["post-8001","page","type-page","status-publish","hentry","no-post-thumbnail"],"yoast_head":"<!-- This site is optimized with the Yoast SEO plugin v27.2 - https:\/\/yoast.com\/product\/yoast-seo-wordpress\/ -->\n<title>\u00c5pningstider 2026-2027 - Lifjell<\/title>\n<meta name=\"description\" content=\"Her finner du viktig informasjon om \u00e5pningstider, alpinvettregler og sikkerhet p\u00e5 snowboard p\u00e5 Lifjell Skisenter.\" \/>\n<meta name=\"robots\" content=\"index, follow, max-snippet:-1, max-image-preview:large, max-video-preview:-1\" \/>\n<link rel=\"canonical\" href=\"https:\/\/visitbo.no\/lifjell\/alpint\/heiskort\/\" \/>\n<meta property=\"og:locale\" content=\"nb_NO\" \/>\n<meta property=\"og:type\" content=\"article\" \/>\n<meta property=\"og:title\" content=\"\u00c5pningstider - Lifjell Skisenter\" \/>\n<meta property=\"og:description\" content=\"Her finner du viktig informasjon om \u00e5pningstider, alpinvettregler og sikkerhet p\u00e5 snowboard p\u00e5 Lifjell Skisenter.\" \/>\n<meta property=\"og:url\" content=\"https:\/\/visitbo.no\/lifjell\/alpint\/heiskort\/\" \/>\n<meta property=\"og:site_name\" content=\"Lifjell\" \/>\n<meta property=\"article:modified_time\" content=\"2026-04-07T17:26:52+00:00\" \/>\n<meta property=\"og:image\" content=\"https:\/\/visitbo.no\/lifjell\/wp-content\/uploads\/sites\/48\/2023\/11\/lifjell_fjell_tur_ski-scaled.jpg\" \/>\n\t<meta property=\"og:image:width\" content=\"2560\" \/>\n\t<meta property=\"og:image:height\" content=\"1347\" \/>\n\t<meta property=\"og:image:type\" content=\"image\/jpeg\" \/>\n<meta name=\"twitter:card\" content=\"summary_large_image\" \/>\n<script type=\"application\/ld+json\" class=\"yoast-schema-graph\">{\"@context\":\"https:\/\/schema.org\",\"@graph\":[{\"@type\":\"WebPage\",\"@id\":\"https:\/\/visitbo.no\/lifjell\/alpint\/heiskort\/\",\"url\":\"https:\/\/visitbo.no\/lifjell\/alpint\/heiskort\/\",\"name\":\"\u00c5pningstider 2026-2027 - Lifjell\",\"isPartOf\":{\"@id\":\"https:\/\/visitbo.no\/lifjell\/#website\"},\"datePublished\":\"2019-10-25T09:55:54+00:00\",\"dateModified\":\"2026-04-07T17:26:52+00:00\",\"description\":\"Her finner du viktig informasjon om \u00e5pningstider, alpinvettregler og sikkerhet p\u00e5 snowboard p\u00e5 Lifjell Skisenter.\",\"breadcrumb\":{\"@id\":\"https:\/\/visitbo.no\/lifjell\/alpint\/heiskort\/#breadcrumb\"},\"inLanguage\":\"nb-NO\",\"potentialAction\":[{\"@type\":\"ReadAction\",\"target\":[\"https:\/\/visitbo.no\/lifjell\/alpint\/heiskort\/\"]}]},{\"@type\":\"BreadcrumbList\",\"@id\":\"https:\/\/visitbo.no\/lifjell\/alpint\/heiskort\/#breadcrumb\",\"itemListElement\":[{\"@type\":\"ListItem\",\"position\":1,\"name\":\"Hjem\",\"item\":\"https:\/\/visitbo.no\/lifjell\/\"},{\"@type\":\"ListItem\",\"position\":2,\"name\":\"Alpint\",\"item\":\"https:\/\/visitbo.no\/lifjell\/alpint\/\"},{\"@type\":\"ListItem\",\"position\":3,\"name\":\"\u00c5pningstider 2026-2027\"}]},{\"@type\":\"WebSite\",\"@id\":\"https:\/\/visitbo.no\/lifjell\/#website\",\"url\":\"https:\/\/visitbo.no\/lifjell\/\",\"name\":\"Lifjell\",\"description\":\"One online experience - for everything your destination has to offer.\",\"potentialAction\":[{\"@type\":\"SearchAction\",\"target\":{\"@type\":\"EntryPoint\",\"urlTemplate\":\"https:\/\/visitbo.no\/lifjell\/?s={search_term_string}\"},\"query-input\":{\"@type\":\"PropertyValueSpecification\",\"valueRequired\":true,\"valueName\":\"search_term_string\"}}],\"inLanguage\":\"nb-NO\"}]}<\/script>\n<!-- \/ Yoast SEO plugin. -->","yoast_head_json":{"title":"\u00c5pningstider 2026-2027 - Lifjell","description":"Her finner du viktig informasjon om \u00e5pningstider, alpinvettregler og sikkerhet p\u00e5 snowboard p\u00e5 Lifjell Skisenter.","robots":{"index":"index","follow":"follow","max-snippet":"max-snippet:-1","max-image-preview":"max-image-preview:large","max-video-preview":"max-video-preview:-1"},"canonical":"https:\/\/visitbo.no\/lifjell\/alpint\/heiskort\/","og_locale":"nb_NO","og_type":"article","og_title":"\u00c5pningstider - Lifjell Skisenter","og_description":"Her finner du viktig informasjon om \u00e5pningstider, alpinvettregler og sikkerhet p\u00e5 snowboard p\u00e5 Lifjell Skisenter.","og_url":"https:\/\/visitbo.no\/lifjell\/alpint\/heiskort\/","og_site_name":"Lifjell","article_modified_time":"2026-04-07T17:26:52+00:00","og_image":[{"width":2560,"height":1347,"url":"https:\/\/visitbo.no\/lifjell\/wp-content\/uploads\/sites\/48\/2023\/11\/lifjell_fjell_tur_ski-scaled.jpg","type":"image\/jpeg"}],"twitter_card":"summary_large_image","schema":{"@context":"https:\/\/schema.org","@graph":[{"@type":"WebPage","@id":"https:\/\/visitbo.no\/lifjell\/alpint\/heiskort\/","url":"https:\/\/visitbo.no\/lifjell\/alpint\/heiskort\/","name":"\u00c5pningstider 2026-2027 - Lifjell","isPartOf":{"@id":"https:\/\/visitbo.no\/lifjell\/#website"},"datePublished":"2019-10-25T09:55:54+00:00","dateModified":"2026-04-07T17:26:52+00:00","description":"Her finner du viktig informasjon om \u00e5pningstider, alpinvettregler og sikkerhet p\u00e5 snowboard p\u00e5 Lifjell Skisenter.","breadcrumb":{"@id":"https:\/\/visitbo.no\/lifjell\/alpint\/heiskort\/#breadcrumb"},"inLanguage":"nb-NO","potentialAction":[{"@type":"ReadAction","target":["https:\/\/visitbo.no\/lifjell\/alpint\/heiskort\/"]}]},{"@type":"BreadcrumbList","@id":"https:\/\/visitbo.no\/lifjell\/alpint\/heiskort\/#breadcrumb","itemListElement":[{"@type":"ListItem","position":1,"name":"Hjem","item":"https:\/\/visitbo.no\/lifjell\/"},{"@type":"ListItem","position":2,"name":"Alpint","item":"https:\/\/visitbo.no\/lifjell\/alpint\/"},{"@type":"ListItem","position":3,"name":"\u00c5pningstider 2026-2027"}]},{"@type":"WebSite","@id":"https:\/\/visitbo.no\/lifjell\/#website","url":"https:\/\/visitbo.no\/lifjell\/","name":"Lifjell","description":"One online experience - for everything your destination has to offer.","potentialAction":[{"@type":"SearchAction","target":{"@type":"EntryPoint","urlTemplate":"https:\/\/visitbo.no\/lifjell\/?s={search_term_string}"},"query-input":{"@type":"PropertyValueSpecification","valueRequired":true,"valueName":"search_term_string"}}],"inLanguage":"nb-NO"}]}},"_links":{"self":[{"href":"https:\/\/visitbo.no\/lifjell\/wp-json\/wp\/v2\/pages\/8001","targetHints":{"allow":["GET"]}}],"collection":[{"href":"https:\/\/visitbo.no\/lifjell\/wp-json\/wp\/v2\/pages"}],"about":[{"href":"https:\/\/visitbo.no\/lifjell\/wp-json\/wp\/v2\/types\/page"}],"author":[{"embeddable":true,"href":"https:\/\/visitbo.no\/lifjell\/wp-json\/wp\/v2\/users\/6"}],"replies":[{"embeddable":true,"href":"https:\/\/visitbo.no\/lifjell\/wp-json\/wp\/v2\/comments?post=8001"}],"version-history":[{"count":96,"href":"https:\/\/visitbo.no\/lifjell\/wp-json\/wp\/v2\/pages\/8001\/revisions"}],"predecessor-version":[{"id":11535,"href":"https:\/\/visitbo.no\/lifjell\/wp-json\/wp\/v2\/pages\/8001\/revisions\/11535"}],"up":[{"embeddable":true,"href":"https:\/\/visitbo.no\/lifjell\/wp-json\/wp\/v2\/pages\/7995"}],"wp:attachment":[{"href":"https:\/\/visitbo.no\/lifjell\/wp-json\/wp\/v2\/media?parent=8001"}],"curies":[{"name":"wp","href":"https:\/\/api.w.org\/{rel}","templated":true}]}}