{"id":8201,"date":"2019-11-14T15:23:27","date_gmt":"2019-11-14T14:23:27","guid":{"rendered":"https:\/\/visitbo.no\/lifjell\/?page_id=8201"},"modified":"2024-11-29T17:11:04","modified_gmt":"2024-11-29T16:11:04","slug":"lifjellparken-2","status":"publish","type":"page","link":"https:\/\/visitbo.no\/lifjell\/alpint\/lifjellparken-2\/","title":{"rendered":"Lifjellparken"},"content":{"rendered":"<div id=\"cs-content\" class=\"cs-content\"><\/div>\n","protected":false},"excerpt":{"rendered":"<p>Parken vil variere med v\u00e6r- og f\u00f8reforholdene. Lifjellparken har de siste \u00e5rene blitt utviklet til en variert og spennende park med b\u00e5de lette og mer utfordrende elementer. Mange hopp, rekkverk og r\u00f8r gj\u00f8r at de fleste finner noe som passer for sitt ferdighetsniv\u00e5. Vi arbeider kontinuerlig for \u00e5 videreutvikle parken og fors\u00f8ker ogs\u00e5 avhengig av sn\u00f8mengde \u00e5 f\u00e5 til variasjon &#8230; <\/p>\n<div><a href=\"https:\/\/visitbo.no\/lifjell\/alpint\/lifjellparken-2\/\" class=\"more-link\">Read More<\/a><\/div>\n","protected":false},"author":6,"featured_media":0,"parent":7995,"menu_order":3,"comment_status":"closed","ping_status":"closed","template":"","meta":{"_relevanssi_hide_post":"","_relevanssi_hide_content":"","_relevanssi_pin_for_all":"","_relevanssi_pin_keywords":"","_relevanssi_unpin_keywords":"","_relevanssi_related_keywords":"","_relevanssi_related_include_ids":"","_relevanssi_related_exclude_ids":"","_relevanssi_related_no_append":"","_relevanssi_related_not_related":"","_relevanssi_related_posts":"","_relevanssi_noindex_reason":"","footnotes":""},"class_list":["post-8201","page","type-page","status-publish","hentry","no-post-thumbnail"],"yoast_head":"<!-- This site is optimized with the Yoast SEO plugin v27.2 - https:\/\/yoast.com\/product\/yoast-seo-wordpress\/ -->\n<title>Lifjellparken - Lifjell<\/title>\n<meta name=\"robots\" content=\"index, follow, max-snippet:-1, max-image-preview:large, max-video-preview:-1\" \/>\n<link rel=\"canonical\" href=\"https:\/\/visitbo.no\/lifjell\/alpint\/lifjellparken-2\/\" \/>\n<meta property=\"og:locale\" content=\"nb_NO\" \/>\n<meta property=\"og:type\" content=\"article\" \/>\n<meta property=\"og:title\" content=\"Lifjellparken - Lifjell\" \/>\n<meta property=\"og:description\" content=\"Parken vil variere med v\u00e6r- og f\u00f8reforholdene. Lifjellparken har de siste \u00e5rene blitt utviklet til en variert og spennende park med b\u00e5de lette og mer utfordrende elementer. Mange hopp, rekkverk og r\u00f8r gj\u00f8r at de fleste finner noe som passer for sitt ferdighetsniv\u00e5. Vi arbeider kontinuerlig for \u00e5 videreutvikle parken og fors\u00f8ker ogs\u00e5 avhengig av sn\u00f8mengde \u00e5 f\u00e5 til variasjon ... Read More\" \/>\n<meta property=\"og:url\" content=\"https:\/\/visitbo.no\/lifjell\/alpint\/lifjellparken-2\/\" \/>\n<meta property=\"og:site_name\" content=\"Lifjell\" \/>\n<meta property=\"article:modified_time\" content=\"2024-11-29T16:11:04+00:00\" \/>\n<meta name=\"twitter:card\" content=\"summary_large_image\" \/>\n<meta name=\"twitter:label1\" content=\"Ansl. lesetid\" \/>\n\t<meta name=\"twitter:data1\" content=\"1 minutt\" \/>\n<script type=\"application\/ld+json\" class=\"yoast-schema-graph\">{\"@context\":\"https:\/\/schema.org\",\"@graph\":[{\"@type\":\"WebPage\",\"@id\":\"https:\/\/visitbo.no\/lifjell\/alpint\/lifjellparken-2\/\",\"url\":\"https:\/\/visitbo.no\/lifjell\/alpint\/lifjellparken-2\/\",\"name\":\"Lifjellparken - Lifjell\",\"isPartOf\":{\"@id\":\"https:\/\/visitbo.no\/lifjell\/#website\"},\"datePublished\":\"2019-11-14T14:23:27+00:00\",\"dateModified\":\"2024-11-29T16:11:04+00:00\",\"breadcrumb\":{\"@id\":\"https:\/\/visitbo.no\/lifjell\/alpint\/lifjellparken-2\/#breadcrumb\"},\"inLanguage\":\"nb-NO\",\"potentialAction\":[{\"@type\":\"ReadAction\",\"target\":[\"https:\/\/visitbo.no\/lifjell\/alpint\/lifjellparken-2\/\"]}]},{\"@type\":\"BreadcrumbList\",\"@id\":\"https:\/\/visitbo.no\/lifjell\/alpint\/lifjellparken-2\/#breadcrumb\",\"itemListElement\":[{\"@type\":\"ListItem\",\"position\":1,\"name\":\"Hjem\",\"item\":\"https:\/\/visitbo.no\/lifjell\/\"},{\"@type\":\"ListItem\",\"position\":2,\"name\":\"Alpint\",\"item\":\"https:\/\/visitbo.no\/lifjell\/alpint\/\"},{\"@type\":\"ListItem\",\"position\":3,\"name\":\"Lifjellparken\"}]},{\"@type\":\"WebSite\",\"@id\":\"https:\/\/visitbo.no\/lifjell\/#website\",\"url\":\"https:\/\/visitbo.no\/lifjell\/\",\"name\":\"Lifjell\",\"description\":\"One online experience - for everything your destination has to offer.\",\"potentialAction\":[{\"@type\":\"SearchAction\",\"target\":{\"@type\":\"EntryPoint\",\"urlTemplate\":\"https:\/\/visitbo.no\/lifjell\/?s={search_term_string}\"},\"query-input\":{\"@type\":\"PropertyValueSpecification\",\"valueRequired\":true,\"valueName\":\"search_term_string\"}}],\"inLanguage\":\"nb-NO\"}]}<\/script>\n<!-- \/ Yoast SEO plugin. -->","yoast_head_json":{"title":"Lifjellparken - Lifjell","robots":{"index":"index","follow":"follow","max-snippet":"max-snippet:-1","max-image-preview":"max-image-preview:large","max-video-preview":"max-video-preview:-1"},"canonical":"https:\/\/visitbo.no\/lifjell\/alpint\/lifjellparken-2\/","og_locale":"nb_NO","og_type":"article","og_title":"Lifjellparken - Lifjell","og_description":"Parken vil variere med v\u00e6r- og f\u00f8reforholdene. Lifjellparken har de siste \u00e5rene blitt utviklet til en variert og spennende park med b\u00e5de lette og mer utfordrende elementer. Mange hopp, rekkverk og r\u00f8r gj\u00f8r at de fleste finner noe som passer for sitt ferdighetsniv\u00e5. Vi arbeider kontinuerlig for \u00e5 videreutvikle parken og fors\u00f8ker ogs\u00e5 avhengig av sn\u00f8mengde \u00e5 f\u00e5 til variasjon ... Read More","og_url":"https:\/\/visitbo.no\/lifjell\/alpint\/lifjellparken-2\/","og_site_name":"Lifjell","article_modified_time":"2024-11-29T16:11:04+00:00","twitter_card":"summary_large_image","twitter_misc":{"Ansl. lesetid":"1 minutt"},"schema":{"@context":"https:\/\/schema.org","@graph":[{"@type":"WebPage","@id":"https:\/\/visitbo.no\/lifjell\/alpint\/lifjellparken-2\/","url":"https:\/\/visitbo.no\/lifjell\/alpint\/lifjellparken-2\/","name":"Lifjellparken - Lifjell","isPartOf":{"@id":"https:\/\/visitbo.no\/lifjell\/#website"},"datePublished":"2019-11-14T14:23:27+00:00","dateModified":"2024-11-29T16:11:04+00:00","breadcrumb":{"@id":"https:\/\/visitbo.no\/lifjell\/alpint\/lifjellparken-2\/#breadcrumb"},"inLanguage":"nb-NO","potentialAction":[{"@type":"ReadAction","target":["https:\/\/visitbo.no\/lifjell\/alpint\/lifjellparken-2\/"]}]},{"@type":"BreadcrumbList","@id":"https:\/\/visitbo.no\/lifjell\/alpint\/lifjellparken-2\/#breadcrumb","itemListElement":[{"@type":"ListItem","position":1,"name":"Hjem","item":"https:\/\/visitbo.no\/lifjell\/"},{"@type":"ListItem","position":2,"name":"Alpint","item":"https:\/\/visitbo.no\/lifjell\/alpint\/"},{"@type":"ListItem","position":3,"name":"Lifjellparken"}]},{"@type":"WebSite","@id":"https:\/\/visitbo.no\/lifjell\/#website","url":"https:\/\/visitbo.no\/lifjell\/","name":"Lifjell","description":"One online experience - for everything your destination has to offer.","potentialAction":[{"@type":"SearchAction","target":{"@type":"EntryPoint","urlTemplate":"https:\/\/visitbo.no\/lifjell\/?s={search_term_string}"},"query-input":{"@type":"PropertyValueSpecification","valueRequired":true,"valueName":"search_term_string"}}],"inLanguage":"nb-NO"}]}},"_links":{"self":[{"href":"https:\/\/visitbo.no\/lifjell\/wp-json\/wp\/v2\/pages\/8201","targetHints":{"allow":["GET"]}}],"collection":[{"href":"https:\/\/visitbo.no\/lifjell\/wp-json\/wp\/v2\/pages"}],"about":[{"href":"https:\/\/visitbo.no\/lifjell\/wp-json\/wp\/v2\/types\/page"}],"author":[{"embeddable":true,"href":"https:\/\/visitbo.no\/lifjell\/wp-json\/wp\/v2\/users\/6"}],"replies":[{"embeddable":true,"href":"https:\/\/visitbo.no\/lifjell\/wp-json\/wp\/v2\/comments?post=8201"}],"version-history":[{"count":6,"href":"https:\/\/visitbo.no\/lifjell\/wp-json\/wp\/v2\/pages\/8201\/revisions"}],"predecessor-version":[{"id":10938,"href":"https:\/\/visitbo.no\/lifjell\/wp-json\/wp\/v2\/pages\/8201\/revisions\/10938"}],"up":[{"embeddable":true,"href":"https:\/\/visitbo.no\/lifjell\/wp-json\/wp\/v2\/pages\/7995"}],"wp:attachment":[{"href":"https:\/\/visitbo.no\/lifjell\/wp-json\/wp\/v2\/media?parent=8201"}],"curies":[{"name":"wp","href":"https:\/\/api.w.org\/{rel}","templated":true}]}}