{"id":8532,"date":"2020-06-19T10:03:04","date_gmt":"2020-06-19T08:03:04","guid":{"rendered":"https:\/\/visitbo.no\/lifjell\/?page_id=8532"},"modified":"2025-06-12T09:33:03","modified_gmt":"2025-06-12T07:33:03","slug":"fiske","status":"publish","type":"page","link":"https:\/\/visitbo.no\/lifjell\/fiske\/","title":{"rendered":"Fiske"},"content":{"rendered":"<div id=\"cs-content\" class=\"cs-content\"><\/div>\n","protected":false},"excerpt":{"rendered":"<p>Fiskemuligheter p\u00e5 Lifjell Det er mange fine fiskevann p\u00e5 Lifjell som kalkes og kultiveres av B\u00f8 Fiskelag. Fra J\u00f8nnbuplat\u00e5et er det en liten times g\u00e5tur f\u00f8r du kommer til flere store og sm\u00e5 vann med mulighet for \u00e5 fiske \u00f8rret p\u00e5 opp til kiloen. P\u00e5 Lifjell kan du fiske b\u00e5de mye og stor \u00f8rret. Omr\u00e5det er attraktivt for fiskere, jegere &#8230; <\/p>\n<div><a href=\"https:\/\/visitbo.no\/lifjell\/fiske\/\" class=\"more-link\">Read More<\/a><\/div>\n","protected":false},"author":44,"featured_media":0,"parent":0,"menu_order":3,"comment_status":"closed","ping_status":"closed","template":"template-blank-4.php","meta":{"_relevanssi_hide_post":"","_relevanssi_hide_content":"","_relevanssi_pin_for_all":"","_relevanssi_pin_keywords":"","_relevanssi_unpin_keywords":"","_relevanssi_related_keywords":"","_relevanssi_related_include_ids":"","_relevanssi_related_exclude_ids":"","_relevanssi_related_no_append":"","_relevanssi_related_not_related":"","_relevanssi_related_posts":"","_relevanssi_noindex_reason":"","footnotes":""},"class_list":["post-8532","page","type-page","status-publish","hentry","no-post-thumbnail"],"yoast_head":"<!-- This site is optimized with the Yoast SEO plugin v27.2 - https:\/\/yoast.com\/product\/yoast-seo-wordpress\/ -->\n<title>Fiske p\u00e5 Lifjell \u2502 Fiskekort \u2502 Finn fine fiskeplasser p\u00e5 Lifjell<\/title>\n<meta name=\"description\" content=\"Oppdag fiskemulighetene p\u00e5 Lifjell! Les mer om de beste fiskeplassene og hvordan du skaffer fiskekort i B\u00f8 i Telemark.\" \/>\n<meta name=\"robots\" content=\"index, follow, max-snippet:-1, max-image-preview:large, max-video-preview:-1\" \/>\n<link rel=\"canonical\" href=\"https:\/\/visitbo.no\/lifjell\/fiske\/\" \/>\n<meta property=\"og:locale\" content=\"nb_NO\" \/>\n<meta property=\"og:type\" content=\"article\" \/>\n<meta property=\"og:title\" content=\"Fiske p\u00e5 Lifjell \u2502 Fiskekort \u2502 Finn fine fiskeplasser p\u00e5 Lifjell\" \/>\n<meta property=\"og:description\" content=\"Oppdag fiskemulighetene p\u00e5 Lifjell! Les mer om de beste fiskeplassene og hvordan du skaffer fiskekort i B\u00f8 i Telemark.\" \/>\n<meta property=\"og:url\" content=\"https:\/\/visitbo.no\/lifjell\/fiske\/\" \/>\n<meta property=\"og:site_name\" content=\"Lifjell\" \/>\n<meta property=\"article:modified_time\" content=\"2025-06-12T07:33:03+00:00\" \/>\n<meta name=\"twitter:card\" content=\"summary_large_image\" \/>\n<meta name=\"twitter:label1\" content=\"Ansl. lesetid\" \/>\n\t<meta name=\"twitter:data1\" content=\"2 minutter\" \/>\n<script type=\"application\/ld+json\" class=\"yoast-schema-graph\">{\"@context\":\"https:\/\/schema.org\",\"@graph\":[{\"@type\":\"WebPage\",\"@id\":\"https:\/\/visitbo.no\/lifjell\/fiske\/\",\"url\":\"https:\/\/visitbo.no\/lifjell\/fiske\/\",\"name\":\"Fiske p\u00e5 Lifjell \u2502 Fiskekort \u2502 Finn fine fiskeplasser p\u00e5 Lifjell\",\"isPartOf\":{\"@id\":\"https:\/\/visitbo.no\/lifjell\/#website\"},\"datePublished\":\"2020-06-19T08:03:04+00:00\",\"dateModified\":\"2025-06-12T07:33:03+00:00\",\"description\":\"Oppdag fiskemulighetene p\u00e5 Lifjell! Les mer om de beste fiskeplassene og hvordan du skaffer fiskekort i B\u00f8 i Telemark.\",\"breadcrumb\":{\"@id\":\"https:\/\/visitbo.no\/lifjell\/fiske\/#breadcrumb\"},\"inLanguage\":\"nb-NO\",\"potentialAction\":[{\"@type\":\"ReadAction\",\"target\":[\"https:\/\/visitbo.no\/lifjell\/fiske\/\"]}]},{\"@type\":\"BreadcrumbList\",\"@id\":\"https:\/\/visitbo.no\/lifjell\/fiske\/#breadcrumb\",\"itemListElement\":[{\"@type\":\"ListItem\",\"position\":1,\"name\":\"Hjem\",\"item\":\"https:\/\/visitbo.no\/lifjell\/\"},{\"@type\":\"ListItem\",\"position\":2,\"name\":\"Fiske\"}]},{\"@type\":\"WebSite\",\"@id\":\"https:\/\/visitbo.no\/lifjell\/#website\",\"url\":\"https:\/\/visitbo.no\/lifjell\/\",\"name\":\"Lifjell\",\"description\":\"One online experience - for everything your destination has to offer.\",\"potentialAction\":[{\"@type\":\"SearchAction\",\"target\":{\"@type\":\"EntryPoint\",\"urlTemplate\":\"https:\/\/visitbo.no\/lifjell\/?s={search_term_string}\"},\"query-input\":{\"@type\":\"PropertyValueSpecification\",\"valueRequired\":true,\"valueName\":\"search_term_string\"}}],\"inLanguage\":\"nb-NO\"}]}<\/script>\n<!-- \/ Yoast SEO plugin. -->","yoast_head_json":{"title":"Fiske p\u00e5 Lifjell \u2502 Fiskekort \u2502 Finn fine fiskeplasser p\u00e5 Lifjell","description":"Oppdag fiskemulighetene p\u00e5 Lifjell! Les mer om de beste fiskeplassene og hvordan du skaffer fiskekort i B\u00f8 i Telemark.","robots":{"index":"index","follow":"follow","max-snippet":"max-snippet:-1","max-image-preview":"max-image-preview:large","max-video-preview":"max-video-preview:-1"},"canonical":"https:\/\/visitbo.no\/lifjell\/fiske\/","og_locale":"nb_NO","og_type":"article","og_title":"Fiske p\u00e5 Lifjell \u2502 Fiskekort \u2502 Finn fine fiskeplasser p\u00e5 Lifjell","og_description":"Oppdag fiskemulighetene p\u00e5 Lifjell! Les mer om de beste fiskeplassene og hvordan du skaffer fiskekort i B\u00f8 i Telemark.","og_url":"https:\/\/visitbo.no\/lifjell\/fiske\/","og_site_name":"Lifjell","article_modified_time":"2025-06-12T07:33:03+00:00","twitter_card":"summary_large_image","twitter_misc":{"Ansl. lesetid":"2 minutter"},"schema":{"@context":"https:\/\/schema.org","@graph":[{"@type":"WebPage","@id":"https:\/\/visitbo.no\/lifjell\/fiske\/","url":"https:\/\/visitbo.no\/lifjell\/fiske\/","name":"Fiske p\u00e5 Lifjell \u2502 Fiskekort \u2502 Finn fine fiskeplasser p\u00e5 Lifjell","isPartOf":{"@id":"https:\/\/visitbo.no\/lifjell\/#website"},"datePublished":"2020-06-19T08:03:04+00:00","dateModified":"2025-06-12T07:33:03+00:00","description":"Oppdag fiskemulighetene p\u00e5 Lifjell! Les mer om de beste fiskeplassene og hvordan du skaffer fiskekort i B\u00f8 i Telemark.","breadcrumb":{"@id":"https:\/\/visitbo.no\/lifjell\/fiske\/#breadcrumb"},"inLanguage":"nb-NO","potentialAction":[{"@type":"ReadAction","target":["https:\/\/visitbo.no\/lifjell\/fiske\/"]}]},{"@type":"BreadcrumbList","@id":"https:\/\/visitbo.no\/lifjell\/fiske\/#breadcrumb","itemListElement":[{"@type":"ListItem","position":1,"name":"Hjem","item":"https:\/\/visitbo.no\/lifjell\/"},{"@type":"ListItem","position":2,"name":"Fiske"}]},{"@type":"WebSite","@id":"https:\/\/visitbo.no\/lifjell\/#website","url":"https:\/\/visitbo.no\/lifjell\/","name":"Lifjell","description":"One online experience - for everything your destination has to offer.","potentialAction":[{"@type":"SearchAction","target":{"@type":"EntryPoint","urlTemplate":"https:\/\/visitbo.no\/lifjell\/?s={search_term_string}"},"query-input":{"@type":"PropertyValueSpecification","valueRequired":true,"valueName":"search_term_string"}}],"inLanguage":"nb-NO"}]}},"_links":{"self":[{"href":"https:\/\/visitbo.no\/lifjell\/wp-json\/wp\/v2\/pages\/8532","targetHints":{"allow":["GET"]}}],"collection":[{"href":"https:\/\/visitbo.no\/lifjell\/wp-json\/wp\/v2\/pages"}],"about":[{"href":"https:\/\/visitbo.no\/lifjell\/wp-json\/wp\/v2\/types\/page"}],"author":[{"embeddable":true,"href":"https:\/\/visitbo.no\/lifjell\/wp-json\/wp\/v2\/users\/44"}],"replies":[{"embeddable":true,"href":"https:\/\/visitbo.no\/lifjell\/wp-json\/wp\/v2\/comments?post=8532"}],"version-history":[{"count":23,"href":"https:\/\/visitbo.no\/lifjell\/wp-json\/wp\/v2\/pages\/8532\/revisions"}],"predecessor-version":[{"id":11231,"href":"https:\/\/visitbo.no\/lifjell\/wp-json\/wp\/v2\/pages\/8532\/revisions\/11231"}],"wp:attachment":[{"href":"https:\/\/visitbo.no\/lifjell\/wp-json\/wp\/v2\/media?parent=8532"}],"curies":[{"name":"wp","href":"https:\/\/api.w.org\/{rel}","templated":true}]}}