{"id":8549,"date":"2020-06-22T17:18:20","date_gmt":"2020-06-22T15:18:20","guid":{"rendered":"https:\/\/visitbo.no\/lifjell\/?page_id=8549"},"modified":"2025-05-19T08:04:27","modified_gmt":"2025-05-19T06:04:27","slug":"fjellturer","status":"publish","type":"page","link":"https:\/\/visitbo.no\/lifjell\/fjellturer\/","title":{"rendered":"Fjellturer p\u00e5 Lifjell"},"content":{"rendered":"<div id=\"cs-content\" class=\"cs-content\"><\/div>\n","protected":false},"excerpt":{"rendered":"<p>Fjellturer for hele familien P\u00e5 Lifjell kan du velge mellom barnevennlige fjellturer, krevende toppturer eller hyggelige familieturer i flott h\u00f8yfjellsterreng. Lifjell har mer enn 20 topper over 1000 moh og beskrives ofte som et Jotunheimen i miniatyr. Det er mange store og sm\u00e5 fjellvann som gir god mulighet for et avkj\u00f8lende bad eller kanskje pr\u00f8ve fiskelykken. Fra toppene kan du &#8230; <\/p>\n<div><a href=\"https:\/\/visitbo.no\/lifjell\/fjellturer\/\" class=\"more-link\">Read More<\/a><\/div>\n","protected":false},"author":44,"featured_media":0,"parent":0,"menu_order":3,"comment_status":"closed","ping_status":"closed","template":"template-blank-4.php","meta":{"_relevanssi_hide_post":"","_relevanssi_hide_content":"","_relevanssi_pin_for_all":"","_relevanssi_pin_keywords":"","_relevanssi_unpin_keywords":"","_relevanssi_related_keywords":"","_relevanssi_related_include_ids":"","_relevanssi_related_exclude_ids":"","_relevanssi_related_no_append":"","_relevanssi_related_not_related":"","_relevanssi_related_posts":"","_relevanssi_noindex_reason":"","footnotes":""},"class_list":["post-8549","page","type-page","status-publish","hentry","no-post-thumbnail"],"yoast_head":"<!-- This site is optimized with the Yoast SEO plugin v27.2 - https:\/\/yoast.com\/product\/yoast-seo-wordpress\/ -->\n<title>Fjellturer p\u00e5 Lifjell - Spektakul\u00e6re vandreturer, B\u00f8 i Telemark<\/title>\n<meta name=\"description\" content=\"Utforsk barnevennlige fjellturer p\u00e5 Lifjell, krevende toppturer eller hyggelige familieturer. Sjekk v\u00e5re gode turtips!\" \/>\n<meta name=\"robots\" content=\"index, follow, max-snippet:-1, max-image-preview:large, max-video-preview:-1\" \/>\n<link rel=\"canonical\" href=\"https:\/\/visitbo.no\/lifjell\/fjellturer\/\" \/>\n<meta property=\"og:locale\" content=\"nb_NO\" \/>\n<meta property=\"og:type\" content=\"article\" \/>\n<meta property=\"og:title\" content=\"Fjellturer p\u00e5 Lifjell - Spektakul\u00e6re vandreturer, B\u00f8 i Telemark\" \/>\n<meta property=\"og:description\" content=\"Utforsk barnevennlige fjellturer p\u00e5 Lifjell, krevende toppturer eller hyggelige familieturer. Sjekk v\u00e5re gode turtips!\" \/>\n<meta property=\"og:url\" content=\"https:\/\/visitbo.no\/lifjell\/fjellturer\/\" \/>\n<meta property=\"og:site_name\" content=\"Lifjell\" \/>\n<meta property=\"article:modified_time\" content=\"2025-05-19T06:04:27+00:00\" \/>\n<meta name=\"twitter:card\" content=\"summary_large_image\" \/>\n<meta name=\"twitter:label1\" content=\"Ansl. lesetid\" \/>\n\t<meta name=\"twitter:data1\" content=\"1 minutt\" \/>\n<script type=\"application\/ld+json\" class=\"yoast-schema-graph\">{\"@context\":\"https:\/\/schema.org\",\"@graph\":[{\"@type\":\"WebPage\",\"@id\":\"https:\/\/visitbo.no\/lifjell\/fjellturer\/\",\"url\":\"https:\/\/visitbo.no\/lifjell\/fjellturer\/\",\"name\":\"Fjellturer p\u00e5 Lifjell - Spektakul\u00e6re vandreturer, B\u00f8 i Telemark\",\"isPartOf\":{\"@id\":\"https:\/\/visitbo.no\/lifjell\/#website\"},\"datePublished\":\"2020-06-22T15:18:20+00:00\",\"dateModified\":\"2025-05-19T06:04:27+00:00\",\"description\":\"Utforsk barnevennlige fjellturer p\u00e5 Lifjell, krevende toppturer eller hyggelige familieturer. Sjekk v\u00e5re gode turtips!\",\"breadcrumb\":{\"@id\":\"https:\/\/visitbo.no\/lifjell\/fjellturer\/#breadcrumb\"},\"inLanguage\":\"nb-NO\",\"potentialAction\":[{\"@type\":\"ReadAction\",\"target\":[\"https:\/\/visitbo.no\/lifjell\/fjellturer\/\"]}]},{\"@type\":\"BreadcrumbList\",\"@id\":\"https:\/\/visitbo.no\/lifjell\/fjellturer\/#breadcrumb\",\"itemListElement\":[{\"@type\":\"ListItem\",\"position\":1,\"name\":\"Hjem\",\"item\":\"https:\/\/visitbo.no\/lifjell\/\"},{\"@type\":\"ListItem\",\"position\":2,\"name\":\"Fjellturer p\u00e5 Lifjell\"}]},{\"@type\":\"WebSite\",\"@id\":\"https:\/\/visitbo.no\/lifjell\/#website\",\"url\":\"https:\/\/visitbo.no\/lifjell\/\",\"name\":\"Lifjell\",\"description\":\"One online experience - for everything your destination has to offer.\",\"potentialAction\":[{\"@type\":\"SearchAction\",\"target\":{\"@type\":\"EntryPoint\",\"urlTemplate\":\"https:\/\/visitbo.no\/lifjell\/?s={search_term_string}\"},\"query-input\":{\"@type\":\"PropertyValueSpecification\",\"valueRequired\":true,\"valueName\":\"search_term_string\"}}],\"inLanguage\":\"nb-NO\"}]}<\/script>\n<!-- \/ Yoast SEO plugin. -->","yoast_head_json":{"title":"Fjellturer p\u00e5 Lifjell - Spektakul\u00e6re vandreturer, B\u00f8 i Telemark","description":"Utforsk barnevennlige fjellturer p\u00e5 Lifjell, krevende toppturer eller hyggelige familieturer. Sjekk v\u00e5re gode turtips!","robots":{"index":"index","follow":"follow","max-snippet":"max-snippet:-1","max-image-preview":"max-image-preview:large","max-video-preview":"max-video-preview:-1"},"canonical":"https:\/\/visitbo.no\/lifjell\/fjellturer\/","og_locale":"nb_NO","og_type":"article","og_title":"Fjellturer p\u00e5 Lifjell - Spektakul\u00e6re vandreturer, B\u00f8 i Telemark","og_description":"Utforsk barnevennlige fjellturer p\u00e5 Lifjell, krevende toppturer eller hyggelige familieturer. Sjekk v\u00e5re gode turtips!","og_url":"https:\/\/visitbo.no\/lifjell\/fjellturer\/","og_site_name":"Lifjell","article_modified_time":"2025-05-19T06:04:27+00:00","twitter_card":"summary_large_image","twitter_misc":{"Ansl. lesetid":"1 minutt"},"schema":{"@context":"https:\/\/schema.org","@graph":[{"@type":"WebPage","@id":"https:\/\/visitbo.no\/lifjell\/fjellturer\/","url":"https:\/\/visitbo.no\/lifjell\/fjellturer\/","name":"Fjellturer p\u00e5 Lifjell - Spektakul\u00e6re vandreturer, B\u00f8 i Telemark","isPartOf":{"@id":"https:\/\/visitbo.no\/lifjell\/#website"},"datePublished":"2020-06-22T15:18:20+00:00","dateModified":"2025-05-19T06:04:27+00:00","description":"Utforsk barnevennlige fjellturer p\u00e5 Lifjell, krevende toppturer eller hyggelige familieturer. Sjekk v\u00e5re gode turtips!","breadcrumb":{"@id":"https:\/\/visitbo.no\/lifjell\/fjellturer\/#breadcrumb"},"inLanguage":"nb-NO","potentialAction":[{"@type":"ReadAction","target":["https:\/\/visitbo.no\/lifjell\/fjellturer\/"]}]},{"@type":"BreadcrumbList","@id":"https:\/\/visitbo.no\/lifjell\/fjellturer\/#breadcrumb","itemListElement":[{"@type":"ListItem","position":1,"name":"Hjem","item":"https:\/\/visitbo.no\/lifjell\/"},{"@type":"ListItem","position":2,"name":"Fjellturer p\u00e5 Lifjell"}]},{"@type":"WebSite","@id":"https:\/\/visitbo.no\/lifjell\/#website","url":"https:\/\/visitbo.no\/lifjell\/","name":"Lifjell","description":"One online experience - for everything your destination has to offer.","potentialAction":[{"@type":"SearchAction","target":{"@type":"EntryPoint","urlTemplate":"https:\/\/visitbo.no\/lifjell\/?s={search_term_string}"},"query-input":{"@type":"PropertyValueSpecification","valueRequired":true,"valueName":"search_term_string"}}],"inLanguage":"nb-NO"}]}},"_links":{"self":[{"href":"https:\/\/visitbo.no\/lifjell\/wp-json\/wp\/v2\/pages\/8549","targetHints":{"allow":["GET"]}}],"collection":[{"href":"https:\/\/visitbo.no\/lifjell\/wp-json\/wp\/v2\/pages"}],"about":[{"href":"https:\/\/visitbo.no\/lifjell\/wp-json\/wp\/v2\/types\/page"}],"author":[{"embeddable":true,"href":"https:\/\/visitbo.no\/lifjell\/wp-json\/wp\/v2\/users\/44"}],"replies":[{"embeddable":true,"href":"https:\/\/visitbo.no\/lifjell\/wp-json\/wp\/v2\/comments?post=8549"}],"version-history":[{"count":19,"href":"https:\/\/visitbo.no\/lifjell\/wp-json\/wp\/v2\/pages\/8549\/revisions"}],"predecessor-version":[{"id":11189,"href":"https:\/\/visitbo.no\/lifjell\/wp-json\/wp\/v2\/pages\/8549\/revisions\/11189"}],"wp:attachment":[{"href":"https:\/\/visitbo.no\/lifjell\/wp-json\/wp\/v2\/media?parent=8549"}],"curies":[{"name":"wp","href":"https:\/\/api.w.org\/{rel}","templated":true}]}}