{"id":8557,"date":"2020-06-24T10:45:43","date_gmt":"2020-06-24T08:45:43","guid":{"rendered":"https:\/\/visitbo.no\/lifjell\/?page_id=8557"},"modified":"2025-05-26T17:45:01","modified_gmt":"2025-05-26T15:45:01","slug":"turridning","status":"publish","type":"page","link":"https:\/\/visitbo.no\/lifjell\/turridning\/","title":{"rendered":"Turridning"},"content":{"rendered":"<div id=\"cs-content\" class=\"cs-content\"><\/div>\n","protected":false},"excerpt":{"rendered":"<p>Opplev Lifjell fra hesteryggen B\u00f8 og Lifjell Turridning arrangerer korte og lengre rideturer p\u00e5 Lifjell hele sommeren. Det kan virkelig anbefales \u00e5 oppleve det flotte h\u00f8yfjellsterrenget Lifjell fra hesteryggen! Flere av turene kombineres med lunsj eller middag p\u00e5 Lifjellstua og turene til Hollane seter, som har sommerdrift, inkluderer overnatting. Turene starter p\u00e5 Lifjell Skisenter. Fullstendig program og informasjon om alle &#8230; <\/p>\n<div><a href=\"https:\/\/visitbo.no\/lifjell\/turridning\/\" class=\"more-link\">Read More<\/a><\/div>\n","protected":false},"author":44,"featured_media":0,"parent":0,"menu_order":3,"comment_status":"closed","ping_status":"closed","template":"template-blank-4.php","meta":{"_relevanssi_hide_post":"","_relevanssi_hide_content":"","_relevanssi_pin_for_all":"","_relevanssi_pin_keywords":"","_relevanssi_unpin_keywords":"","_relevanssi_related_keywords":"","_relevanssi_related_include_ids":"","_relevanssi_related_exclude_ids":"","_relevanssi_related_no_append":"","_relevanssi_related_not_related":"","_relevanssi_related_posts":"","_relevanssi_noindex_reason":"","footnotes":""},"class_list":["post-8557","page","type-page","status-publish","hentry","no-post-thumbnail"],"yoast_head":"<!-- This site is optimized with the Yoast SEO plugin v27.2 - https:\/\/yoast.com\/product\/yoast-seo-wordpress\/ -->\n<title>Opplev Lifjell fra hesteryggen \u2013 B\u00f8 og Lifjell Turridning<\/title>\n<meta name=\"description\" content=\"Opplev en fantastisk naturopplevelse p\u00e5 hesteryggen med B\u00f8 og Lifjell Turridning. Ulike rideturer p\u00e5 Lifjell tilpasset alle ferdighetsniv\u00e5er.\" \/>\n<meta name=\"robots\" content=\"index, follow, max-snippet:-1, max-image-preview:large, max-video-preview:-1\" \/>\n<link rel=\"canonical\" href=\"https:\/\/visitbo.no\/lifjell\/turridning\/\" \/>\n<meta property=\"og:locale\" content=\"nb_NO\" \/>\n<meta property=\"og:type\" content=\"article\" \/>\n<meta property=\"og:title\" content=\"Opplev Lifjell fra hesteryggen \u2013 B\u00f8 og Lifjell Turridning\" \/>\n<meta property=\"og:description\" content=\"Opplev en fantastisk naturopplevelse p\u00e5 hesteryggen med B\u00f8 og Lifjell Turridning. Ulike rideturer p\u00e5 Lifjell tilpasset alle ferdighetsniv\u00e5er.\" \/>\n<meta property=\"og:url\" content=\"https:\/\/visitbo.no\/lifjell\/turridning\/\" \/>\n<meta property=\"og:site_name\" content=\"Lifjell\" \/>\n<meta property=\"article:modified_time\" content=\"2025-05-26T15:45:01+00:00\" \/>\n<meta name=\"twitter:card\" content=\"summary_large_image\" \/>\n<meta name=\"twitter:label1\" content=\"Ansl. lesetid\" \/>\n\t<meta name=\"twitter:data1\" content=\"1 minutt\" \/>\n<script type=\"application\/ld+json\" class=\"yoast-schema-graph\">{\"@context\":\"https:\/\/schema.org\",\"@graph\":[{\"@type\":\"WebPage\",\"@id\":\"https:\/\/visitbo.no\/lifjell\/turridning\/\",\"url\":\"https:\/\/visitbo.no\/lifjell\/turridning\/\",\"name\":\"Opplev Lifjell fra hesteryggen \u2013 B\u00f8 og Lifjell Turridning\",\"isPartOf\":{\"@id\":\"https:\/\/visitbo.no\/lifjell\/#website\"},\"datePublished\":\"2020-06-24T08:45:43+00:00\",\"dateModified\":\"2025-05-26T15:45:01+00:00\",\"description\":\"Opplev en fantastisk naturopplevelse p\u00e5 hesteryggen med B\u00f8 og Lifjell Turridning. Ulike rideturer p\u00e5 Lifjell tilpasset alle ferdighetsniv\u00e5er.\",\"breadcrumb\":{\"@id\":\"https:\/\/visitbo.no\/lifjell\/turridning\/#breadcrumb\"},\"inLanguage\":\"nb-NO\",\"potentialAction\":[{\"@type\":\"ReadAction\",\"target\":[\"https:\/\/visitbo.no\/lifjell\/turridning\/\"]}]},{\"@type\":\"BreadcrumbList\",\"@id\":\"https:\/\/visitbo.no\/lifjell\/turridning\/#breadcrumb\",\"itemListElement\":[{\"@type\":\"ListItem\",\"position\":1,\"name\":\"Hjem\",\"item\":\"https:\/\/visitbo.no\/lifjell\/\"},{\"@type\":\"ListItem\",\"position\":2,\"name\":\"Turridning\"}]},{\"@type\":\"WebSite\",\"@id\":\"https:\/\/visitbo.no\/lifjell\/#website\",\"url\":\"https:\/\/visitbo.no\/lifjell\/\",\"name\":\"Lifjell\",\"description\":\"One online experience - for everything your destination has to offer.\",\"potentialAction\":[{\"@type\":\"SearchAction\",\"target\":{\"@type\":\"EntryPoint\",\"urlTemplate\":\"https:\/\/visitbo.no\/lifjell\/?s={search_term_string}\"},\"query-input\":{\"@type\":\"PropertyValueSpecification\",\"valueRequired\":true,\"valueName\":\"search_term_string\"}}],\"inLanguage\":\"nb-NO\"}]}<\/script>\n<!-- \/ Yoast SEO plugin. -->","yoast_head_json":{"title":"Opplev Lifjell fra hesteryggen \u2013 B\u00f8 og Lifjell Turridning","description":"Opplev en fantastisk naturopplevelse p\u00e5 hesteryggen med B\u00f8 og Lifjell Turridning. Ulike rideturer p\u00e5 Lifjell tilpasset alle ferdighetsniv\u00e5er.","robots":{"index":"index","follow":"follow","max-snippet":"max-snippet:-1","max-image-preview":"max-image-preview:large","max-video-preview":"max-video-preview:-1"},"canonical":"https:\/\/visitbo.no\/lifjell\/turridning\/","og_locale":"nb_NO","og_type":"article","og_title":"Opplev Lifjell fra hesteryggen \u2013 B\u00f8 og Lifjell Turridning","og_description":"Opplev en fantastisk naturopplevelse p\u00e5 hesteryggen med B\u00f8 og Lifjell Turridning. Ulike rideturer p\u00e5 Lifjell tilpasset alle ferdighetsniv\u00e5er.","og_url":"https:\/\/visitbo.no\/lifjell\/turridning\/","og_site_name":"Lifjell","article_modified_time":"2025-05-26T15:45:01+00:00","twitter_card":"summary_large_image","twitter_misc":{"Ansl. lesetid":"1 minutt"},"schema":{"@context":"https:\/\/schema.org","@graph":[{"@type":"WebPage","@id":"https:\/\/visitbo.no\/lifjell\/turridning\/","url":"https:\/\/visitbo.no\/lifjell\/turridning\/","name":"Opplev Lifjell fra hesteryggen \u2013 B\u00f8 og Lifjell Turridning","isPartOf":{"@id":"https:\/\/visitbo.no\/lifjell\/#website"},"datePublished":"2020-06-24T08:45:43+00:00","dateModified":"2025-05-26T15:45:01+00:00","description":"Opplev en fantastisk naturopplevelse p\u00e5 hesteryggen med B\u00f8 og Lifjell Turridning. Ulike rideturer p\u00e5 Lifjell tilpasset alle ferdighetsniv\u00e5er.","breadcrumb":{"@id":"https:\/\/visitbo.no\/lifjell\/turridning\/#breadcrumb"},"inLanguage":"nb-NO","potentialAction":[{"@type":"ReadAction","target":["https:\/\/visitbo.no\/lifjell\/turridning\/"]}]},{"@type":"BreadcrumbList","@id":"https:\/\/visitbo.no\/lifjell\/turridning\/#breadcrumb","itemListElement":[{"@type":"ListItem","position":1,"name":"Hjem","item":"https:\/\/visitbo.no\/lifjell\/"},{"@type":"ListItem","position":2,"name":"Turridning"}]},{"@type":"WebSite","@id":"https:\/\/visitbo.no\/lifjell\/#website","url":"https:\/\/visitbo.no\/lifjell\/","name":"Lifjell","description":"One online experience - for everything your destination has to offer.","potentialAction":[{"@type":"SearchAction","target":{"@type":"EntryPoint","urlTemplate":"https:\/\/visitbo.no\/lifjell\/?s={search_term_string}"},"query-input":{"@type":"PropertyValueSpecification","valueRequired":true,"valueName":"search_term_string"}}],"inLanguage":"nb-NO"}]}},"_links":{"self":[{"href":"https:\/\/visitbo.no\/lifjell\/wp-json\/wp\/v2\/pages\/8557","targetHints":{"allow":["GET"]}}],"collection":[{"href":"https:\/\/visitbo.no\/lifjell\/wp-json\/wp\/v2\/pages"}],"about":[{"href":"https:\/\/visitbo.no\/lifjell\/wp-json\/wp\/v2\/types\/page"}],"author":[{"embeddable":true,"href":"https:\/\/visitbo.no\/lifjell\/wp-json\/wp\/v2\/users\/44"}],"replies":[{"embeddable":true,"href":"https:\/\/visitbo.no\/lifjell\/wp-json\/wp\/v2\/comments?post=8557"}],"version-history":[{"count":14,"href":"https:\/\/visitbo.no\/lifjell\/wp-json\/wp\/v2\/pages\/8557\/revisions"}],"predecessor-version":[{"id":10779,"href":"https:\/\/visitbo.no\/lifjell\/wp-json\/wp\/v2\/pages\/8557\/revisions\/10779"}],"wp:attachment":[{"href":"https:\/\/visitbo.no\/lifjell\/wp-json\/wp\/v2\/media?parent=8557"}],"curies":[{"name":"wp","href":"https:\/\/api.w.org\/{rel}","templated":true}]}}