{"id":493,"date":"2017-10-12T20:47:30","date_gmt":"2017-10-12T18:47:30","guid":{"rendered":"https:\/\/visitbo.no\/lifjellstua\/?page_id=493"},"modified":"2024-07-26T11:22:18","modified_gmt":"2024-07-26T09:22:18","slug":"overnatting","status":"publish","type":"page","link":"https:\/\/visitbo.no\/lifjellstua\/overnatting\/","title":{"rendered":"Overnatting"},"content":{"rendered":"<div id=\"cs-content\" class=\"cs-content\"><\/div>\n","protected":false},"excerpt":{"rendered":"<p>Overnatting p\u00e5 Lifjellstua Leter du etter et unikt overnattingssted p\u00e5 Lifjell? Lifjellstua tilbyr alt du trenger for en behagelig overnatting n\u00e6r fantastisk natur! Lifjellstua ligger sentralt plassert slik at du enkelt kommer deg til alle n\u00e6rliggende opplevelser og B\u00f8 sentrum, samtidig som du har alle fasiliteter du trenger for et behagelig og stressfritt opphold. Rett utenfor d\u00f8ren finner du fantastiske &#8230; <\/p>\n<div><a href=\"https:\/\/visitbo.no\/lifjellstua\/overnatting\/\" class=\"more-link\">Read More<\/a><\/div>\n","protected":false},"author":1,"featured_media":0,"parent":0,"menu_order":3,"comment_status":"closed","ping_status":"closed","template":"template-blank-4.php","meta":{"_relevanssi_hide_post":"","_relevanssi_hide_content":"","_relevanssi_pin_for_all":"","_relevanssi_pin_keywords":"","_relevanssi_unpin_keywords":"","_relevanssi_related_keywords":"","_relevanssi_related_include_ids":"","_relevanssi_related_exclude_ids":"","_relevanssi_related_no_append":"","_relevanssi_related_not_related":"","_relevanssi_related_posts":"","_relevanssi_noindex_reason":"","footnotes":""},"class_list":["post-493","page","type-page","status-publish","hentry","no-post-thumbnail"],"yoast_head":"<!-- This site is optimized with the Yoast SEO plugin v27.2 - https:\/\/yoast.com\/product\/yoast-seo-wordpress\/ -->\n<title>Overnatting p\u00e5 Lifjell \u2502 B\u00f8 i Telemark \u2502 Lifjellstua<\/title>\n<meta name=\"description\" content=\"Lifjellstua har alt du trenger for en behagelig overnatting p\u00e5 Lifjell. Utforsk v\u00e5re komfortable rom og fantastiske turmuligheter \u00e5ret rundt.\" \/>\n<meta name=\"robots\" content=\"index, follow, max-snippet:-1, max-image-preview:large, max-video-preview:-1\" \/>\n<link rel=\"canonical\" href=\"https:\/\/visitbo.no\/lifjellstua\/overnatting\/\" \/>\n<meta property=\"og:locale\" content=\"nb_NO\" \/>\n<meta property=\"og:type\" content=\"article\" \/>\n<meta property=\"og:title\" content=\"Overnatting p\u00e5 Lifjell \u2502 B\u00f8 i Telemark \u2502 Lifjellstua\" \/>\n<meta property=\"og:description\" content=\"Lifjellstua har alt du trenger for en behagelig overnatting p\u00e5 Lifjell. Utforsk v\u00e5re komfortable rom og fantastiske turmuligheter \u00e5ret rundt.\" \/>\n<meta property=\"og:url\" content=\"https:\/\/visitbo.no\/lifjellstua\/overnatting\/\" \/>\n<meta property=\"og:site_name\" content=\"Lifjellstua\" \/>\n<meta property=\"article:modified_time\" content=\"2024-07-26T09:22:18+00:00\" \/>\n<meta name=\"twitter:card\" content=\"summary_large_image\" \/>\n<meta name=\"twitter:label1\" content=\"Ansl. lesetid\" \/>\n\t<meta name=\"twitter:data1\" content=\"2 minutter\" \/>\n<script type=\"application\/ld+json\" class=\"yoast-schema-graph\">{\"@context\":\"https:\/\/schema.org\",\"@graph\":[{\"@type\":\"WebPage\",\"@id\":\"https:\/\/visitbo.no\/lifjellstua\/overnatting\/\",\"url\":\"https:\/\/visitbo.no\/lifjellstua\/overnatting\/\",\"name\":\"Overnatting p\u00e5 Lifjell \u2502 B\u00f8 i Telemark \u2502 Lifjellstua\",\"isPartOf\":{\"@id\":\"https:\/\/visitbo.no\/lifjellstua\/#website\"},\"datePublished\":\"2017-10-12T18:47:30+00:00\",\"dateModified\":\"2024-07-26T09:22:18+00:00\",\"description\":\"Lifjellstua har alt du trenger for en behagelig overnatting p\u00e5 Lifjell. Utforsk v\u00e5re komfortable rom og fantastiske turmuligheter \u00e5ret rundt.\",\"breadcrumb\":{\"@id\":\"https:\/\/visitbo.no\/lifjellstua\/overnatting\/#breadcrumb\"},\"inLanguage\":\"nb-NO\",\"potentialAction\":[{\"@type\":\"ReadAction\",\"target\":[\"https:\/\/visitbo.no\/lifjellstua\/overnatting\/\"]}]},{\"@type\":\"BreadcrumbList\",\"@id\":\"https:\/\/visitbo.no\/lifjellstua\/overnatting\/#breadcrumb\",\"itemListElement\":[{\"@type\":\"ListItem\",\"position\":1,\"name\":\"Hjem\",\"item\":\"https:\/\/visitbo.no\/lifjellstua\/\"},{\"@type\":\"ListItem\",\"position\":2,\"name\":\"Overnatting\"}]},{\"@type\":\"WebSite\",\"@id\":\"https:\/\/visitbo.no\/lifjellstua\/#website\",\"url\":\"https:\/\/visitbo.no\/lifjellstua\/\",\"name\":\"Lifjellstua\",\"description\":\"One online experience - for everything your destination has to offer.\",\"potentialAction\":[{\"@type\":\"SearchAction\",\"target\":{\"@type\":\"EntryPoint\",\"urlTemplate\":\"https:\/\/visitbo.no\/lifjellstua\/?s={search_term_string}\"},\"query-input\":{\"@type\":\"PropertyValueSpecification\",\"valueRequired\":true,\"valueName\":\"search_term_string\"}}],\"inLanguage\":\"nb-NO\"}]}<\/script>\n<!-- \/ Yoast SEO plugin. -->","yoast_head_json":{"title":"Overnatting p\u00e5 Lifjell \u2502 B\u00f8 i Telemark \u2502 Lifjellstua","description":"Lifjellstua har alt du trenger for en behagelig overnatting p\u00e5 Lifjell. Utforsk v\u00e5re komfortable rom og fantastiske turmuligheter \u00e5ret rundt.","robots":{"index":"index","follow":"follow","max-snippet":"max-snippet:-1","max-image-preview":"max-image-preview:large","max-video-preview":"max-video-preview:-1"},"canonical":"https:\/\/visitbo.no\/lifjellstua\/overnatting\/","og_locale":"nb_NO","og_type":"article","og_title":"Overnatting p\u00e5 Lifjell \u2502 B\u00f8 i Telemark \u2502 Lifjellstua","og_description":"Lifjellstua har alt du trenger for en behagelig overnatting p\u00e5 Lifjell. Utforsk v\u00e5re komfortable rom og fantastiske turmuligheter \u00e5ret rundt.","og_url":"https:\/\/visitbo.no\/lifjellstua\/overnatting\/","og_site_name":"Lifjellstua","article_modified_time":"2024-07-26T09:22:18+00:00","twitter_card":"summary_large_image","twitter_misc":{"Ansl. lesetid":"2 minutter"},"schema":{"@context":"https:\/\/schema.org","@graph":[{"@type":"WebPage","@id":"https:\/\/visitbo.no\/lifjellstua\/overnatting\/","url":"https:\/\/visitbo.no\/lifjellstua\/overnatting\/","name":"Overnatting p\u00e5 Lifjell \u2502 B\u00f8 i Telemark \u2502 Lifjellstua","isPartOf":{"@id":"https:\/\/visitbo.no\/lifjellstua\/#website"},"datePublished":"2017-10-12T18:47:30+00:00","dateModified":"2024-07-26T09:22:18+00:00","description":"Lifjellstua har alt du trenger for en behagelig overnatting p\u00e5 Lifjell. Utforsk v\u00e5re komfortable rom og fantastiske turmuligheter \u00e5ret rundt.","breadcrumb":{"@id":"https:\/\/visitbo.no\/lifjellstua\/overnatting\/#breadcrumb"},"inLanguage":"nb-NO","potentialAction":[{"@type":"ReadAction","target":["https:\/\/visitbo.no\/lifjellstua\/overnatting\/"]}]},{"@type":"BreadcrumbList","@id":"https:\/\/visitbo.no\/lifjellstua\/overnatting\/#breadcrumb","itemListElement":[{"@type":"ListItem","position":1,"name":"Hjem","item":"https:\/\/visitbo.no\/lifjellstua\/"},{"@type":"ListItem","position":2,"name":"Overnatting"}]},{"@type":"WebSite","@id":"https:\/\/visitbo.no\/lifjellstua\/#website","url":"https:\/\/visitbo.no\/lifjellstua\/","name":"Lifjellstua","description":"One online experience - for everything your destination has to offer.","potentialAction":[{"@type":"SearchAction","target":{"@type":"EntryPoint","urlTemplate":"https:\/\/visitbo.no\/lifjellstua\/?s={search_term_string}"},"query-input":{"@type":"PropertyValueSpecification","valueRequired":true,"valueName":"search_term_string"}}],"inLanguage":"nb-NO"}]}},"_links":{"self":[{"href":"https:\/\/visitbo.no\/lifjellstua\/wp-json\/wp\/v2\/pages\/493","targetHints":{"allow":["GET"]}}],"collection":[{"href":"https:\/\/visitbo.no\/lifjellstua\/wp-json\/wp\/v2\/pages"}],"about":[{"href":"https:\/\/visitbo.no\/lifjellstua\/wp-json\/wp\/v2\/types\/page"}],"author":[{"embeddable":true,"href":"https:\/\/visitbo.no\/lifjellstua\/wp-json\/wp\/v2\/users\/1"}],"replies":[{"embeddable":true,"href":"https:\/\/visitbo.no\/lifjellstua\/wp-json\/wp\/v2\/comments?post=493"}],"version-history":[{"count":41,"href":"https:\/\/visitbo.no\/lifjellstua\/wp-json\/wp\/v2\/pages\/493\/revisions"}],"predecessor-version":[{"id":9347,"href":"https:\/\/visitbo.no\/lifjellstua\/wp-json\/wp\/v2\/pages\/493\/revisions\/9347"}],"wp:attachment":[{"href":"https:\/\/visitbo.no\/lifjellstua\/wp-json\/wp\/v2\/media?parent=493"}],"curies":[{"name":"wp","href":"https:\/\/api.w.org\/{rel}","templated":true}]}}