{"id":7870,"date":"2019-06-25T14:04:16","date_gmt":"2019-06-25T12:04:16","guid":{"rendered":"https:\/\/visitbo.no\/lifjellstua\/?page_id=7870"},"modified":"2025-06-29T13:35:03","modified_gmt":"2025-06-29T11:35:03","slug":"avbrekk-fra-mote","status":"publish","type":"page","link":"https:\/\/visitbo.no\/lifjellstua\/kurs-og-konferanse\/avbrekk-fra-mote\/","title":{"rendered":"Avbrekk fra m\u00f8te"},"content":{"rendered":"<div id=\"cs-content\" class=\"cs-content\"><\/div>\n","protected":false},"excerpt":{"rendered":"<p>Ta et avbrekk \u00e5 legge inn aktiviteter under m\u00f8te eller etter en m\u00f8tedag. Vi er behjelpelig med \u00e5 finne en aktivitet som passer dere. V\u00e5re forslag: Topptur (Glekse, Krintofjell eller B\u00f8kstulnatten) Badstue Samling i Grillhytta (spekemat og noe godt i koppen) Quiz, Kahoot osv Vinteraktiviteter (aking, skileik, , sn\u00f8skulpturbygging) Aktiviteter via v\u00e5re samarbeidspartnere: Ridetur med B\u00f8 og Lifjell turridning (juni &#8230; <\/p>\n<div><a href=\"https:\/\/visitbo.no\/lifjellstua\/kurs-og-konferanse\/avbrekk-fra-mote\/\" class=\"more-link\">Read More<\/a><\/div>\n","protected":false},"author":6,"featured_media":0,"parent":7950,"menu_order":3,"comment_status":"closed","ping_status":"closed","template":"","meta":{"_relevanssi_hide_post":"","_relevanssi_hide_content":"","_relevanssi_pin_for_all":"","_relevanssi_pin_keywords":"","_relevanssi_unpin_keywords":"","_relevanssi_related_keywords":"","_relevanssi_related_include_ids":"","_relevanssi_related_exclude_ids":"","_relevanssi_related_no_append":"","_relevanssi_related_not_related":"","_relevanssi_related_posts":"","_relevanssi_noindex_reason":"","footnotes":""},"class_list":["post-7870","page","type-page","status-publish","hentry","no-post-thumbnail"],"yoast_head":"<!-- This site is optimized with the Yoast SEO plugin v27.2 - https:\/\/yoast.com\/product\/yoast-seo-wordpress\/ -->\n<title>Avbrekk fra m\u00f8te - Lifjellstua<\/title>\n<meta name=\"robots\" content=\"index, follow, max-snippet:-1, max-image-preview:large, max-video-preview:-1\" \/>\n<link rel=\"canonical\" href=\"https:\/\/visitbo.no\/lifjellstua\/kurs-og-konferanse\/avbrekk-fra-mote\/\" \/>\n<meta property=\"og:locale\" content=\"nb_NO\" \/>\n<meta property=\"og:type\" content=\"article\" \/>\n<meta property=\"og:title\" content=\"Avbrekk fra m\u00f8te - Lifjellstua\" \/>\n<meta property=\"og:description\" content=\"Ta et avbrekk \u00e5 legge inn aktiviteter under m\u00f8te eller etter en m\u00f8tedag. Vi er behjelpelig med \u00e5 finne en aktivitet som passer dere. V\u00e5re forslag: Topptur (Glekse, Krintofjell eller B\u00f8kstulnatten) Badstue Samling i Grillhytta (spekemat og noe godt i koppen) Quiz, Kahoot osv Vinteraktiviteter (aking, skileik, , sn\u00f8skulpturbygging) Aktiviteter via v\u00e5re samarbeidspartnere: Ridetur med B\u00f8 og Lifjell turridning (juni ... Read More\" \/>\n<meta property=\"og:url\" content=\"https:\/\/visitbo.no\/lifjellstua\/kurs-og-konferanse\/avbrekk-fra-mote\/\" \/>\n<meta property=\"og:site_name\" content=\"Lifjellstua\" \/>\n<meta property=\"article:modified_time\" content=\"2025-06-29T11:35:03+00:00\" \/>\n<meta name=\"twitter:card\" content=\"summary_large_image\" \/>\n<meta name=\"twitter:label1\" content=\"Ansl. lesetid\" \/>\n\t<meta name=\"twitter:data1\" content=\"2 minutter\" \/>\n<script type=\"application\/ld+json\" class=\"yoast-schema-graph\">{\"@context\":\"https:\/\/schema.org\",\"@graph\":[{\"@type\":\"WebPage\",\"@id\":\"https:\/\/visitbo.no\/lifjellstua\/kurs-og-konferanse\/avbrekk-fra-mote\/\",\"url\":\"https:\/\/visitbo.no\/lifjellstua\/kurs-og-konferanse\/avbrekk-fra-mote\/\",\"name\":\"Avbrekk fra m\u00f8te - Lifjellstua\",\"isPartOf\":{\"@id\":\"https:\/\/visitbo.no\/lifjellstua\/#website\"},\"datePublished\":\"2019-06-25T12:04:16+00:00\",\"dateModified\":\"2025-06-29T11:35:03+00:00\",\"breadcrumb\":{\"@id\":\"https:\/\/visitbo.no\/lifjellstua\/kurs-og-konferanse\/avbrekk-fra-mote\/#breadcrumb\"},\"inLanguage\":\"nb-NO\",\"potentialAction\":[{\"@type\":\"ReadAction\",\"target\":[\"https:\/\/visitbo.no\/lifjellstua\/kurs-og-konferanse\/avbrekk-fra-mote\/\"]}]},{\"@type\":\"BreadcrumbList\",\"@id\":\"https:\/\/visitbo.no\/lifjellstua\/kurs-og-konferanse\/avbrekk-fra-mote\/#breadcrumb\",\"itemListElement\":[{\"@type\":\"ListItem\",\"position\":1,\"name\":\"Hjem\",\"item\":\"https:\/\/visitbo.no\/lifjellstua\/\"},{\"@type\":\"ListItem\",\"position\":2,\"name\":\"Kurs &amp; Konferanse\",\"item\":\"https:\/\/visitbo.no\/lifjellstua\/kurs-og-konferanse\/\"},{\"@type\":\"ListItem\",\"position\":3,\"name\":\"Avbrekk fra m\u00f8te\"}]},{\"@type\":\"WebSite\",\"@id\":\"https:\/\/visitbo.no\/lifjellstua\/#website\",\"url\":\"https:\/\/visitbo.no\/lifjellstua\/\",\"name\":\"Lifjellstua\",\"description\":\"One online experience - for everything your destination has to offer.\",\"potentialAction\":[{\"@type\":\"SearchAction\",\"target\":{\"@type\":\"EntryPoint\",\"urlTemplate\":\"https:\/\/visitbo.no\/lifjellstua\/?s={search_term_string}\"},\"query-input\":{\"@type\":\"PropertyValueSpecification\",\"valueRequired\":true,\"valueName\":\"search_term_string\"}}],\"inLanguage\":\"nb-NO\"}]}<\/script>\n<!-- \/ Yoast SEO plugin. -->","yoast_head_json":{"title":"Avbrekk fra m\u00f8te - Lifjellstua","robots":{"index":"index","follow":"follow","max-snippet":"max-snippet:-1","max-image-preview":"max-image-preview:large","max-video-preview":"max-video-preview:-1"},"canonical":"https:\/\/visitbo.no\/lifjellstua\/kurs-og-konferanse\/avbrekk-fra-mote\/","og_locale":"nb_NO","og_type":"article","og_title":"Avbrekk fra m\u00f8te - Lifjellstua","og_description":"Ta et avbrekk \u00e5 legge inn aktiviteter under m\u00f8te eller etter en m\u00f8tedag. Vi er behjelpelig med \u00e5 finne en aktivitet som passer dere. V\u00e5re forslag: Topptur (Glekse, Krintofjell eller B\u00f8kstulnatten) Badstue Samling i Grillhytta (spekemat og noe godt i koppen) Quiz, Kahoot osv Vinteraktiviteter (aking, skileik, , sn\u00f8skulpturbygging) Aktiviteter via v\u00e5re samarbeidspartnere: Ridetur med B\u00f8 og Lifjell turridning (juni ... Read More","og_url":"https:\/\/visitbo.no\/lifjellstua\/kurs-og-konferanse\/avbrekk-fra-mote\/","og_site_name":"Lifjellstua","article_modified_time":"2025-06-29T11:35:03+00:00","twitter_card":"summary_large_image","twitter_misc":{"Ansl. lesetid":"2 minutter"},"schema":{"@context":"https:\/\/schema.org","@graph":[{"@type":"WebPage","@id":"https:\/\/visitbo.no\/lifjellstua\/kurs-og-konferanse\/avbrekk-fra-mote\/","url":"https:\/\/visitbo.no\/lifjellstua\/kurs-og-konferanse\/avbrekk-fra-mote\/","name":"Avbrekk fra m\u00f8te - Lifjellstua","isPartOf":{"@id":"https:\/\/visitbo.no\/lifjellstua\/#website"},"datePublished":"2019-06-25T12:04:16+00:00","dateModified":"2025-06-29T11:35:03+00:00","breadcrumb":{"@id":"https:\/\/visitbo.no\/lifjellstua\/kurs-og-konferanse\/avbrekk-fra-mote\/#breadcrumb"},"inLanguage":"nb-NO","potentialAction":[{"@type":"ReadAction","target":["https:\/\/visitbo.no\/lifjellstua\/kurs-og-konferanse\/avbrekk-fra-mote\/"]}]},{"@type":"BreadcrumbList","@id":"https:\/\/visitbo.no\/lifjellstua\/kurs-og-konferanse\/avbrekk-fra-mote\/#breadcrumb","itemListElement":[{"@type":"ListItem","position":1,"name":"Hjem","item":"https:\/\/visitbo.no\/lifjellstua\/"},{"@type":"ListItem","position":2,"name":"Kurs &amp; Konferanse","item":"https:\/\/visitbo.no\/lifjellstua\/kurs-og-konferanse\/"},{"@type":"ListItem","position":3,"name":"Avbrekk fra m\u00f8te"}]},{"@type":"WebSite","@id":"https:\/\/visitbo.no\/lifjellstua\/#website","url":"https:\/\/visitbo.no\/lifjellstua\/","name":"Lifjellstua","description":"One online experience - for everything your destination has to offer.","potentialAction":[{"@type":"SearchAction","target":{"@type":"EntryPoint","urlTemplate":"https:\/\/visitbo.no\/lifjellstua\/?s={search_term_string}"},"query-input":{"@type":"PropertyValueSpecification","valueRequired":true,"valueName":"search_term_string"}}],"inLanguage":"nb-NO"}]}},"_links":{"self":[{"href":"https:\/\/visitbo.no\/lifjellstua\/wp-json\/wp\/v2\/pages\/7870","targetHints":{"allow":["GET"]}}],"collection":[{"href":"https:\/\/visitbo.no\/lifjellstua\/wp-json\/wp\/v2\/pages"}],"about":[{"href":"https:\/\/visitbo.no\/lifjellstua\/wp-json\/wp\/v2\/types\/page"}],"author":[{"embeddable":true,"href":"https:\/\/visitbo.no\/lifjellstua\/wp-json\/wp\/v2\/users\/6"}],"replies":[{"embeddable":true,"href":"https:\/\/visitbo.no\/lifjellstua\/wp-json\/wp\/v2\/comments?post=7870"}],"version-history":[{"count":5,"href":"https:\/\/visitbo.no\/lifjellstua\/wp-json\/wp\/v2\/pages\/7870\/revisions"}],"predecessor-version":[{"id":9471,"href":"https:\/\/visitbo.no\/lifjellstua\/wp-json\/wp\/v2\/pages\/7870\/revisions\/9471"}],"up":[{"embeddable":true,"href":"https:\/\/visitbo.no\/lifjellstua\/wp-json\/wp\/v2\/pages\/7950"}],"wp:attachment":[{"href":"https:\/\/visitbo.no\/lifjellstua\/wp-json\/wp\/v2\/media?parent=7870"}],"curies":[{"name":"wp","href":"https:\/\/api.w.org\/{rel}","templated":true}]}}