{"id":7892,"date":"2019-06-25T16:03:35","date_gmt":"2019-06-25T14:03:35","guid":{"rendered":"https:\/\/visitbo.no\/lifjellstua\/?page_id=7892"},"modified":"2023-08-25T18:20:59","modified_gmt":"2023-08-25T16:20:59","slug":"grillhytte","status":"publish","type":"page","link":"https:\/\/visitbo.no\/lifjellstua\/mat-og-drikke\/grillhytte\/","title":{"rendered":"Grillhytte"},"content":{"rendered":"<div id=\"cs-content\" class=\"cs-content\"><\/div>\n","protected":false},"excerpt":{"rendered":"<p>Planlegger dere ett uformelt lag\/fest\/afterski, er grillhytta perfekt til dette. Her kan dere v\u00e6re for dere selv, og vi serverer dere det dere trenger. Egner seg for grupper opp til 24 personer. Yttert\u00f8y m\u00e5 beregnes i grillhytta. Dere er ogs\u00e5 hjertelig velkomne inn til oss p\u00e5 Lifjellstua etterp\u00e5. Da er garderobene tilgjengelig om dere \u00f8nsker det. Kontakt: Mail: lifjellstua@lifjellstua.no Tlf:35953380\/41229381 &#8230; <\/p>\n<div><a href=\"https:\/\/visitbo.no\/lifjellstua\/mat-og-drikke\/grillhytte\/\" class=\"more-link\">Read More<\/a><\/div>\n","protected":false},"author":6,"featured_media":0,"parent":7913,"menu_order":3,"comment_status":"closed","ping_status":"closed","template":"","meta":{"_relevanssi_hide_post":"","_relevanssi_hide_content":"","_relevanssi_pin_for_all":"","_relevanssi_pin_keywords":"","_relevanssi_unpin_keywords":"","_relevanssi_related_keywords":"","_relevanssi_related_include_ids":"","_relevanssi_related_exclude_ids":"","_relevanssi_related_no_append":"","_relevanssi_related_not_related":"","_relevanssi_related_posts":"","_relevanssi_noindex_reason":"","footnotes":""},"class_list":["post-7892","page","type-page","status-publish","hentry","no-post-thumbnail"],"yoast_head":"<!-- This site is optimized with the Yoast SEO plugin v27.2 - https:\/\/yoast.com\/product\/yoast-seo-wordpress\/ -->\n<title>Grillhytte - Lifjellstua<\/title>\n<meta name=\"robots\" content=\"index, follow, max-snippet:-1, max-image-preview:large, max-video-preview:-1\" \/>\n<link rel=\"canonical\" href=\"https:\/\/visitbo.no\/lifjellstua\/mat-og-drikke\/grillhytte\/\" \/>\n<meta property=\"og:locale\" content=\"nb_NO\" \/>\n<meta property=\"og:type\" content=\"article\" \/>\n<meta property=\"og:title\" content=\"Grillhytte - Lifjellstua\" \/>\n<meta property=\"og:description\" content=\"Planlegger dere ett uformelt lag\/fest\/afterski, er grillhytta perfekt til dette. Her kan dere v\u00e6re for dere selv, og vi serverer dere det dere trenger. Egner seg for grupper opp til 24 personer. Yttert\u00f8y m\u00e5 beregnes i grillhytta. Dere er ogs\u00e5 hjertelig velkomne inn til oss p\u00e5 Lifjellstua etterp\u00e5. Da er garderobene tilgjengelig om dere \u00f8nsker det. Kontakt: Mail: lifjellstua@lifjellstua.no Tlf:35953380\/41229381 ... Read More\" \/>\n<meta property=\"og:url\" content=\"https:\/\/visitbo.no\/lifjellstua\/mat-og-drikke\/grillhytte\/\" \/>\n<meta property=\"og:site_name\" content=\"Lifjellstua\" \/>\n<meta property=\"article:modified_time\" content=\"2023-08-25T16:20:59+00:00\" \/>\n<meta name=\"twitter:card\" content=\"summary_large_image\" \/>\n<meta name=\"twitter:label1\" content=\"Ansl. lesetid\" \/>\n\t<meta name=\"twitter:data1\" content=\"1 minutt\" \/>\n<script type=\"application\/ld+json\" class=\"yoast-schema-graph\">{\"@context\":\"https:\/\/schema.org\",\"@graph\":[{\"@type\":\"WebPage\",\"@id\":\"https:\/\/visitbo.no\/lifjellstua\/mat-og-drikke\/grillhytte\/\",\"url\":\"https:\/\/visitbo.no\/lifjellstua\/mat-og-drikke\/grillhytte\/\",\"name\":\"Grillhytte - Lifjellstua\",\"isPartOf\":{\"@id\":\"https:\/\/visitbo.no\/lifjellstua\/#website\"},\"datePublished\":\"2019-06-25T14:03:35+00:00\",\"dateModified\":\"2023-08-25T16:20:59+00:00\",\"breadcrumb\":{\"@id\":\"https:\/\/visitbo.no\/lifjellstua\/mat-og-drikke\/grillhytte\/#breadcrumb\"},\"inLanguage\":\"nb-NO\",\"potentialAction\":[{\"@type\":\"ReadAction\",\"target\":[\"https:\/\/visitbo.no\/lifjellstua\/mat-og-drikke\/grillhytte\/\"]}]},{\"@type\":\"BreadcrumbList\",\"@id\":\"https:\/\/visitbo.no\/lifjellstua\/mat-og-drikke\/grillhytte\/#breadcrumb\",\"itemListElement\":[{\"@type\":\"ListItem\",\"position\":1,\"name\":\"Hjem\",\"item\":\"https:\/\/visitbo.no\/lifjellstua\/\"},{\"@type\":\"ListItem\",\"position\":2,\"name\":\"Mat &amp; Drikke\",\"item\":\"https:\/\/visitbo.no\/lifjellstua\/mat-og-drikke\/\"},{\"@type\":\"ListItem\",\"position\":3,\"name\":\"Grillhytte\"}]},{\"@type\":\"WebSite\",\"@id\":\"https:\/\/visitbo.no\/lifjellstua\/#website\",\"url\":\"https:\/\/visitbo.no\/lifjellstua\/\",\"name\":\"Lifjellstua\",\"description\":\"One online experience - for everything your destination has to offer.\",\"potentialAction\":[{\"@type\":\"SearchAction\",\"target\":{\"@type\":\"EntryPoint\",\"urlTemplate\":\"https:\/\/visitbo.no\/lifjellstua\/?s={search_term_string}\"},\"query-input\":{\"@type\":\"PropertyValueSpecification\",\"valueRequired\":true,\"valueName\":\"search_term_string\"}}],\"inLanguage\":\"nb-NO\"}]}<\/script>\n<!-- \/ Yoast SEO plugin. -->","yoast_head_json":{"title":"Grillhytte - Lifjellstua","robots":{"index":"index","follow":"follow","max-snippet":"max-snippet:-1","max-image-preview":"max-image-preview:large","max-video-preview":"max-video-preview:-1"},"canonical":"https:\/\/visitbo.no\/lifjellstua\/mat-og-drikke\/grillhytte\/","og_locale":"nb_NO","og_type":"article","og_title":"Grillhytte - Lifjellstua","og_description":"Planlegger dere ett uformelt lag\/fest\/afterski, er grillhytta perfekt til dette. Her kan dere v\u00e6re for dere selv, og vi serverer dere det dere trenger. Egner seg for grupper opp til 24 personer. Yttert\u00f8y m\u00e5 beregnes i grillhytta. Dere er ogs\u00e5 hjertelig velkomne inn til oss p\u00e5 Lifjellstua etterp\u00e5. Da er garderobene tilgjengelig om dere \u00f8nsker det. Kontakt: Mail: lifjellstua@lifjellstua.no Tlf:35953380\/41229381 ... Read More","og_url":"https:\/\/visitbo.no\/lifjellstua\/mat-og-drikke\/grillhytte\/","og_site_name":"Lifjellstua","article_modified_time":"2023-08-25T16:20:59+00:00","twitter_card":"summary_large_image","twitter_misc":{"Ansl. lesetid":"1 minutt"},"schema":{"@context":"https:\/\/schema.org","@graph":[{"@type":"WebPage","@id":"https:\/\/visitbo.no\/lifjellstua\/mat-og-drikke\/grillhytte\/","url":"https:\/\/visitbo.no\/lifjellstua\/mat-og-drikke\/grillhytte\/","name":"Grillhytte - Lifjellstua","isPartOf":{"@id":"https:\/\/visitbo.no\/lifjellstua\/#website"},"datePublished":"2019-06-25T14:03:35+00:00","dateModified":"2023-08-25T16:20:59+00:00","breadcrumb":{"@id":"https:\/\/visitbo.no\/lifjellstua\/mat-og-drikke\/grillhytte\/#breadcrumb"},"inLanguage":"nb-NO","potentialAction":[{"@type":"ReadAction","target":["https:\/\/visitbo.no\/lifjellstua\/mat-og-drikke\/grillhytte\/"]}]},{"@type":"BreadcrumbList","@id":"https:\/\/visitbo.no\/lifjellstua\/mat-og-drikke\/grillhytte\/#breadcrumb","itemListElement":[{"@type":"ListItem","position":1,"name":"Hjem","item":"https:\/\/visitbo.no\/lifjellstua\/"},{"@type":"ListItem","position":2,"name":"Mat &amp; Drikke","item":"https:\/\/visitbo.no\/lifjellstua\/mat-og-drikke\/"},{"@type":"ListItem","position":3,"name":"Grillhytte"}]},{"@type":"WebSite","@id":"https:\/\/visitbo.no\/lifjellstua\/#website","url":"https:\/\/visitbo.no\/lifjellstua\/","name":"Lifjellstua","description":"One online experience - for everything your destination has to offer.","potentialAction":[{"@type":"SearchAction","target":{"@type":"EntryPoint","urlTemplate":"https:\/\/visitbo.no\/lifjellstua\/?s={search_term_string}"},"query-input":{"@type":"PropertyValueSpecification","valueRequired":true,"valueName":"search_term_string"}}],"inLanguage":"nb-NO"}]}},"_links":{"self":[{"href":"https:\/\/visitbo.no\/lifjellstua\/wp-json\/wp\/v2\/pages\/7892","targetHints":{"allow":["GET"]}}],"collection":[{"href":"https:\/\/visitbo.no\/lifjellstua\/wp-json\/wp\/v2\/pages"}],"about":[{"href":"https:\/\/visitbo.no\/lifjellstua\/wp-json\/wp\/v2\/types\/page"}],"author":[{"embeddable":true,"href":"https:\/\/visitbo.no\/lifjellstua\/wp-json\/wp\/v2\/users\/6"}],"replies":[{"embeddable":true,"href":"https:\/\/visitbo.no\/lifjellstua\/wp-json\/wp\/v2\/comments?post=7892"}],"version-history":[{"count":7,"href":"https:\/\/visitbo.no\/lifjellstua\/wp-json\/wp\/v2\/pages\/7892\/revisions"}],"predecessor-version":[{"id":8906,"href":"https:\/\/visitbo.no\/lifjellstua\/wp-json\/wp\/v2\/pages\/7892\/revisions\/8906"}],"up":[{"embeddable":true,"href":"https:\/\/visitbo.no\/lifjellstua\/wp-json\/wp\/v2\/pages\/7913"}],"wp:attachment":[{"href":"https:\/\/visitbo.no\/lifjellstua\/wp-json\/wp\/v2\/media?parent=7892"}],"curies":[{"name":"wp","href":"https:\/\/api.w.org\/{rel}","templated":true}]}}