{"id":7906,"date":"2019-06-25T16:07:10","date_gmt":"2019-06-25T14:07:10","guid":{"rendered":"https:\/\/visitbo.no\/lifjellstua\/?page_id=7906"},"modified":"2023-08-07T19:07:09","modified_gmt":"2023-08-07T17:07:09","slug":"jobbe-hos-oss","status":"publish","type":"page","link":"https:\/\/visitbo.no\/lifjellstua\/om-oss\/jobbe-hos-oss\/","title":{"rendered":"Jobbe hos oss"},"content":{"rendered":"<div id=\"cs-content\" class=\"cs-content\"><\/div>\n","protected":false},"excerpt":{"rendered":"<p>Lifjellstua har behov for 3-4 servit\u00f8rer. Arbeidstid er annen hver helg og i ferier. Kan bli mer jobb om \u00f8nskelig, og ved behov. Lifjellstua ligger 15 minutter kj\u00f8retur fra B\u00f8 sentrum. Elsker du \u00e5 yte ekstra for at gjestene skal f\u00e5 en uforglemmelig opplevelse? Liker du varierende oppgaver og til tider hektiske dager? Da b\u00f8r du s\u00f8ke jobb hos oss &#8230; <\/p>\n<div><a href=\"https:\/\/visitbo.no\/lifjellstua\/om-oss\/jobbe-hos-oss\/\" class=\"more-link\">Read More<\/a><\/div>\n","protected":false},"author":6,"featured_media":0,"parent":7918,"menu_order":3,"comment_status":"closed","ping_status":"closed","template":"","meta":{"_relevanssi_hide_post":"","_relevanssi_hide_content":"","_relevanssi_pin_for_all":"","_relevanssi_pin_keywords":"","_relevanssi_unpin_keywords":"","_relevanssi_related_keywords":"","_relevanssi_related_include_ids":"","_relevanssi_related_exclude_ids":"","_relevanssi_related_no_append":"","_relevanssi_related_not_related":"","_relevanssi_related_posts":"","_relevanssi_noindex_reason":"","footnotes":""},"class_list":["post-7906","page","type-page","status-publish","hentry","no-post-thumbnail"],"yoast_head":"<!-- This site is optimized with the Yoast SEO plugin v27.2 - https:\/\/yoast.com\/product\/yoast-seo-wordpress\/ -->\n<title>Jobbe hos oss - Lifjellstua<\/title>\n<meta name=\"robots\" content=\"index, follow, max-snippet:-1, max-image-preview:large, max-video-preview:-1\" \/>\n<link rel=\"canonical\" href=\"https:\/\/visitbo.no\/lifjellstua\/om-oss\/jobbe-hos-oss\/\" \/>\n<meta property=\"og:locale\" content=\"nb_NO\" \/>\n<meta property=\"og:type\" content=\"article\" \/>\n<meta property=\"og:title\" content=\"Jobb hos Lifjellstua\" \/>\n<meta property=\"og:description\" content=\"Vi s\u00f8ker servit\u00f8rer til v\u00e5r koselige fjellstue p\u00e5 Lifjell. Les mer og send inn din jobbs\u00f8knad.\" \/>\n<meta property=\"og:url\" content=\"https:\/\/visitbo.no\/lifjellstua\/om-oss\/jobbe-hos-oss\/\" \/>\n<meta property=\"og:site_name\" content=\"Lifjellstua\" \/>\n<meta property=\"article:modified_time\" content=\"2023-08-07T17:07:09+00:00\" \/>\n<meta property=\"og:image\" content=\"https:\/\/visitbo.no\/lifjellstua\/wp-content\/uploads\/sites\/10\/2019\/06\/Lifjellstua-juni-2018-114-of-116.jpg\" \/>\n\t<meta property=\"og:image:width\" content=\"1920\" \/>\n\t<meta property=\"og:image:height\" content=\"1080\" \/>\n\t<meta property=\"og:image:type\" content=\"image\/jpeg\" \/>\n<meta name=\"twitter:card\" content=\"summary_large_image\" \/>\n<meta name=\"twitter:label1\" content=\"Ansl. lesetid\" \/>\n\t<meta name=\"twitter:data1\" content=\"2 minutter\" \/>\n<script type=\"application\/ld+json\" class=\"yoast-schema-graph\">{\"@context\":\"https:\/\/schema.org\",\"@graph\":[{\"@type\":\"WebPage\",\"@id\":\"https:\/\/visitbo.no\/lifjellstua\/om-oss\/jobbe-hos-oss\/\",\"url\":\"https:\/\/visitbo.no\/lifjellstua\/om-oss\/jobbe-hos-oss\/\",\"name\":\"Jobbe hos oss - Lifjellstua\",\"isPartOf\":{\"@id\":\"https:\/\/visitbo.no\/lifjellstua\/#website\"},\"datePublished\":\"2019-06-25T14:07:10+00:00\",\"dateModified\":\"2023-08-07T17:07:09+00:00\",\"breadcrumb\":{\"@id\":\"https:\/\/visitbo.no\/lifjellstua\/om-oss\/jobbe-hos-oss\/#breadcrumb\"},\"inLanguage\":\"nb-NO\",\"potentialAction\":[{\"@type\":\"ReadAction\",\"target\":[\"https:\/\/visitbo.no\/lifjellstua\/om-oss\/jobbe-hos-oss\/\"]}]},{\"@type\":\"BreadcrumbList\",\"@id\":\"https:\/\/visitbo.no\/lifjellstua\/om-oss\/jobbe-hos-oss\/#breadcrumb\",\"itemListElement\":[{\"@type\":\"ListItem\",\"position\":1,\"name\":\"Hjem\",\"item\":\"https:\/\/visitbo.no\/lifjellstua\/\"},{\"@type\":\"ListItem\",\"position\":2,\"name\":\"Om oss\",\"item\":\"https:\/\/visitbo.no\/lifjellstua\/om-oss\/\"},{\"@type\":\"ListItem\",\"position\":3,\"name\":\"Jobbe hos oss\"}]},{\"@type\":\"WebSite\",\"@id\":\"https:\/\/visitbo.no\/lifjellstua\/#website\",\"url\":\"https:\/\/visitbo.no\/lifjellstua\/\",\"name\":\"Lifjellstua\",\"description\":\"One online experience - for everything your destination has to offer.\",\"potentialAction\":[{\"@type\":\"SearchAction\",\"target\":{\"@type\":\"EntryPoint\",\"urlTemplate\":\"https:\/\/visitbo.no\/lifjellstua\/?s={search_term_string}\"},\"query-input\":{\"@type\":\"PropertyValueSpecification\",\"valueRequired\":true,\"valueName\":\"search_term_string\"}}],\"inLanguage\":\"nb-NO\"}]}<\/script>\n<!-- \/ Yoast SEO plugin. -->","yoast_head_json":{"title":"Jobbe hos oss - Lifjellstua","robots":{"index":"index","follow":"follow","max-snippet":"max-snippet:-1","max-image-preview":"max-image-preview:large","max-video-preview":"max-video-preview:-1"},"canonical":"https:\/\/visitbo.no\/lifjellstua\/om-oss\/jobbe-hos-oss\/","og_locale":"nb_NO","og_type":"article","og_title":"Jobb hos Lifjellstua","og_description":"Vi s\u00f8ker servit\u00f8rer til v\u00e5r koselige fjellstue p\u00e5 Lifjell. Les mer og send inn din jobbs\u00f8knad.","og_url":"https:\/\/visitbo.no\/lifjellstua\/om-oss\/jobbe-hos-oss\/","og_site_name":"Lifjellstua","article_modified_time":"2023-08-07T17:07:09+00:00","og_image":[{"width":1920,"height":1080,"url":"https:\/\/visitbo.no\/lifjellstua\/wp-content\/uploads\/sites\/10\/2019\/06\/Lifjellstua-juni-2018-114-of-116.jpg","type":"image\/jpeg"}],"twitter_card":"summary_large_image","twitter_misc":{"Ansl. lesetid":"2 minutter"},"schema":{"@context":"https:\/\/schema.org","@graph":[{"@type":"WebPage","@id":"https:\/\/visitbo.no\/lifjellstua\/om-oss\/jobbe-hos-oss\/","url":"https:\/\/visitbo.no\/lifjellstua\/om-oss\/jobbe-hos-oss\/","name":"Jobbe hos oss - Lifjellstua","isPartOf":{"@id":"https:\/\/visitbo.no\/lifjellstua\/#website"},"datePublished":"2019-06-25T14:07:10+00:00","dateModified":"2023-08-07T17:07:09+00:00","breadcrumb":{"@id":"https:\/\/visitbo.no\/lifjellstua\/om-oss\/jobbe-hos-oss\/#breadcrumb"},"inLanguage":"nb-NO","potentialAction":[{"@type":"ReadAction","target":["https:\/\/visitbo.no\/lifjellstua\/om-oss\/jobbe-hos-oss\/"]}]},{"@type":"BreadcrumbList","@id":"https:\/\/visitbo.no\/lifjellstua\/om-oss\/jobbe-hos-oss\/#breadcrumb","itemListElement":[{"@type":"ListItem","position":1,"name":"Hjem","item":"https:\/\/visitbo.no\/lifjellstua\/"},{"@type":"ListItem","position":2,"name":"Om oss","item":"https:\/\/visitbo.no\/lifjellstua\/om-oss\/"},{"@type":"ListItem","position":3,"name":"Jobbe hos oss"}]},{"@type":"WebSite","@id":"https:\/\/visitbo.no\/lifjellstua\/#website","url":"https:\/\/visitbo.no\/lifjellstua\/","name":"Lifjellstua","description":"One online experience - for everything your destination has to offer.","potentialAction":[{"@type":"SearchAction","target":{"@type":"EntryPoint","urlTemplate":"https:\/\/visitbo.no\/lifjellstua\/?s={search_term_string}"},"query-input":{"@type":"PropertyValueSpecification","valueRequired":true,"valueName":"search_term_string"}}],"inLanguage":"nb-NO"}]}},"_links":{"self":[{"href":"https:\/\/visitbo.no\/lifjellstua\/wp-json\/wp\/v2\/pages\/7906","targetHints":{"allow":["GET"]}}],"collection":[{"href":"https:\/\/visitbo.no\/lifjellstua\/wp-json\/wp\/v2\/pages"}],"about":[{"href":"https:\/\/visitbo.no\/lifjellstua\/wp-json\/wp\/v2\/types\/page"}],"author":[{"embeddable":true,"href":"https:\/\/visitbo.no\/lifjellstua\/wp-json\/wp\/v2\/users\/6"}],"replies":[{"embeddable":true,"href":"https:\/\/visitbo.no\/lifjellstua\/wp-json\/wp\/v2\/comments?post=7906"}],"version-history":[{"count":9,"href":"https:\/\/visitbo.no\/lifjellstua\/wp-json\/wp\/v2\/pages\/7906\/revisions"}],"predecessor-version":[{"id":8898,"href":"https:\/\/visitbo.no\/lifjellstua\/wp-json\/wp\/v2\/pages\/7906\/revisions\/8898"}],"up":[{"embeddable":true,"href":"https:\/\/visitbo.no\/lifjellstua\/wp-json\/wp\/v2\/pages\/7918"}],"wp:attachment":[{"href":"https:\/\/visitbo.no\/lifjellstua\/wp-json\/wp\/v2\/media?parent=7906"}],"curies":[{"name":"wp","href":"https:\/\/api.w.org\/{rel}","templated":true}]}}