{"id":7908,"date":"2019-06-25T16:07:37","date_gmt":"2019-06-25T14:07:37","guid":{"rendered":"https:\/\/visitbo.no\/lifjellstua\/?page_id=7908"},"modified":"2026-03-20T13:57:01","modified_gmt":"2026-03-20T12:57:01","slug":"aapningstider","status":"publish","type":"page","link":"https:\/\/visitbo.no\/lifjellstua\/om-oss\/aapningstider\/","title":{"rendered":"\u00c5pningstider"},"content":{"rendered":"<div id=\"cs-content\" class=\"cs-content\"><\/div>\n","protected":false},"excerpt":{"rendered":"<p>Vi har \u00e5pent hver helg, fredag til s\u00f8ndag. Kj\u00f8kkenet holder \u00e5pent Fredag kl 14 &#8211; 20 L\u00f8rdag kl 11 &#8211; 21 S\u00f8ndag kl 12 &#8211; 19 Lifjellstua holder \u00e5pent alle helger og skoleferier. Kurs, konferanse og selskap tilbys gjennom hele \u00e5ret, ogs\u00e5 i ukedagene utenom ordin\u00e6r \u00e5pningstid. Du kan booke overnatting i skoleferiene og fra fredag til s\u00f8ndag \u00e5ret igjennom. &#8230; <\/p>\n<div><a href=\"https:\/\/visitbo.no\/lifjellstua\/om-oss\/aapningstider\/\" class=\"more-link\">Read More<\/a><\/div>\n","protected":false},"author":6,"featured_media":0,"parent":7918,"menu_order":3,"comment_status":"closed","ping_status":"closed","template":"","meta":{"_relevanssi_hide_post":"","_relevanssi_hide_content":"","_relevanssi_pin_for_all":"","_relevanssi_pin_keywords":"","_relevanssi_unpin_keywords":"","_relevanssi_related_keywords":"","_relevanssi_related_include_ids":"","_relevanssi_related_exclude_ids":"","_relevanssi_related_no_append":"","_relevanssi_related_not_related":"","_relevanssi_related_posts":"","_relevanssi_noindex_reason":"","footnotes":""},"class_list":["post-7908","page","type-page","status-publish","hentry","no-post-thumbnail"],"yoast_head":"<!-- This site is optimized with the Yoast SEO plugin v27.2 - https:\/\/yoast.com\/product\/yoast-seo-wordpress\/ -->\n<title>\u00c5pningstider - Lifjellstua | Overnatting &amp; Restaurant i B\u00f8 i Telemark<\/title>\n<meta name=\"description\" content=\"Lifjellstua er \u00e5pen alle helger og skoleferier. Les mer om kj\u00f8kkenets \u00e5pningstider, og bes\u00f8k en av Norges koseligste fjellstuer p\u00e5 Lifjell!\" \/>\n<meta name=\"robots\" content=\"index, follow, max-snippet:-1, max-image-preview:large, max-video-preview:-1\" \/>\n<link rel=\"canonical\" href=\"https:\/\/visitbo.no\/lifjellstua\/om-oss\/aapningstider\/\" \/>\n<meta property=\"og:locale\" content=\"nb_NO\" \/>\n<meta property=\"og:type\" content=\"article\" \/>\n<meta property=\"og:title\" content=\"\u00c5pningstider - Lifjellstua | Overnatting &amp; Restaurant i B\u00f8 i Telemark\" \/>\n<meta property=\"og:description\" content=\"Lifjellstua er \u00e5pen alle helger og skoleferier. Les mer om kj\u00f8kkenets \u00e5pningstider, og bes\u00f8k en av Norges koseligste fjellstuer p\u00e5 Lifjell!\" \/>\n<meta property=\"og:url\" content=\"https:\/\/visitbo.no\/lifjellstua\/om-oss\/aapningstider\/\" \/>\n<meta property=\"og:site_name\" content=\"Lifjellstua\" \/>\n<meta property=\"article:modified_time\" content=\"2026-03-20T12:57:01+00:00\" \/>\n<meta name=\"twitter:card\" content=\"summary_large_image\" \/>\n<meta name=\"twitter:label1\" content=\"Ansl. lesetid\" \/>\n\t<meta name=\"twitter:data1\" content=\"2 minutter\" \/>\n<script type=\"application\/ld+json\" class=\"yoast-schema-graph\">{\"@context\":\"https:\/\/schema.org\",\"@graph\":[{\"@type\":\"WebPage\",\"@id\":\"https:\/\/visitbo.no\/lifjellstua\/om-oss\/aapningstider\/\",\"url\":\"https:\/\/visitbo.no\/lifjellstua\/om-oss\/aapningstider\/\",\"name\":\"\u00c5pningstider - Lifjellstua | Overnatting & Restaurant i B\u00f8 i Telemark\",\"isPartOf\":{\"@id\":\"https:\/\/visitbo.no\/lifjellstua\/#website\"},\"datePublished\":\"2019-06-25T14:07:37+00:00\",\"dateModified\":\"2026-03-20T12:57:01+00:00\",\"description\":\"Lifjellstua er \u00e5pen alle helger og skoleferier. Les mer om kj\u00f8kkenets \u00e5pningstider, og bes\u00f8k en av Norges koseligste fjellstuer p\u00e5 Lifjell!\",\"breadcrumb\":{\"@id\":\"https:\/\/visitbo.no\/lifjellstua\/om-oss\/aapningstider\/#breadcrumb\"},\"inLanguage\":\"nb-NO\",\"potentialAction\":[{\"@type\":\"ReadAction\",\"target\":[\"https:\/\/visitbo.no\/lifjellstua\/om-oss\/aapningstider\/\"]}]},{\"@type\":\"BreadcrumbList\",\"@id\":\"https:\/\/visitbo.no\/lifjellstua\/om-oss\/aapningstider\/#breadcrumb\",\"itemListElement\":[{\"@type\":\"ListItem\",\"position\":1,\"name\":\"Hjem\",\"item\":\"https:\/\/visitbo.no\/lifjellstua\/\"},{\"@type\":\"ListItem\",\"position\":2,\"name\":\"Om oss\",\"item\":\"https:\/\/visitbo.no\/lifjellstua\/om-oss\/\"},{\"@type\":\"ListItem\",\"position\":3,\"name\":\"\u00c5pningstider\"}]},{\"@type\":\"WebSite\",\"@id\":\"https:\/\/visitbo.no\/lifjellstua\/#website\",\"url\":\"https:\/\/visitbo.no\/lifjellstua\/\",\"name\":\"Lifjellstua\",\"description\":\"One online experience - for everything your destination has to offer.\",\"potentialAction\":[{\"@type\":\"SearchAction\",\"target\":{\"@type\":\"EntryPoint\",\"urlTemplate\":\"https:\/\/visitbo.no\/lifjellstua\/?s={search_term_string}\"},\"query-input\":{\"@type\":\"PropertyValueSpecification\",\"valueRequired\":true,\"valueName\":\"search_term_string\"}}],\"inLanguage\":\"nb-NO\"}]}<\/script>\n<!-- \/ Yoast SEO plugin. -->","yoast_head_json":{"title":"\u00c5pningstider - Lifjellstua | Overnatting & Restaurant i B\u00f8 i Telemark","description":"Lifjellstua er \u00e5pen alle helger og skoleferier. Les mer om kj\u00f8kkenets \u00e5pningstider, og bes\u00f8k en av Norges koseligste fjellstuer p\u00e5 Lifjell!","robots":{"index":"index","follow":"follow","max-snippet":"max-snippet:-1","max-image-preview":"max-image-preview:large","max-video-preview":"max-video-preview:-1"},"canonical":"https:\/\/visitbo.no\/lifjellstua\/om-oss\/aapningstider\/","og_locale":"nb_NO","og_type":"article","og_title":"\u00c5pningstider - Lifjellstua | Overnatting & Restaurant i B\u00f8 i Telemark","og_description":"Lifjellstua er \u00e5pen alle helger og skoleferier. Les mer om kj\u00f8kkenets \u00e5pningstider, og bes\u00f8k en av Norges koseligste fjellstuer p\u00e5 Lifjell!","og_url":"https:\/\/visitbo.no\/lifjellstua\/om-oss\/aapningstider\/","og_site_name":"Lifjellstua","article_modified_time":"2026-03-20T12:57:01+00:00","twitter_card":"summary_large_image","twitter_misc":{"Ansl. lesetid":"2 minutter"},"schema":{"@context":"https:\/\/schema.org","@graph":[{"@type":"WebPage","@id":"https:\/\/visitbo.no\/lifjellstua\/om-oss\/aapningstider\/","url":"https:\/\/visitbo.no\/lifjellstua\/om-oss\/aapningstider\/","name":"\u00c5pningstider - Lifjellstua | Overnatting & Restaurant i B\u00f8 i Telemark","isPartOf":{"@id":"https:\/\/visitbo.no\/lifjellstua\/#website"},"datePublished":"2019-06-25T14:07:37+00:00","dateModified":"2026-03-20T12:57:01+00:00","description":"Lifjellstua er \u00e5pen alle helger og skoleferier. Les mer om kj\u00f8kkenets \u00e5pningstider, og bes\u00f8k en av Norges koseligste fjellstuer p\u00e5 Lifjell!","breadcrumb":{"@id":"https:\/\/visitbo.no\/lifjellstua\/om-oss\/aapningstider\/#breadcrumb"},"inLanguage":"nb-NO","potentialAction":[{"@type":"ReadAction","target":["https:\/\/visitbo.no\/lifjellstua\/om-oss\/aapningstider\/"]}]},{"@type":"BreadcrumbList","@id":"https:\/\/visitbo.no\/lifjellstua\/om-oss\/aapningstider\/#breadcrumb","itemListElement":[{"@type":"ListItem","position":1,"name":"Hjem","item":"https:\/\/visitbo.no\/lifjellstua\/"},{"@type":"ListItem","position":2,"name":"Om oss","item":"https:\/\/visitbo.no\/lifjellstua\/om-oss\/"},{"@type":"ListItem","position":3,"name":"\u00c5pningstider"}]},{"@type":"WebSite","@id":"https:\/\/visitbo.no\/lifjellstua\/#website","url":"https:\/\/visitbo.no\/lifjellstua\/","name":"Lifjellstua","description":"One online experience - for everything your destination has to offer.","potentialAction":[{"@type":"SearchAction","target":{"@type":"EntryPoint","urlTemplate":"https:\/\/visitbo.no\/lifjellstua\/?s={search_term_string}"},"query-input":{"@type":"PropertyValueSpecification","valueRequired":true,"valueName":"search_term_string"}}],"inLanguage":"nb-NO"}]}},"_links":{"self":[{"href":"https:\/\/visitbo.no\/lifjellstua\/wp-json\/wp\/v2\/pages\/7908","targetHints":{"allow":["GET"]}}],"collection":[{"href":"https:\/\/visitbo.no\/lifjellstua\/wp-json\/wp\/v2\/pages"}],"about":[{"href":"https:\/\/visitbo.no\/lifjellstua\/wp-json\/wp\/v2\/types\/page"}],"author":[{"embeddable":true,"href":"https:\/\/visitbo.no\/lifjellstua\/wp-json\/wp\/v2\/users\/6"}],"replies":[{"embeddable":true,"href":"https:\/\/visitbo.no\/lifjellstua\/wp-json\/wp\/v2\/comments?post=7908"}],"version-history":[{"count":70,"href":"https:\/\/visitbo.no\/lifjellstua\/wp-json\/wp\/v2\/pages\/7908\/revisions"}],"predecessor-version":[{"id":9544,"href":"https:\/\/visitbo.no\/lifjellstua\/wp-json\/wp\/v2\/pages\/7908\/revisions\/9544"}],"up":[{"embeddable":true,"href":"https:\/\/visitbo.no\/lifjellstua\/wp-json\/wp\/v2\/pages\/7918"}],"wp:attachment":[{"href":"https:\/\/visitbo.no\/lifjellstua\/wp-json\/wp\/v2\/media?parent=7908"}],"curies":[{"name":"wp","href":"https:\/\/api.w.org\/{rel}","templated":true}]}}