{"id":7909,"date":"2019-06-25T16:07:46","date_gmt":"2019-06-25T14:07:46","guid":{"rendered":"https:\/\/visitbo.no\/lifjellstua\/?page_id=7909"},"modified":"2025-06-29T13:24:25","modified_gmt":"2025-06-29T11:24:25","slug":"selskap","status":"publish","type":"page","link":"https:\/\/visitbo.no\/lifjellstua\/selskap\/","title":{"rendered":"Selskap"},"content":{"rendered":"<div id=\"cs-content\" class=\"cs-content\"><\/div>\n","protected":false},"excerpt":{"rendered":"<p>Lifjellstua egner seg godt til alt fra mindre sosiale samlinger til store selskap. Lifjellstua har en lun atmosf\u00e6re og stor gjestfrihet som vil f\u00e5 dine gjester til \u00e5 f\u00f8le seg velkommen. Vi har erfaring fra bursdagsfeiring, julebord, minnestund, bryllupsdag, d\u00e5p, konfirmasjon, sommerfest med jobben og bryllup. Vi kan levere catering til ditt selskap. Vi komponerer en meny som passer deres &#8230; <\/p>\n<div><a href=\"https:\/\/visitbo.no\/lifjellstua\/selskap\/\" class=\"more-link\">Read More<\/a><\/div>\n","protected":false},"author":6,"featured_media":0,"parent":0,"menu_order":3,"comment_status":"closed","ping_status":"closed","template":"","meta":{"_relevanssi_hide_post":"","_relevanssi_hide_content":"","_relevanssi_pin_for_all":"","_relevanssi_pin_keywords":"","_relevanssi_unpin_keywords":"","_relevanssi_related_keywords":"","_relevanssi_related_include_ids":"","_relevanssi_related_exclude_ids":"","_relevanssi_related_no_append":"","_relevanssi_related_not_related":"","_relevanssi_related_posts":"","_relevanssi_noindex_reason":"","footnotes":""},"class_list":["post-7909","page","type-page","status-publish","hentry","no-post-thumbnail"],"yoast_head":"<!-- This site is optimized with the Yoast SEO plugin v27.2 - https:\/\/yoast.com\/product\/yoast-seo-wordpress\/ -->\n<title>Selskap p\u00e5 Lifjellstua | Bryllup, d\u00e5p eller konfirmasjon<\/title>\n<meta name=\"description\" content=\"Arranger b\u00e5de sm\u00e5 og store selskaper p\u00e5 Lifjellstua i B\u00f8 i Telemark. Perfekt for enhver anledning, med skreddersydde l\u00f8sninger!\" \/>\n<meta name=\"robots\" content=\"index, follow, max-snippet:-1, max-image-preview:large, max-video-preview:-1\" \/>\n<link rel=\"canonical\" href=\"https:\/\/visitbo.no\/lifjellstua\/selskap\/\" \/>\n<meta property=\"og:locale\" content=\"nb_NO\" \/>\n<meta property=\"og:type\" content=\"article\" \/>\n<meta property=\"og:title\" content=\"Selskap p\u00e5 Lifjellstua | Bryllup, d\u00e5p eller konfirmasjon\" \/>\n<meta property=\"og:description\" content=\"Arranger b\u00e5de sm\u00e5 og store selskaper p\u00e5 Lifjellstua i B\u00f8 i Telemark. Perfekt for enhver anledning, med skreddersydde l\u00f8sninger!\" \/>\n<meta property=\"og:url\" content=\"https:\/\/visitbo.no\/lifjellstua\/selskap\/\" \/>\n<meta property=\"og:site_name\" content=\"Lifjellstua\" \/>\n<meta property=\"article:modified_time\" content=\"2025-06-29T11:24:25+00:00\" \/>\n<meta name=\"twitter:card\" content=\"summary_large_image\" \/>\n<meta name=\"twitter:label1\" content=\"Ansl. lesetid\" \/>\n\t<meta name=\"twitter:data1\" content=\"1 minutt\" \/>\n<script type=\"application\/ld+json\" class=\"yoast-schema-graph\">{\"@context\":\"https:\/\/schema.org\",\"@graph\":[{\"@type\":\"WebPage\",\"@id\":\"https:\/\/visitbo.no\/lifjellstua\/selskap\/\",\"url\":\"https:\/\/visitbo.no\/lifjellstua\/selskap\/\",\"name\":\"Selskap p\u00e5 Lifjellstua | Bryllup, d\u00e5p eller konfirmasjon\",\"isPartOf\":{\"@id\":\"https:\/\/visitbo.no\/lifjellstua\/#website\"},\"datePublished\":\"2019-06-25T14:07:46+00:00\",\"dateModified\":\"2025-06-29T11:24:25+00:00\",\"description\":\"Arranger b\u00e5de sm\u00e5 og store selskaper p\u00e5 Lifjellstua i B\u00f8 i Telemark. Perfekt for enhver anledning, med skreddersydde l\u00f8sninger!\",\"breadcrumb\":{\"@id\":\"https:\/\/visitbo.no\/lifjellstua\/selskap\/#breadcrumb\"},\"inLanguage\":\"nb-NO\",\"potentialAction\":[{\"@type\":\"ReadAction\",\"target\":[\"https:\/\/visitbo.no\/lifjellstua\/selskap\/\"]}]},{\"@type\":\"BreadcrumbList\",\"@id\":\"https:\/\/visitbo.no\/lifjellstua\/selskap\/#breadcrumb\",\"itemListElement\":[{\"@type\":\"ListItem\",\"position\":1,\"name\":\"Hjem\",\"item\":\"https:\/\/visitbo.no\/lifjellstua\/\"},{\"@type\":\"ListItem\",\"position\":2,\"name\":\"Selskap\"}]},{\"@type\":\"WebSite\",\"@id\":\"https:\/\/visitbo.no\/lifjellstua\/#website\",\"url\":\"https:\/\/visitbo.no\/lifjellstua\/\",\"name\":\"Lifjellstua\",\"description\":\"One online experience - for everything your destination has to offer.\",\"potentialAction\":[{\"@type\":\"SearchAction\",\"target\":{\"@type\":\"EntryPoint\",\"urlTemplate\":\"https:\/\/visitbo.no\/lifjellstua\/?s={search_term_string}\"},\"query-input\":{\"@type\":\"PropertyValueSpecification\",\"valueRequired\":true,\"valueName\":\"search_term_string\"}}],\"inLanguage\":\"nb-NO\"}]}<\/script>\n<!-- \/ Yoast SEO plugin. -->","yoast_head_json":{"title":"Selskap p\u00e5 Lifjellstua | Bryllup, d\u00e5p eller konfirmasjon","description":"Arranger b\u00e5de sm\u00e5 og store selskaper p\u00e5 Lifjellstua i B\u00f8 i Telemark. Perfekt for enhver anledning, med skreddersydde l\u00f8sninger!","robots":{"index":"index","follow":"follow","max-snippet":"max-snippet:-1","max-image-preview":"max-image-preview:large","max-video-preview":"max-video-preview:-1"},"canonical":"https:\/\/visitbo.no\/lifjellstua\/selskap\/","og_locale":"nb_NO","og_type":"article","og_title":"Selskap p\u00e5 Lifjellstua | Bryllup, d\u00e5p eller konfirmasjon","og_description":"Arranger b\u00e5de sm\u00e5 og store selskaper p\u00e5 Lifjellstua i B\u00f8 i Telemark. Perfekt for enhver anledning, med skreddersydde l\u00f8sninger!","og_url":"https:\/\/visitbo.no\/lifjellstua\/selskap\/","og_site_name":"Lifjellstua","article_modified_time":"2025-06-29T11:24:25+00:00","twitter_card":"summary_large_image","twitter_misc":{"Ansl. lesetid":"1 minutt"},"schema":{"@context":"https:\/\/schema.org","@graph":[{"@type":"WebPage","@id":"https:\/\/visitbo.no\/lifjellstua\/selskap\/","url":"https:\/\/visitbo.no\/lifjellstua\/selskap\/","name":"Selskap p\u00e5 Lifjellstua | Bryllup, d\u00e5p eller konfirmasjon","isPartOf":{"@id":"https:\/\/visitbo.no\/lifjellstua\/#website"},"datePublished":"2019-06-25T14:07:46+00:00","dateModified":"2025-06-29T11:24:25+00:00","description":"Arranger b\u00e5de sm\u00e5 og store selskaper p\u00e5 Lifjellstua i B\u00f8 i Telemark. Perfekt for enhver anledning, med skreddersydde l\u00f8sninger!","breadcrumb":{"@id":"https:\/\/visitbo.no\/lifjellstua\/selskap\/#breadcrumb"},"inLanguage":"nb-NO","potentialAction":[{"@type":"ReadAction","target":["https:\/\/visitbo.no\/lifjellstua\/selskap\/"]}]},{"@type":"BreadcrumbList","@id":"https:\/\/visitbo.no\/lifjellstua\/selskap\/#breadcrumb","itemListElement":[{"@type":"ListItem","position":1,"name":"Hjem","item":"https:\/\/visitbo.no\/lifjellstua\/"},{"@type":"ListItem","position":2,"name":"Selskap"}]},{"@type":"WebSite","@id":"https:\/\/visitbo.no\/lifjellstua\/#website","url":"https:\/\/visitbo.no\/lifjellstua\/","name":"Lifjellstua","description":"One online experience - for everything your destination has to offer.","potentialAction":[{"@type":"SearchAction","target":{"@type":"EntryPoint","urlTemplate":"https:\/\/visitbo.no\/lifjellstua\/?s={search_term_string}"},"query-input":{"@type":"PropertyValueSpecification","valueRequired":true,"valueName":"search_term_string"}}],"inLanguage":"nb-NO"}]}},"_links":{"self":[{"href":"https:\/\/visitbo.no\/lifjellstua\/wp-json\/wp\/v2\/pages\/7909","targetHints":{"allow":["GET"]}}],"collection":[{"href":"https:\/\/visitbo.no\/lifjellstua\/wp-json\/wp\/v2\/pages"}],"about":[{"href":"https:\/\/visitbo.no\/lifjellstua\/wp-json\/wp\/v2\/types\/page"}],"author":[{"embeddable":true,"href":"https:\/\/visitbo.no\/lifjellstua\/wp-json\/wp\/v2\/users\/6"}],"replies":[{"embeddable":true,"href":"https:\/\/visitbo.no\/lifjellstua\/wp-json\/wp\/v2\/comments?post=7909"}],"version-history":[{"count":7,"href":"https:\/\/visitbo.no\/lifjellstua\/wp-json\/wp\/v2\/pages\/7909\/revisions"}],"predecessor-version":[{"id":9467,"href":"https:\/\/visitbo.no\/lifjellstua\/wp-json\/wp\/v2\/pages\/7909\/revisions\/9467"}],"wp:attachment":[{"href":"https:\/\/visitbo.no\/lifjellstua\/wp-json\/wp\/v2\/media?parent=7909"}],"curies":[{"name":"wp","href":"https:\/\/api.w.org\/{rel}","templated":true}]}}