{"id":7925,"date":"2019-06-25T20:48:12","date_gmt":"2019-06-25T18:48:12","guid":{"rendered":"https:\/\/visitbo.no\/lifjellstua\/?page_id=7925"},"modified":"2020-08-10T22:38:19","modified_gmt":"2020-08-10T20:38:19","slug":"harebu","status":"publish","type":"page","link":"https:\/\/visitbo.no\/lifjellstua\/overnatting\/harebu\/","title":{"rendered":"Harebu"},"content":{"rendered":"<div id=\"cs-content\" class=\"cs-content\"><\/div>\n","protected":false},"excerpt":{"rendered":"<p>Harebu er en koselig hytte tilknyttet Lifjellstua. Den har tre soverom, p\u00e5 to av soverommene finner du en familiek\u00f8ye og det tredje soverommet har to k\u00f8yesenger. Til sammen er det soveplass til 8- 10 personer. I hytta finner du ett bad med dusj, toalett og vask. Kj\u00f8kken med kokemuligheter, kj\u00f8leskap og spisebord og peis. Harebu leies ut ferdig oppredd inkludert &#8230; <\/p>\n<div><a href=\"https:\/\/visitbo.no\/lifjellstua\/overnatting\/harebu\/\" class=\"more-link\">Read More<\/a><\/div>\n","protected":false},"author":6,"featured_media":0,"parent":493,"menu_order":3,"comment_status":"closed","ping_status":"closed","template":"","meta":{"_relevanssi_hide_post":"","_relevanssi_hide_content":"","_relevanssi_pin_for_all":"","_relevanssi_pin_keywords":"","_relevanssi_unpin_keywords":"","_relevanssi_related_keywords":"","_relevanssi_related_include_ids":"","_relevanssi_related_exclude_ids":"","_relevanssi_related_no_append":"","_relevanssi_related_not_related":"","_relevanssi_related_posts":"","_relevanssi_noindex_reason":"","footnotes":""},"class_list":["post-7925","page","type-page","status-publish","hentry","no-post-thumbnail"],"yoast_head":"<!-- This site is optimized with the Yoast SEO plugin v27.2 - https:\/\/yoast.com\/product\/yoast-seo-wordpress\/ -->\n<title>Harebu - Lifjellstua<\/title>\n<meta name=\"robots\" content=\"index, follow, max-snippet:-1, max-image-preview:large, max-video-preview:-1\" \/>\n<link rel=\"canonical\" href=\"https:\/\/visitbo.no\/lifjellstua\/overnatting\/harebu\/\" \/>\n<meta property=\"og:locale\" content=\"nb_NO\" \/>\n<meta property=\"og:type\" content=\"article\" \/>\n<meta property=\"og:title\" content=\"Harebu - Lifjellstua\" \/>\n<meta property=\"og:description\" content=\"Harebu er en koselig hytte tilknyttet Lifjellstua. Den har tre soverom, p\u00e5 to av soverommene finner du en familiek\u00f8ye og det tredje soverommet har to k\u00f8yesenger. Til sammen er det soveplass til 8- 10 personer. I hytta finner du ett bad med dusj, toalett og vask. Kj\u00f8kken med kokemuligheter, kj\u00f8leskap og spisebord og peis. Harebu leies ut ferdig oppredd inkludert ... Read More\" \/>\n<meta property=\"og:url\" content=\"https:\/\/visitbo.no\/lifjellstua\/overnatting\/harebu\/\" \/>\n<meta property=\"og:site_name\" content=\"Lifjellstua\" \/>\n<meta property=\"article:modified_time\" content=\"2020-08-10T20:38:19+00:00\" \/>\n<meta name=\"twitter:card\" content=\"summary_large_image\" \/>\n<meta name=\"twitter:label1\" content=\"Ansl. lesetid\" \/>\n\t<meta name=\"twitter:data1\" content=\"3 minutter\" \/>\n<script type=\"application\/ld+json\" class=\"yoast-schema-graph\">{\"@context\":\"https:\/\/schema.org\",\"@graph\":[{\"@type\":\"WebPage\",\"@id\":\"https:\/\/visitbo.no\/lifjellstua\/overnatting\/harebu\/\",\"url\":\"https:\/\/visitbo.no\/lifjellstua\/overnatting\/harebu\/\",\"name\":\"Harebu - Lifjellstua\",\"isPartOf\":{\"@id\":\"https:\/\/visitbo.no\/lifjellstua\/#website\"},\"datePublished\":\"2019-06-25T18:48:12+00:00\",\"dateModified\":\"2020-08-10T20:38:19+00:00\",\"breadcrumb\":{\"@id\":\"https:\/\/visitbo.no\/lifjellstua\/overnatting\/harebu\/#breadcrumb\"},\"inLanguage\":\"nb-NO\",\"potentialAction\":[{\"@type\":\"ReadAction\",\"target\":[\"https:\/\/visitbo.no\/lifjellstua\/overnatting\/harebu\/\"]}]},{\"@type\":\"BreadcrumbList\",\"@id\":\"https:\/\/visitbo.no\/lifjellstua\/overnatting\/harebu\/#breadcrumb\",\"itemListElement\":[{\"@type\":\"ListItem\",\"position\":1,\"name\":\"Hjem\",\"item\":\"https:\/\/visitbo.no\/lifjellstua\/\"},{\"@type\":\"ListItem\",\"position\":2,\"name\":\"Overnatting\",\"item\":\"https:\/\/visitbo.no\/lifjellstua\/overnatting\/\"},{\"@type\":\"ListItem\",\"position\":3,\"name\":\"Harebu\"}]},{\"@type\":\"WebSite\",\"@id\":\"https:\/\/visitbo.no\/lifjellstua\/#website\",\"url\":\"https:\/\/visitbo.no\/lifjellstua\/\",\"name\":\"Lifjellstua\",\"description\":\"One online experience - for everything your destination has to offer.\",\"potentialAction\":[{\"@type\":\"SearchAction\",\"target\":{\"@type\":\"EntryPoint\",\"urlTemplate\":\"https:\/\/visitbo.no\/lifjellstua\/?s={search_term_string}\"},\"query-input\":{\"@type\":\"PropertyValueSpecification\",\"valueRequired\":true,\"valueName\":\"search_term_string\"}}],\"inLanguage\":\"nb-NO\"}]}<\/script>\n<!-- \/ Yoast SEO plugin. -->","yoast_head_json":{"title":"Harebu - Lifjellstua","robots":{"index":"index","follow":"follow","max-snippet":"max-snippet:-1","max-image-preview":"max-image-preview:large","max-video-preview":"max-video-preview:-1"},"canonical":"https:\/\/visitbo.no\/lifjellstua\/overnatting\/harebu\/","og_locale":"nb_NO","og_type":"article","og_title":"Harebu - Lifjellstua","og_description":"Harebu er en koselig hytte tilknyttet Lifjellstua. Den har tre soverom, p\u00e5 to av soverommene finner du en familiek\u00f8ye og det tredje soverommet har to k\u00f8yesenger. Til sammen er det soveplass til 8- 10 personer. I hytta finner du ett bad med dusj, toalett og vask. Kj\u00f8kken med kokemuligheter, kj\u00f8leskap og spisebord og peis. Harebu leies ut ferdig oppredd inkludert ... Read More","og_url":"https:\/\/visitbo.no\/lifjellstua\/overnatting\/harebu\/","og_site_name":"Lifjellstua","article_modified_time":"2020-08-10T20:38:19+00:00","twitter_card":"summary_large_image","twitter_misc":{"Ansl. lesetid":"3 minutter"},"schema":{"@context":"https:\/\/schema.org","@graph":[{"@type":"WebPage","@id":"https:\/\/visitbo.no\/lifjellstua\/overnatting\/harebu\/","url":"https:\/\/visitbo.no\/lifjellstua\/overnatting\/harebu\/","name":"Harebu - Lifjellstua","isPartOf":{"@id":"https:\/\/visitbo.no\/lifjellstua\/#website"},"datePublished":"2019-06-25T18:48:12+00:00","dateModified":"2020-08-10T20:38:19+00:00","breadcrumb":{"@id":"https:\/\/visitbo.no\/lifjellstua\/overnatting\/harebu\/#breadcrumb"},"inLanguage":"nb-NO","potentialAction":[{"@type":"ReadAction","target":["https:\/\/visitbo.no\/lifjellstua\/overnatting\/harebu\/"]}]},{"@type":"BreadcrumbList","@id":"https:\/\/visitbo.no\/lifjellstua\/overnatting\/harebu\/#breadcrumb","itemListElement":[{"@type":"ListItem","position":1,"name":"Hjem","item":"https:\/\/visitbo.no\/lifjellstua\/"},{"@type":"ListItem","position":2,"name":"Overnatting","item":"https:\/\/visitbo.no\/lifjellstua\/overnatting\/"},{"@type":"ListItem","position":3,"name":"Harebu"}]},{"@type":"WebSite","@id":"https:\/\/visitbo.no\/lifjellstua\/#website","url":"https:\/\/visitbo.no\/lifjellstua\/","name":"Lifjellstua","description":"One online experience - for everything your destination has to offer.","potentialAction":[{"@type":"SearchAction","target":{"@type":"EntryPoint","urlTemplate":"https:\/\/visitbo.no\/lifjellstua\/?s={search_term_string}"},"query-input":{"@type":"PropertyValueSpecification","valueRequired":true,"valueName":"search_term_string"}}],"inLanguage":"nb-NO"}]}},"_links":{"self":[{"href":"https:\/\/visitbo.no\/lifjellstua\/wp-json\/wp\/v2\/pages\/7925","targetHints":{"allow":["GET"]}}],"collection":[{"href":"https:\/\/visitbo.no\/lifjellstua\/wp-json\/wp\/v2\/pages"}],"about":[{"href":"https:\/\/visitbo.no\/lifjellstua\/wp-json\/wp\/v2\/types\/page"}],"author":[{"embeddable":true,"href":"https:\/\/visitbo.no\/lifjellstua\/wp-json\/wp\/v2\/users\/6"}],"replies":[{"embeddable":true,"href":"https:\/\/visitbo.no\/lifjellstua\/wp-json\/wp\/v2\/comments?post=7925"}],"version-history":[{"count":10,"href":"https:\/\/visitbo.no\/lifjellstua\/wp-json\/wp\/v2\/pages\/7925\/revisions"}],"predecessor-version":[{"id":8314,"href":"https:\/\/visitbo.no\/lifjellstua\/wp-json\/wp\/v2\/pages\/7925\/revisions\/8314"}],"up":[{"embeddable":true,"href":"https:\/\/visitbo.no\/lifjellstua\/wp-json\/wp\/v2\/pages\/493"}],"wp:attachment":[{"href":"https:\/\/visitbo.no\/lifjellstua\/wp-json\/wp\/v2\/media?parent=7925"}],"curies":[{"name":"wp","href":"https:\/\/api.w.org\/{rel}","templated":true}]}}