{"id":7950,"date":"2019-07-01T18:27:13","date_gmt":"2019-07-01T16:27:13","guid":{"rendered":"https:\/\/visitbo.no\/lifjellstua\/?page_id=7950"},"modified":"2024-07-26T14:03:30","modified_gmt":"2024-07-26T12:03:30","slug":"kurs-og-konferanse","status":"publish","type":"page","link":"https:\/\/visitbo.no\/lifjellstua\/kurs-og-konferanse\/","title":{"rendered":"Kurs &amp; Konferanse"},"content":{"rendered":"<div id=\"cs-content\" class=\"cs-content\"><\/div>\n","protected":false},"excerpt":{"rendered":"<p>Kurs &amp; Konferanse Lifjellstua egner seg godt for strategim\u00f8ter, ledersamlinger, kurs og konferanser. Her finner du roen, inspirasjon og tid til de gode og viktige samtalene. Vi serverer nydelig hjemmelaget mat, du m\u00f8ter varmt personlig vertskap og vi byr p\u00e5 spennende aktiviteter. Lokalene har en lun atmosf\u00e6re og flott natur rett utenfor d\u00f8ren. Hos oss kan du arrangere kurs, konferanse &#8230; <\/p>\n<div><a href=\"https:\/\/visitbo.no\/lifjellstua\/kurs-og-konferanse\/\" class=\"more-link\">Read More<\/a><\/div>\n","protected":false},"author":6,"featured_media":0,"parent":0,"menu_order":3,"comment_status":"closed","ping_status":"closed","template":"template-blank-4.php","meta":{"_relevanssi_hide_post":"","_relevanssi_hide_content":"","_relevanssi_pin_for_all":"","_relevanssi_pin_keywords":"","_relevanssi_unpin_keywords":"","_relevanssi_related_keywords":"","_relevanssi_related_include_ids":"","_relevanssi_related_exclude_ids":"","_relevanssi_related_no_append":"","_relevanssi_related_not_related":"","_relevanssi_related_posts":"","_relevanssi_noindex_reason":"","footnotes":""},"class_list":["post-7950","page","type-page","status-publish","hentry","no-post-thumbnail"],"yoast_head":"<!-- This site is optimized with the Yoast SEO plugin v27.2 - https:\/\/yoast.com\/product\/yoast-seo-wordpress\/ -->\n<title>Kurs &amp; Konferanse - B\u00f8 i Telemark - Lifjellstua<\/title>\n<meta name=\"description\" content=\"Hold strategim\u00f8ter, ledersamlinger, kurs og konferanser p\u00e5 Lifjellstua i B\u00f8 i Telemark. Her finner du ro, inspirasjon og tid. Les mer her.\" \/>\n<meta name=\"robots\" content=\"index, follow, max-snippet:-1, max-image-preview:large, max-video-preview:-1\" \/>\n<link rel=\"canonical\" href=\"https:\/\/visitbo.no\/lifjellstua\/kurs-og-konferanse\/\" \/>\n<meta property=\"og:locale\" content=\"nb_NO\" \/>\n<meta property=\"og:type\" content=\"article\" \/>\n<meta property=\"og:title\" content=\"Kurs &amp; Konferanse - B\u00f8 i Telemark - Lifjellstua\" \/>\n<meta property=\"og:description\" content=\"Hold strategim\u00f8ter, ledersamlinger, kurs og konferanser p\u00e5 Lifjellstua i B\u00f8 i Telemark. Her finner du ro, inspirasjon og tid. Les mer her.\" \/>\n<meta property=\"og:url\" content=\"https:\/\/visitbo.no\/lifjellstua\/kurs-og-konferanse\/\" \/>\n<meta property=\"og:site_name\" content=\"Lifjellstua\" \/>\n<meta property=\"article:modified_time\" content=\"2024-07-26T12:03:30+00:00\" \/>\n<meta name=\"twitter:card\" content=\"summary_large_image\" \/>\n<meta name=\"twitter:label1\" content=\"Ansl. lesetid\" \/>\n\t<meta name=\"twitter:data1\" content=\"4 minutter\" \/>\n<script type=\"application\/ld+json\" class=\"yoast-schema-graph\">{\"@context\":\"https:\/\/schema.org\",\"@graph\":[{\"@type\":\"WebPage\",\"@id\":\"https:\/\/visitbo.no\/lifjellstua\/kurs-og-konferanse\/\",\"url\":\"https:\/\/visitbo.no\/lifjellstua\/kurs-og-konferanse\/\",\"name\":\"Kurs &amp; Konferanse - B\u00f8 i Telemark - Lifjellstua\",\"isPartOf\":{\"@id\":\"https:\/\/visitbo.no\/lifjellstua\/#website\"},\"datePublished\":\"2019-07-01T16:27:13+00:00\",\"dateModified\":\"2024-07-26T12:03:30+00:00\",\"description\":\"Hold strategim\u00f8ter, ledersamlinger, kurs og konferanser p\u00e5 Lifjellstua i B\u00f8 i Telemark. Her finner du ro, inspirasjon og tid. Les mer her.\",\"breadcrumb\":{\"@id\":\"https:\/\/visitbo.no\/lifjellstua\/kurs-og-konferanse\/#breadcrumb\"},\"inLanguage\":\"nb-NO\",\"potentialAction\":[{\"@type\":\"ReadAction\",\"target\":[\"https:\/\/visitbo.no\/lifjellstua\/kurs-og-konferanse\/\"]}]},{\"@type\":\"BreadcrumbList\",\"@id\":\"https:\/\/visitbo.no\/lifjellstua\/kurs-og-konferanse\/#breadcrumb\",\"itemListElement\":[{\"@type\":\"ListItem\",\"position\":1,\"name\":\"Hjem\",\"item\":\"https:\/\/visitbo.no\/lifjellstua\/\"},{\"@type\":\"ListItem\",\"position\":2,\"name\":\"Kurs &amp; Konferanse\"}]},{\"@type\":\"WebSite\",\"@id\":\"https:\/\/visitbo.no\/lifjellstua\/#website\",\"url\":\"https:\/\/visitbo.no\/lifjellstua\/\",\"name\":\"Lifjellstua\",\"description\":\"One online experience - for everything your destination has to offer.\",\"potentialAction\":[{\"@type\":\"SearchAction\",\"target\":{\"@type\":\"EntryPoint\",\"urlTemplate\":\"https:\/\/visitbo.no\/lifjellstua\/?s={search_term_string}\"},\"query-input\":{\"@type\":\"PropertyValueSpecification\",\"valueRequired\":true,\"valueName\":\"search_term_string\"}}],\"inLanguage\":\"nb-NO\"}]}<\/script>\n<!-- \/ Yoast SEO plugin. -->","yoast_head_json":{"title":"Kurs &amp; Konferanse - B\u00f8 i Telemark - Lifjellstua","description":"Hold strategim\u00f8ter, ledersamlinger, kurs og konferanser p\u00e5 Lifjellstua i B\u00f8 i Telemark. Her finner du ro, inspirasjon og tid. Les mer her.","robots":{"index":"index","follow":"follow","max-snippet":"max-snippet:-1","max-image-preview":"max-image-preview:large","max-video-preview":"max-video-preview:-1"},"canonical":"https:\/\/visitbo.no\/lifjellstua\/kurs-og-konferanse\/","og_locale":"nb_NO","og_type":"article","og_title":"Kurs &amp; Konferanse - B\u00f8 i Telemark - Lifjellstua","og_description":"Hold strategim\u00f8ter, ledersamlinger, kurs og konferanser p\u00e5 Lifjellstua i B\u00f8 i Telemark. Her finner du ro, inspirasjon og tid. Les mer her.","og_url":"https:\/\/visitbo.no\/lifjellstua\/kurs-og-konferanse\/","og_site_name":"Lifjellstua","article_modified_time":"2024-07-26T12:03:30+00:00","twitter_card":"summary_large_image","twitter_misc":{"Ansl. lesetid":"4 minutter"},"schema":{"@context":"https:\/\/schema.org","@graph":[{"@type":"WebPage","@id":"https:\/\/visitbo.no\/lifjellstua\/kurs-og-konferanse\/","url":"https:\/\/visitbo.no\/lifjellstua\/kurs-og-konferanse\/","name":"Kurs &amp; Konferanse - B\u00f8 i Telemark - Lifjellstua","isPartOf":{"@id":"https:\/\/visitbo.no\/lifjellstua\/#website"},"datePublished":"2019-07-01T16:27:13+00:00","dateModified":"2024-07-26T12:03:30+00:00","description":"Hold strategim\u00f8ter, ledersamlinger, kurs og konferanser p\u00e5 Lifjellstua i B\u00f8 i Telemark. Her finner du ro, inspirasjon og tid. Les mer her.","breadcrumb":{"@id":"https:\/\/visitbo.no\/lifjellstua\/kurs-og-konferanse\/#breadcrumb"},"inLanguage":"nb-NO","potentialAction":[{"@type":"ReadAction","target":["https:\/\/visitbo.no\/lifjellstua\/kurs-og-konferanse\/"]}]},{"@type":"BreadcrumbList","@id":"https:\/\/visitbo.no\/lifjellstua\/kurs-og-konferanse\/#breadcrumb","itemListElement":[{"@type":"ListItem","position":1,"name":"Hjem","item":"https:\/\/visitbo.no\/lifjellstua\/"},{"@type":"ListItem","position":2,"name":"Kurs &amp; Konferanse"}]},{"@type":"WebSite","@id":"https:\/\/visitbo.no\/lifjellstua\/#website","url":"https:\/\/visitbo.no\/lifjellstua\/","name":"Lifjellstua","description":"One online experience - for everything your destination has to offer.","potentialAction":[{"@type":"SearchAction","target":{"@type":"EntryPoint","urlTemplate":"https:\/\/visitbo.no\/lifjellstua\/?s={search_term_string}"},"query-input":{"@type":"PropertyValueSpecification","valueRequired":true,"valueName":"search_term_string"}}],"inLanguage":"nb-NO"}]}},"_links":{"self":[{"href":"https:\/\/visitbo.no\/lifjellstua\/wp-json\/wp\/v2\/pages\/7950","targetHints":{"allow":["GET"]}}],"collection":[{"href":"https:\/\/visitbo.no\/lifjellstua\/wp-json\/wp\/v2\/pages"}],"about":[{"href":"https:\/\/visitbo.no\/lifjellstua\/wp-json\/wp\/v2\/types\/page"}],"author":[{"embeddable":true,"href":"https:\/\/visitbo.no\/lifjellstua\/wp-json\/wp\/v2\/users\/6"}],"replies":[{"embeddable":true,"href":"https:\/\/visitbo.no\/lifjellstua\/wp-json\/wp\/v2\/comments?post=7950"}],"version-history":[{"count":13,"href":"https:\/\/visitbo.no\/lifjellstua\/wp-json\/wp\/v2\/pages\/7950\/revisions"}],"predecessor-version":[{"id":9362,"href":"https:\/\/visitbo.no\/lifjellstua\/wp-json\/wp\/v2\/pages\/7950\/revisions\/9362"}],"wp:attachment":[{"href":"https:\/\/visitbo.no\/lifjellstua\/wp-json\/wp\/v2\/media?parent=7950"}],"curies":[{"name":"wp","href":"https:\/\/api.w.org\/{rel}","templated":true}]}}