{"id":2,"date":"2012-04-11T16:34:42","date_gmt":"2012-04-11T14:34:42","guid":{"rendered":"https:\/\/tonto.wp.oppdateringsfabrikken.no\/?page_id=2"},"modified":"2026-04-21T12:33:12","modified_gmt":"2026-04-21T10:33:12","slug":"forside","status":"publish","type":"page","link":"https:\/\/visitbo.no\/lystang-camping\/","title":{"rendered":"Lystang Camping"},"content":{"rendered":"<div id=\"cs-content\" class=\"cs-content\"><\/div>\n","protected":false},"excerpt":{"rendered":"<p>Lystang Camping Camping ved HeddalsvatnetLystang er en liten og personlig camping, vakkert beliggende langs Telemarkskanalen, ved bredden av Heddalsvatnet. Omr\u00e5det rundt byr p\u00e5 flotte turstier, kulturattraksjoner og aktiviteter for hele familien. Dette gj\u00f8r Lystang til et perfekt utgangspunkt for \u00e5 utforske omr\u00e5det, enten du er ute etter eventyr, kultur eller bare \u00f8nsker \u00e5 slappe av. Du kan bo i et &#8230; <\/p>\n<div><a href=\"https:\/\/visitbo.no\/lystang-camping\/\" class=\"more-link\">Read More<\/a><\/div>\n","protected":false},"author":1,"featured_media":7979,"parent":0,"menu_order":0,"comment_status":"closed","ping_status":"closed","template":"template-blank-4.php","meta":{"_relevanssi_hide_post":"","_relevanssi_hide_content":"","_relevanssi_pin_for_all":"","_relevanssi_pin_keywords":"","_relevanssi_unpin_keywords":"","_relevanssi_related_keywords":"","_relevanssi_related_include_ids":"","_relevanssi_related_exclude_ids":"","_relevanssi_related_no_append":"","_relevanssi_related_not_related":"","_relevanssi_related_posts":"","_relevanssi_noindex_reason":"","footnotes":""},"class_list":["post-2","page","type-page","status-publish","has-post-thumbnail","hentry"],"yoast_head":"<!-- This site is optimized with the Yoast SEO plugin v27.2 - https:\/\/yoast.com\/product\/yoast-seo-wordpress\/ -->\n<title>Lystang Camping - Camping ved Heddalsvatnet<\/title>\n<meta name=\"description\" content=\"Velkommen til Lystang Camping \u2013 en sjarmerende og innbydende campingplass ved Telemarkskanalen, med nydelig utsikt over Heddalsvannet.\" \/>\n<meta name=\"robots\" content=\"index, follow, max-snippet:-1, max-image-preview:large, max-video-preview:-1\" \/>\n<link rel=\"canonical\" href=\"https:\/\/visitbo.no\/lystang-camping\/\" \/>\n<meta property=\"og:locale\" content=\"nb_NO\" \/>\n<meta property=\"og:type\" content=\"article\" \/>\n<meta property=\"og:title\" content=\"Lystang Camping - Camping ved Heddalsvatnet\" \/>\n<meta property=\"og:description\" content=\"Velkommen til Lystang Camping \u2013 en sjarmerende og innbydende campingplass ved Telemarkskanalen, med nydelig utsikt over Heddalsvannet.\" \/>\n<meta property=\"og:url\" content=\"https:\/\/visitbo.no\/lystang-camping\/\" \/>\n<meta property=\"og:site_name\" content=\"Lystang Camping\" \/>\n<meta property=\"article:modified_time\" content=\"2026-04-21T10:33:12+00:00\" \/>\n<meta property=\"og:image\" content=\"https:\/\/visitbo.no\/lystang-camping\/wp-content\/uploads\/sites\/71\/2025\/02\/lystang-camping-telt.jpg\" \/>\n\t<meta property=\"og:image:width\" content=\"1024\" \/>\n\t<meta property=\"og:image:height\" content=\"683\" \/>\n\t<meta property=\"og:image:type\" content=\"image\/jpeg\" \/>\n<meta name=\"twitter:card\" content=\"summary_large_image\" \/>\n<meta name=\"twitter:label1\" content=\"Ansl. lesetid\" \/>\n\t<meta name=\"twitter:data1\" content=\"3 minutter\" \/>\n<script type=\"application\/ld+json\" class=\"yoast-schema-graph\">{\"@context\":\"https:\/\/schema.org\",\"@graph\":[{\"@type\":\"WebPage\",\"@id\":\"https:\/\/visitbo.no\/lystang-camping\/\",\"url\":\"https:\/\/visitbo.no\/lystang-camping\/\",\"name\":\"Lystang Camping - Camping ved Heddalsvatnet\",\"isPartOf\":{\"@id\":\"https:\/\/visitbo.no\/lystang-camping\/#website\"},\"primaryImageOfPage\":{\"@id\":\"https:\/\/visitbo.no\/lystang-camping\/#primaryimage\"},\"image\":{\"@id\":\"https:\/\/visitbo.no\/lystang-camping\/#primaryimage\"},\"thumbnailUrl\":\"https:\/\/visitbo.no\/lystang-camping\/wp-content\/uploads\/sites\/71\/2025\/02\/lystang-camping-telt.jpg\",\"datePublished\":\"2012-04-11T14:34:42+00:00\",\"dateModified\":\"2026-04-21T10:33:12+00:00\",\"description\":\"Velkommen til Lystang Camping \u2013 en sjarmerende og innbydende campingplass ved Telemarkskanalen, med nydelig utsikt over Heddalsvannet.\",\"breadcrumb\":{\"@id\":\"https:\/\/visitbo.no\/lystang-camping\/#breadcrumb\"},\"inLanguage\":\"nb-NO\",\"potentialAction\":[{\"@type\":\"ReadAction\",\"target\":[\"https:\/\/visitbo.no\/lystang-camping\/\"]}]},{\"@type\":\"ImageObject\",\"inLanguage\":\"nb-NO\",\"@id\":\"https:\/\/visitbo.no\/lystang-camping\/#primaryimage\",\"url\":\"https:\/\/visitbo.no\/lystang-camping\/wp-content\/uploads\/sites\/71\/2025\/02\/lystang-camping-telt.jpg\",\"contentUrl\":\"https:\/\/visitbo.no\/lystang-camping\/wp-content\/uploads\/sites\/71\/2025\/02\/lystang-camping-telt.jpg\",\"width\":1024,\"height\":683,\"caption\":\"Telt fra innsiden p\u00e5 Lystang Camping. Foto\"},{\"@type\":\"BreadcrumbList\",\"@id\":\"https:\/\/visitbo.no\/lystang-camping\/#breadcrumb\",\"itemListElement\":[{\"@type\":\"ListItem\",\"position\":1,\"name\":\"Hjem\",\"item\":\"https:\/\/visitbo.no\/lystang-camping\/\"},{\"@type\":\"ListItem\",\"position\":2,\"name\":\"Lystang Camping\"}]},{\"@type\":\"WebSite\",\"@id\":\"https:\/\/visitbo.no\/lystang-camping\/#website\",\"url\":\"https:\/\/visitbo.no\/lystang-camping\/\",\"name\":\"Lystang Camping\",\"description\":\"One online experience - for everything your destination has to offer.\",\"potentialAction\":[{\"@type\":\"SearchAction\",\"target\":{\"@type\":\"EntryPoint\",\"urlTemplate\":\"https:\/\/visitbo.no\/lystang-camping\/?s={search_term_string}\"},\"query-input\":{\"@type\":\"PropertyValueSpecification\",\"valueRequired\":true,\"valueName\":\"search_term_string\"}}],\"inLanguage\":\"nb-NO\"}]}<\/script>\n<!-- \/ Yoast SEO plugin. -->","yoast_head_json":{"title":"Lystang Camping - Camping ved Heddalsvatnet","description":"Velkommen til Lystang Camping \u2013 en sjarmerende og innbydende campingplass ved Telemarkskanalen, med nydelig utsikt over Heddalsvannet.","robots":{"index":"index","follow":"follow","max-snippet":"max-snippet:-1","max-image-preview":"max-image-preview:large","max-video-preview":"max-video-preview:-1"},"canonical":"https:\/\/visitbo.no\/lystang-camping\/","og_locale":"nb_NO","og_type":"article","og_title":"Lystang Camping - Camping ved Heddalsvatnet","og_description":"Velkommen til Lystang Camping \u2013 en sjarmerende og innbydende campingplass ved Telemarkskanalen, med nydelig utsikt over Heddalsvannet.","og_url":"https:\/\/visitbo.no\/lystang-camping\/","og_site_name":"Lystang Camping","article_modified_time":"2026-04-21T10:33:12+00:00","og_image":[{"width":1024,"height":683,"url":"https:\/\/visitbo.no\/lystang-camping\/wp-content\/uploads\/sites\/71\/2025\/02\/lystang-camping-telt.jpg","type":"image\/jpeg"}],"twitter_card":"summary_large_image","twitter_misc":{"Ansl. lesetid":"3 minutter"},"schema":{"@context":"https:\/\/schema.org","@graph":[{"@type":"WebPage","@id":"https:\/\/visitbo.no\/lystang-camping\/","url":"https:\/\/visitbo.no\/lystang-camping\/","name":"Lystang Camping - Camping ved Heddalsvatnet","isPartOf":{"@id":"https:\/\/visitbo.no\/lystang-camping\/#website"},"primaryImageOfPage":{"@id":"https:\/\/visitbo.no\/lystang-camping\/#primaryimage"},"image":{"@id":"https:\/\/visitbo.no\/lystang-camping\/#primaryimage"},"thumbnailUrl":"https:\/\/visitbo.no\/lystang-camping\/wp-content\/uploads\/sites\/71\/2025\/02\/lystang-camping-telt.jpg","datePublished":"2012-04-11T14:34:42+00:00","dateModified":"2026-04-21T10:33:12+00:00","description":"Velkommen til Lystang Camping \u2013 en sjarmerende og innbydende campingplass ved Telemarkskanalen, med nydelig utsikt over Heddalsvannet.","breadcrumb":{"@id":"https:\/\/visitbo.no\/lystang-camping\/#breadcrumb"},"inLanguage":"nb-NO","potentialAction":[{"@type":"ReadAction","target":["https:\/\/visitbo.no\/lystang-camping\/"]}]},{"@type":"ImageObject","inLanguage":"nb-NO","@id":"https:\/\/visitbo.no\/lystang-camping\/#primaryimage","url":"https:\/\/visitbo.no\/lystang-camping\/wp-content\/uploads\/sites\/71\/2025\/02\/lystang-camping-telt.jpg","contentUrl":"https:\/\/visitbo.no\/lystang-camping\/wp-content\/uploads\/sites\/71\/2025\/02\/lystang-camping-telt.jpg","width":1024,"height":683,"caption":"Telt fra innsiden p\u00e5 Lystang Camping. Foto"},{"@type":"BreadcrumbList","@id":"https:\/\/visitbo.no\/lystang-camping\/#breadcrumb","itemListElement":[{"@type":"ListItem","position":1,"name":"Hjem","item":"https:\/\/visitbo.no\/lystang-camping\/"},{"@type":"ListItem","position":2,"name":"Lystang Camping"}]},{"@type":"WebSite","@id":"https:\/\/visitbo.no\/lystang-camping\/#website","url":"https:\/\/visitbo.no\/lystang-camping\/","name":"Lystang Camping","description":"One online experience - for everything your destination has to offer.","potentialAction":[{"@type":"SearchAction","target":{"@type":"EntryPoint","urlTemplate":"https:\/\/visitbo.no\/lystang-camping\/?s={search_term_string}"},"query-input":{"@type":"PropertyValueSpecification","valueRequired":true,"valueName":"search_term_string"}}],"inLanguage":"nb-NO"}]}},"_links":{"self":[{"href":"https:\/\/visitbo.no\/lystang-camping\/wp-json\/wp\/v2\/pages\/2","targetHints":{"allow":["GET"]}}],"collection":[{"href":"https:\/\/visitbo.no\/lystang-camping\/wp-json\/wp\/v2\/pages"}],"about":[{"href":"https:\/\/visitbo.no\/lystang-camping\/wp-json\/wp\/v2\/types\/page"}],"author":[{"embeddable":true,"href":"https:\/\/visitbo.no\/lystang-camping\/wp-json\/wp\/v2\/users\/1"}],"replies":[{"embeddable":true,"href":"https:\/\/visitbo.no\/lystang-camping\/wp-json\/wp\/v2\/comments?post=2"}],"version-history":[{"count":170,"href":"https:\/\/visitbo.no\/lystang-camping\/wp-json\/wp\/v2\/pages\/2\/revisions"}],"predecessor-version":[{"id":8030,"href":"https:\/\/visitbo.no\/lystang-camping\/wp-json\/wp\/v2\/pages\/2\/revisions\/8030"}],"wp:featuredmedia":[{"embeddable":true,"href":"https:\/\/visitbo.no\/lystang-camping\/wp-json\/wp\/v2\/media\/7979"}],"wp:attachment":[{"href":"https:\/\/visitbo.no\/lystang-camping\/wp-json\/wp\/v2\/media?parent=2"}],"curies":[{"name":"wp","href":"https:\/\/api.w.org\/{rel}","templated":true}]}}