{"id":2,"date":"2012-04-11T16:34:42","date_gmt":"2012-04-11T14:34:42","guid":{"rendered":"https:\/\/tonto.wp.oppdateringsfabrikken.no\/?page_id=2"},"modified":"2025-02-28T11:50:19","modified_gmt":"2025-02-28T10:50:19","slug":"forside","status":"publish","type":"page","link":"https:\/\/visitbo.no\/midori\/","title":{"rendered":"Midori Katsu &#038; Sando"},"content":{"rendered":"<div id=\"cs-content\" class=\"cs-content\"><\/div>\n","protected":false},"excerpt":{"rendered":"<p>Midori Katsu &#038; Sando Japanske retter, Katsu og Sando, i B\u00f8 i TelemarkVelkommen til Midori i B\u00f8, Telemark! Her kan du oppleve en smakfull reise til Japan med v\u00e5re autentiske japanske sandwicher og saftige katsu-retter. Vi kombinerer tradisjonelle smaker med en moderne vri, og hver bit er laget med kj\u00e6rlighet og kvalitetsr\u00e5varer. Kom innom og nyt en unik matopplevelse!Kontakt oss! &#8230; <\/p>\n<div><a href=\"https:\/\/visitbo.no\/midori\/\" class=\"more-link\">Read More<\/a><\/div>\n","protected":false},"author":1,"featured_media":0,"parent":0,"menu_order":0,"comment_status":"closed","ping_status":"closed","template":"template-blank-4.php","meta":{"_relevanssi_hide_post":"","_relevanssi_hide_content":"","_relevanssi_pin_for_all":"","_relevanssi_pin_keywords":"","_relevanssi_unpin_keywords":"","_relevanssi_related_keywords":"","_relevanssi_related_include_ids":"","_relevanssi_related_exclude_ids":"","_relevanssi_related_no_append":"","_relevanssi_related_not_related":"","_relevanssi_related_posts":"","_relevanssi_noindex_reason":"","footnotes":""},"class_list":["post-2","page","type-page","status-publish","hentry","no-post-thumbnail"],"yoast_head":"<!-- This site is optimized with the Yoast SEO plugin v27.2 - https:\/\/yoast.com\/product\/yoast-seo-wordpress\/ -->\n<title>Midori Katsu &amp; Sando - Restaurant i B\u00f8 i Telemark - Japansk mat<\/title>\n<meta name=\"description\" content=\"Opplev ekte japanske smaker hos Midori i B\u00f8, Telemark. Restauranten serverer sandwicher og katsu-retter laget med kvalitetsr\u00e5varer.\" \/>\n<meta name=\"robots\" content=\"index, follow, max-snippet:-1, max-image-preview:large, max-video-preview:-1\" \/>\n<link rel=\"canonical\" href=\"https:\/\/visitbo.no\/midori\/\" \/>\n<meta property=\"og:locale\" content=\"nb_NO\" \/>\n<meta property=\"og:type\" content=\"article\" \/>\n<meta property=\"og:title\" content=\"Midori Katsu &amp; Sando - Restaurant i B\u00f8 i Telemark - Japansk mat\" \/>\n<meta property=\"og:description\" content=\"Opplev ekte japanske smaker hos Midori i B\u00f8, Telemark. Restauranten serverer sandwicher og katsu-retter laget med kvalitetsr\u00e5varer.\" \/>\n<meta property=\"og:url\" content=\"https:\/\/visitbo.no\/midori\/\" \/>\n<meta property=\"og:site_name\" content=\"Midori Katsu &amp; Sando\" \/>\n<meta property=\"article:modified_time\" content=\"2025-02-28T10:50:19+00:00\" \/>\n<meta name=\"twitter:card\" content=\"summary_large_image\" \/>\n<meta name=\"twitter:label1\" content=\"Ansl. lesetid\" \/>\n\t<meta name=\"twitter:data1\" content=\"2 minutter\" \/>\n<script type=\"application\/ld+json\" class=\"yoast-schema-graph\">{\"@context\":\"https:\/\/schema.org\",\"@graph\":[{\"@type\":\"WebPage\",\"@id\":\"https:\/\/visitbo.no\/midori\/\",\"url\":\"https:\/\/visitbo.no\/midori\/\",\"name\":\"Midori Katsu & Sando - Restaurant i B\u00f8 i Telemark - Japansk mat\",\"isPartOf\":{\"@id\":\"https:\/\/visitbo.no\/midori\/#website\"},\"datePublished\":\"2012-04-11T14:34:42+00:00\",\"dateModified\":\"2025-02-28T10:50:19+00:00\",\"description\":\"Opplev ekte japanske smaker hos Midori i B\u00f8, Telemark. Restauranten serverer sandwicher og katsu-retter laget med kvalitetsr\u00e5varer.\",\"breadcrumb\":{\"@id\":\"https:\/\/visitbo.no\/midori\/#breadcrumb\"},\"inLanguage\":\"nb-NO\",\"potentialAction\":[{\"@type\":\"ReadAction\",\"target\":[\"https:\/\/visitbo.no\/midori\/\"]}]},{\"@type\":\"BreadcrumbList\",\"@id\":\"https:\/\/visitbo.no\/midori\/#breadcrumb\",\"itemListElement\":[{\"@type\":\"ListItem\",\"position\":1,\"name\":\"Hjem\",\"item\":\"https:\/\/visitbo.no\/midori\/forside\/\"},{\"@type\":\"ListItem\",\"position\":2,\"name\":\"Midori Katsu &#038; Sando\"}]},{\"@type\":\"WebSite\",\"@id\":\"https:\/\/visitbo.no\/midori\/#website\",\"url\":\"https:\/\/visitbo.no\/midori\/\",\"name\":\"Midori Katsu &amp; Sando\",\"description\":\"One online experience - for everything your destination has to offer.\",\"potentialAction\":[{\"@type\":\"SearchAction\",\"target\":{\"@type\":\"EntryPoint\",\"urlTemplate\":\"https:\/\/visitbo.no\/midori\/?s={search_term_string}\"},\"query-input\":{\"@type\":\"PropertyValueSpecification\",\"valueRequired\":true,\"valueName\":\"search_term_string\"}}],\"inLanguage\":\"nb-NO\"}]}<\/script>\n<!-- \/ Yoast SEO plugin. -->","yoast_head_json":{"title":"Midori Katsu & Sando - Restaurant i B\u00f8 i Telemark - Japansk mat","description":"Opplev ekte japanske smaker hos Midori i B\u00f8, Telemark. Restauranten serverer sandwicher og katsu-retter laget med kvalitetsr\u00e5varer.","robots":{"index":"index","follow":"follow","max-snippet":"max-snippet:-1","max-image-preview":"max-image-preview:large","max-video-preview":"max-video-preview:-1"},"canonical":"https:\/\/visitbo.no\/midori\/","og_locale":"nb_NO","og_type":"article","og_title":"Midori Katsu & Sando - Restaurant i B\u00f8 i Telemark - Japansk mat","og_description":"Opplev ekte japanske smaker hos Midori i B\u00f8, Telemark. Restauranten serverer sandwicher og katsu-retter laget med kvalitetsr\u00e5varer.","og_url":"https:\/\/visitbo.no\/midori\/","og_site_name":"Midori Katsu &amp; Sando","article_modified_time":"2025-02-28T10:50:19+00:00","twitter_card":"summary_large_image","twitter_misc":{"Ansl. lesetid":"2 minutter"},"schema":{"@context":"https:\/\/schema.org","@graph":[{"@type":"WebPage","@id":"https:\/\/visitbo.no\/midori\/","url":"https:\/\/visitbo.no\/midori\/","name":"Midori Katsu & Sando - Restaurant i B\u00f8 i Telemark - Japansk mat","isPartOf":{"@id":"https:\/\/visitbo.no\/midori\/#website"},"datePublished":"2012-04-11T14:34:42+00:00","dateModified":"2025-02-28T10:50:19+00:00","description":"Opplev ekte japanske smaker hos Midori i B\u00f8, Telemark. Restauranten serverer sandwicher og katsu-retter laget med kvalitetsr\u00e5varer.","breadcrumb":{"@id":"https:\/\/visitbo.no\/midori\/#breadcrumb"},"inLanguage":"nb-NO","potentialAction":[{"@type":"ReadAction","target":["https:\/\/visitbo.no\/midori\/"]}]},{"@type":"BreadcrumbList","@id":"https:\/\/visitbo.no\/midori\/#breadcrumb","itemListElement":[{"@type":"ListItem","position":1,"name":"Hjem","item":"https:\/\/visitbo.no\/midori\/forside\/"},{"@type":"ListItem","position":2,"name":"Midori Katsu &#038; Sando"}]},{"@type":"WebSite","@id":"https:\/\/visitbo.no\/midori\/#website","url":"https:\/\/visitbo.no\/midori\/","name":"Midori Katsu &amp; Sando","description":"One online experience - for everything your destination has to offer.","potentialAction":[{"@type":"SearchAction","target":{"@type":"EntryPoint","urlTemplate":"https:\/\/visitbo.no\/midori\/?s={search_term_string}"},"query-input":{"@type":"PropertyValueSpecification","valueRequired":true,"valueName":"search_term_string"}}],"inLanguage":"nb-NO"}]}},"_links":{"self":[{"href":"https:\/\/visitbo.no\/midori\/wp-json\/wp\/v2\/pages\/2","targetHints":{"allow":["GET"]}}],"collection":[{"href":"https:\/\/visitbo.no\/midori\/wp-json\/wp\/v2\/pages"}],"about":[{"href":"https:\/\/visitbo.no\/midori\/wp-json\/wp\/v2\/types\/page"}],"author":[{"embeddable":true,"href":"https:\/\/visitbo.no\/midori\/wp-json\/wp\/v2\/users\/1"}],"replies":[{"embeddable":true,"href":"https:\/\/visitbo.no\/midori\/wp-json\/wp\/v2\/comments?post=2"}],"version-history":[{"count":153,"href":"https:\/\/visitbo.no\/midori\/wp-json\/wp\/v2\/pages\/2\/revisions"}],"predecessor-version":[{"id":8174,"href":"https:\/\/visitbo.no\/midori\/wp-json\/wp\/v2\/pages\/2\/revisions\/8174"}],"wp:attachment":[{"href":"https:\/\/visitbo.no\/midori\/wp-json\/wp\/v2\/media?parent=2"}],"curies":[{"name":"wp","href":"https:\/\/api.w.org\/{rel}","templated":true}]}}