{"id":10122,"date":"2012-04-11T16:34:42","date_gmt":"2012-04-11T14:34:42","guid":{"rendered":"https:\/\/visitbo.no\/norsjokabelpark\/norsjo-kabelpark-en\/"},"modified":"2025-07-29T14:17:50","modified_gmt":"2025-07-29T12:17:50","slug":"forside-2-2","status":"publish","type":"page","link":"https:\/\/visitbo.no\/norsjokabelpark\/en\/","title":{"rendered":"Norsj\u00f8 Kabelpark (en)"},"content":{"rendered":"<div id=\"cs-content\" class=\"cs-content\"><\/div>\n","protected":false},"excerpt":{"rendered":"<p>Temporarily Closed Norsj\u00f8 Kabelpark is currently closed until further notice. We apologize for the inconvenience and thank you for your understanding.Norsj\u00f8 Kabelpark Norges r\u00e5este kabelpark!Norsj\u00f8 Kabelpark er en av Norges ledende kabelparker, perfekt for b\u00e5de nybegynnere og erfarne ut\u00f8vere. Parken tilbyr spennende aktiviteter som wakeboarding, vannski og kneeboarding i vakre omgivelser ved Norsj\u00f8. Med moderne utstyr, dyktige instrukt\u00f8rer og en &#8230; <\/p>\n<div><a href=\"https:\/\/visitbo.no\/norsjokabelpark\/en\/\" class=\"more-link\">Read More<\/a><\/div>\n","protected":false},"author":3,"featured_media":0,"parent":0,"menu_order":0,"comment_status":"closed","ping_status":"closed","template":"template-blank-4.php","meta":{"_relevanssi_hide_post":"","_relevanssi_hide_content":"","_relevanssi_pin_for_all":"","_relevanssi_pin_keywords":"","_relevanssi_unpin_keywords":"","_relevanssi_related_keywords":"","_relevanssi_related_include_ids":"","_relevanssi_related_exclude_ids":"","_relevanssi_related_no_append":"","_relevanssi_related_not_related":"","_relevanssi_related_posts":"","_relevanssi_noindex_reason":"","footnotes":""},"class_list":["post-10122","page","type-page","status-publish","hentry","no-post-thumbnail"],"yoast_head":"<!-- This site is optimized with the Yoast SEO plugin v27.2 - https:\/\/yoast.com\/product\/yoast-seo-wordpress\/ -->\n<title>Norsj\u00f8 Kabelpark (en) - Norsj\u00f8 Kabelpark<\/title>\n<meta name=\"robots\" content=\"index, follow, max-snippet:-1, max-image-preview:large, max-video-preview:-1\" \/>\n<link rel=\"canonical\" href=\"https:\/\/visitbo.no\/norsjokabelpark\/en\/\" \/>\n<meta property=\"og:locale\" content=\"en_US\" \/>\n<meta property=\"og:type\" content=\"article\" \/>\n<meta property=\"og:title\" content=\"Norsj\u00f8 Kabelpark (en) - Norsj\u00f8 Kabelpark\" \/>\n<meta property=\"og:description\" content=\"Temporarily Closed Norsj\u00f8 Kabelpark is currently closed until further notice. We apologize for the inconvenience and thank you for your understanding.Norsj\u00f8 Kabelpark Norges r\u00e5este kabelpark!Norsj\u00f8 Kabelpark er en av Norges ledende kabelparker, perfekt for b\u00e5de nybegynnere og erfarne ut\u00f8vere. Parken tilbyr spennende aktiviteter som wakeboarding, vannski og kneeboarding i vakre omgivelser ved Norsj\u00f8. Med moderne utstyr, dyktige instrukt\u00f8rer og en ... Read More\" \/>\n<meta property=\"og:url\" content=\"https:\/\/visitbo.no\/norsjokabelpark\/en\/\" \/>\n<meta property=\"og:site_name\" content=\"Norsj\u00f8 Kabelpark\" \/>\n<meta property=\"article:modified_time\" content=\"2025-07-29T12:17:50+00:00\" \/>\n<meta property=\"og:image\" content=\"https:\/\/s.w.org\/images\/core\/emoji\/15.1.0\/svg\/26a0.svg\" \/>\n<meta name=\"twitter:card\" content=\"summary_large_image\" \/>\n<meta name=\"twitter:label1\" content=\"Est. reading time\" \/>\n\t<meta name=\"twitter:data1\" content=\"6 minutes\" \/>\n<script type=\"application\/ld+json\" class=\"yoast-schema-graph\">{\"@context\":\"https:\/\/schema.org\",\"@graph\":[{\"@type\":\"WebPage\",\"@id\":\"https:\/\/visitbo.no\/norsjokabelpark\/en\/\",\"url\":\"https:\/\/visitbo.no\/norsjokabelpark\/en\/\",\"name\":\"Norsj\u00f8 Kabelpark (en) - Norsj\u00f8 Kabelpark\",\"isPartOf\":{\"@id\":\"https:\/\/visitbo.no\/norsjokabelpark\/en\/#website\"},\"primaryImageOfPage\":{\"@id\":\"https:\/\/visitbo.no\/norsjokabelpark\/en\/#primaryimage\"},\"image\":{\"@id\":\"https:\/\/visitbo.no\/norsjokabelpark\/en\/#primaryimage\"},\"thumbnailUrl\":\"https:\/\/s.w.org\/images\/core\/emoji\/15.1.0\/svg\/26a0.svg\",\"datePublished\":\"2012-04-11T14:34:42+00:00\",\"dateModified\":\"2025-07-29T12:17:50+00:00\",\"breadcrumb\":{\"@id\":\"https:\/\/visitbo.no\/norsjokabelpark\/en\/#breadcrumb\"},\"inLanguage\":\"en-US\",\"potentialAction\":[{\"@type\":\"ReadAction\",\"target\":[\"https:\/\/visitbo.no\/norsjokabelpark\/en\/\"]}]},{\"@type\":\"ImageObject\",\"inLanguage\":\"en-US\",\"@id\":\"https:\/\/visitbo.no\/norsjokabelpark\/en\/#primaryimage\",\"url\":\"https:\/\/s.w.org\/images\/core\/emoji\/15.1.0\/svg\/26a0.svg\",\"contentUrl\":\"https:\/\/s.w.org\/images\/core\/emoji\/15.1.0\/svg\/26a0.svg\"},{\"@type\":\"BreadcrumbList\",\"@id\":\"https:\/\/visitbo.no\/norsjokabelpark\/en\/#breadcrumb\",\"itemListElement\":[{\"@type\":\"ListItem\",\"position\":1,\"name\":\"Hjem\",\"item\":\"https:\/\/visitbo.no\/norsjokabelpark\/en\/forside-2-2\/\"},{\"@type\":\"ListItem\",\"position\":2,\"name\":\"Norsj\u00f8 Kabelpark (en)\"}]},{\"@type\":\"WebSite\",\"@id\":\"https:\/\/visitbo.no\/norsjokabelpark\/en\/#website\",\"url\":\"https:\/\/visitbo.no\/norsjokabelpark\/en\/\",\"name\":\"Norsj\u00f8 Kabelpark\",\"description\":\"Norges r\u00e5este kabelpark!\",\"potentialAction\":[{\"@type\":\"SearchAction\",\"target\":{\"@type\":\"EntryPoint\",\"urlTemplate\":\"https:\/\/visitbo.no\/norsjokabelpark\/en\/?s={search_term_string}\"},\"query-input\":{\"@type\":\"PropertyValueSpecification\",\"valueRequired\":true,\"valueName\":\"search_term_string\"}}],\"inLanguage\":\"en-US\"}]}<\/script>\n<!-- \/ Yoast SEO plugin. -->","yoast_head_json":{"title":"Norsj\u00f8 Kabelpark (en) - Norsj\u00f8 Kabelpark","robots":{"index":"index","follow":"follow","max-snippet":"max-snippet:-1","max-image-preview":"max-image-preview:large","max-video-preview":"max-video-preview:-1"},"canonical":"https:\/\/visitbo.no\/norsjokabelpark\/en\/","og_locale":"en_US","og_type":"article","og_title":"Norsj\u00f8 Kabelpark (en) - Norsj\u00f8 Kabelpark","og_description":"Temporarily Closed Norsj\u00f8 Kabelpark is currently closed until further notice. We apologize for the inconvenience and thank you for your understanding.Norsj\u00f8 Kabelpark Norges r\u00e5este kabelpark!Norsj\u00f8 Kabelpark er en av Norges ledende kabelparker, perfekt for b\u00e5de nybegynnere og erfarne ut\u00f8vere. Parken tilbyr spennende aktiviteter som wakeboarding, vannski og kneeboarding i vakre omgivelser ved Norsj\u00f8. Med moderne utstyr, dyktige instrukt\u00f8rer og en ... Read More","og_url":"https:\/\/visitbo.no\/norsjokabelpark\/en\/","og_site_name":"Norsj\u00f8 Kabelpark","article_modified_time":"2025-07-29T12:17:50+00:00","og_image":[{"url":"https:\/\/s.w.org\/images\/core\/emoji\/15.1.0\/svg\/26a0.svg","type":"","width":"","height":""}],"twitter_card":"summary_large_image","twitter_misc":{"Est. reading time":"6 minutes"},"schema":{"@context":"https:\/\/schema.org","@graph":[{"@type":"WebPage","@id":"https:\/\/visitbo.no\/norsjokabelpark\/en\/","url":"https:\/\/visitbo.no\/norsjokabelpark\/en\/","name":"Norsj\u00f8 Kabelpark (en) - Norsj\u00f8 Kabelpark","isPartOf":{"@id":"https:\/\/visitbo.no\/norsjokabelpark\/en\/#website"},"primaryImageOfPage":{"@id":"https:\/\/visitbo.no\/norsjokabelpark\/en\/#primaryimage"},"image":{"@id":"https:\/\/visitbo.no\/norsjokabelpark\/en\/#primaryimage"},"thumbnailUrl":"https:\/\/s.w.org\/images\/core\/emoji\/15.1.0\/svg\/26a0.svg","datePublished":"2012-04-11T14:34:42+00:00","dateModified":"2025-07-29T12:17:50+00:00","breadcrumb":{"@id":"https:\/\/visitbo.no\/norsjokabelpark\/en\/#breadcrumb"},"inLanguage":"en-US","potentialAction":[{"@type":"ReadAction","target":["https:\/\/visitbo.no\/norsjokabelpark\/en\/"]}]},{"@type":"ImageObject","inLanguage":"en-US","@id":"https:\/\/visitbo.no\/norsjokabelpark\/en\/#primaryimage","url":"https:\/\/s.w.org\/images\/core\/emoji\/15.1.0\/svg\/26a0.svg","contentUrl":"https:\/\/s.w.org\/images\/core\/emoji\/15.1.0\/svg\/26a0.svg"},{"@type":"BreadcrumbList","@id":"https:\/\/visitbo.no\/norsjokabelpark\/en\/#breadcrumb","itemListElement":[{"@type":"ListItem","position":1,"name":"Hjem","item":"https:\/\/visitbo.no\/norsjokabelpark\/en\/forside-2-2\/"},{"@type":"ListItem","position":2,"name":"Norsj\u00f8 Kabelpark (en)"}]},{"@type":"WebSite","@id":"https:\/\/visitbo.no\/norsjokabelpark\/en\/#website","url":"https:\/\/visitbo.no\/norsjokabelpark\/en\/","name":"Norsj\u00f8 Kabelpark","description":"Norges r\u00e5este kabelpark!","potentialAction":[{"@type":"SearchAction","target":{"@type":"EntryPoint","urlTemplate":"https:\/\/visitbo.no\/norsjokabelpark\/en\/?s={search_term_string}"},"query-input":{"@type":"PropertyValueSpecification","valueRequired":true,"valueName":"search_term_string"}}],"inLanguage":"en-US"}]}},"_links":{"self":[{"href":"https:\/\/visitbo.no\/norsjokabelpark\/en\/wp-json\/wp\/v2\/pages\/10122","targetHints":{"allow":["GET"]}}],"collection":[{"href":"https:\/\/visitbo.no\/norsjokabelpark\/en\/wp-json\/wp\/v2\/pages"}],"about":[{"href":"https:\/\/visitbo.no\/norsjokabelpark\/en\/wp-json\/wp\/v2\/types\/page"}],"author":[{"embeddable":true,"href":"https:\/\/visitbo.no\/norsjokabelpark\/en\/wp-json\/wp\/v2\/users\/3"}],"replies":[{"embeddable":true,"href":"https:\/\/visitbo.no\/norsjokabelpark\/en\/wp-json\/wp\/v2\/comments?post=10122"}],"version-history":[{"count":5,"href":"https:\/\/visitbo.no\/norsjokabelpark\/en\/wp-json\/wp\/v2\/pages\/10122\/revisions"}],"predecessor-version":[{"id":10162,"href":"https:\/\/visitbo.no\/norsjokabelpark\/en\/wp-json\/wp\/v2\/pages\/10122\/revisions\/10162"}],"wp:attachment":[{"href":"https:\/\/visitbo.no\/norsjokabelpark\/en\/wp-json\/wp\/v2\/media?parent=10122"}],"curies":[{"name":"wp","href":"https:\/\/api.w.org\/{rel}","templated":true}]}}