{"id":10062,"date":"2025-04-24T14:02:41","date_gmt":"2025-04-24T12:02:41","guid":{"rendered":"https:\/\/visitbo.no\/norsjokabelpark\/?page_id=10062"},"modified":"2025-04-24T15:04:59","modified_gmt":"2025-04-24T13:04:59","slug":"priser","status":"publish","type":"page","link":"https:\/\/visitbo.no\/norsjokabelpark\/priser\/","title":{"rendered":"Priser"},"content":{"rendered":"<div id=\"cs-content\" class=\"cs-content\"><\/div>\n","protected":false},"excerpt":{"rendered":"<p>Vi har en rekke ulike alternativer for de som ikke \u00f8nsker pr\u00f8ver seg p\u00e5 kabelparken. B\u00e5de p\u00e5 land og i vann, under finner du v\u00e5re tilbud. Deriblant har vi kajakk og kano for de som \u00f8nsker \u00e5 utforske vannveien p\u00e5 Norsj\u00f8. Vi har den lille vikinglandsbyen som ligger p\u00e5 Dingnes blant annet, og mange skjulte perler enten ut i det &#8230; <\/p>\n<div><a href=\"https:\/\/visitbo.no\/norsjokabelpark\/priser\/\" class=\"more-link\">Read More<\/a><\/div>\n","protected":false},"author":89,"featured_media":0,"parent":0,"menu_order":3,"comment_status":"closed","ping_status":"closed","template":"template-blank-1.php","meta":{"_relevanssi_hide_post":"","_relevanssi_hide_content":"","_relevanssi_pin_for_all":"","_relevanssi_pin_keywords":"","_relevanssi_unpin_keywords":"","_relevanssi_related_keywords":"","_relevanssi_related_include_ids":"","_relevanssi_related_exclude_ids":"","_relevanssi_related_no_append":"","_relevanssi_related_not_related":"","_relevanssi_related_posts":"","_relevanssi_noindex_reason":"","footnotes":""},"class_list":["post-10062","page","type-page","status-publish","hentry","no-post-thumbnail"],"yoast_head":"<!-- This site is optimized with the Yoast SEO plugin v27.2 - https:\/\/yoast.com\/product\/yoast-seo-wordpress\/ -->\n<title>Priser - Norsj\u00f8 Kabelpark<\/title>\n<meta name=\"robots\" content=\"index, follow, max-snippet:-1, max-image-preview:large, max-video-preview:-1\" \/>\n<link rel=\"canonical\" href=\"https:\/\/visitbo.no\/norsjokabelpark\/priser\/\" \/>\n<meta property=\"og:locale\" content=\"nb_NO\" \/>\n<meta property=\"og:type\" content=\"article\" \/>\n<meta property=\"og:title\" content=\"Priser - Norsj\u00f8 Kabelpark\" \/>\n<meta property=\"og:description\" content=\"Vi har en rekke ulike alternativer for de som ikke \u00f8nsker pr\u00f8ver seg p\u00e5 kabelparken. B\u00e5de p\u00e5 land og i vann, under finner du v\u00e5re tilbud. Deriblant har vi kajakk og kano for de som \u00f8nsker \u00e5 utforske vannveien p\u00e5 Norsj\u00f8. Vi har den lille vikinglandsbyen som ligger p\u00e5 Dingnes blant annet, og mange skjulte perler enten ut i det ... Read More\" \/>\n<meta property=\"og:url\" content=\"https:\/\/visitbo.no\/norsjokabelpark\/priser\/\" \/>\n<meta property=\"og:site_name\" content=\"Norsj\u00f8 Kabelpark\" \/>\n<meta property=\"article:modified_time\" content=\"2025-04-24T13:04:59+00:00\" \/>\n<meta name=\"twitter:card\" content=\"summary_large_image\" \/>\n<meta name=\"twitter:label1\" content=\"Ansl. lesetid\" \/>\n\t<meta name=\"twitter:data1\" content=\"2 minutter\" \/>\n<script type=\"application\/ld+json\" class=\"yoast-schema-graph\">{\"@context\":\"https:\/\/schema.org\",\"@graph\":[{\"@type\":\"WebPage\",\"@id\":\"https:\/\/visitbo.no\/norsjokabelpark\/priser\/\",\"url\":\"https:\/\/visitbo.no\/norsjokabelpark\/priser\/\",\"name\":\"Priser - Norsj\u00f8 Kabelpark\",\"isPartOf\":{\"@id\":\"https:\/\/visitbo.no\/norsjokabelpark\/#website\"},\"datePublished\":\"2025-04-24T12:02:41+00:00\",\"dateModified\":\"2025-04-24T13:04:59+00:00\",\"breadcrumb\":{\"@id\":\"https:\/\/visitbo.no\/norsjokabelpark\/priser\/#breadcrumb\"},\"inLanguage\":\"nb-NO\",\"potentialAction\":[{\"@type\":\"ReadAction\",\"target\":[\"https:\/\/visitbo.no\/norsjokabelpark\/priser\/\"]}]},{\"@type\":\"BreadcrumbList\",\"@id\":\"https:\/\/visitbo.no\/norsjokabelpark\/priser\/#breadcrumb\",\"itemListElement\":[{\"@type\":\"ListItem\",\"position\":1,\"name\":\"Hjem\",\"item\":\"https:\/\/visitbo.no\/norsjokabelpark\/\"},{\"@type\":\"ListItem\",\"position\":2,\"name\":\"Priser\"}]},{\"@type\":\"WebSite\",\"@id\":\"https:\/\/visitbo.no\/norsjokabelpark\/#website\",\"url\":\"https:\/\/visitbo.no\/norsjokabelpark\/\",\"name\":\"Norsj\u00f8 Kabelpark\",\"description\":\"Norges r\u00e5este kabelpark!\",\"potentialAction\":[{\"@type\":\"SearchAction\",\"target\":{\"@type\":\"EntryPoint\",\"urlTemplate\":\"https:\/\/visitbo.no\/norsjokabelpark\/?s={search_term_string}\"},\"query-input\":{\"@type\":\"PropertyValueSpecification\",\"valueRequired\":true,\"valueName\":\"search_term_string\"}}],\"inLanguage\":\"nb-NO\"}]}<\/script>\n<!-- \/ Yoast SEO plugin. -->","yoast_head_json":{"title":"Priser - Norsj\u00f8 Kabelpark","robots":{"index":"index","follow":"follow","max-snippet":"max-snippet:-1","max-image-preview":"max-image-preview:large","max-video-preview":"max-video-preview:-1"},"canonical":"https:\/\/visitbo.no\/norsjokabelpark\/priser\/","og_locale":"nb_NO","og_type":"article","og_title":"Priser - Norsj\u00f8 Kabelpark","og_description":"Vi har en rekke ulike alternativer for de som ikke \u00f8nsker pr\u00f8ver seg p\u00e5 kabelparken. B\u00e5de p\u00e5 land og i vann, under finner du v\u00e5re tilbud. Deriblant har vi kajakk og kano for de som \u00f8nsker \u00e5 utforske vannveien p\u00e5 Norsj\u00f8. Vi har den lille vikinglandsbyen som ligger p\u00e5 Dingnes blant annet, og mange skjulte perler enten ut i det ... Read More","og_url":"https:\/\/visitbo.no\/norsjokabelpark\/priser\/","og_site_name":"Norsj\u00f8 Kabelpark","article_modified_time":"2025-04-24T13:04:59+00:00","twitter_card":"summary_large_image","twitter_misc":{"Ansl. lesetid":"2 minutter"},"schema":{"@context":"https:\/\/schema.org","@graph":[{"@type":"WebPage","@id":"https:\/\/visitbo.no\/norsjokabelpark\/priser\/","url":"https:\/\/visitbo.no\/norsjokabelpark\/priser\/","name":"Priser - Norsj\u00f8 Kabelpark","isPartOf":{"@id":"https:\/\/visitbo.no\/norsjokabelpark\/#website"},"datePublished":"2025-04-24T12:02:41+00:00","dateModified":"2025-04-24T13:04:59+00:00","breadcrumb":{"@id":"https:\/\/visitbo.no\/norsjokabelpark\/priser\/#breadcrumb"},"inLanguage":"nb-NO","potentialAction":[{"@type":"ReadAction","target":["https:\/\/visitbo.no\/norsjokabelpark\/priser\/"]}]},{"@type":"BreadcrumbList","@id":"https:\/\/visitbo.no\/norsjokabelpark\/priser\/#breadcrumb","itemListElement":[{"@type":"ListItem","position":1,"name":"Hjem","item":"https:\/\/visitbo.no\/norsjokabelpark\/"},{"@type":"ListItem","position":2,"name":"Priser"}]},{"@type":"WebSite","@id":"https:\/\/visitbo.no\/norsjokabelpark\/#website","url":"https:\/\/visitbo.no\/norsjokabelpark\/","name":"Norsj\u00f8 Kabelpark","description":"Norges r\u00e5este kabelpark!","potentialAction":[{"@type":"SearchAction","target":{"@type":"EntryPoint","urlTemplate":"https:\/\/visitbo.no\/norsjokabelpark\/?s={search_term_string}"},"query-input":{"@type":"PropertyValueSpecification","valueRequired":true,"valueName":"search_term_string"}}],"inLanguage":"nb-NO"}]}},"_links":{"self":[{"href":"https:\/\/visitbo.no\/norsjokabelpark\/wp-json\/wp\/v2\/pages\/10062","targetHints":{"allow":["GET"]}}],"collection":[{"href":"https:\/\/visitbo.no\/norsjokabelpark\/wp-json\/wp\/v2\/pages"}],"about":[{"href":"https:\/\/visitbo.no\/norsjokabelpark\/wp-json\/wp\/v2\/types\/page"}],"author":[{"embeddable":true,"href":"https:\/\/visitbo.no\/norsjokabelpark\/wp-json\/wp\/v2\/users\/89"}],"replies":[{"embeddable":true,"href":"https:\/\/visitbo.no\/norsjokabelpark\/wp-json\/wp\/v2\/comments?post=10062"}],"version-history":[{"count":8,"href":"https:\/\/visitbo.no\/norsjokabelpark\/wp-json\/wp\/v2\/pages\/10062\/revisions"}],"predecessor-version":[{"id":10102,"href":"https:\/\/visitbo.no\/norsjokabelpark\/wp-json\/wp\/v2\/pages\/10062\/revisions\/10102"}],"wp:attachment":[{"href":"https:\/\/visitbo.no\/norsjokabelpark\/wp-json\/wp\/v2\/media?parent=10062"}],"curies":[{"name":"wp","href":"https:\/\/api.w.org\/{rel}","templated":true}]}}