{"id":7723,"date":"2019-03-29T10:50:45","date_gmt":"2019-03-29T09:50:45","guid":{"rendered":"https:\/\/visitbo.no\/turridning\/?page_id=7723"},"modified":"2025-04-24T20:52:11","modified_gmt":"2025-04-24T18:52:11","slug":"omoss","status":"publish","type":"page","link":"https:\/\/visitbo.no\/norsjokabelpark\/omoss\/","title":{"rendered":"Om oss"},"content":{"rendered":"<div id=\"cs-content\" class=\"cs-content\"><\/div>\n","protected":false},"excerpt":{"rendered":"<p>Norsj\u00f8 Kabelpark \u2013 en av Skandinavias ledende wakeboardparker! Vi holder til ved idylliske First Camp Norsj\u00f8 i Telemark og tilbyr en unik arena for wakeboard og vannski, perfekt for b\u00e5de nybegynnere og erfarne ut\u00f8vere. Vi er per n\u00e5 eneste full size banen i Norge. Siden oppstarten i 2004 har Norsj\u00f8 Kabelpark tiltrukket seg b\u00e5de lokale entusiaster og internasjonale proffer. Med &#8230; <\/p>\n<div><a href=\"https:\/\/visitbo.no\/norsjokabelpark\/omoss\/\" class=\"more-link\">Read More<\/a><\/div>\n","protected":false},"author":6,"featured_media":0,"parent":0,"menu_order":3,"comment_status":"closed","ping_status":"closed","template":"template-blank-2.php","meta":{"_relevanssi_hide_post":"","_relevanssi_hide_content":"","_relevanssi_pin_for_all":"","_relevanssi_pin_keywords":"","_relevanssi_unpin_keywords":"","_relevanssi_related_keywords":"","_relevanssi_related_include_ids":"","_relevanssi_related_exclude_ids":"","_relevanssi_related_no_append":"","_relevanssi_related_not_related":"","_relevanssi_related_posts":"","_relevanssi_noindex_reason":"","footnotes":""},"class_list":["post-7723","page","type-page","status-publish","hentry","no-post-thumbnail"],"yoast_head":"<!-- This site is optimized with the Yoast SEO plugin v27.2 - https:\/\/yoast.com\/product\/yoast-seo-wordpress\/ -->\n<title>Om oss - Norsj\u00f8 Kabelpark<\/title>\n<meta name=\"robots\" content=\"index, follow, max-snippet:-1, max-image-preview:large, max-video-preview:-1\" \/>\n<link rel=\"canonical\" href=\"https:\/\/visitbo.no\/norsjokabelpark\/omoss\/\" \/>\n<meta property=\"og:locale\" content=\"nb_NO\" \/>\n<meta property=\"og:type\" content=\"article\" \/>\n<meta property=\"og:title\" content=\"Om oss - Norsj\u00f8 Kabelpark\" \/>\n<meta property=\"og:description\" content=\"Norsj\u00f8 Kabelpark \u2013 en av Skandinavias ledende wakeboardparker! Vi holder til ved idylliske First Camp Norsj\u00f8 i Telemark og tilbyr en unik arena for wakeboard og vannski, perfekt for b\u00e5de nybegynnere og erfarne ut\u00f8vere. Vi er per n\u00e5 eneste full size banen i Norge. Siden oppstarten i 2004 har Norsj\u00f8 Kabelpark tiltrukket seg b\u00e5de lokale entusiaster og internasjonale proffer. Med ... Read More\" \/>\n<meta property=\"og:url\" content=\"https:\/\/visitbo.no\/norsjokabelpark\/omoss\/\" \/>\n<meta property=\"og:site_name\" content=\"Norsj\u00f8 Kabelpark\" \/>\n<meta property=\"article:modified_time\" content=\"2025-04-24T18:52:11+00:00\" \/>\n<meta name=\"twitter:card\" content=\"summary_large_image\" \/>\n<script type=\"application\/ld+json\" class=\"yoast-schema-graph\">{\"@context\":\"https:\/\/schema.org\",\"@graph\":[{\"@type\":\"WebPage\",\"@id\":\"https:\/\/visitbo.no\/norsjokabelpark\/omoss\/\",\"url\":\"https:\/\/visitbo.no\/norsjokabelpark\/omoss\/\",\"name\":\"Om oss - Norsj\u00f8 Kabelpark\",\"isPartOf\":{\"@id\":\"https:\/\/visitbo.no\/norsjokabelpark\/#website\"},\"datePublished\":\"2019-03-29T09:50:45+00:00\",\"dateModified\":\"2025-04-24T18:52:11+00:00\",\"breadcrumb\":{\"@id\":\"https:\/\/visitbo.no\/norsjokabelpark\/omoss\/#breadcrumb\"},\"inLanguage\":\"nb-NO\",\"potentialAction\":[{\"@type\":\"ReadAction\",\"target\":[\"https:\/\/visitbo.no\/norsjokabelpark\/omoss\/\"]}]},{\"@type\":\"BreadcrumbList\",\"@id\":\"https:\/\/visitbo.no\/norsjokabelpark\/omoss\/#breadcrumb\",\"itemListElement\":[{\"@type\":\"ListItem\",\"position\":1,\"name\":\"Hjem\",\"item\":\"https:\/\/visitbo.no\/norsjokabelpark\/\"},{\"@type\":\"ListItem\",\"position\":2,\"name\":\"Om oss\"}]},{\"@type\":\"WebSite\",\"@id\":\"https:\/\/visitbo.no\/norsjokabelpark\/#website\",\"url\":\"https:\/\/visitbo.no\/norsjokabelpark\/\",\"name\":\"Norsj\u00f8 Kabelpark\",\"description\":\"Norges r\u00e5este kabelpark!\",\"potentialAction\":[{\"@type\":\"SearchAction\",\"target\":{\"@type\":\"EntryPoint\",\"urlTemplate\":\"https:\/\/visitbo.no\/norsjokabelpark\/?s={search_term_string}\"},\"query-input\":{\"@type\":\"PropertyValueSpecification\",\"valueRequired\":true,\"valueName\":\"search_term_string\"}}],\"inLanguage\":\"nb-NO\"}]}<\/script>\n<!-- \/ Yoast SEO plugin. -->","yoast_head_json":{"title":"Om oss - Norsj\u00f8 Kabelpark","robots":{"index":"index","follow":"follow","max-snippet":"max-snippet:-1","max-image-preview":"max-image-preview:large","max-video-preview":"max-video-preview:-1"},"canonical":"https:\/\/visitbo.no\/norsjokabelpark\/omoss\/","og_locale":"nb_NO","og_type":"article","og_title":"Om oss - Norsj\u00f8 Kabelpark","og_description":"Norsj\u00f8 Kabelpark \u2013 en av Skandinavias ledende wakeboardparker! Vi holder til ved idylliske First Camp Norsj\u00f8 i Telemark og tilbyr en unik arena for wakeboard og vannski, perfekt for b\u00e5de nybegynnere og erfarne ut\u00f8vere. Vi er per n\u00e5 eneste full size banen i Norge. Siden oppstarten i 2004 har Norsj\u00f8 Kabelpark tiltrukket seg b\u00e5de lokale entusiaster og internasjonale proffer. Med ... Read More","og_url":"https:\/\/visitbo.no\/norsjokabelpark\/omoss\/","og_site_name":"Norsj\u00f8 Kabelpark","article_modified_time":"2025-04-24T18:52:11+00:00","twitter_card":"summary_large_image","schema":{"@context":"https:\/\/schema.org","@graph":[{"@type":"WebPage","@id":"https:\/\/visitbo.no\/norsjokabelpark\/omoss\/","url":"https:\/\/visitbo.no\/norsjokabelpark\/omoss\/","name":"Om oss - Norsj\u00f8 Kabelpark","isPartOf":{"@id":"https:\/\/visitbo.no\/norsjokabelpark\/#website"},"datePublished":"2019-03-29T09:50:45+00:00","dateModified":"2025-04-24T18:52:11+00:00","breadcrumb":{"@id":"https:\/\/visitbo.no\/norsjokabelpark\/omoss\/#breadcrumb"},"inLanguage":"nb-NO","potentialAction":[{"@type":"ReadAction","target":["https:\/\/visitbo.no\/norsjokabelpark\/omoss\/"]}]},{"@type":"BreadcrumbList","@id":"https:\/\/visitbo.no\/norsjokabelpark\/omoss\/#breadcrumb","itemListElement":[{"@type":"ListItem","position":1,"name":"Hjem","item":"https:\/\/visitbo.no\/norsjokabelpark\/"},{"@type":"ListItem","position":2,"name":"Om oss"}]},{"@type":"WebSite","@id":"https:\/\/visitbo.no\/norsjokabelpark\/#website","url":"https:\/\/visitbo.no\/norsjokabelpark\/","name":"Norsj\u00f8 Kabelpark","description":"Norges r\u00e5este kabelpark!","potentialAction":[{"@type":"SearchAction","target":{"@type":"EntryPoint","urlTemplate":"https:\/\/visitbo.no\/norsjokabelpark\/?s={search_term_string}"},"query-input":{"@type":"PropertyValueSpecification","valueRequired":true,"valueName":"search_term_string"}}],"inLanguage":"nb-NO"}]}},"_links":{"self":[{"href":"https:\/\/visitbo.no\/norsjokabelpark\/wp-json\/wp\/v2\/pages\/7723","targetHints":{"allow":["GET"]}}],"collection":[{"href":"https:\/\/visitbo.no\/norsjokabelpark\/wp-json\/wp\/v2\/pages"}],"about":[{"href":"https:\/\/visitbo.no\/norsjokabelpark\/wp-json\/wp\/v2\/types\/page"}],"author":[{"embeddable":true,"href":"https:\/\/visitbo.no\/norsjokabelpark\/wp-json\/wp\/v2\/users\/6"}],"replies":[{"embeddable":true,"href":"https:\/\/visitbo.no\/norsjokabelpark\/wp-json\/wp\/v2\/comments?post=7723"}],"version-history":[{"count":40,"href":"https:\/\/visitbo.no\/norsjokabelpark\/wp-json\/wp\/v2\/pages\/7723\/revisions"}],"predecessor-version":[{"id":10107,"href":"https:\/\/visitbo.no\/norsjokabelpark\/wp-json\/wp\/v2\/pages\/7723\/revisions\/10107"}],"wp:attachment":[{"href":"https:\/\/visitbo.no\/norsjokabelpark\/wp-json\/wp\/v2\/media?parent=7723"}],"curies":[{"name":"wp","href":"https:\/\/api.w.org\/{rel}","templated":true}]}}